{"id":11977,"date":"2022-06-22T12:15:18","date_gmt":"2022-06-22T10:15:18","guid":{"rendered":"https:\/\/www.sorabicon.de\/nachlass-christian-und-gotthold-schwela\/nachlass-gotthold-schwela\/"},"modified":"2022-06-23T09:55:20","modified_gmt":"2022-06-23T07:55:20","slug":"nachlass-gotthold-schwela","status":"publish","type":"page","link":"https:\/\/www1.sorabicon.de\/dsb\/nachlass-christian-und-gotthold-schwela\/nachlass-gotthold-schwela\/","title":{"rendered":"Zaw\u00f3staje\u0144stwo Bogumi\u0142a \u0160wjele"},"content":{"rendered":"\n<div class=\"wp-block-columns is-layout-flex wp-container-core-columns-is-layout-9d6595d7 wp-block-columns-is-layout-flex\">\n<div class=\"wp-block-column is-layout-flow wp-block-column-is-layout-flow\" style=\"flex-basis:33.33%\">\n<figure class=\"wp-block-image size-full\"><img loading=\"lazy\" decoding=\"async\" width=\"240\" height=\"331\" src=\"https:\/\/www1.sorabicon.de\/wp-content\/uploads\/2021\/12\/Bogumil-Swjela_07a.1.4735.jpg\" alt=\"\" class=\"wp-image-11795\" srcset=\"https:\/\/www1.sorabicon.de\/wp-content\/uploads\/2021\/12\/Bogumil-Swjela_07a.1.4735.jpg 240w, https:\/\/www1.sorabicon.de\/wp-content\/uploads\/2021\/12\/Bogumil-Swjela_07a.1.4735-218x300.jpg 218w\" sizes=\"auto, (max-width: 240px) 100vw, 240px\" \/><\/figure><\/div>\n\n\n\n<div class=\"wp-block-column is-layout-flow wp-block-column-is-layout-flow\" style=\"flex-basis:66.66%\">\n<p>Bogumi\u0142 \u0160wjela (Gotthold Schwela) durch seinen Lebenslauf und Werk ein signifikanten Vertreter der b\u00fcrgerlichen sorbischen Elite des 20. Jahrhunderts. Geboren 1873 als Sohn eines Dorfschullehrers und Zeitungsredakteurs, studierte er Theologie und Slawistik in Berlin, wurde Pfarrer in der sorbischen Niederlausitz und neben seinem Beruf t\u00e4tig als Sprachwissenschaftler, Publizist, Schriftsteller\/\u00dcbersetzer und Kulturpolitiker. Er verstarb er im Mai 1948.<\/p>\n\n\n\n<p>F\u00fcr die Lebenszeit \u0160wjelas (Kaiserreich, Weimarer Republik, NS-Regime) gibt es keinen vergleichbaren Bestand im SKA, der eine derartige dichte Dokumentation der niedersorbischen Sprache, der Alltagskultur und der Bem\u00fchungen um den Erhalt und die Weiterentwicklung derselben bietet. Der Nachlass beinhaltet Dokumentensammlungen zur staatlichen und kirchlichen Politik gegen\u00fcber den Sorben, zur Selbstorganisation sorbischen Kulturlebens, sprachhistorische Sammlungen zu Flurnamen, Familien- und Ortsnamen, Grammatik und eine W\u00f6rterbuchsammlung. \u00dcberaus vielf\u00e4ltig ist seine Korrespondenz, in der sich die inhaltlichen Schwerpunkte des Nachlasses auf Akteursebene wiederfinden.<\/p>\n<\/div>\n<\/div>\n<h2>Inhaltsverzeichnis<\/h2><ul style=\"list-style-type:none;\"><li><a href=\"https:\/\/www1.sorabicon.de\/dsb\/nachlass-christian-und-gotthold-schwela\/nachlass-gotthold-schwela\/verzeichniseinheiten\/?ChapterID=DE-611-BF-80554\">1. Lebensdokumente<\/a><\/li><ul style=\"list-style-type:none;\"><li><a href=\"https:\/\/www1.sorabicon.de\/dsb\/nachlass-christian-und-gotthold-schwela\/nachlass-gotthold-schwela\/verzeichniseinheiten\/?ChapterID=DE-611-BF-80561\">1.1 Biografische Dokumente<\/a><\/li><ul style=\"list-style-type:none;\"><\/ul><li><a href=\"https:\/\/www1.sorabicon.de\/dsb\/nachlass-christian-und-gotthold-schwela\/nachlass-gotthold-schwela\/verzeichniseinheiten\/?ChapterID=DE-611-BF-80562\">1.2 Berufsangelegenheiten<\/a><\/li><ul style=\"list-style-type:none;\"><\/ul><li><a href=\"https:\/\/www1.sorabicon.de\/dsb\/nachlass-christian-und-gotthold-schwela\/nachlass-gotthold-schwela\/verzeichniseinheiten\/?ChapterID=DE-611-BF-80563\">1.3 Selbstzeugnisse<\/a><\/li><ul style=\"list-style-type:none;\"><\/ul><\/ul><li><a href=\"https:\/\/www1.sorabicon.de\/dsb\/nachlass-christian-und-gotthold-schwela\/nachlass-gotthold-schwela\/verzeichniseinheiten\/?ChapterID=DE-611-BF-80555\">2. Werk<\/a><\/li><ul style=\"list-style-type:none;\"><li><a href=\"https:\/\/www1.sorabicon.de\/dsb\/nachlass-christian-und-gotthold-schwela\/nachlass-gotthold-schwela\/verzeichniseinheiten\/?ChapterID=DE-611-BF-80566\">2.1 Predigten<\/a><\/li><ul style=\"list-style-type:none;\"><\/ul><li><a href=\"https:\/\/www1.sorabicon.de\/dsb\/nachlass-christian-und-gotthold-schwela\/nachlass-gotthold-schwela\/verzeichniseinheiten\/?ChapterID=DE-611-BF-80567\">2.2 Publizistik und literarische Arbeiten<\/a><\/li><ul style=\"list-style-type:none;\"><\/ul><li><a href=\"https:\/\/www1.sorabicon.de\/dsb\/nachlass-christian-und-gotthold-schwela\/nachlass-gotthold-schwela\/verzeichniseinheiten\/?ChapterID=DE-611-BF-80568\">2.3 Kongresse und Vortr\u00e4ge<\/a><\/li><ul style=\"list-style-type:none;\"><\/ul><li><a href=\"https:\/\/www1.sorabicon.de\/dsb\/nachlass-christian-und-gotthold-schwela\/nachlass-gotthold-schwela\/verzeichniseinheiten\/?ChapterID=DE-611-BF-80569\">2.4 Sprachwissenschaftliches Werk<\/a><\/li><ul style=\"list-style-type:none;\"><li><a href=\"https:\/\/www1.sorabicon.de\/dsb\/nachlass-christian-und-gotthold-schwela\/nachlass-gotthold-schwela\/verzeichniseinheiten\/?ChapterID=DE-611-BF-83392\">2.4.1 Niedersorbische Grammatik und Orthografie<\/a><\/li><ul style=\"list-style-type:none;\"><\/ul><li><a href=\"https:\/\/www1.sorabicon.de\/dsb\/nachlass-christian-und-gotthold-schwela\/nachlass-gotthold-schwela\/verzeichniseinheiten\/?ChapterID=DE-611-BF-83394\">2.4.2 Sorbische Dialektologie<\/a><\/li><ul style=\"list-style-type:none;\"><\/ul><li><a href=\"https:\/\/www1.sorabicon.de\/dsb\/nachlass-christian-und-gotthold-schwela\/nachlass-gotthold-schwela\/verzeichniseinheiten\/?ChapterID=DE-611-BF-83395\">2.4.3 Namenkundliche Sammlungen und Studien<\/a><\/li><ul style=\"list-style-type:none;\"><\/ul><li><a href=\"https:\/\/www1.sorabicon.de\/dsb\/nachlass-christian-und-gotthold-schwela\/nachlass-gotthold-schwela\/verzeichniseinheiten\/?ChapterID=DE-611-BF-83396\">2.4.4 Flurnamensammlung<\/a><\/li><ul style=\"list-style-type:none;\"><\/ul><li><a href=\"https:\/\/www1.sorabicon.de\/dsb\/nachlass-christian-und-gotthold-schwela\/nachlass-gotthold-schwela\/verzeichniseinheiten\/?ChapterID=DE-611-BF-83397\">2.4.5 Kartothek Flurnamen<\/a><\/li><ul style=\"list-style-type:none;\"><\/ul><li><a href=\"https:\/\/www1.sorabicon.de\/dsb\/nachlass-christian-und-gotthold-schwela\/nachlass-gotthold-schwela\/verzeichniseinheiten\/?ChapterID=DE-611-BF-83398\">2.4.6 Sammlungen f\u00fcr ein niedersorbisches W\u00f6rterbuch<\/a><\/li><ul style=\"list-style-type:none;\"><\/ul><li><a href=\"https:\/\/www1.sorabicon.de\/dsb\/nachlass-christian-und-gotthold-schwela\/nachlass-gotthold-schwela\/verzeichniseinheiten\/?ChapterID=DE-611-BF-83399\">2.4.7 Niedersorbisch-deutsche Wortkartothek<\/a><\/li><ul style=\"list-style-type:none;\"><\/ul><li><a href=\"https:\/\/www1.sorabicon.de\/dsb\/nachlass-christian-und-gotthold-schwela\/nachlass-gotthold-schwela\/verzeichniseinheiten\/?ChapterID=DE-611-BF-83400\">2.4.8 Deutsch-niedersorbisches W\u00f6rterbuch<\/a><\/li><ul style=\"list-style-type:none;\"><\/ul><\/ul><li><a href=\"https:\/\/www1.sorabicon.de\/dsb\/nachlass-christian-und-gotthold-schwela\/nachlass-gotthold-schwela\/verzeichniseinheiten\/?ChapterID=DE-611-BF-83404\">2.5 Rezensionen<\/a><\/li><ul style=\"list-style-type:none;\"><\/ul><li><a href=\"https:\/\/www1.sorabicon.de\/dsb\/nachlass-christian-und-gotthold-schwela\/nachlass-gotthold-schwela\/verzeichniseinheiten\/?ChapterID=DE-611-BF-83405\">2.6 Reiset\u00e4tigkeit<\/a><\/li><ul style=\"list-style-type:none;\"><\/ul><\/ul><li><a href=\"https:\/\/www1.sorabicon.de\/dsb\/nachlass-christian-und-gotthold-schwela\/nachlass-gotthold-schwela\/verzeichniseinheiten\/?ChapterID=DE-611-BF-80557\">3. Kulturhistorische Sammlungen<\/a><\/li><ul style=\"list-style-type:none;\"><li><a href=\"https:\/\/www1.sorabicon.de\/dsb\/nachlass-christian-und-gotthold-schwela\/nachlass-gotthold-schwela\/verzeichniseinheiten\/?ChapterID=DE-611-BF-83389\">3.1 Materialien zu niedersorbischen Kirchenliedern<\/a><\/li><ul style=\"list-style-type:none;\"><\/ul><li><a href=\"https:\/\/www1.sorabicon.de\/dsb\/nachlass-christian-und-gotthold-schwela\/nachlass-gotthold-schwela\/verzeichniseinheiten\/?ChapterID=DE-611-BF-83390\">3.2 Materialien zur sorbischen Lokal- und Regionalgeschichte<\/a><\/li><ul style=\"list-style-type:none;\"><\/ul><li><a href=\"https:\/\/www1.sorabicon.de\/dsb\/nachlass-christian-und-gotthold-schwela\/nachlass-gotthold-schwela\/verzeichniseinheiten\/?ChapterID=DE-611-BF-83391\">3.3 Sprachliche Volkskunde<\/a><\/li><ul style=\"list-style-type:none;\"><\/ul><li><a href=\"https:\/\/www1.sorabicon.de\/dsb\/nachlass-christian-und-gotthold-schwela\/nachlass-gotthold-schwela\/verzeichniseinheiten\/?ChapterID=DE-611-BF-83374\">3.4 Textsammlung und Exzerpte<\/a><\/li><ul style=\"list-style-type:none;\"><\/ul><li><a href=\"https:\/\/www1.sorabicon.de\/dsb\/nachlass-christian-und-gotthold-schwela\/nachlass-gotthold-schwela\/verzeichniseinheiten\/?ChapterID=DE-611-BF-84446\">3.5 Autographensammlung<\/a><\/li><ul style=\"list-style-type:none;\"><\/ul><\/ul><li><a href=\"https:\/\/www1.sorabicon.de\/dsb\/nachlass-christian-und-gotthold-schwela\/nachlass-gotthold-schwela\/verzeichniseinheiten\/?ChapterID=DE-611-BF-80556\">4. Korrespondenz<\/a><\/li><ul style=\"list-style-type:none;\"><li><a href=\"https:\/\/www1.sorabicon.de\/dsb\/nachlass-christian-und-gotthold-schwela\/nachlass-gotthold-schwela\/verzeichniseinheiten\/?ChapterID=DE-611-BF-83401\">4.1 Briefe an Gotthold Schwela\/Bogumi\u0142 \u0160wjela<\/a><\/li><ul style=\"list-style-type:none;\"><\/ul><li><a href=\"https:\/\/www1.sorabicon.de\/dsb\/nachlass-christian-und-gotthold-schwela\/nachlass-gotthold-schwela\/verzeichniseinheiten\/?ChapterID=DE-611-BF-83402\">4.2 Briefe von Gotthold Schwela\/Bogumi\u0142 \u0160wjela<\/a><\/li><ul style=\"list-style-type:none;\"><\/ul><li><a href=\"https:\/\/www1.sorabicon.de\/dsb\/nachlass-christian-und-gotthold-schwela\/nachlass-gotthold-schwela\/verzeichniseinheiten\/?ChapterID=DE-611-BF-84445\">4.3 Briefe an Vater Christian\/Kito und Sohn Gotthold Schwela\/Bogumi\u0142 \u0160wjela<\/a><\/li><ul style=\"list-style-type:none;\"><\/ul><li><a href=\"https:\/\/www1.sorabicon.de\/dsb\/nachlass-christian-und-gotthold-schwela\/nachlass-gotthold-schwela\/verzeichniseinheiten\/?ChapterID=DE-611-BF-83403\">4.4 Familienkorrespondenz<\/a><\/li><ul style=\"list-style-type:none;\"><\/ul><\/ul><li><a href=\"https:\/\/www1.sorabicon.de\/dsb\/nachlass-christian-und-gotthold-schwela\/nachlass-gotthold-schwela\/verzeichniseinheiten\/?ChapterID=DE-611-BF-80558\">5. Dokumente zur Kulturarbeit<\/a><\/li><ul style=\"list-style-type:none;\"><\/ul><li><a href=\"https:\/\/www1.sorabicon.de\/dsb\/nachlass-christian-und-gotthold-schwela\/nachlass-gotthold-schwela\/verzeichniseinheiten\/?ChapterID=DE-611-BF-83309\">6. Zeitgeschichtliche Dokumente<\/a><\/li><ul style=\"list-style-type:none;\"><\/ul><\/ul>\n<div class=\"wp-block-group\"><div class=\"wp-block-group__inner-container is-layout-flow wp-block-group-is-layout-flow\">\n<hr class=\"wp-block-separator has-css-opacity is-style-wide\"\/>\n\n\n\n<figure class=\"wp-block-image size-medium\"><img loading=\"lazy\" decoding=\"async\" width=\"300\" height=\"38\" src=\"https:\/\/www1.sorabicon.de\/wp-content\/uploads\/2022\/04\/dfg_logo_schriftzug_blau-300x38.jpg\" alt=\"\" class=\"wp-image-11863\" srcset=\"https:\/\/www1.sorabicon.de\/wp-content\/uploads\/2022\/04\/dfg_logo_schriftzug_blau-300x38.jpg 300w, https:\/\/www1.sorabicon.de\/wp-content\/uploads\/2022\/04\/dfg_logo_schriftzug_blau-1024x131.jpg 1024w, https:\/\/www1.sorabicon.de\/wp-content\/uploads\/2022\/04\/dfg_logo_schriftzug_blau-768x98.jpg 768w, https:\/\/www1.sorabicon.de\/wp-content\/uploads\/2022\/04\/dfg_logo_schriftzug_blau.jpg 1057w\" sizes=\"auto, (max-width: 300px) 100vw, 300px\" \/><\/figure>\n\n\n\n<p>Gef\u00f6rdert durch die Deutsche Forschungsgemeinschaft (DFG) \u2013 Projektnummer 442986265<\/p>\n<\/div><\/div>\n","protected":false},"excerpt":{"rendered":"<p>Bogumi\u0142 \u0160wjela (Gotthold Schwela) durch seinen Lebenslauf und Werk ein signifikanten Vertreter der b\u00fcrgerlichen sorbischen Elite des 20. Jahrhunderts. Geboren 1873 als Sohn eines Dorfschullehrers und Zeitungsredakteurs, studierte er Theologie und Slawistik in Berlin, wurde Pfarrer in der sorbischen Niederlausitz und neben seinem Beruf t\u00e4tig als Sprachwissenschaftler, Publizist, Schriftsteller\/\u00dcbersetzer und Kulturpolitiker. Er verstarb er im &hellip;<\/p>\n","protected":false},"author":1,"featured_media":0,"parent":11971,"menu_order":0,"comment_status":"closed","ping_status":"closed","template":"","meta":{"_acf_changed":false,"footnotes":""},"class_list":["post-11977","page","type-page","status-publish","hentry"],"acf":[],"_links":{"self":[{"href":"https:\/\/www1.sorabicon.de\/dsb\/wp-json\/wp\/v2\/pages\/11977","targetHints":{"allow":["GET"]}}],"collection":[{"href":"https:\/\/www1.sorabicon.de\/dsb\/wp-json\/wp\/v2\/pages"}],"about":[{"href":"https:\/\/www1.sorabicon.de\/dsb\/wp-json\/wp\/v2\/types\/page"}],"author":[{"embeddable":true,"href":"https:\/\/www1.sorabicon.de\/dsb\/wp-json\/wp\/v2\/users\/1"}],"replies":[{"embeddable":true,"href":"https:\/\/www1.sorabicon.de\/dsb\/wp-json\/wp\/v2\/comments?post=11977"}],"version-history":[{"count":5,"href":"https:\/\/www1.sorabicon.de\/dsb\/wp-json\/wp\/v2\/pages\/11977\/revisions"}],"predecessor-version":[{"id":12075,"href":"https:\/\/www1.sorabicon.de\/dsb\/wp-json\/wp\/v2\/pages\/11977\/revisions\/12075"}],"up":[{"embeddable":true,"href":"https:\/\/www1.sorabicon.de\/dsb\/wp-json\/wp\/v2\/pages\/11971"}],"wp:attachment":[{"href":"https:\/\/www1.sorabicon.de\/dsb\/wp-json\/wp\/v2\/media?parent=11977"}],"curies":[{"name":"wp","href":"https:\/\/api.w.org\/{rel}","templated":true}]}}