{"id":1209,"date":"2019-05-03T16:22:13","date_gmt":"2019-05-03T14:22:13","guid":{"rendered":"http:\/\/sorabicon.dev.webstitut.de\/?page_id=1209"},"modified":"2019-06-08T16:55:34","modified_gmt":"2019-06-08T14:55:34","slug":"zitationsvorschlag","status":"publish","type":"page","link":"https:\/\/www1.sorabicon.de\/dsb\/herrnhuter-lebenslaeufe\/zitationsvorschlag\/","title":{"rendered":"Zitationsvorschlag"},"content":{"rendered":"\n<h2 class=\"wp-block-heading\">Das Projekt als Ganzes<\/h2>\n\n\n\n<p>Lubina Mahling (Hg.): <em>die wendischen Br\u00fcder<\/em>. Sorbischer Alltag in Herrnhuter Lebensl\u00e4ufen des 18. Jahrhunderts. Quellensammlung und Dokumentation. Bautzen 2019. URL: \u2026 (letzter Zugriff: TT.MM.JJJJ).<\/p>\n\n\n\n<h2 class=\"wp-block-heading\">Einzelne Lebensl\u00e4ufe<\/h2>\n\n\n\n<p>Lebenslauf N.N. In: Lubina Mahling (Hg.): <em>die wendischen Br\u00fcder<\/em>. Sorbischer Alltag in Herrnhuter Lebensl\u00e4ufen des 18. Jahrhunderts. Quellensammlung und Dokumentation. Bautzen 2019. URL: \u2026 (letzter Zugriff: TT.MM.JJJJ).<\/p>\n\n\n\n<p><strong>Beispiel:<\/strong><\/p>\n\n\n\n<p>Lebenslauf Anna Kschischank. In: Lubina Mahling (Hg.): <em>die wendischen Br\u00fcder<\/em>. Sorbischer Alltag in Herrnhuter Lebensl\u00e4ufen des 18. Jahrhunderts. Quellensammlung und Dokumentation. Bautzen 2019. URL: \u2026 (letzter Zugriff: 14.06.2019).<\/p>\n\n\n\n<h2 class=\"wp-block-heading\">Einzelne Texte<\/h2>\n\n\n\n<p>Lubina Mahling: Text. In: Dies. (Hg.): <em>die wendischen Br\u00fcder<\/em>. Sorbischer Alltag in Herrnhuter Lebensl\u00e4ufen des 18. Jahrhunderts. Quellensammlung und Dokumentation. Bautzen 2019. URL: \u2026 (letzter Zugriff: TT.MM.JJJJ).<\/p>\n\n\n\n<p><strong>Beispiel:<\/strong><\/p>\n\n\n\n<p>Lubina Mahling: Die sorbische Diaspora. In: Dies. (Hg.): <em>die wendischen Br\u00fcder<\/em>. Sorbischer Alltag in Herrnhuter Lebensl\u00e4ufen des 18. Jahrhunderts. Quellensammlung und Dokumentation. Bautzen 2019. URL: \u2026 (letzter Zugriff: 14.06.2019).<\/p>\n","protected":false},"excerpt":{"rendered":"<p>Das Projekt als Ganzes Lubina Mahling (Hg.): die wendischen Br\u00fcder. Sorbischer Alltag in Herrnhuter Lebensl\u00e4ufen des 18. Jahrhunderts. Quellensammlung und Dokumentation. Bautzen 2019. URL: \u2026 (letzter Zugriff: TT.MM.JJJJ). Einzelne Lebensl\u00e4ufe Lebenslauf N.N. In: Lubina Mahling (Hg.): die wendischen Br\u00fcder. Sorbischer Alltag in Herrnhuter Lebensl\u00e4ufen des 18. Jahrhunderts. Quellensammlung und Dokumentation. Bautzen 2019. URL: \u2026 (letzter &hellip;<\/p>\n","protected":false},"author":2,"featured_media":0,"parent":1285,"menu_order":0,"comment_status":"closed","ping_status":"closed","template":"","meta":{"_acf_changed":false,"footnotes":""},"class_list":["post-1209","page","type-page","status-publish","hentry"],"acf":[],"_links":{"self":[{"href":"https:\/\/www1.sorabicon.de\/dsb\/wp-json\/wp\/v2\/pages\/1209","targetHints":{"allow":["GET"]}}],"collection":[{"href":"https:\/\/www1.sorabicon.de\/dsb\/wp-json\/wp\/v2\/pages"}],"about":[{"href":"https:\/\/www1.sorabicon.de\/dsb\/wp-json\/wp\/v2\/types\/page"}],"author":[{"embeddable":true,"href":"https:\/\/www1.sorabicon.de\/dsb\/wp-json\/wp\/v2\/users\/2"}],"replies":[{"embeddable":true,"href":"https:\/\/www1.sorabicon.de\/dsb\/wp-json\/wp\/v2\/comments?post=1209"}],"version-history":[{"count":3,"href":"https:\/\/www1.sorabicon.de\/dsb\/wp-json\/wp\/v2\/pages\/1209\/revisions"}],"predecessor-version":[{"id":3623,"href":"https:\/\/www1.sorabicon.de\/dsb\/wp-json\/wp\/v2\/pages\/1209\/revisions\/3623"}],"up":[{"embeddable":true,"href":"https:\/\/www1.sorabicon.de\/dsb\/wp-json\/wp\/v2\/pages\/1285"}],"wp:attachment":[{"href":"https:\/\/www1.sorabicon.de\/dsb\/wp-json\/wp\/v2\/media?parent=1209"}],"curies":[{"name":"wp","href":"https:\/\/api.w.org\/{rel}","templated":true}]}}