{"id":1216,"date":"2019-05-03T19:15:10","date_gmt":"2019-05-03T17:15:10","guid":{"rendered":"http:\/\/sorabicon.dev.webstitut.de\/?page_id=1216"},"modified":"2020-03-01T21:57:57","modified_gmt":"2020-03-01T20:57:57","slug":"impresum","status":"publish","type":"page","link":"https:\/\/www1.sorabicon.de\/dsb\/impresum\/","title":{"rendered":"Impresum"},"content":{"rendered":"\n<p><strong>Angaben gem\u00e4\u00df \u00a7 5 TMG:<\/strong><\/p>\n\n<p>Sorbisches Institut e. V. \/ Serbski institut z.t.<\/p>\n\n<p>Bahnhofstr. 6&#13;\n02625 Bautzen<\/p>\n\n<p><strong>Vertreten durch:<\/strong>&#13;\nVertretungsberechtigter Vorstand: Dr. Hauke Bartels (Direktor)&#13;\n(Anschrift wie oben)<\/p>\n\n<p><strong>Kontakt:<\/strong>&#13;\nTelefon: +49 3591 49720&#13;\nTelefax: +49 3591 497214&#13;\nE-Mail: <a href=\"mailto:sorabicon@serbski-institut.de\">sorabicon@serbski-institut.de<\/a>&#13;\nInternet:\u00a0<a href=\"http:\/\/www.serbski-institut.de\/\" target=\"_blank\" rel=\"noreferrer noopener\">www.serbski-institut.de<\/a><\/p>\n\n<p><strong>Umsatzsteuer:<\/strong>&#13;\nUmsatzsteuer-Identifikationsnummer gem\u00e4\u00df \u00a7 27 a Umsatzsteuergesetz:&#13;\nDE 230343609<\/p>\n\n<p><strong>Registereintrag:<\/strong>&#13;\nEintragung im Vereinsregister.&#13;\nRegistergericht: Amtsgericht Dresden&#13;\nRegisternummer: VR 30328<\/p>\n\n<p><strong>Verantwortlich f\u00fcr den Inhalt nach \u00a7 55 Abs. 2 RStV:<\/strong>&#13;\nDr. Hauke Bartels (Direktor)&#13;\n(Anschrift wie oben)<\/p>\n\n<p>Das Portal ist im Kontext des von 2016 bis 2019 am Sorbischen Institut und der TU Dresden angesiedelten Projekts &#8220;Sorbenwissen&#8221; entstanden. Die Nachwuchsforschergruppe wurde durch den Europ\u00e4ischen Sozialfonds gef\u00f6rdert. <\/p>\n\n<div class=\"wp-block-image\"><figure class=\"aligncenter\"><img loading=\"lazy\" decoding=\"async\" width=\"300\" height=\"76\" src=\"https:\/\/www1.sorabicon.de\/wp-content\/uploads\/2019\/06\/SMWA_ESF_LO_Sachsen_2019_QUER_RGB-1-300x76.jpg\" alt=\"\" class=\"wp-image-4186\" srcset=\"https:\/\/www1.sorabicon.de\/wp-content\/uploads\/2019\/06\/SMWA_ESF_LO_Sachsen_2019_QUER_RGB-1-300x76.jpg 300w, https:\/\/www1.sorabicon.de\/wp-content\/uploads\/2019\/06\/SMWA_ESF_LO_Sachsen_2019_QUER_RGB-1-768x195.jpg 768w, https:\/\/www1.sorabicon.de\/wp-content\/uploads\/2019\/06\/SMWA_ESF_LO_Sachsen_2019_QUER_RGB-1-1024x260.jpg 1024w, https:\/\/www1.sorabicon.de\/wp-content\/uploads\/2019\/06\/SMWA_ESF_LO_Sachsen_2019_QUER_RGB-1.jpg 1157w\" sizes=\"auto, (max-width: 300px) 100vw, 300px\" \/><\/figure><\/div>\n\n<p><strong>Streitschlichtung<\/strong><\/p>\n\n<p>Die Europ\u00e4ische Kommission stellt eine Plattform zur Online-Streitbeilegung (OS) bereit:\u00a0<a href=\"https:\/\/ec.europa.eu\/consumers\/odr\" target=\"_blank\" rel=\"noreferrer noopener\">https:\/\/ec.europa.eu\/consumers\/odr<\/a>\u00a0.&#13;\nUnsere E-Mail-Adresse finden Sie oben im Impressum.<\/p>\n\n<p>Wir sind nicht bereit oder verpflichtet, an Streitbeilegungsverfahren vor einer Verbraucherschlichtungsstelle teilzunehmen.<\/p>\n\n<p><strong>Haftung f\u00fcr Inhalte<\/strong><\/p>\n\n<p>Als Diensteanbieter sind wir gem\u00e4\u00df \u00a7 7 Abs.1 TMG f\u00fcr eigene Inhalte auf diesen Seiten nach den allgemeinen Gesetzen verantwortlich. Nach \u00a7\u00a7 8 bis 10 TMG sind wir als Diensteanbieter jedoch nicht verpflichtet, \u00fcbermittelte oder gespeicherte fremde Informationen zu \u00fcberwachen oder nach Umst\u00e4nden zu forschen, die auf eine rechtswidrige T\u00e4tigkeit hinweisen.<\/p>\n\n<p>Verpflichtungen zur Entfernung oder Sperrung der Nutzung von Informationen nach den allgemeinen Gesetzen bleiben hiervon unber\u00fchrt. Eine diesbez\u00fcgliche Haftung ist jedoch erst ab dem Zeitpunkt der Kenntnis einer konkreten Rechtsverletzung m\u00f6glich. Bei Bekanntwerden von entsprechenden Rechtsverletzungen werden wir diese Inhalte umgehend entfernen.<\/p>\n\n<p><strong>Haftung f\u00fcr Links<\/strong><\/p>\n\n<p>Unser Angebot enth\u00e4lt Links zu externen Websites Dritter, auf deren Inhalte wir keinen Einfluss haben. Deshalb k\u00f6nnen wir f\u00fcr diese fremden Inhalte auch keine Gew\u00e4hr \u00fcbernehmen. F\u00fcr die Inhalte der verlinkten Seiten ist stets der jeweilige Anbieter oder Betreiber der Seiten verantwortlich. Die verlinkten Seiten wurden zum Zeitpunkt der Verlinkung auf m\u00f6gliche Rechtsverst\u00f6\u00dfe \u00fcberpr\u00fcft. Rechtswidrige Inhalte waren zum Zeitpunkt der Verlinkung nicht erkennbar.<\/p>\n\n<p>Eine permanente inhaltliche Kontrolle der verlinkten Seiten ist jedoch ohne konkrete Anhaltspunkte einer Rechtsverletzung nicht zumutbar. Bei Bekanntwerden von Rechtsverletzungen werden wir derartige Links umgehend entfernen.<\/p>\n\n<p><strong>Urheberrecht<\/strong><\/p>\n\n<p>Die durch die Seitenbetreiber erstellten Inhalte und Werke auf diesen Seiten unterliegen dem deutschen Urheberrecht. Die Vervielf\u00e4ltigung, Bearbeitung, Verbreitung und jede Art der Verwertung au\u00dferhalb der Grenzen des Urheberrechtes bed\u00fcrfen der schriftlichen Zustimmung des jeweiligen Autors bzw. Erstellers. Downloads und Kopien dieser Seite sind nur f\u00fcr den privaten, nicht kommerziellen Gebrauch gestattet.<\/p>\n\n<p>Soweit die Inhalte auf dieser Seite nicht vom Betreiber erstellt wurden, werden die Urheberrechte Dritter beachtet. Insbesondere werden Inhalte Dritter als solche gekennzeichnet. Sollten Sie trotzdem auf eine Urheberrechtsverletzung aufmerksam werden, bitten wir um einen entsprechenden Hinweis. Bei Bekanntwerden von Rechtsverletzungen werden wir derartige Inhalte umgehend entfernen.<\/p>\n","protected":false},"excerpt":{"rendered":"<p>Angaben gem\u00e4\u00df \u00a7 5 TMG: Sorbisches Institut e. V. \/ Serbski institut z.t. Bahnhofstr. 6&#13; 02625 Bautzen Vertreten durch:&#13; Vertretungsberechtigter Vorstand: Dr. Hauke Bartels (Direktor)&#13; (Anschrift wie oben) Kontakt:&#13; Telefon: +49 3591 49720&#13; Telefax: +49 3591 497214&#13; E-Mail: sorabicon@serbski-institut.de&#13; Internet:\u00a0www.serbski-institut.de Umsatzsteuer:&#13; Umsatzsteuer-Identifikationsnummer gem\u00e4\u00df \u00a7 27 a Umsatzsteuergesetz:&#13; DE 230343609 Registereintrag:&#13; Eintragung im Vereinsregister.&#13; Registergericht: Amtsgericht &hellip;<\/p>\n","protected":false},"author":1,"featured_media":0,"parent":0,"menu_order":5,"comment_status":"closed","ping_status":"closed","template":"","meta":{"_acf_changed":false,"footnotes":""},"class_list":["post-1216","page","type-page","status-publish","hentry"],"acf":[],"_links":{"self":[{"href":"https:\/\/www1.sorabicon.de\/dsb\/wp-json\/wp\/v2\/pages\/1216","targetHints":{"allow":["GET"]}}],"collection":[{"href":"https:\/\/www1.sorabicon.de\/dsb\/wp-json\/wp\/v2\/pages"}],"about":[{"href":"https:\/\/www1.sorabicon.de\/dsb\/wp-json\/wp\/v2\/types\/page"}],"author":[{"embeddable":true,"href":"https:\/\/www1.sorabicon.de\/dsb\/wp-json\/wp\/v2\/users\/1"}],"replies":[{"embeddable":true,"href":"https:\/\/www1.sorabicon.de\/dsb\/wp-json\/wp\/v2\/comments?post=1216"}],"version-history":[{"count":4,"href":"https:\/\/www1.sorabicon.de\/dsb\/wp-json\/wp\/v2\/pages\/1216\/revisions"}],"predecessor-version":[{"id":5925,"href":"https:\/\/www1.sorabicon.de\/dsb\/wp-json\/wp\/v2\/pages\/1216\/revisions\/5925"}],"wp:attachment":[{"href":"https:\/\/www1.sorabicon.de\/dsb\/wp-json\/wp\/v2\/media?parent=1216"}],"curies":[{"name":"wp","href":"https:\/\/api.w.org\/{rel}","templated":true}]}}