{"id":19,"date":"2019-03-15T22:10:31","date_gmt":"2019-03-15T21:10:31","guid":{"rendered":"http:\/\/sorabicon.dev.webstitut.de\/?page_id=19"},"modified":"2019-06-12T10:48:14","modified_gmt":"2019-06-12T08:48:14","slug":"edition","status":"publish","type":"page","link":"https:\/\/www1.sorabicon.de\/dsb\/sorbische-kirche-luebben\/edition\/","title":{"rendered":"Edition"},"content":{"rendered":"\n    <form action=\"\" method=\"post\">\n      <div class=\"form-row\">\n        <div class=\"form-group col\">\n          <label for=\"inputNummer\">Nummer<\/label>\n          <select id=\"inputNummer\" name=\"inputNummer\" class=\"form-control\">\n            <option>W\u00e4hle &#8230;<\/option>\n  <option value=\"1\">1 (1)<\/option><option value=\"2\">2 (1)<\/option><option value=\"3\">3 (1)<\/option><option value=\"4\">4 (1)<\/option><option value=\"5\">5 (1)<\/option><option value=\"6\">6 (1)<\/option><option value=\"7\">7 (1)<\/option><option value=\"8\">8 (1)<\/option><option value=\"9\">9 (1)<\/option><option value=\"10\">10 (1)<\/option><option value=\"11\">11 (1)<\/option><option value=\"12\">12 (1)<\/option><option value=\"13\">13 (1)<\/option><option value=\"14\">14 (1)<\/option><option value=\"15\">15 (1)<\/option><option value=\"16\">16 (1)<\/option><option value=\"17\">17 (1)<\/option><option value=\"18\">18 (1)<\/option><option value=\"19\">19 (1)<\/option><option value=\"20\">20 (1)<\/option><option value=\"21\">21 (1)<\/option><option value=\"22\">22 (1)<\/option><option value=\"23\">23 (1)<\/option><option value=\"24\">24 (1)<\/option><option value=\"25\">25 (1)<\/option><option value=\"26\">26 (1)<\/option><option value=\"27\">27 (1)<\/option><option value=\"28\">28 (1)<\/option><option value=\"29\">29 (1)<\/option><option value=\"30\">30 (1)<\/option><option value=\"31\">31 (1)<\/option><option value=\"32\">32 (1)<\/option><option value=\"33\">33 (1)<\/option><option value=\"34\">34 (1)<\/option><option value=\"35\">35 (1)<\/option><option value=\"36\">36 (1)<\/option><option value=\"37\">37 (1)<\/option><option value=\"38\">38 (1)<\/option><option value=\"39\">39 (1)<\/option><option value=\"40\">40 (1)<\/option><option value=\"41\">41 (1)<\/option><option value=\"42\">42 (1)<\/option><option value=\"43\">43 (1)<\/option><option value=\"44\">44 (1)<\/option><option value=\"45\">45 (1)<\/option><option value=\"46\">46 (1)<\/option><option value=\"47\">47 (1)<\/option><option value=\"48\">48 (1)<\/option><option value=\"49\">49 (1)<\/option><option value=\"50\">50 (1)<\/option>          <\/select>\n        <\/div>\n        <div class=\"form-group col\">\n          <label for=\"inputEntstehungsdatum\">Entstehungsdatum<\/label>\n          <select id=\"inputEntstehungsdatum\" name=\"inputEntstehungsdatum\" class=\"form-control\">\n            <option selected>W\u00e4hle &#8230;<\/option>\n  <option value=\"15410212\">12.02.1541 (1)<\/option><option value=\"15450208\">08.02.1545 (1)<\/option><option value=\"15460320\">20.03.1546 (1)<\/option><option value=\"15491103\">03.11.1549 (1)<\/option><option value=\"15491211\">11.12.1549 (1)<\/option><option value=\"15501212\">12.12.1550 (1)<\/option><option value=\"15510427\">27.04.1551 (1)<\/option><option value=\"15510429\">29.04.1551 (1)<\/option><option value=\"15551207\">07.12.1555 (3)<\/option><option value=\"15600125\">25.01.1560 (1)<\/option><option value=\"15601120\">20.11.1560 (1)<\/option><option value=\"15620616\">16.06.1562 (1)<\/option><option value=\"15690503\">03.05.1569 (1)<\/option><option value=\"15720412\">12.04.1572 (1)<\/option><option value=\"15760312\">12.03.1576 (1)<\/option><option value=\"15760812\">12.08.1576 (1)<\/option><option value=\"15860704\">04.07.1586 (1)<\/option><option value=\"15891001\">01.10.1589 (1)<\/option><option value=\"16290709\">09.07.1629 (1)<\/option><option value=\"16500824\">24.08.1650 (1)<\/option><option value=\"16521212\">12.12.1652 (1)<\/option><option value=\"16720615\">15.06.1672 (1)<\/option><option value=\"16720714\">14.07.1672 (1)<\/option><option value=\"16930108\">08.01.1693 (1)<\/option><option value=\"16930312\">12.03.1693 (1)<\/option><option value=\"16930326\">26.03.1693 (2)<\/option><option value=\"16930504\">04.05.1693 (1)<\/option><option value=\"17440831\">31.08.1744 (1)<\/option><option value=\"17441215\">15.12.1744 (1)<\/option><option value=\"17450711\">11.07.1745 (2)<\/option><option value=\"17451106\">06.11.1745 (3)<\/option><option value=\"17451119\">19.11.1745 (1)<\/option><option value=\"17460222\">22.02.1746 (1)<\/option><option value=\"17491103\">03.11.1749 (1)<\/option><option value=\"17540725\">25.07.1754 (1)<\/option><option value=\"17540727\">27.07.1754 (1)<\/option><option value=\"17540825\">25.08.1754 (1)<\/option><option value=\"17540826\">26.08.1754 (1)<\/option><option value=\"17621121\">21.11.1762 (1)<\/option><option value=\"17790913\">13.09.1779 (2)<\/option><option value=\"17910302\">02.03.1791 (1)<\/option><option value=\"17910427\">27.04.1791 (1)<\/option><option value=\"k. A.\">k. A. (1)<\/option>          <\/select>\n        <\/div>\n        <div class=\"form-group col\">\n          <label for=\"inputArchivale\">Archiv<\/label>\n          <select id=\"inputArchivale\" name=\"inputArchivale\" class=\"form-control\">\n            <option selected>W\u00e4hle &#8230;<\/option>\n  <option value=\"Luckau, Kreisarchiv Landkreis Dahme-Spreewald\">Luckau, Kreisarchiv Landkreis Dahme-Spreewald (35)<\/option><option value=\"Potsdam, Brandenburgisches Landeshauptarchiv\">Potsdam, Brandenburgisches Landeshauptarchiv (15)<\/option>          <\/select>\n        <\/div>\n        <div class=\"form-group col align-self-end\">\n          <button type=\"submit\" class=\"btn btn-primary\">filtrowa\u015b<\/button>\n        <\/div>\n      <\/div>\n    <\/form>\n\n  <p><\/p><ul><li><a href=\"https:\/\/www1.sorabicon.de\/dsb\/sorbische-kirche-luebben\/edition\/prov_ptd_x4r_gbb\">1: L\u00fcbben an den Propst von Berlin, Fabian Funck: droht, aufgrund der Verletzung der Residenzpflicht durch Funck und die Abschaffung unn\u00fctzer Gottesdienste mit der Einziehung von Eink\u00fcnften aus dem Funck verliehenen Lehen des [Heilig-Geist]-Hospitals.<\/a><\/li><li><a href=\"https:\/\/www1.sorabicon.de\/dsb\/sorbische-kirche-luebben\/edition\/prov_zjb_wqr_w1b\">2: L\u00fcbben an [Luckau?]: weist die Erbanspr\u00fcche der Anna Schwertchen, Schwester der vestorbenen K\u00f6chin des Kirchendieners Simon Gast, Ursula Moller, ab, da die Verstorbene ihr Eigentum dem Simon Gast vermacht hat.<\/a><\/li><li><a href=\"https:\/\/www1.sorabicon.de\/dsb\/sorbische-kirche-luebben\/edition\/prov_nmz_1b3_ycb\">3: Simon Gast vergleicht sich mit Vincencius Thyme, B\u00fcrger in Luckau, betreffend die Anspr\u00fcche von dessen Frau [Anna Schwertchen?] auf den Nachlass der verstorbenen Ursula Moller. <\/a><\/li><li><a href=\"https:\/\/www1.sorabicon.de\/dsb\/sorbische-kirche-luebben\/edition\/prov_tdn_h53_ycb\">4: [L\u00fcbben] an den Landvogt der Niederlausitz [Albrecht Graf von Schlick]: die Kirche auf dem Berg bei Biebersdorf wurde abgetragen; der Bau einer Kirche f\u00fcr die Sorben ist aufgrund der Armut der Stadt nicht m\u00f6glich; bittet, die Wildbahn nicht einzurichten, sondern die Stadt bei ihren Rechten zu belassen. <\/a><\/li><li><a href=\"https:\/\/www1.sorabicon.de\/dsb\/sorbische-kirche-luebben\/edition\/prov_y15_3ck_ycb\">5: L\u00fcbbben an den Offizial und Pfarrer [Simon Sinapius]: bittet um Anstellung eines deutschen Kaplans, da Simon [Gast] die Deutschen und Sorben nicht versorgen kann; den durch Ortie Kuchmeyster gestifteten Zins f\u00fcr den deutschen Predigtstuhl will der Rat umgehend zustellen. <\/a><\/li><li><a href=\"https:\/\/www1.sorabicon.de\/dsb\/sorbische-kirche-luebben\/edition\/prov_uj2_jkq_ycb\">6:  Entwurf eines Vertrags zwischen dem Rat der Stadt L\u00fcbben und dem Offizial [Simon Sinapius] betreffend die Anstellung des Magisters Abel Schaub als deutscher Kaplan enthaltend die Regelung der Eink\u00fcnfte und Aufgaben des deutschen Kaplans; der sorbische Kaplan Simon Gast hat im letzten halben Jahr sowohl sorbische als auch deutsche Leute versorgen m\u00fcssen, sieht sich hierzu aber in Zukunft au\u00dfer Stande. <\/a><\/li><li><a href=\"https:\/\/www1.sorabicon.de\/dsb\/sorbische-kirche-luebben\/edition\/prov_frl_j2p_ycb\">7:  Der Rat, die Viertelsleute und ganze Gemeinde der Stadt L\u00fcbben bedenken den sorbischen Prediger und Kaplan Simon Gast wegen seiner M\u00fchen mit 20 Scheffeln Korn bzw. 5 Gulden.<\/a><\/li><li><a href=\"https:\/\/www1.sorabicon.de\/dsb\/sorbische-kirche-luebben\/edition\/prov_c2v_3jr_ycb\">8: L\u00fcbben an den Landvogt [Albrecht Schlick]: \u00fcbersendet ein Schreiben betreffend den deutschen Kaplan und weist darauf hin, dass der Rat nicht zur Anstellung der deutschen und sorbischen Prediger befugt ist und deren Einholung bisher aus Gewohnheit erfolgt ist.<\/a><\/li><li><a href=\"https:\/\/www1.sorabicon.de\/dsb\/sorbische-kirche-luebben\/edition\/prov_mwz_5lp_ycb\">9: L\u00fcbben an den Landvogt [Albrecht Schlick]: beschwert sich \u00fcber die schlechte Versorgung und Behandlung der Kirchendiener und des Schulmeisters durch den Offizial und Pfarrer [Simon Sinapius]; bittet, in Zukunft die Kirchenfinanzen g\u00e4nzlich verwalten zu d\u00fcrfen.<\/a><\/li><li><a href=\"https:\/\/www1.sorabicon.de\/dsb\/sorbische-kirche-luebben\/edition\/prov_br5_xsl_zcb\">10:  L\u00fcbben an den Landvogt [Bohuslav Felix Lobkowitz von Hassenstein]: bittet beim Erwerb eines H\u00e4usleins f\u00fcr den sorbischen Kaplan behilflich zu sein, da seit dem Tod des vorhergehenden sorbischen Kaplans, Simon Gast, kein geeignetes Wohnhaus zur Verf\u00fcgung steht. <\/a><\/li><li><a href=\"https:\/\/www1.sorabicon.de\/dsb\/sorbische-kirche-luebben\/edition\/prov_myv_n2t_zcb\">11:  Der sorbische Kaplan Johann an den [Landvogt Bohuslav Felix Lobkowitz von Hassenstein]: bittet um Auszahlung seines Lohns bzw. um Unterst\u00fctzung bei der Erlangung der ihm von [Wilhelm] Schenk [von Landsberg] zustehenden Zahlungen sowie um Hilfe bei der Erlangung einer Wiese und eines Gartens.<\/a><\/li><li><a href=\"https:\/\/www1.sorabicon.de\/dsb\/sorbische-kirche-luebben\/edition\/prov_y5t_prk_zcb\">12: L\u00fcbben an den Landvogt [Bohuslav Felix Lobkowitz von Hassenstein]: bittet um Unterst\u00fctzung beim Erwerb einer Hofst\u00e4tte f\u00fcr den sorbischen Kaplan.<\/a><\/li><li><a href=\"https:\/\/www1.sorabicon.de\/dsb\/sorbische-kirche-luebben\/edition\/prov_xqn_ygm_zcb\">13:  Der Landvogt der Niederlausitz, Bohuslav Felix Lobkowitz, von Hassenstein, schlie\u00dft einen Vergleich betreffend zwei Malder Korn, welche dem sorbischen Kaplan in L\u00fcbben zustehen.<\/a><\/li><li><a href=\"https:\/\/www1.sorabicon.de\/dsb\/sorbische-kirche-luebben\/edition\/prov_p5m_vzr_zcb\">14: L\u00fcbben an [Magdalena Reu\u00df zu Plauen, Witwe des Wilhelm Schenk von Landsberg]: ist bereit, das von [Magdalena Reu\u00df zu Plauen] beanspruchte H\u00e4uschen, welches zur Zeit der sorbische Kaplan bewohnt, gegen Entrichtung der Schulden des Andres Gerloff einzur\u00e4umen. <\/a><\/li><li><a href=\"https:\/\/www1.sorabicon.de\/dsb\/sorbische-kirche-luebben\/edition\/prov_vth_3kl_zcb\">15:  L\u00fcbben an Andreas Schlick: bittet, bei der Erlangung von 150 Gulden aus dem Testament des Erasmus G\u00fcnther behilflich zu sein, um sie dem deutschen und sorbischen Predigtstuhl zukommen zu lassen. <\/a><\/li><li><a href=\"https:\/\/www1.sorabicon.de\/dsb\/sorbische-kirche-luebben\/edition\/prov_d4l_4gs_zcb\">16: Magdalena Reu\u00df zu Plauen auf Leuthen vergleicht sich mit der Witwe des ehemaligen sorbischen Kaplans zu L\u00fcbben, Lucas Ziegler, betreffend einige Malder Korns.<\/a><\/li><li><a href=\"https:\/\/www1.sorabicon.de\/dsb\/sorbische-kirche-luebben\/edition\/prov_v43_2hp_t2b\">17:  Eine durch den Landvogt Jaroslav von Kolowrat-Liebsteinsk\u00fd eingesetzte Kommission vergleicht Albrecht Schenk von Landsberg, Herrn auf Leuthen, und den Rat von L\u00fcbben bez\u00fcglich eines auf der Platkischen M\u00fchle lastenden Mehlzinses, welcher dem sorbischen Diakonat in L\u00fcbben zukommt. <\/a><\/li><li><a href=\"https:\/\/www1.sorabicon.de\/dsb\/sorbische-kirche-luebben\/edition\/prov_l31_ls1_1db\">18:  Matrikel der Kirche zu L\u00fcbben.<\/a><\/li><li><a href=\"https:\/\/www1.sorabicon.de\/dsb\/sorbische-kirche-luebben\/edition\/prov_kbf_bls_zcb\">19: Valentinus Bencker bewirbt sich aufgrund von Konflikten bei seiner derzeigen Pfarrstelle um die Pfarre in Gie\u00dfmannsdorf, eventuell auch um das sorbische Kaplanat in L\u00fcbben. <\/a><\/li><li><a href=\"https:\/\/www1.sorabicon.de\/dsb\/sorbische-kirche-luebben\/edition\/prov_trz_gxs_zcb\">20: Jacobus Runge, gewesener sorbischer Kaplan in L\u00fcbben, an den Kanzler [der Niederlausitz, Gedeon Kindler von Zackenstein]: bittet, bei der Beschaffung ausstehener Zahlungen der [Magdalena Reu\u00df zu Plauen] behilflich zu sein.<\/a><\/li><li><a href=\"https:\/\/www1.sorabicon.de\/dsb\/sorbische-kirche-luebben\/edition\/prov_w4r_jf5_s2b\">21:  Der sorbische Diakon Petrus Hoffmannus bittet um Erlaubnis, seinen selbst erbauten Stall weiter benutzen zu d\u00fcrfen oder H\u00e4user f\u00fcr die Geistlichen zu errichten, da der jetzige Wohnort \u00fcber der Schule mit vielen Beschwerlichkeiten verbunden ist.<\/a><\/li><li><a href=\"https:\/\/www1.sorabicon.de\/dsb\/sorbische-kirche-luebben\/edition\/prov_zgh_yr1_tdb\">22:  L\u00fcbben an Gottlieb Rudelius: beruft ihn nach Abgang des Tobias Gering zum neuen sorbischen Diakon in L\u00fcbben.<\/a><\/li><li><a href=\"https:\/\/www1.sorabicon.de\/dsb\/sorbische-kirche-luebben\/edition\/prov_hmf_12b_tdb\">23:  Der K\u00fcster an der deutschen Kirche in L\u00fcbben, Christoph Mewisch, an Herzog Christian I. von Sachsen-[ Merseburg \/ Konsistorium der Niederlausitz]: bewirbt sich um das K\u00fcsteramt an der sorbischen Kirche.<\/a><\/li><li><a href=\"https:\/\/www1.sorabicon.de\/dsb\/sorbische-kirche-luebben\/edition\/prov_bk3_ntc_5db\">24:  Vertreter der sorbischen Gemeinde in L\u00fcbben an Herzog Christian I. von Sachsen-[ Merseburg \/ Konsistorium der Niederlausitz]: verlangen, anstelle Samuel Erichs [wohl Samuel Falter] einen K\u00fcster mit zufriedenstellenden sorbischen Sprachkenntnissen zu vozieren.<\/a><\/li><li><a href=\"https:\/\/www1.sorabicon.de\/dsb\/sorbische-kirche-luebben\/edition\/prov_w4b_w23_1db\">25:  Der Rat von L\u00fcbben beschlie\u00dft unter Einbeziehung des Generalsuperintendenten Daniel R\u00f6mer die Einladung von Kandidaten f\u00fcr das sorbische Diakonat zur Abhaltung einer Gastpredigt.<\/a><\/li><li><a href=\"https:\/\/www1.sorabicon.de\/dsb\/sorbische-kirche-luebben\/edition\/prov_jwj_lj1_t2b\">26: Samuel Gerber, Archidiakon in L\u00fcbben, bittet den Generalsuperintenden Daniel R\u00f6mer und den Rat zu L\u00fcbben, ihm die L\u00fcbbener Neustadt als Seelsorgebezirk zu \u00fcbertragen.<\/a><\/li><li><a href=\"https:\/\/www1.sorabicon.de\/dsb\/sorbische-kirche-luebben\/edition\/prov_zwj_kv1_t2b\">27:  Bewohner der Neustadt L\u00fcbben fordern gegen\u00fcber dem Rat zu L\u00fcbben die Zugeh\u00f6rigkeit zum deutschen Archidiakonat.<\/a><\/li><li><a href=\"https:\/\/www1.sorabicon.de\/dsb\/sorbische-kirche-luebben\/edition\/prov_edg_1t3_1db\">28:  Die zur Probepredigt des Michael Petrinus abgeordneten Vertreter des Rats zu L\u00fcbben, Johann Pie\u00dfcken und Matthaeus Rohnberg, berichten \u00fcber die ablehnende Haltung der sorbischen Gemeinde gegen\u00fcber dem Kandidaten Michael Petrinus sowie die Umstimmung der Gemeindevertreter durch den Generalsuperintendenten [Daniel R\u00f6mer].<\/a><\/li><li><a href=\"https:\/\/www1.sorabicon.de\/dsb\/sorbische-kirche-luebben\/edition\/prov_nhh_ccm_2db\">29:  Der L\u00fcbbener Rat verk\u00fcndet zwei Konsistorialverordnungen betreffend die Aufteilung der Amtsaufgaben in der L\u00fcbbener Neustadt zwischen dem deutschen Archidiakon und dem sorbischen Diakon.<\/a><\/li><li><a href=\"https:\/\/www1.sorabicon.de\/dsb\/sorbische-kirche-luebben\/edition\/prov_pw2_2rm_2db\">30:  L\u00fcbben an Herzog [Moritz Wilhelm von Sachsen-Merseburg \/ Konsistorium der Niederlausitz]: ersucht um die Errichtung einer Predigerstelle an der Heilig-Geist-Kirche, um u.a. Verbesserungen bei der Abhaltung des sorbischen Gottesdienstes und der Kasualien zu erreichen.<\/a><\/li><li><a href=\"https:\/\/www1.sorabicon.de\/dsb\/sorbische-kirche-luebben\/edition\/prov_dgy_qdn_2db\">31:  Der L\u00fcbbener Rat protokolliert eine Petition der Abgeordneten der sorbischen Kirche betreffend die Neubesetzung der Pfarrstelle an dieser Kirche. <\/a><\/li><li><a href=\"https:\/\/www1.sorabicon.de\/dsb\/sorbische-kirche-luebben\/edition\/prov_wpy_hjn_2db\">32:  Vertreter der sorbischen Gemeinde protestieren gegen\u00fcber dem L\u00fcbbener Rat u.a. aufgrund mangelhafter Kenntnisse der sorbischen Sprache gegen die Wahl des [Christian Samuel] Bandeco, Pfarrer zu Friedland, zum neuen sorbischen Diakon in L\u00fcbben.<\/a><\/li><li><a href=\"https:\/\/www1.sorabicon.de\/dsb\/sorbische-kirche-luebben\/edition\/prov_uy5_nn3_fdb\">33:  Der Stadtschreiber von L\u00fcbben, Johann Michaelis, befragt Johann Georg Michaelis, Peter Lehniger und Martin Alter wegen ihres Protests gegen die Wahl [Christian Samuel] Bandecos zum sorbischen Diakon.<\/a><\/li><li><a href=\"https:\/\/www1.sorabicon.de\/dsb\/sorbische-kirche-luebben\/edition\/prov_fgg_dv3_fdb\">34:  Protokoll \u00fcber den Verlauf der Probepredigt des [Samuel Christian] Bandeco in L\u00fcbben.<\/a><\/li><li><a href=\"https:\/\/www1.sorabicon.de\/dsb\/sorbische-kirche-luebben\/edition\/prov_s25_sfj_fdb\">35:  Der L\u00fcbbener Rat l\u00e4sst eine Untersuchung des Verhaltens des L\u00fcbbenauer Diakons Johann Gottlieb Hauptmann protokollieren.<\/a><\/li><li><a href=\"https:\/\/www1.sorabicon.de\/dsb\/sorbische-kirche-luebben\/edition\/prov_xw2_f2x_fdb\">36: Johannes Jacobaei an Johann Willibald Brescius, Syndikus von L\u00fcbben: \u00fcbersendet sorbische Briefe und empfiehlt sich als sorbischer Diakon.<\/a><\/li><li><a href=\"https:\/\/www1.sorabicon.de\/dsb\/sorbische-kirche-luebben\/edition\/prov_dwt_gkx_fdb\">37: Johannes Jacobaei an [Johann Wilibald Brescius]: bittet um Unterst\u00fctzung bei Erlangung des sorbischen Diakonats in L\u00fcbben.<\/a><\/li><li><a href=\"https:\/\/www1.sorabicon.de\/dsb\/sorbische-kirche-luebben\/edition\/prov_zlk_h4x_fdb\">38: Johannes Jacobaei an den [Rat von L\u00fcbben]: bittet um Unterst\u00fctzung bei der Erlangung des sorbischen Pfarramts [gemeint Diakonats] in L\u00fcbben.<\/a><\/li><li><a href=\"https:\/\/www1.sorabicon.de\/dsb\/sorbische-kirche-luebben\/edition\/prov_ulr_rxx_fdb\">39: L\u00fcbben an Johannes Jacobaei: die von ihm zugesandten Proben in sorbischer Sprache entsprechen nicht dem \u00f6rtlichen Dialekt, dennoch kann die Gastpredigt nicht abgeschlagen werden; bittet um Pr\u00fcfung, ob die sorbischen Sprachkenntnisse den Anforderungen gen\u00fcgen.<\/a><\/li><li><a href=\"https:\/\/www1.sorabicon.de\/dsb\/sorbische-kirche-luebben\/edition\/prov_xsb_rg1_vdb\">40:  N. N. an [Friedrich August II. \/ Konsistorium der Niederlausitz]: berichtet \u00fcber die erfolgreiche, in deutscher und sorbischer Sprache abgelegte Probepredigt des Christian Hempel.<\/a><\/li><li><a href=\"https:\/\/www1.sorabicon.de\/dsb\/sorbische-kirche-luebben\/edition\/prov_mtt_cp2_5db\">41: Friedrich Wilhelm Sartorius an [Friedrich August II. \/ Konsistorium der Niederlausitz]: berichtet \u00fcber die Wahl des neuen K\u00fcsters an der sorbischen Kirche in L\u00fcbben, Johann Gottfried Bauer, und bittet um dessen Vokation und Konfirmation.<\/a><\/li><li><a href=\"https:\/\/www1.sorabicon.de\/dsb\/sorbische-kirche-luebben\/edition\/prov_hrn_ctd_gdb\">42: Friedrich August [II. \/ Konsistorium der Niederlausitz] an L\u00fcbben: verf\u00fcgt, bei der Neubesetzung des sorbischen Diakonats in L\u00fcbben eine der sorbischen Sprache kundige Person auszuw\u00e4hlen.<\/a><\/li><li><a href=\"https:\/\/www1.sorabicon.de\/dsb\/sorbische-kirche-luebben\/edition\/prov_ary_jk2_gdb\">43: Johann Christian Wilhelm Wiederauff an den Rat zu L\u00fcbben: nimmt seine Wahl als sorbischer Diakon in L\u00fcbben an, betont aber, die sorbische Sprache w\u00e4hrend seines f\u00fcnfj\u00e4hrigen Dienstes in deutschen Gegenden fast verlernt zu haben. <\/a><\/li><li><a href=\"https:\/\/www1.sorabicon.de\/dsb\/sorbische-kirche-luebben\/edition\/prov_cxn_4j2_5db\">44: Friedrich Wilhelm Sartorius, Generalsuperintendent, an [Friedrich August II. \/ Konsistorium der Niederlausitz]: pr\u00e4sentiert mit Verweis auf dessen guten Sorbischkenntnisse den Kandidaten Johann Christian Wiederauff als sorbischen Diakon in L\u00fcbben und erbittet dessen Konfirmation.<\/a><\/li><li><a href=\"https:\/\/www1.sorabicon.de\/dsb\/sorbische-kirche-luebben\/edition\/prov_ah2_4cf_lhb\">45: Der Rat zu L\u00fcbben voziert Johann Christian Wilhelm Wiederauff zum sorbischen Diakon.<\/a><\/li><li><a href=\"https:\/\/www1.sorabicon.de\/dsb\/sorbische-kirche-luebben\/edition\/prov_vhr_kb2_5db\">46: Friedrich Wilhelm Sartorius, [Generalsuperintendent], an [ Friedrich August II. \/ Konsistorium der Niederlausitz]: pr\u00e4sentiert mit Verweis auf dessen gute Sorbischkenntnisse den Kandidaten Andreas Gottlieb Fritze zum sorbischen Diakon in L\u00fcbben und erbittet dessen Konfirmation. <\/a><\/li><li><a href=\"https:\/\/www1.sorabicon.de\/dsb\/sorbische-kirche-luebben\/edition\/prov_y5b_ffd_5db\">47: Friedrich Wilhelm Sartorius, Generalsuperintendent in L\u00fcbben, an Friedrich August [III. \/ Konsistorium der Niederlausitz]: berichtet \u00fcber die Wahl des neuen K\u00fcsters an der sorbischen Kirche, Johann Gottfried Peterenz, und pr\u00e4sentiert diesen zur Vokation und Konfirmation.<\/a><\/li><li><a href=\"https:\/\/www1.sorabicon.de\/dsb\/sorbische-kirche-luebben\/edition\/prov_as2_fvd_5db\">48: Andreas Gottlieb Fritze, sorbischer [Diakon], best\u00e4tigt, dass die sorbische Sprache in seiner Gemeinde nur geringe Bedeutung hat und [Johann] Gottlieb Peterenz den K\u00fcsterdienst antreten kann. <\/a><\/li><li><a href=\"https:\/\/www1.sorabicon.de\/dsb\/sorbische-kirche-luebben\/edition\/prov_kzc_zp2_gdb\">49: Die auf Vorladung erschienenen Vertreter der sorbischen Gemeinde in L\u00fcbben erkl\u00e4ren, dass Kenntnisse der sorbischen Sprache f\u00fcr die Aus\u00fcbung des Amtes nicht notwendig sind, da nur in Radensdorf und Hartmannsdorf noch sorbisch gesprochen werde.<\/a><\/li><li><a href=\"https:\/\/www1.sorabicon.de\/dsb\/sorbische-kirche-luebben\/edition\/prov_oht_hxz_5db\">50: Gotthelf Christian Gretsel, [Generalsuperintendent], an Friedrich August [III. \/ Konsistorium der Niederlausitz]: pr\u00e4sentiert den Kandidaten Johann Gottfried Maltusch zum Diakon in L\u00fcbben.<\/a><\/li><\/ul>","protected":false},"excerpt":{"rendered":"","protected":false},"author":1,"featured_media":0,"parent":3154,"menu_order":10,"comment_status":"closed","ping_status":"closed","template":"","meta":{"_acf_changed":false,"footnotes":""},"class_list":["post-19","page","type-page","status-publish","hentry"],"acf":[],"_links":{"self":[{"href":"https:\/\/www1.sorabicon.de\/dsb\/wp-json\/wp\/v2\/pages\/19","targetHints":{"allow":["GET"]}}],"collection":[{"href":"https:\/\/www1.sorabicon.de\/dsb\/wp-json\/wp\/v2\/pages"}],"about":[{"href":"https:\/\/www1.sorabicon.de\/dsb\/wp-json\/wp\/v2\/types\/page"}],"author":[{"embeddable":true,"href":"https:\/\/www1.sorabicon.de\/dsb\/wp-json\/wp\/v2\/users\/1"}],"replies":[{"embeddable":true,"href":"https:\/\/www1.sorabicon.de\/dsb\/wp-json\/wp\/v2\/comments?post=19"}],"version-history":[{"count":35,"href":"https:\/\/www1.sorabicon.de\/dsb\/wp-json\/wp\/v2\/pages\/19\/revisions"}],"predecessor-version":[{"id":3899,"href":"https:\/\/www1.sorabicon.de\/dsb\/wp-json\/wp\/v2\/pages\/19\/revisions\/3899"}],"up":[{"embeddable":true,"href":"https:\/\/www1.sorabicon.de\/dsb\/wp-json\/wp\/v2\/pages\/3154"}],"wp:attachment":[{"href":"https:\/\/www1.sorabicon.de\/dsb\/wp-json\/wp\/v2\/media?parent=19"}],"curies":[{"name":"wp","href":"https:\/\/api.w.org\/{rel}","templated":true}]}}