{"id":3186,"date":"2019-06-04T14:51:14","date_gmt":"2019-06-04T12:51:14","guid":{"rendered":"http:\/\/sorabicon.dev.webstitut.de\/?page_id=3186"},"modified":"2020-06-17T10:54:33","modified_gmt":"2020-06-17T08:54:33","slug":"die-berufung-der-sorbischen-diakone-kaplaene-und-kuester","status":"publish","type":"page","link":"https:\/\/www1.sorabicon.de\/dsb\/sorbische-kirche-luebben\/die-berufung-der-sorbischen-diakone-kaplaene-und-kuester\/","title":{"rendered":"Die Berufung der sorbischen Diakone (Kapl\u00e4ne) und K\u00fcster"},"content":{"rendered":"\n<p>Seit dem ausgehenden Mittelalter waren in L\u00fcbben neben dem Stadtpfarrer, der zugleich Offizial war, zwei Kapl\u00e4ne<sup class=\"modern-footnotes-footnote \" data-mfn=\"1\" data-mfn-post-scope=\"0000000000003ccf0000000000000000_3186\"><a href=\"javascript:void(0)\"  role=\"button\" aria-pressed=\"false\" aria-describedby=\"mfn-content-0000000000003ccf0000000000000000_3186-1\">1<\/a><\/sup><span id=\"mfn-content-0000000000003ccf0000000000000000_3186-1\" role=\"tooltip\" class=\"modern-footnotes-footnote__note\" tabindex=\"0\" data-mfn=\"1\"> Bis zur Mitte des 16. Jahrhunderts wurden die Hilfsgeistlichen des Stadtpfarrers als Kapl\u00e4ne oder Prediger bezeichnet. Ab der zweiten H\u00e4lfte des 16. Jahrhunderts kam zunehmend die Bezeichnung Diakon auf, wobei der Diakon zugleich Prediger an der sorbischen Kirche war. Hier und im Folgenden wird f\u00fcr das 16. Jahrhundert der Begriff <em>(sorbischer\/deutscher) Kaplan<\/em> verwendet, danach <em>(sorbischer) Diakon<\/em>.<\/span> \u2013 ein deutscher und ein sorbischer \u2013 t\u00e4tig. Vor der Reformation waren die beiden quasi Angestellte des Pfarrers bzw. Offizials. Er war nicht nur f\u00fcr die Besoldung, sondern auch f\u00fcr die Vokation und Anstellung der Kapl\u00e4ne zust\u00e4ndig. Dieses Recht wurde ab der Mitte des 16. Jahrhunderts vom L\u00fcbbener Rat beansprucht. 1549 war der L\u00fcbbener Rat an der Berufung des deutschen Kaplans Abel Schaub beteiligt, wobei hier noch betont wurde, dass es sich um eine \u201e<em>neuerung<\/em>\u201c handelte, \u201edo doch zuvor und allewege die pfarhern hie zu Lubben die capplanen ane zuthun des radts auch ihres gefallens auff und angenohmen\u201c (<a rel=\"noreferrer noopener\" aria-label=\"Nr. 6 (\u00f6ffnet in neuem Tab)\" href=\"https:\/\/www1.sorabicon.de\/sorbische-kirche-luebben\/edition\/?ThemenID=prov_uj2_jkq_ycb\" target=\"_blank\">Nr. 6<\/a>). Auch 1551 \u00e4u\u00dferte der L\u00fcbbener Rat, er sei nicht befugt \u201edyselben beyde dienere, den deudtzschen und wendischen prediger, anzunehmen oder zu urlauben\u201c (<a rel=\"noreferrer noopener\" aria-label=\"Nr. 8 (\u00f6ffnet in neuem Tab)\" href=\"https:\/\/www1.sorabicon.de\/sorbische-kirche-luebben\/edition\/?ThemenID=prov_c2v_3jr_ycb\" target=\"_blank\">Nr. 8<\/a>). Dagegen behauptete er 1560 gegen\u00fcber dem Offizial Joachim Hosemann-Cnemiander, dass ihm, dem Rat, das Vokationsrecht \u00fcber die beiden Kapl\u00e4ne zustehe.<sup class=\"modern-footnotes-footnote \" data-mfn=\"2\" data-mfn-post-scope=\"0000000000003ccf0000000000000000_3186\"><a href=\"javascript:void(0)\"  role=\"button\" aria-pressed=\"false\" aria-describedby=\"mfn-content-0000000000003ccf0000000000000000_3186-2\">2<\/a><\/sup><span id=\"mfn-content-0000000000003ccf0000000000000000_3186-2\" role=\"tooltip\" class=\"modern-footnotes-footnote__note\" tabindex=\"0\" data-mfn=\"2\"><a href=\"https:\/\/www1.sorabicon.de\/wp-admin\/post.php?post=3202&amp;action=edit&amp;lang=de\">Neumann, Abschnitt S. 155<\/a><\/span> 1586 richtete Valentinus Bencker, Pfarrherr in Schlepzig, eine Bewerbung um das sorbische Kaplanat in L\u00fcbben an den L\u00fcbbener Rat, und bat um \u201eordentliche [&#8230;] vocation\u201c (<a rel=\"noreferrer noopener\" aria-label=\"Nr. 19 (\u00f6ffnet in neuem Tab)\" href=\"https:\/\/www1.sorabicon.de\/sorbische-kirche-luebben\/edition\/?ThemenID=prov_kbf_bls_zcb\" target=\"_blank\">Nr. 19<\/a>). Nach Errichtung des Niederlausitzischen Konsistoriums 1668 verblieb das Vokationsrecht \u00fcber die beiden Kapl\u00e4ne beim L\u00fcbbener Rat, was entsprechende Akten belegen. Aus diesen l\u00e4sst sich der Verlauf der Berufungsverfahren im 17. und 18. Jahrhundert folgenderma\u00dfen rekonstruieren: Bei eingetretener Vakanz wurden zun\u00e4chst mehrere Kandidaten, die sich meistens schriftlich beworben hatten, zur Gastpredigt eingeladen (Vgl. u. a. <a rel=\"noreferrer noopener\" aria-label=\"Nr. 25 (\u00f6ffnet in neuem Tab)\" href=\"https:\/\/www1.sorabicon.de\/sorbische-kirche-luebben\/edition\/?ThemenID=prov_w4b_w23_1db\" target=\"_blank\">Nr. 25<\/a>, <a rel=\"noreferrer noopener\" aria-label=\"Nr. 39 (\u00f6ffnet in neuem Tab)\" href=\"https:\/\/www1.sorabicon.de\/sorbische-kirche-luebben\/edition\/?ThemenID=prov_ulr_rxx_fdb\" target=\"_blank\">Nr. 39<\/a>). Danach erfolgte die Abstimmung \u00fcber die Kandidaten im Ratskollegium (Vgl. <a rel=\"noreferrer noopener\" aria-label=\"Nr. 32 (\u00f6ffnet in neuem Tab)\" href=\"https:\/\/www1.sorabicon.de\/sorbische-kirche-luebben\/edition\/?ThemenID=prov_wpy_hjn_2db\" target=\"_blank\">Nr. 32<\/a>). Bereits im Zusammenhang mit den Gastpredigten und der Ernennung des Kandidaten konnte es zu \u00c4u\u00dferungen der Gemeinde bez\u00fcglich der Eignung eines Kandidaten kommen (Vgl. <a rel=\"noreferrer noopener\" aria-label=\"Nr. 32 (\u00f6ffnet in neuem Tab)\" href=\"https:\/\/www1.sorabicon.de\/sorbische-kirche-luebben\/edition\/?ThemenID=prov_wpy_hjn_2db\" target=\"_blank\">Nr. 32<\/a>). Bei regul\u00e4rem Verlauf wurde der entsprechende Kandidat nach der Wahl dem Konsistorium vorgestellt und, sofern keine Bedenken vorlagen, zur Probepredigt eingeladen (Vgl. <a href=\"https:\/\/www1.sorabicon.de\/sorbische-kirche-luebben\/edition\/?ThemenID=prov_xsb_rg1_vdb\">Nr. 40<\/a>, <a rel=\"noreferrer noopener\" aria-label=\"Nr. 42 (\u00f6ffnet in neuem Tab)\" href=\"https:\/\/www1.sorabicon.de\/sorbische-kirche-luebben\/edition\/?ThemenID=prov_hrn_ctd_gdb\" target=\"_blank\">Nr. 42<\/a>). Anl\u00e4sslich der Probepredigt wurde die Gemeinde zu ihrer Meiung \u00fcber Leben und Wandel, gegebenenfalls auch die Sprache, des Kandidaten befragt. Wurden keine Einw\u00e4nde vorgebracht oder waren diese ausger\u00e4umt, konnte der Kandidat dem Konsistorium pr\u00e4sentiert werden (<a rel=\"noreferrer noopener\" aria-label=\"Nr. 44 (\u00f6ffnet in neuem Tab)\" href=\"https:\/\/www1.sorabicon.de\/sorbische-kirche-luebben\/edition\/?ThemenID=prov_cxn_4j2_5db\" target=\"_blank\">Nr. 44<\/a>, <a rel=\"noreferrer noopener\" aria-label=\"Nr. 46 (\u00f6ffnet in neuem Tab)\" href=\"https:\/\/www1.sorabicon.de\/sorbische-kirche-luebben\/edition\/?ThemenID=prov_vhr_kb2_5db\" target=\"_blank\">Nr. 46<\/a>, <a rel=\"noreferrer noopener\" aria-label=\"Nr. 50 (\u00f6ffnet in neuem Tab)\" href=\"https:\/\/www1.sorabicon.de\/sorbische-kirche-luebben\/edition\/?ThemenID=prov_oht_hxz_5db\" target=\"_blank\">Nr. 50<\/a>), woraufhin die Vokation durch den Rat (<a rel=\"noreferrer noopener\" aria-label=\"Nr. 22 (\u00f6ffnet in neuem Tab)\" href=\"https:\/\/www1.sorabicon.de\/sorbische-kirche-luebben\/edition\/?ThemenID=prov_zgh_yr1_tdb\" target=\"_blank\">Nr. 22<\/a>, <a rel=\"noreferrer noopener\" aria-label=\"Nr. 45 (\u00f6ffnet in neuem Tab)\" href=\"https:\/\/www1.sorabicon.de\/sorbische-kirche-luebben\/edition\/?ThemenID=prov_ah2_4cf_lhb\" target=\"_blank\">Nr. 45<\/a>) mit anschlie\u00dfender Konfirmation des Kandidaten durch das Konsistorium erfolgte.<\/p>\n\n\n\n<p>Das Patronatsrecht \u00fcber die K\u00fcster an der sorbischen Kirche in L\u00fcbben oblag dem Konsistorium der Niederlausitz. Bei Vakanz bewarben sich Interessenten zun\u00e4chst schriftlich beim Konsistorium, sp\u00e4ter wohl auch beim Superintendenten (<a rel=\"noreferrer noopener\" aria-label=\"Nr. 23 (\u00f6ffnet in neuem Tab)\" href=\"https:\/\/www1.sorabicon.de\/sorbische-kirche-luebben\/edition\/?ThemenID=prov_hmf_12b_tdb\" target=\"_blank\">Nr. 23<\/a>, <a rel=\"noreferrer noopener\" aria-label=\"Nr. 47 (\u00f6ffnet in neuem Tab)\" href=\"https:\/\/www1.sorabicon.de\/sorbische-kirche-luebben\/edition\/?ThemenID=prov_y5b_ffd_5db\" target=\"_blank\">Nr. 47<\/a>). Die Auswahl des entsprechenden Kandidaten erfolgte durch den Superintendenten und den sorbischen Diakon, gegebenenfalls nach Pr\u00fcfung des\/der Kandidaten (<a rel=\"noreferrer noopener\" aria-label=\"Nr. 47 (\u00f6ffnet in neuem Tab)\" href=\"https:\/\/www1.sorabicon.de\/sorbische-kirche-luebben\/edition\/?ThemenID=prov_y5b_ffd_5db\" target=\"_blank\">Nr. 47<\/a>). Die Gemeinde bekam die M\u00f6glichkeit, sich anl\u00e4sslich des Vorsingens der Kandidaten ein Bild zu machen und gegebenenfalls Einspruch zu erheben (<a rel=\"noreferrer noopener\" aria-label=\"Nr. 24 (\u00f6ffnet in neuem Tab)\" href=\"https:\/\/www1.sorabicon.de\/sorbische-kirche-luebben\/edition\/?ThemenID=prov_bk3_ntc_5db\" target=\"_blank\">Nr. 24<\/a>, <a rel=\"noreferrer noopener\" aria-label=\"Nr. 47 (\u00f6ffnet in neuem Tab)\" href=\"https:\/\/www1.sorabicon.de\/sorbische-kirche-luebben\/edition\/?ThemenID=prov_y5b_ffd_5db\" target=\"_blank\">Nr. 47<\/a>). Erfolgte kein Einspruch, pr\u00e4sentierte der Superintendent den Kandidaten dem Konsistorium, das diesen schlie\u00dflich vozierte und konfirmierte.<sup class=\"modern-footnotes-footnote \" data-mfn=\"3\" data-mfn-post-scope=\"0000000000003ccf0000000000000000_3186\"><a href=\"javascript:void(0)\"  role=\"button\" aria-pressed=\"false\" aria-describedby=\"mfn-content-0000000000003ccf0000000000000000_3186-3\">3<\/a><\/sup><span id=\"mfn-content-0000000000003ccf0000000000000000_3186-3\" role=\"tooltip\" class=\"modern-footnotes-footnote__note\" tabindex=\"0\" data-mfn=\"3\"><a href=\"https:\/\/www1.sorabicon.de\/wp-admin\/post.php?post=3202&amp;action=edit&amp;lang=de\">Vgl. z. B. Brandenburgisches Landeshauptarchiv, Rep 40C, Nr. 883, fol. 1r\u20133r; ebd., fol. 245r\u2013246r; ebd., fol. 246r\u2013247r.<\/a><\/span><\/p>\n","protected":false},"excerpt":{"rendered":"<p>Seit dem ausgehenden Mittelalter waren in L\u00fcbben neben dem Stadtpfarrer, der zugleich Offizial war, zwei Kapl\u00e4ne \u2013 ein deutscher und ein sorbischer \u2013 t\u00e4tig. Vor der Reformation waren die beiden quasi Angestellte des Pfarrers bzw. Offizials. Er war nicht nur f\u00fcr die Besoldung, sondern auch f\u00fcr die Vokation und Anstellung der Kapl\u00e4ne zust\u00e4ndig. Dieses Recht &hellip;<\/p>\n","protected":false},"author":2,"featured_media":0,"parent":3154,"menu_order":0,"comment_status":"closed","ping_status":"closed","template":"","meta":{"_acf_changed":false,"footnotes":""},"class_list":["post-3186","page","type-page","status-publish","hentry"],"acf":[],"_links":{"self":[{"href":"https:\/\/www1.sorabicon.de\/dsb\/wp-json\/wp\/v2\/pages\/3186","targetHints":{"allow":["GET"]}}],"collection":[{"href":"https:\/\/www1.sorabicon.de\/dsb\/wp-json\/wp\/v2\/pages"}],"about":[{"href":"https:\/\/www1.sorabicon.de\/dsb\/wp-json\/wp\/v2\/types\/page"}],"author":[{"embeddable":true,"href":"https:\/\/www1.sorabicon.de\/dsb\/wp-json\/wp\/v2\/users\/2"}],"replies":[{"embeddable":true,"href":"https:\/\/www1.sorabicon.de\/dsb\/wp-json\/wp\/v2\/comments?post=3186"}],"version-history":[{"count":8,"href":"https:\/\/www1.sorabicon.de\/dsb\/wp-json\/wp\/v2\/pages\/3186\/revisions"}],"predecessor-version":[{"id":6891,"href":"https:\/\/www1.sorabicon.de\/dsb\/wp-json\/wp\/v2\/pages\/3186\/revisions\/6891"}],"up":[{"embeddable":true,"href":"https:\/\/www1.sorabicon.de\/dsb\/wp-json\/wp\/v2\/pages\/3154"}],"wp:attachment":[{"href":"https:\/\/www1.sorabicon.de\/dsb\/wp-json\/wp\/v2\/media?parent=3186"}],"curies":[{"name":"wp","href":"https:\/\/api.w.org\/{rel}","templated":true}]}}