{"id":3190,"date":"2019-06-04T14:52:36","date_gmt":"2019-06-04T12:52:36","guid":{"rendered":"http:\/\/sorabicon.dev.webstitut.de\/?page_id=3190"},"modified":"2020-06-17T10:55:45","modified_gmt":"2020-06-17T08:55:45","slug":"kirchenbau-und-gottesdienstliche-praxis","status":"publish","type":"page","link":"https:\/\/www1.sorabicon.de\/dsb\/sorbische-kirche-luebben\/kirchenbau-und-gottesdienstliche-praxis\/","title":{"rendered":"Kirchenbau und sorbische gottesdienstliche Praxis"},"content":{"rendered":"\n<p>Im sp\u00e4tmittelalterlichen L\u00fcbben existierte neben der Pfarrkirche St. Nikolaus ab dem ausgehenden 15. Jahrhundert auch ein Wilhelmiterkloster, wenn auch kein getrenntes sorbisches Gotteshaus. Dennoch fanden sorbische Predigten und Seelsorge statt. So berichtete der L\u00fcbbener Rat 1546 an den Landvogt, dass \u201eman doch von alters her, so ungewitter eingefallen, auch in winter zeit in der schulen, do zimlicher raum, geprediget. So aber in der schulen nicht raum were, solte uf erfordern des wendischen predigers das radshaus geoffent, doselbst zu predigen etc.\u201c(<a rel=\"noreferrer noopener\" aria-label=\"Nr. 4 (\u00f6ffnet in neuem Tab)\" href=\"https:\/\/www1.sorabicon.de\/sorbische-kirche-luebben\/edition\/?ThemenID=prov_tdn_h53_ycb\" target=\"_blank\">Nr. 4<\/a>) Bereits 1546 existierten in L\u00fcbben Pl\u00e4ne zum Bau eines gesonderten Gotteshauses f\u00fcr die Sorben. Initiator dessen war vermutlich der Landvogt Albrecht Graf von Schlick (<a rel=\"noreferrer noopener\" aria-label=\"Nr. 4 (\u00f6ffnet in neuem Tab)\" href=\"https:\/\/www1.sorabicon.de\/sorbische-kirche-luebben\/edition\/?ThemenID=prov_tdn_h53_ycb\" target=\"_blank\">Nr. 4<\/a>). Allerdings wehrte sich der Rat aufgrund der hohen Baukosten gegen diesen Plan, sodass die erste sorbische Kirche in L\u00fcbben wohl erst 1572 gebaut wurde.<sup class=\"modern-footnotes-footnote \" data-mfn=\"1\" data-mfn-post-scope=\"0000000000003cf50000000000000000_3190\"><a href=\"javascript:void(0)\"  role=\"button\" aria-pressed=\"false\" aria-describedby=\"mfn-content-0000000000003cf50000000000000000_3190-1\">1<\/a><\/sup><span id=\"mfn-content-0000000000003cf50000000000000000_3190-1\" role=\"tooltip\" class=\"modern-footnotes-footnote__note\" tabindex=\"0\" data-mfn=\"1\"><a href=\"https:\/\/www1.sorabicon.de\/wp-admin\/post.php?post=3202&amp;action=edit&amp;lang=de\">Vgl. Neitmann\/Schr\u00f6der\/Weirauch, Zierde, S. 197<\/a><\/span> Dieses neu errichtete sorbische Gotteshaus diente allerdings nur als Predigtkirche. Abendmahl, Taufen sowie die Segnung der W\u00f6chnerinnen fanden nach wie vor in der deutschen Kirche statt. Diese Trennung von Predigt und anderen geistlichen Handlungen verursachte \u201eviele unordnung und gedr\u00e4nge\u201c<em>. <\/em>Unter anderem blieben Teile der sorbischen Gemeinde beim \u00dcbergang zum Abendmahl \u201eentweder aufm marckt stehen [\u2026] oder [wenden] sich in die bierh\u00e4user, so da\u00df diese schon voll sind, ehe der gottesdienst in der deutschen kirche aus ist\u201c (<a rel=\"noreferrer noopener\" aria-label=\"Nr. 30 (\u00f6ffnet in neuem Tab)\" href=\"https:\/\/www1.sorabicon.de\/sorbische-kirche-luebben\/edition\/?ThemenID=prov_pw2_2rm_2db\" target=\"_blank\">Nr. 30<\/a>).<\/p>\n","protected":false},"excerpt":{"rendered":"<p>Im sp\u00e4tmittelalterlichen L\u00fcbben existierte neben der Pfarrkirche St. Nikolaus ab dem ausgehenden 15. Jahrhundert auch ein Wilhelmiterkloster, wenn auch kein getrenntes sorbisches Gotteshaus. Dennoch fanden sorbische Predigten und Seelsorge statt. So berichtete der L\u00fcbbener Rat 1546 an den Landvogt, dass \u201eman doch von alters her, so ungewitter eingefallen, auch in winter zeit in der schulen, &hellip;<\/p>\n","protected":false},"author":2,"featured_media":0,"parent":3154,"menu_order":0,"comment_status":"closed","ping_status":"closed","template":"","meta":{"_acf_changed":false,"footnotes":""},"class_list":["post-3190","page","type-page","status-publish","hentry"],"acf":[],"_links":{"self":[{"href":"https:\/\/www1.sorabicon.de\/dsb\/wp-json\/wp\/v2\/pages\/3190","targetHints":{"allow":["GET"]}}],"collection":[{"href":"https:\/\/www1.sorabicon.de\/dsb\/wp-json\/wp\/v2\/pages"}],"about":[{"href":"https:\/\/www1.sorabicon.de\/dsb\/wp-json\/wp\/v2\/types\/page"}],"author":[{"embeddable":true,"href":"https:\/\/www1.sorabicon.de\/dsb\/wp-json\/wp\/v2\/users\/2"}],"replies":[{"embeddable":true,"href":"https:\/\/www1.sorabicon.de\/dsb\/wp-json\/wp\/v2\/comments?post=3190"}],"version-history":[{"count":8,"href":"https:\/\/www1.sorabicon.de\/dsb\/wp-json\/wp\/v2\/pages\/3190\/revisions"}],"predecessor-version":[{"id":6892,"href":"https:\/\/www1.sorabicon.de\/dsb\/wp-json\/wp\/v2\/pages\/3190\/revisions\/6892"}],"up":[{"embeddable":true,"href":"https:\/\/www1.sorabicon.de\/dsb\/wp-json\/wp\/v2\/pages\/3154"}],"wp:attachment":[{"href":"https:\/\/www1.sorabicon.de\/dsb\/wp-json\/wp\/v2\/media?parent=3190"}],"curies":[{"name":"wp","href":"https:\/\/api.w.org\/{rel}","templated":true}]}}