{"id":3196,"date":"2019-06-04T14:54:31","date_gmt":"2019-06-04T12:54:31","guid":{"rendered":"http:\/\/sorabicon.dev.webstitut.de\/?page_id=3196"},"modified":"2020-06-17T11:01:54","modified_gmt":"2020-06-17T09:01:54","slug":"simon-gast","status":"publish","type":"page","link":"https:\/\/www1.sorabicon.de\/dsb\/sorbische-kirche-luebben\/simon-gast\/","title":{"rendered":"Simon Gast"},"content":{"rendered":"\n<p>Einer der ersten \u00dcbersetzer reformatorischer geistlicher Lieder ins Sorbische soll der L\u00fcbbener Kaplan Simon Gast gewesen sein, \u00fcber den bislang wenig bekannt ist. <sup class=\"modern-footnotes-footnote \" data-mfn=\"1\" data-mfn-post-scope=\"0000000000003ccf0000000000000000_3196\"><a href=\"javascript:void(0)\"  role=\"button\" aria-pressed=\"false\" aria-describedby=\"mfn-content-0000000000003ccf0000000000000000_3196-1\">1<\/a><\/sup><span id=\"mfn-content-0000000000003ccf0000000000000000_3196-1\" role=\"tooltip\" class=\"modern-footnotes-footnote__note\" tabindex=\"0\" data-mfn=\"1\">Die fr\u00fcheste, sp\u00e4ter in zahlreiche Publikationen \u00fcbernommene Erw\u00e4hnung seiner \u00dcbersetzungst\u00e4tigkeit findet sich in: Etwas von Gebeth des Herren, S. 169f.; vgl. zu Simon Gast auch die sorbischsprachige Publikation: <a href=\"https:\/\/www1.sorabicon.de\/wp-admin\/post.php?post=3202&amp;action=edit&amp;lang=de\">Malinkec, Simon Gast<\/a>.<\/span> Die hier publizierten L\u00fcbbener Archivalien bieten erstmals Details zum Leben und Wirken Gasts in L\u00fcbben. Simon Gast wurde wohl um 1500 in L\u00fcbben geboren und war ein \u201epurgerskindt\u201c (<a rel=\"noreferrer noopener\" aria-label=\"Nr. 7 (\u00f6ffnet in neuem Tab)\" href=\"https:\/\/www1.sorabicon.de\/sorbische-kirche-luebben\/edition\/?ThemenID=prov_frl_j2p_ycb\" target=\"_blank\">Nr. 7<\/a>). Wahrscheinlich trat er nach 1527 seinen Dienst als sorbischer Prediger in L\u00fcbben an, da 1527 noch Andres und Ambrosius als Kapl\u00e4ne in L\u00fcbben genannt werden. 1550 hob der L\u00fcbbener Rat hervor, dass Gast \u201eeine lange zceyt bey uns geweszen und sich fur einen wendischen prediger und cappellan hat geprauchen lassen\u201c (<a rel=\"noreferrer noopener\" aria-label=\"Nr. 7 (\u00f6ffnet in neuem Tab)\" href=\"https:\/\/www1.sorabicon.de\/sorbische-kirche-luebben\/edition\/?ThemenID=prov_frl_j2p_ycb\" target=\"_blank\">Nr. 7<\/a>). Simon Gast war zumindest bis 1541 nicht verheiratet, hatte somit wohl bereits vor dem \u00dcbergang zum lutherischen Glauben als Kaplan gedient. So geht aus einem Schreiben L\u00fcbbens an Luckau hervor, dass Gast \u00fcber eine K\u00f6chin mit Namen Ursula Moller verf\u00fcgt haben muss, die diesem testamentarisch ihr Verm\u00f6gen hinterlie\u00df (<a rel=\"noreferrer noopener\" aria-label=\"Nr. 2 (\u00f6ffnet in neuem Tab)\" href=\"https:\/\/www1.sorabicon.de\/sorbische-kirche-luebben\/edition\/?ThemenID=prov_zjb_wqr_w1b\" target=\"_blank\">Nr. 2<\/a>). 1545 legte Simon Gast den Streit um dieses Verm\u00f6gen mit dem Luckauer B\u00fcrger Vincencius Thyme bei (]<a rel=\"noreferrer noopener\" aria-label=\"Nr. 3 (\u00f6ffnet in neuem Tab)\" href=\"https:\/\/www1.sorabicon.de\/sorbische-kirche-luebben\/edition\/?ThemenID=prov_nmz_1b3_ycb\" target=\"_blank\">Nr. 3<\/a>). Im Jahr 1549 \u00fcbernahm Gast nach dem Tod seines deutschen Kollegen Paulus Moller die Versorgung der \u201edeudtzsche[n] und wendische[n] leute\u201c (<a rel=\"noreferrer noopener\" aria-label=\"Nr. 6 (\u00f6ffnet in neuem Tab)\" href=\"https:\/\/www1.sorabicon.de\/sorbische-kirche-luebben\/edition\/?ThemenID=prov_uj2_jkq_ycb\" target=\"_blank\">Nr. 6<\/a>). Aufgrund seiner treuen Dienste wurde seine Besoldung 1550 neu geregelt (<a rel=\"noreferrer noopener\" aria-label=\"Nr. 7 (\u00f6ffnet in neuem Tab)\" href=\"https:\/\/www1.sorabicon.de\/sorbische-kirche-luebben\/edition\/?ThemenID=prov_frl_j2p_ycb\" target=\"_blank\">Nr. 7<\/a>). Simon Gast verstarb, wie aus einem Schreiben aus dem Jahr 1555 hervorgeht, im Fr\u00fchjahr 1552 (<a rel=\"noreferrer noopener\" aria-label=\"Nr. 10 (\u00f6ffnet in neuem Tab)\" href=\"https:\/\/www1.sorabicon.de\/sorbische-kirche-luebben\/edition\/?ThemenID=prov_br5_xsl_zcb\" target=\"_blank\">Nr. 10<\/a>).<\/p>\n","protected":false},"excerpt":{"rendered":"<p>Einer der ersten \u00dcbersetzer reformatorischer geistlicher Lieder ins Sorbische soll der L\u00fcbbener Kaplan Simon Gast gewesen sein, \u00fcber den bislang wenig bekannt ist. Die hier publizierten L\u00fcbbener Archivalien bieten erstmals Details zum Leben und Wirken Gasts in L\u00fcbben. Simon Gast wurde wohl um 1500 in L\u00fcbben geboren und war ein \u201epurgerskindt\u201c (Nr. 7). Wahrscheinlich trat &hellip;<\/p>\n","protected":false},"author":2,"featured_media":0,"parent":3154,"menu_order":0,"comment_status":"closed","ping_status":"closed","template":"","meta":{"_acf_changed":false,"footnotes":""},"class_list":["post-3196","page","type-page","status-publish","hentry"],"acf":[],"_links":{"self":[{"href":"https:\/\/www1.sorabicon.de\/dsb\/wp-json\/wp\/v2\/pages\/3196","targetHints":{"allow":["GET"]}}],"collection":[{"href":"https:\/\/www1.sorabicon.de\/dsb\/wp-json\/wp\/v2\/pages"}],"about":[{"href":"https:\/\/www1.sorabicon.de\/dsb\/wp-json\/wp\/v2\/types\/page"}],"author":[{"embeddable":true,"href":"https:\/\/www1.sorabicon.de\/dsb\/wp-json\/wp\/v2\/users\/2"}],"replies":[{"embeddable":true,"href":"https:\/\/www1.sorabicon.de\/dsb\/wp-json\/wp\/v2\/comments?post=3196"}],"version-history":[{"count":7,"href":"https:\/\/www1.sorabicon.de\/dsb\/wp-json\/wp\/v2\/pages\/3196\/revisions"}],"predecessor-version":[{"id":6895,"href":"https:\/\/www1.sorabicon.de\/dsb\/wp-json\/wp\/v2\/pages\/3196\/revisions\/6895"}],"up":[{"embeddable":true,"href":"https:\/\/www1.sorabicon.de\/dsb\/wp-json\/wp\/v2\/pages\/3154"}],"wp:attachment":[{"href":"https:\/\/www1.sorabicon.de\/dsb\/wp-json\/wp\/v2\/media?parent=3196"}],"curies":[{"name":"wp","href":"https:\/\/api.w.org\/{rel}","templated":true}]}}