{"id":3202,"date":"2019-06-04T14:57:30","date_gmt":"2019-06-04T12:57:30","guid":{"rendered":"http:\/\/sorabicon.dev.webstitut.de\/?page_id=3202"},"modified":"2020-06-16T11:26:21","modified_gmt":"2020-06-16T09:26:21","slug":"bibliografie","status":"publish","type":"page","link":"https:\/\/www1.sorabicon.de\/dsb\/sorbische-kirche-luebben\/bibliografie\/","title":{"rendered":"Literatur und Quellen"},"content":{"rendered":"\n<p><a>AHF Empfehlungen<\/a><br><a rel=\"noreferrer noopener\" aria-label=\"Empfehlungen zur Edition fr\u00fchneuzeitlicher Texte der Arbeitsgemeinschaft historischer Forschungseinrichtungen in der Bundesrepublik Deutschland e.V., Arbeitskreis \u201eEditionsprobleme der Fr\u00fchen Neuzeit\u201c 2016.   (\u00f6ffnet in neuem Tab)\" href=\"http:\/\/nbn-resolving.de\/urn\/resolver.pl?urn=urn:nbn:de:bvb:355-rbh-280-9\" target=\"_blank\">Empfehlungen zur Edition fr\u00fchneuzeitlicher Texte der Arbeitsgemeinschaft historischer Forschungseinrichtungen in der Bundesrepublik Deutschland e.V., Arbeitskreis \u201eEditionsprobleme der Fr\u00fchen Neuzeit\u201c 2016. <\/a><strong><a rel=\"noreferrer noopener\" aria-label=\"Empfehlungen zur Edition fr\u00fchneuzeitlicher Texte der Arbeitsgemeinschaft historischer Forschungseinrichtungen in der Bundesrepublik Deutschland e.V., Arbeitskreis \u201eEditionsprobleme der Fr\u00fchen Neuzeit\u201c 2016.   (\u00f6ffnet in neuem Tab)\" href=\"http:\/\/nbn-resolving.de\/urn\/resolver.pl?urn=urn:nbn:de:bvb:355-rbh-280-9\" target=\"_blank\"> <\/a><\/strong><\/p>\n\n\n\n<p>B\u0159ezina, Landvogt\u00a0\u00a0\u00a0\u00a0\u00a0\u00a0\u00a0\u00a0\u00a0\u00a0\u00a0\u00a0\u00a0\u00a0\u00a0\u00a0\u00a0 <br>BR\u011aZINA, Lud\u011bk: Der Landvogt der Niederlausitz zwischen K\u00f6nigsmacht und St\u00e4nden (1490\u20131620). Ein Diener zweier Herren? (Ver\u00f6ffentlichungen des Brandenburgischen Landeshauptarchivs 69), Berlin 2017.<\/p>\n\n\n\n<p>Etwas von Gebeth des Herren &nbsp;&nbsp;&nbsp;&nbsp;&nbsp;&nbsp;&nbsp;&nbsp;&nbsp;&nbsp;&nbsp;&nbsp;&nbsp;&nbsp;&nbsp;&nbsp;&nbsp;&nbsp;&nbsp;&nbsp;&nbsp;&nbsp; <br>Etwas von Gebeth des Herren oder heiligen Vater unser, zur Nieder-Lausitzischen Kirchen-Historie geh\u00f6rig, in: Destinata literaria et fragmenta Lusatica, d.i. Unternehmungen der Gelehrten, und gesammlete alte auch neue zur Nieder-Lausitzischen Historie und Gelehrsamkeit geh\u00f6rige St\u00fccke Bd. [I]\/3, L\u00fcbben [1738], S. 165\u2013184.<\/p>\n\n\n\n<p><a>Europ\u00e4ische Stammtafeln NF Bd. 19&nbsp;&nbsp;&nbsp;&nbsp;&nbsp;&nbsp;&nbsp;&nbsp;&nbsp;&nbsp;&nbsp;&nbsp; <\/a><br>Europ\u00e4ische Stammtafeln. Neue Folge Bd. 19. Zwischen Weser und Oder, bearb. v. Frank Baron Freytag von Loringhoven, hg. v. Detlev Schwennicke, Frankfurt\/Main 2000.<\/p>\n\n\n\n<p>Fischer, Pfarrerbuch Bd. 1\u00a0\u00a0\u00a0\u00a0\u00a0\u00a0\u00a0\u00a0\u00a0\u00a0\u00a0\u00a0\u00a0\u00a0\u00a0\u00a0\u00a0 <br>FISCHER, Otto: Evangelisches Pfarrerbuch f\u00fcr die Mark Brandenburg seit der Reformation Bd. 1. Verzeichnis der Pfarrstellen und der Pfarrer, Berlin 1941.<\/p>\n\n\n\n<p><a>Fischer, Pfarrerbuch<\/a> Bd. 2,1\u00a0\u00a0\u00a0\u00a0\u00a0\u00a0\u00a0\u00a0\u00a0\u00a0\u00a0\u00a0\u00a0\u00a0 <br>FISCHER, Otto: Evangelisches Pfarrerbuch f\u00fcr die Mark Brandenburg seit der Reformation Bd. 2,1. Verzeichnis der Geistlichen in alphabetischer Reihenfolge. Abbadie bis Major, Berlin 1941.<\/p>\n\n\n\n<p>Fischer, Pfarrerbuch Bd. 2,2\u00a0\u00a0\u00a0\u00a0\u00a0\u00a0\u00a0\u00a0\u00a0\u00a0\u00a0\u00a0\u00a0\u00a0 <br>FISCHER, Otto: Evangelisches Pfarrerbuch f\u00fcr die Mark Brandenburg seit der Reformation Bd. 2,2. Verzeichnis der Geistlichen in alphabetischer Reihenfolge. Malacrida bis Zythenius, Berlin 1941.<\/p>\n\n\n\n<p><a>Heinemeyer, Richtlinien\u00a0\u00a0\u00a0\u00a0\u00a0\u00a0\u00a0\u00a0\u00a0\u00a0\u00a0\u00a0\u00a0\u00a0\u00a0\u00a0\u00a0\u00a0\u00a0\u00a0<\/a><br><a>Richtlinien f\u00fcr die Edition landesgeschichtlicher Quellen, hg. v. Walter Heinemeyer, 2. Aufl., Marburg 2000.<\/a><\/p>\n\n\n\n<p>Historische Continuation&nbsp;&nbsp;&nbsp;&nbsp;&nbsp;&nbsp;&nbsp;&nbsp;&nbsp;&nbsp;&nbsp;&nbsp;&nbsp;&nbsp;&nbsp;&nbsp;&nbsp;&nbsp;&nbsp; <br>Historische Continuation der Official-Historie im Marggrafthum Niederlausitz, in: Destinata literaria et fragmenta Lusatica, d.i. Unternehmungen der Gelehrten, und gesammlete alte auch neue zur Nieder-Lausitzischen Historie und Gelehrsamkeit geh\u00f6rige St\u00fccke Bd. [I]\/6, L\u00fcbben [1738], S. 492\u2013518.<\/p>\n\n\n\n<p>Houwald, Niederlausitzer Ritterg\u00fcter\u00a0\u00a0\u00a0\u00a0\u00a0\u00a0\u00a0\u00a0\u00a0\u00a0\u00a0\u00a0\u00a0 <br>HOUWALD, G\u00f6tz Freiherr von: Die Niederlausitzer Ritterg\u00fcter und ihre Besitzer, Bd. 3. Kreis L\u00fcbben (Bibliothek familiengeschichtlicher Quellen, 32), Neustadt an der Aisch 1984.<\/p>\n\n\n\n<p>Lehmann, Monita\u00a0\u00a0\u00a0\u00a0\u00a0\u00a0\u00a0\u00a0\u00a0\u00a0\u00a0\u00a0\u00a0\u00a0\u00a0\u00a0\u00a0\u00a0 <br>LEHMANN, Rudolf: Die Ohnvorgreiflichen Monita von 1668, in: Niederlausitzer Studien 41 (2015), S. 56\u201372.<\/p>\n\n\n\n<p>Lehmann, Wenden\u00a0\u00a0\u00a0\u00a0\u00a0\u00a0\u00a0\u00a0\u00a0\u00a0\u00a0\u00a0\u00a0\u00a0\u00a0\u00a0 <br>LEHMANN, Rudolf: Die Niederlausitzer Wenden und die Kirche vom 17. bis zum 19. Jahrhundert (Quellenmaterial), in: Niederlausitzer Mittheilungen 20 (1930\/31), S. 1\u201334.<\/p>\n\n\n\n<p><a>Mahling, Seelsorge <\/a>\u00a0\u00a0\u00a0\u00a0\u00a0\u00a0\u00a0\u00a0\u00a0\u00a0\u00a0\u00a0\u00a0\u00a0\u00a0\u00a0 <br>MAHLING, Madlena: Sorbische Seelsorge und Reformation \u2013 ein \u00fcberlieferungsgeschichtliches Problem illustriert am Beispiel der pfarrlichen Seelsorge in L\u00fcbben im 15. und 16. Jahrhundert, in: Zeitschrift f\u00fcr Slawistik 2019 (im Druck)<\/p>\n\n\n\n<p><a>Mahling, Kontinuit\u00e4t und Wandel<\/a>\u00a0\u00a0\u00a0\u00a0\u00a0\u00a0 \u00a0\u00a0\u00a0\u00a0\u00a0\u00a0\u00a0\u00a0\u00a0\u00a0\u00a0 <br>MAHLING, Madlena: Kontinuit\u00e4t und Wandel. Sorbische Seelsorge in L\u00fcbben im 15. und 16. Jahrhundert, in: Reformation und Ethnizit\u00e4t. Sorben, Letten und Esten im 16. und 17. Jahrhundert, hg. v. Susanne Hose\/Madlena Mahling\/Friedrich Pollack (Spisy Serbskeho Instituta 67) (im Druck)<\/p>\n\n\n\n<p><a>Mahling, Simon Gast <\/a>\u00a0\u00a0\u00a0\u00a0\u00a0\u00a0\u00a0\u00a0\u00a0\u00a0\u00a0\u00a0 <br>MALINKEC (Mahling), Madlena: Simon Gast \u2013 kap\u0142an a  p\u0159e\u0142o\u017eowar w reformaciskim \u010dasu [Simon Gast \u2013 Kaplan und \u00dcbersetzer in der Reformationszeit], in: Rozhlad. Serbski kulturny \u010dasopis 67 (2017) 11, S. 21\u201327.<\/p>\n\n\n\n<p><a>Mahling, Muttersprache<\/a>\u00a0\u00a0\u00a0\u00a0\u00a0\u00a0\u00a0\u00a0\u00a0\u00a0\u00a0\u00a0\u00a0\u00a0\u00a0\u00a0\u00a0\u00a0\u00a0\u00a0\u00a0 <br>MAHLING, Madlena: Um <em>unserer wendischen muttersprache<\/em> willen. Sprachwechsel und Sprachkonflikt im fr\u00fchneuzeitlichen L\u00fcbben\/Lubin, in: Jahrbuch f\u00fcr Geschichte Mittel- und Ostdeutschlands 2019 (im Druck)<\/p>\n\n\n\n<p><a>Neitmann\/Schr\u00f6der\/Weirauch, Zierde \u00a0\u00a0\u00a0\u00a0\u00a0\u00a0 <\/a><br>&#8220;Ist Zierde des Landes gewest&#8221;: L\u00fcbben (Spreewald) im Spiegel archivalischer Quellen, hg. v. Klaus Neitmann\/Kathrin Schr\u00f6der\/K\u00e4rstin Weirauch (Einzelver\u00f6ffentlichung des Brandenburgischen Landeshauptarchivs), Berlin 2006. <\/p>\n\n\n\n<p><a>Neumann, Abschnitt\u00a0\u00a0\u00a0\u00a0\u00a0\u00a0\u00a0\u00a0\u00a0\u00a0\u00a0\u00a0\u00a0\u00a0 <\/a><br><a>NEUMANN, Johann Wilhelm: Ein Abschnitt aus dem zweiten Theile einer Geschichte der Kreisstadt L\u00fcbben (noch ungedruckt), in: <\/a>Neues Lausitzisches Magazin 33, 1857, S. 115\u2013162.<\/p>\n\n\n\n<p>Neumann, Geschichte der Kreis-Stadt L\u00fcbben\u00a0\u00a0\u00a0\u00a0\u00a0\u00a0\u00a0\u00a0\u00a0\u00a0 \u00a0\u00a0\u00a0\u00a0\u00a0\u00a0\u00a0\u00a0\u00a0\u00a0\u00a0 <br>NEUMANN, Johann Wilhelm: Geschichte der Kreis-Stadt L\u00fcbben im Markgrafthum Niederlausitz, L\u00fcbben 2000 (= Reprint der Ausgabe L\u00fcbben 1846 und 1857).<\/p>\n\n\n\n<p>Otto, Lexikon\u00a0\u00a0\u00a0\u00a0\u00a0\u00a0\u00a0\u00a0\u00a0\u00a0\u00a0\u00a0\u00a0 <br>OTTO, Gottlieb Friedrich: Lexikon der seit dem funfzehenden Jahrhunderte verstorbenen und jetztlebenden Oberlausizischen Schriftsteller und K\u00fcnstler, aus den glaubw\u00fcrdigen Quellen m\u00f6glichst vollst\u00e4ndig zusammengetragen von Gottlieb Friedrich Otto, Prediger in Friedersdorf bei G\u00f6rlitz und Mitgliede der Oberlaus. Gesellsch. der Wissenschaften, 3 Bde., G\u00f6rlitz 1800\u20131803.<\/p>\n\n\n\n<p>Schuster-\u0160ewc, Sprachdenkm\u00e4ler\u00a0\u00a0\u00a0\u00a0\u00a0\u00a0\u00a0\u00a0\u00a0\u00a0\u00a0\u00a0\u00a0\u00a0\u00a0\u00a0\u00a0\u00a0 <br>SCHUSTER-\u0160EWC, Heinz: Sorbische Sprachdenkm\u00e4ler. 16.\u201318. Jahrhundert (Schriftenreihe des Instituts f\u00fcr sorbische Volksforschung in Bautzen, 31), Bautzen 1967.<\/p>\n\n\n\n<p><a>Tschirch, Geisterseher<\/a>\u00a0\u00a0\u00a0\u00a0\u00a0\u00a0\u00a0\u00a0\u00a0\u00a0\u00a0 <br>TSCIRCH, Otto: Ein Niederlausitzer Geisterseher 1614, in: Niederlausitzer Mittheilungen 4, 1895, S. 150\u2013168.<\/p>\n\n\n\n<p>UB L\u00fcbben 1\u00a0\u00a0\u00a0\u00a0\u00a0\u00a0\u00a0\u00a0\u00a0\u00a0\u00a0\u00a0\u00a0 <br>Urkundenbuch der Stadt L\u00fcbben, Bd 1: Die L\u00fcbbener Stadtb\u00fccher 1382\u20131526, hg. v. Woldemar Lippert (Urkundenbuch zur Geschichte des Markgraftums Niederlausitz, 2), Dresden 1911.<\/p>\n\n\n\n<p>UB L\u00fcbben 2\u00a0\u00a0\u00a0\u00a0\u00a0\u00a0\u00a0\u00a0\u00a0\u00a0\u00a0\u00a0\u00a0 <br>Urkundenbuch der Stadt L\u00fcbben, Bd 2: Die L\u00fcbbener Stadtrechnungen des 15. und 16. Jahrhunderts, hg. v. Woldemar Lippert (Urkundenbuch zur Geschichte des Markgraftums Niederlausitz, 3), Dresden 1919.<\/p>\n\n\n\n<p>UB L\u00fcbben 3\u00a0\u00a0\u00a0\u00a0\u00a0\u00a0\u00a0\u00a0\u00a0\u00a0\u00a0\u00a0\u00a0 <br>Urkundenbuch der Stadt L\u00fcbben, Bd. 3: Die Urkunden der Stadt und des Amtes L\u00fcbben, der Herrschaften Zauche, Pretschen und Leuthen, hg. v. Woldemar Lippert (Urkundenbuch zur Geschichte des Markgraftums Niederlausitz, 4), Dresden 1933.<\/p>\n\n\n\n<p><a>Worbs, Inventarium<\/a>\u00a0\u00a0\u00a0\u00a0\u00a0\u00a0\u00a0\u00a0\u00a0\u00a0\u00a0\u00a0\u00a0\u00a0\u00a0 <br>WORBS, Johann Gottlob: Inventarium diplomaticum Lusatiae inferioris. Verzeichniss der \u00fcber die Nieder-Lausitz aufgefundenen Urkunden, Bd. 1: Vom Jahre 873 bis 1620, L\u00fcbben 1834.<\/p>\n","protected":false},"excerpt":{"rendered":"<p>AHF EmpfehlungenEmpfehlungen zur Edition fr\u00fchneuzeitlicher Texte der Arbeitsgemeinschaft historischer Forschungseinrichtungen in der Bundesrepublik Deutschland e.V., Arbeitskreis \u201eEditionsprobleme der Fr\u00fchen Neuzeit\u201c 2016. B\u0159ezina, Landvogt\u00a0\u00a0\u00a0\u00a0\u00a0\u00a0\u00a0\u00a0\u00a0\u00a0\u00a0\u00a0\u00a0\u00a0\u00a0\u00a0\u00a0 BR\u011aZINA, Lud\u011bk: Der Landvogt der Niederlausitz zwischen K\u00f6nigsmacht und St\u00e4nden (1490\u20131620). Ein Diener zweier Herren? (Ver\u00f6ffentlichungen des Brandenburgischen Landeshauptarchivs 69), Berlin 2017. Etwas von Gebeth des Herren &nbsp;&nbsp;&nbsp;&nbsp;&nbsp;&nbsp;&nbsp;&nbsp;&nbsp;&nbsp;&nbsp;&nbsp;&nbsp;&nbsp;&nbsp;&nbsp;&nbsp;&nbsp;&nbsp;&nbsp;&nbsp;&nbsp; Etwas von Gebeth des &hellip;<\/p>\n","protected":false},"author":2,"featured_media":0,"parent":3154,"menu_order":0,"comment_status":"closed","ping_status":"closed","template":"","meta":{"_acf_changed":false,"footnotes":""},"class_list":["post-3202","page","type-page","status-publish","hentry"],"acf":[],"_links":{"self":[{"href":"https:\/\/www1.sorabicon.de\/dsb\/wp-json\/wp\/v2\/pages\/3202","targetHints":{"allow":["GET"]}}],"collection":[{"href":"https:\/\/www1.sorabicon.de\/dsb\/wp-json\/wp\/v2\/pages"}],"about":[{"href":"https:\/\/www1.sorabicon.de\/dsb\/wp-json\/wp\/v2\/types\/page"}],"author":[{"embeddable":true,"href":"https:\/\/www1.sorabicon.de\/dsb\/wp-json\/wp\/v2\/users\/2"}],"replies":[{"embeddable":true,"href":"https:\/\/www1.sorabicon.de\/dsb\/wp-json\/wp\/v2\/comments?post=3202"}],"version-history":[{"count":6,"href":"https:\/\/www1.sorabicon.de\/dsb\/wp-json\/wp\/v2\/pages\/3202\/revisions"}],"predecessor-version":[{"id":6710,"href":"https:\/\/www1.sorabicon.de\/dsb\/wp-json\/wp\/v2\/pages\/3202\/revisions\/6710"}],"up":[{"embeddable":true,"href":"https:\/\/www1.sorabicon.de\/dsb\/wp-json\/wp\/v2\/pages\/3154"}],"wp:attachment":[{"href":"https:\/\/www1.sorabicon.de\/dsb\/wp-json\/wp\/v2\/media?parent=3202"}],"curies":[{"name":"wp","href":"https:\/\/api.w.org\/{rel}","templated":true}]}}