{"id":3876,"date":"2019-06-12T10:29:48","date_gmt":"2019-06-12T08:29:48","guid":{"rendered":"http:\/\/sorabicon.dev.webstitut.de\/?page_id=3876"},"modified":"2019-12-10T22:37:54","modified_gmt":"2019-12-10T21:37:54","slug":"sachregister","status":"publish","type":"page","link":"https:\/\/www1.sorabicon.de\/dsb\/statistik-der-sorben\/register\/sachregister\/","title":{"rendered":"Sachregister"},"content":{"rendered":"<ul style=\"columns: 3 12em;\"><li><a href=\"https:\/\/www1.sorabicon.de\/wissensquellen\/suche-ergebnisse\/?facet_module=statistik&#038;facet_keywords=YXJjeWJpc2t1cA==\">arcybiskup [1]<\/a><\/li><li><a href=\"https:\/\/www1.sorabicon.de\/wissensquellen\/suche-ergebnisse\/?facet_module=statistik&#038;facet_keywords=YmlibGlqYQ==\">biblija [36]<\/a><\/li><li><a href=\"https:\/\/www1.sorabicon.de\/wissensquellen\/suche-ergebnisse\/?facet_module=statistik&#038;facet_keywords=QsOzxb5lIGJsaWRv\">B\u00f3\u017ee blido [11]<\/a><\/li><li><a href=\"https:\/\/www1.sorabicon.de\/wissensquellen\/suche-ergebnisse\/?facet_module=statistik&#038;facet_keywords=YnJpa2V0b3dhIGZhYnJpa2E=\">briketowa fabrika [2]<\/a><\/li><li><a href=\"https:\/\/www1.sorabicon.de\/wissensquellen\/suche-ergebnisse\/?facet_module=statistik&#038;facet_keywords=YnVka2HFlQ==\">budka\u0155 [25]<\/a><\/li><li><a href=\"https:\/\/www1.sorabicon.de\/wissensquellen\/suche-ergebnisse\/?facet_module=statistik&#038;facet_keywords=YnVy\">bur [35]<\/a><\/li><li><a href=\"https:\/\/www1.sorabicon.de\/wissensquellen\/suche-ergebnisse\/?facet_module=statistik&#038;facet_keywords=Y2Fzbmlr\">casnik [40]<\/a><\/li><li><a href=\"https:\/\/www1.sorabicon.de\/wissensquellen\/suche-ergebnisse\/?facet_module=statistik&#038;facet_keywords=Y2VsYcW6\">cela\u017a [13]<\/a><\/li><li><a href=\"https:\/\/www1.sorabicon.de\/wissensquellen\/suche-ergebnisse\/?facet_module=statistik&#038;facet_keywords=Y2Vya3dqYQ==\">cerkwja [91]<\/a><\/li><li><a href=\"https:\/\/www1.sorabicon.de\/wissensquellen\/suche-ergebnisse\/?facet_module=statistik&#038;facet_keywords=ZGlha29u\">diakon [15]<\/a><\/li><li><a href=\"https:\/\/www1.sorabicon.de\/wissensquellen\/suche-ergebnisse\/?facet_module=statistik&#038;facet_keywords=ZGlhbGVrdA==\">dialekt [4]<\/a><\/li><li><a href=\"https:\/\/www1.sorabicon.de\/wissensquellen\/suche-ergebnisse\/?facet_module=statistik&#038;facet_keywords=RG9sbmUgU2VyYnk=\">Dolne Serby [10]<\/a><\/li><li><a href=\"https:\/\/www1.sorabicon.de\/wissensquellen\/suche-ergebnisse\/?facet_module=statistik&#038;facet_keywords=ZHJhc3R3YQ==\">drastwa [64]<\/a><\/li><li><a href=\"https:\/\/www1.sorabicon.de\/wissensquellen\/suche-ergebnisse\/?facet_module=statistik&#038;facet_keywords=ZHVwamVuamU=\">dupjenje [15]<\/a><\/li><li><a href=\"https:\/\/www1.sorabicon.de\/wissensquellen\/suche-ergebnisse\/?facet_module=statistik&#038;facet_keywords=ZHXFoWVwYXN0ecWVc3R3bw==\">du\u0161epasty\u0155stwo [1]<\/a><\/li><li><a href=\"https:\/\/www1.sorabicon.de\/wissensquellen\/suche-ergebnisse\/?facet_module=statistik&#038;facet_keywords=ZW50bm9ncmFmaWph\">entnografija [1]<\/a><\/li><li><a href=\"https:\/\/www1.sorabicon.de\/wissensquellen\/suche-ergebnisse\/?facet_module=statistik&#038;facet_keywords=ZmFicmlrYQ==\">fabrika [20]<\/a><\/li><li><a href=\"https:\/\/www1.sorabicon.de\/wissensquellen\/suche-ergebnisse\/?facet_module=statistik&#038;facet_keywords=ZmFyYcWV\">fara\u0155 [117]<\/a><\/li><li><a href=\"https:\/\/www1.sorabicon.de\/wissensquellen\/suche-ergebnisse\/?facet_module=statistik&#038;facet_keywords=ZmFyYcWVbmph\">fara\u0155nja [7]<\/a><\/li><li><a href=\"https:\/\/www1.sorabicon.de\/wissensquellen\/suche-ergebnisse\/?facet_module=statistik&#038;facet_keywords=R8Ozcm5lIFNlcmJ5\">G\u00f3rne Serby [4]<\/a><\/li><li><a href=\"https:\/\/www1.sorabicon.de\/wissensquellen\/suche-ergebnisse\/?facet_module=statistik&#038;facet_keywords=Z3JhbmljYQ==\">granica [17]<\/a><\/li><li><a href=\"https:\/\/www1.sorabicon.de\/wissensquellen\/suche-ergebnisse\/?facet_module=statistik&#038;facet_keywords=a27Em3N0d28=\">kn\u011bstwo [23]<\/a><\/li><li><a href=\"https:\/\/www1.sorabicon.de\/wissensquellen\/suche-ergebnisse\/?facet_module=statistik&#038;facet_keywords=a27Em8W+a29qc2tpIGR3w7Ny\">kn\u011b\u017ekojski dw\u00f3r [40]<\/a><\/li><li><a href=\"https:\/\/www1.sorabicon.de\/wissensquellen\/suche-ergebnisse\/?facet_module=statistik&#038;facet_keywords=a29tdW5pamE=\">komunija [2]<\/a><\/li><li><a href=\"https:\/\/www1.sorabicon.de\/wissensquellen\/suche-ergebnisse\/?facet_module=statistik&#038;facet_keywords=a29uZmlybWFjaWph\">konfirmacija [13]<\/a><\/li><li><a href=\"https:\/\/www1.sorabicon.de\/wissensquellen\/suche-ergebnisse\/?facet_module=statistik&#038;facet_keywords=a293YWw=\">kowal [5]<\/a><\/li><li><a href=\"https:\/\/www1.sorabicon.de\/wissensquellen\/suche-ergebnisse\/?facet_module=statistik&#038;facet_keywords=a8OzcnRh\">k\u00f3rta [6]<\/a><\/li><li><a href=\"https:\/\/www1.sorabicon.de\/wissensquellen\/suche-ergebnisse\/?facet_module=statistik&#038;facet_keywords=a3VsdHVyYQ==\">kultura [4]<\/a><\/li><li><a href=\"https:\/\/www1.sorabicon.de\/wissensquellen\/suche-ergebnisse\/?facet_module=statistik&#038;facet_keywords=bGl0dXJnaWph\">liturgija [5]<\/a><\/li><li><a href=\"https:\/\/www1.sorabicon.de\/wissensquellen\/suche-ergebnisse\/?facet_module=statistik&#038;facet_keywords=bHVkb3d5IHNwaXc=\">ludowy spiw [5]<\/a><\/li><li><a href=\"https:\/\/www1.sorabicon.de\/wissensquellen\/suche-ergebnisse\/?facet_module=statistik&#038;facet_keywords=bWFtaW5hIHLEm2M=\">mamina r\u011bc [49]<\/a><\/li><li><a href=\"https:\/\/www1.sorabicon.de\/wissensquellen\/suche-ergebnisse\/?facet_module=statistik&#038;facet_keywords=bcSbc3Rv\">m\u011bsto [20]<\/a><\/li><li><a href=\"https:\/\/www1.sorabicon.de\/wissensquellen\/suche-ergebnisse\/?facet_module=statistik&#038;facet_keywords=bcWCeW4=\">m\u0142yn [7]<\/a><\/li><li><a href=\"https:\/\/www1.sorabicon.de\/wissensquellen\/suche-ergebnisse\/?facet_module=statistik&#038;facet_keywords=bcWCeW5pa2HFlQ==\">m\u0142ynika\u0155 [9]<\/a><\/li><li><a href=\"https:\/\/www1.sorabicon.de\/wissensquellen\/suche-ergebnisse\/?facet_module=statistik&#038;facet_keywords=bmFiw7PFvm5pbmE=\">nab\u00f3\u017enina [41]<\/a><\/li><li><a href=\"https:\/\/www1.sorabicon.de\/wissensquellen\/suche-ergebnisse\/?facet_module=statistik&#038;facet_keywords=bmFtxaFh\">nam\u0161a [78]<\/a><\/li><li><a href=\"https:\/\/www1.sorabicon.de\/wissensquellen\/suche-ergebnisse\/?facet_module=statistik&#038;facet_keywords=bmFyb2QvbmFjaWph\">narod\/nacija [19]<\/a><\/li><li><a href=\"https:\/\/www1.sorabicon.de\/wissensquellen\/suche-ergebnisse\/?facet_module=statistik&#038;facet_keywords=cGFuc2xhd2l6bQ==\">panslawizm [1]<\/a><\/li><li><a href=\"https:\/\/www1.sorabicon.de\/wissensquellen\/suche-ergebnisse\/?facet_module=statistik&#038;facet_keywords=cMOzYnJhdMWh\">p\u00f3brat\u0161 [1]<\/a><\/li><li><a href=\"https:\/\/www1.sorabicon.de\/wissensquellen\/suche-ergebnisse\/?facet_module=statistik&#038;facet_keywords=cHJqYXRrb3dhbmpl\">prjatkowanje [86]<\/a><\/li><li><a href=\"https:\/\/www1.sorabicon.de\/wissensquellen\/suche-ergebnisse\/?facet_module=statistik&#038;facet_keywords=cMWbxJt6YQ==\">p\u015b\u011bza [53]<\/a><\/li><li><a href=\"https:\/\/www1.sorabicon.de\/wissensquellen\/suche-ergebnisse\/?facet_module=statistik&#038;facet_keywords=cmVmb3JtYWNpamE=\">reformacija [9]<\/a><\/li><li><a href=\"https:\/\/www1.sorabicon.de\/wissensquellen\/suche-ergebnisse\/?facet_module=statistik&#038;facet_keywords=cmVqb3dhbmpl\">rejowanje [2]<\/a><\/li><li><a href=\"https:\/\/www1.sorabicon.de\/wissensquellen\/suche-ergebnisse\/?facet_module=statistik&#038;facet_keywords=csSbYw==\">r\u011bc [71]<\/a><\/li><li><a href=\"https:\/\/www1.sorabicon.de\/wissensquellen\/suche-ergebnisse\/?facet_module=statistik&#038;facet_keywords=cm9sbmlrYcWV\">rolnika\u0155 [3]<\/a><\/li><li><a href=\"https:\/\/www1.sorabicon.de\/wissensquellen\/suche-ergebnisse\/?facet_module=statistik&#038;facet_keywords=cnVjbmlrYcWVc3R3bw==\">rucnika\u0155stwo [12]<\/a><\/li><li><a href=\"https:\/\/www1.sorabicon.de\/wissensquellen\/suche-ergebnisse\/?facet_module=statistik&#038;facet_keywords=U8WCb3dqYW55\">S\u0142owjany [5]<\/a><\/li><li><a href=\"https:\/\/www1.sorabicon.de\/wissensquellen\/suche-ergebnisse\/?facet_module=statistik&#038;facet_keywords=c8WCb3duaWs=\">s\u0142ownik [2]<\/a><\/li><li><a href=\"https:\/\/www1.sorabicon.de\/wissensquellen\/suche-ergebnisse\/?facet_module=statistik&#038;facet_keywords=c3Bpc293YcWbZWw=\">spisowa\u015bel [4]<\/a><\/li><li><a href=\"https:\/\/www1.sorabicon.de\/wissensquellen\/suche-ergebnisse\/?facet_module=statistik&#038;facet_keywords=c3Bpd2HFlXNrZQ==\">spiwa\u0155ske [29]<\/a><\/li><li><a href=\"https:\/\/www1.sorabicon.de\/wissensquellen\/suche-ergebnisse\/?facet_module=statistik&#038;facet_keywords=c3RhdGlzdGlrYQ==\">statistika [9]<\/a><\/li><li><a href=\"https:\/\/www1.sorabicon.de\/wissensquellen\/suche-ergebnisse\/?facet_module=statistik&#038;facet_keywords=c3R1ZGVudA==\">student [6]<\/a><\/li><li><a href=\"https:\/\/www1.sorabicon.de\/wissensquellen\/suche-ergebnisse\/?facet_module=statistik&#038;facet_keywords=c3VwZXJpbnRlbmRlbnQ=\">superintendent [7]<\/a><\/li><li><a href=\"https:\/\/www1.sorabicon.de\/wissensquellen\/suche-ergebnisse\/?facet_module=statistik&#038;facet_keywords=c3dhasW6YmE=\">swaj\u017aba [8]<\/a><\/li><li><a href=\"https:\/\/www1.sorabicon.de\/wissensquellen\/suche-ergebnisse\/?facet_module=statistik&#038;facet_keywords=xaF1bGE=\">\u0161ula [111]<\/a><\/li><li><a href=\"https:\/\/www1.sorabicon.de\/wissensquellen\/suche-ergebnisse\/?facet_module=statistik&#038;facet_keywords=dGthbGM=\">tkalc [3]<\/a><\/li><li><a href=\"https:\/\/www1.sorabicon.de\/wissensquellen\/suche-ergebnisse\/?facet_module=statistik&#038;facet_keywords=dG93YXJpc3R3bw==\">towaristwo [43]<\/a><\/li><li><a href=\"https:\/\/www1.sorabicon.de\/wissensquellen\/suche-ergebnisse\/?facet_module=statistik&#038;facet_keywords=VMWbacW6YXPEh2FsxJt0bmEgd8Ozam5h\">T\u015bi\u017aas\u0107al\u011btna w\u00f3jna [6]<\/a><\/li><li><a href=\"https:\/\/www1.sorabicon.de\/wissensquellen\/suche-ergebnisse\/?facet_module=statistik&#038;facet_keywords=d8Sbcm93YW5qZQ==\">w\u011browanje [7]<\/a><\/li><li><a href=\"https:\/\/www1.sorabicon.de\/wissensquellen\/suche-ergebnisse\/?facet_module=statistik&#038;facet_keywords=d2lraQ==\">wiki [6]<\/a><\/li><li><a href=\"https:\/\/www1.sorabicon.de\/wissensquellen\/suche-ergebnisse\/?facet_module=statistik&#038;facet_keywords=d8OzZG55IG3Fgnlu\">w\u00f3dny m\u0142yn [1]<\/a><\/li><li><a href=\"https:\/\/www1.sorabicon.de\/wissensquellen\/suche-ergebnisse\/?facet_module=statistik&#038;facet_keywords=d8OzanNrbw==\">w\u00f3jsko [3]<\/a><\/li><li><a href=\"https:\/\/www1.sorabicon.de\/wissensquellen\/suche-ergebnisse\/?facet_module=statistik&#038;facet_keywords=d3Jqb3NhdGUgc3Ryb255\">wrjosate strony [6]<\/a><\/li><li><a href=\"https:\/\/www1.sorabicon.de\/wissensquellen\/suche-ergebnisse\/?facet_module=statistik&#038;facet_keywords=d3VjYWJuaWs=\">wucabnik [108]<\/a><\/li><li><a href=\"https:\/\/www1.sorabicon.de\/wissensquellen\/suche-ergebnisse\/?facet_module=statistik&#038;facet_keywords=d3VjYWJuaWtvanNraSBzZW1pbmFy\">wucabnikojski seminar [5]<\/a><\/li><li><a href=\"https:\/\/www1.sorabicon.de\/wissensquellen\/suche-ergebnisse\/?facet_module=statistik&#038;facet_keywords=d3VjYmE=\">wucba [44]<\/a><\/li><li><a href=\"https:\/\/www1.sorabicon.de\/wissensquellen\/suche-ergebnisse\/?facet_module=statistik&#038;facet_keywords=d3Vkcm9nb3dhbmpl\">wudrogowanje [1]<\/a><\/li><li><a href=\"https:\/\/www1.sorabicon.de\/wissensquellen\/suche-ergebnisse\/?facet_module=statistik&#038;facet_keywords=d3VtxJvFhGs=\">wum\u011b\u0144k [1]<\/a><\/li><li><a href=\"https:\/\/www1.sorabicon.de\/wissensquellen\/suche-ergebnisse\/?facet_module=statistik&#038;facet_keywords=emFncm9kbmlrYcWV\">zagrodnika\u0155 [17]<\/a><\/li><li><a href=\"https:\/\/www1.sorabicon.de\/wissensquellen\/suche-ergebnisse\/?facet_module=statistik&#038;facet_keywords=emFwdXN0\">zapust [1]<\/a><\/li><li><a href=\"https:\/\/www1.sorabicon.de\/wissensquellen\/suche-ergebnisse\/?facet_module=statistik&#038;facet_keywords=emVsZXpuaWNh\">zeleznica [5]<\/a><\/li><li><a href=\"https:\/\/www1.sorabicon.de\/wissensquellen\/suche-ergebnisse\/?facet_module=statistik&#038;facet_keywords=xbrEm8WCYcWbZcWV\">\u017a\u011b\u0142a\u015be\u0155 [35]<\/a><\/li><\/ul>","protected":false},"excerpt":{"rendered":"","protected":false},"author":2,"featured_media":0,"parent":3859,"menu_order":0,"comment_status":"closed","ping_status":"closed","template":"","meta":{"_acf_changed":false,"footnotes":""},"class_list":["post-3876","page","type-page","status-publish","hentry"],"acf":[],"_links":{"self":[{"href":"https:\/\/www1.sorabicon.de\/dsb\/wp-json\/wp\/v2\/pages\/3876","targetHints":{"allow":["GET"]}}],"collection":[{"href":"https:\/\/www1.sorabicon.de\/dsb\/wp-json\/wp\/v2\/pages"}],"about":[{"href":"https:\/\/www1.sorabicon.de\/dsb\/wp-json\/wp\/v2\/types\/page"}],"author":[{"embeddable":true,"href":"https:\/\/www1.sorabicon.de\/dsb\/wp-json\/wp\/v2\/users\/2"}],"replies":[{"embeddable":true,"href":"https:\/\/www1.sorabicon.de\/dsb\/wp-json\/wp\/v2\/comments?post=3876"}],"version-history":[{"count":2,"href":"https:\/\/www1.sorabicon.de\/dsb\/wp-json\/wp\/v2\/pages\/3876\/revisions"}],"predecessor-version":[{"id":3878,"href":"https:\/\/www1.sorabicon.de\/dsb\/wp-json\/wp\/v2\/pages\/3876\/revisions\/3878"}],"up":[{"embeddable":true,"href":"https:\/\/www1.sorabicon.de\/dsb\/wp-json\/wp\/v2\/pages\/3859"}],"wp:attachment":[{"href":"https:\/\/www1.sorabicon.de\/dsb\/wp-json\/wp\/v2\/media?parent=3876"}],"curies":[{"name":"wp","href":"https:\/\/api.w.org\/{rel}","templated":true}]}}