{"id":4148,"date":"2019-06-13T16:10:06","date_gmt":"2019-06-13T14:10:06","guid":{"rendered":"http:\/\/sorabicon.dev.webstitut.de\/witajso-k-nam-witajce-k-nam-herzlich-willkommen\/"},"modified":"2024-11-14T19:52:46","modified_gmt":"2024-11-14T18:52:46","slug":"home","status":"publish","type":"page","link":"https:\/\/www1.sorabicon.de\/dsb\/home\/","title":{"rendered":"Witaj\u015bo k nam! Witaj\u0107e k nam! Herzlich willkommen!"},"content":{"rendered":"\n<p>SORABICON prezent\u011brujo spu\u0161\u0107obnu w\u011bdu w\u00f3 r\u011bcy, historiji a kulturje Serbow. Digitalny portal jo p\u00f3bitowanje <a rel=\"noreferrer noopener\" href=\"http:\/\/www.serbski-institut.de\" target=\"_blank\">Serbskego instituta<\/a>. Wop\u015bimje\u015ba SORABICONA su p\u00f3 modulach natwarjone a se dalej roz\u0161yrjaju. <a rel=\"noreferrer noopener\" href=\"https:\/\/www1.sorabicon.de\/dsb\/kulturny-leksikon-digitalnje\/\" target=\"_blank\">Serbski kulturny leksikon DIGITALNJE<\/a> p\u00f3dajo zak\u0142adne informacije w\u00f3 Serbach.<\/p>\n\n<p>Dalej prezent\u011bruju se wusl\u011bdki w\u0161akich sl\u011b\u017ae\u0144skich projektow. Do pyta\u0144skeje funkcije portala zap\u015b\u011bgnjona <a href=\"https:\/\/www1.sorabicon.de\/dsb\/pytanje\/\">Serbska bibliografija<\/a> zwm\u00f3\u017enijo dokradne pytanje za literaturu w\u00f3 Serbach.<\/p>\n\n<div class=\"wp-block-group lightblue\"><div class=\"wp-block-group__inner-container is-layout-flow wp-block-group-is-layout-flow\">\n\n<div class=\"wp-block-columns are-vertically-aligned-top is-layout-flex wp-container-core-columns-is-layout-9d6595d7 wp-block-columns-is-layout-flex\">\n<div class=\"wp-block-column is-vertically-aligned-top is-layout-flow wp-block-column-is-layout-flow\"><div class=\"wp-block-image zoom\">\n<figure class=\"aligncenter size-full is-resized\"><a href=\"https:\/\/www2.sorabicon.de\/dsb\/warnocicy\/\"><img loading=\"lazy\" decoding=\"async\" width=\"1280\" height=\"850\" src=\"https:\/\/www1.sorabicon.de\/wp-content\/uploads\/2024\/11\/title.jpg\" alt=\"\" class=\"wp-image-12351\" style=\"object-fit:cover;width:200px;height:200px\" srcset=\"https:\/\/www1.sorabicon.de\/wp-content\/uploads\/2024\/11\/title.jpg 1280w, https:\/\/www1.sorabicon.de\/wp-content\/uploads\/2024\/11\/title-300x199.jpg 300w, https:\/\/www1.sorabicon.de\/wp-content\/uploads\/2024\/11\/title-1024x680.jpg 1024w, https:\/\/www1.sorabicon.de\/wp-content\/uploads\/2024\/11\/title-768x510.jpg 768w\" sizes=\"auto, (max-width: 1280px) 100vw, 1280px\" \/><\/a><figcaption class=\"wp-element-caption\"><a href=\"https:\/\/www2.sorabicon.de\/dsb\/warnocicy\/\">Warno\u0107icy. Serbske sl\u011bdy<br\/><span style=\"color:#e60;font-weight:bold;\">Nowe!<\/span><\/a><\/figcaption><\/figure>\n<\/div><\/div>\n\n\n\n<div class=\"wp-block-column is-vertically-aligned-top is-layout-flow wp-block-column-is-layout-flow\"><div class=\"wp-block-image zoom\">\n<figure class=\"aligncenter size-thumbnail is-resized\"><a href=\"https:\/\/www2.sorabicon.de\/dsb\/nalogi-sprjewja-nysa\/\"><img loading=\"lazy\" decoding=\"async\" width=\"200\" height=\"200\" src=\"https:\/\/www1.sorabicon.de\/wp-content\/uploads\/2023\/04\/nalogi-title-blur-crop.jpg\" alt=\"Logo Na&#x142;ogi Sprjewja-Nysa\" class=\"wp-image-12171\" style=\"width:200px;height:200px\"\/><\/a><figcaption class=\"wp-element-caption\"><a href=\"https:\/\/www2.sorabicon.de\/dsb\/nalogi-sprjewja-nysa\/\">Na\u0142ogi a sw\u011b\u017aenje Sprjewja-Nysa<\/a><\/figcaption><\/figure>\n<\/div><\/div>\n\n\n\n<div class=\"wp-block-column is-vertically-aligned-top is-layout-flow wp-block-column-is-layout-flow\"><div class=\"wp-block-image zoom\">\n<figure class=\"aligncenter size-thumbnail is-resized\"><a href=\"https:\/\/www2.sorabicon.de\/dsb\/recna-krajina-slepe\/\"><img loading=\"lazy\" decoding=\"async\" width=\"200\" height=\"200\" src=\"https:\/\/www1.sorabicon.de\/wp-content\/uploads\/2023\/04\/slepe-title-crop-1.jpg\" alt=\"Logo R&#x11B;cna krajina Sl&#x11B;pe\" class=\"wp-image-12167\" style=\"width:200px;height:200px\"\/><\/a><figcaption class=\"wp-element-caption\"><a href=\"https:\/\/www2.sorabicon.de\/dsb\/recna-krajina-slepe\/\">R\u011bcna krajina Sl\u011bpe<\/a><\/figcaption><\/figure>\n<\/div><\/div>\n<\/div>\n\n\n\n<div class=\"wp-block-columns are-vertically-aligned-top is-layout-flex wp-container-core-columns-is-layout-9d6595d7 wp-block-columns-is-layout-flex\">\n<div class=\"wp-block-column is-vertically-aligned-top is-layout-flow wp-block-column-is-layout-flow\"><div class=\"wp-block-image zoom\">\n<figure class=\"aligncenter size-thumbnail is-resized\"><a href=\"https:\/\/www1.sorabicon.de\/dsb\/nachlass-christian-und-gotthold-schwela\/\"><img loading=\"lazy\" decoding=\"async\" width=\"150\" height=\"150\" src=\"https:\/\/www1.sorabicon.de\/wp-content\/uploads\/2022\/06\/0079-1-1-150x150.png\" alt=\"\" class=\"wp-image-12066\" style=\"width:200px;height:200px\"\/><\/a><figcaption class=\"wp-element-caption\"><a href=\"https:\/\/www1.sorabicon.de\/dsb\/nachlass-christian-und-gotthold-schwela\/\" data-type=\"page\" data-id=\"11794\">Zaw\u00f3staje\u0144stwo Kita \u0160wjele a Bogumi\u0142a \u0160wjele<\/a><\/figcaption><\/figure>\n<\/div><\/div>\n\n\n\n<div class=\"wp-block-column is-vertically-aligned-top is-layout-flow wp-block-column-is-layout-flow\"><div class=\"wp-block-image zoom\">\n<figure class=\"aligncenter size-thumbnail is-resized\"><a href=\"https:\/\/www1.sorabicon.de\/dsb\/kulturny-leksikon-digitalnje\/\"><img loading=\"lazy\" decoding=\"async\" width=\"150\" height=\"150\" src=\"https:\/\/www1.sorabicon.de\/wp-content\/uploads\/2019\/12\/Logo_Kulturlexikon-150x150.jpg\" alt=\"Kulturny leksikon DIGITALNJE\" class=\"wp-image-5665\" style=\"width:200px;height:200px\"\/><\/a><figcaption class=\"wp-element-caption\"><a href=\"https:\/\/www1.sorabicon.de\/dsb\/kulturny-leksikon-digitalnje\/\">Kulturny leksikon DIGITALNJE<\/a><\/figcaption><\/figure>\n<\/div><\/div>\n\n\n\n<div class=\"wp-block-column is-vertically-aligned-top is-layout-flow wp-block-column-is-layout-flow\"><div class=\"wp-block-image zoom\">\n<figure class=\"aligncenter size-thumbnail is-resized\"><a href=\"https:\/\/www1.sorabicon.de\/dsb\/statistika-serbow-1886\/\"><img loading=\"lazy\" decoding=\"async\" width=\"150\" height=\"150\" src=\"https:\/\/www1.sorabicon.de\/wp-content\/uploads\/2019\/12\/Logo_Statistik-2-150x150.jpg\" alt=\"Statistika Serbow\" class=\"wp-image-5704\" style=\"width:200px;height:200px\"\/><\/a><figcaption class=\"wp-element-caption\"><a href=\"https:\/\/www1.sorabicon.de\/dsb\/statistika-serbow-1886\/\">Statistika Serbow<\/a><\/figcaption><\/figure>\n<\/div><\/div>\n<\/div>\n\n\n\n<div class=\"wp-block-columns are-vertically-aligned-top is-layout-flex wp-container-core-columns-is-layout-9d6595d7 wp-block-columns-is-layout-flex\">\n<div class=\"wp-block-column is-vertically-aligned-top is-layout-flow wp-block-column-is-layout-flow\"><div class=\"wp-block-image zoom\">\n<figure class=\"aligncenter size-thumbnail is-resized\"><a href=\"https:\/\/www1.sorabicon.de\/dsb\/ochranowske-zywjenjobegi\/\"><img decoding=\"async\" src=\"https:\/\/www1.sorabicon.de\/wp-content\/uploads\/2019\/12\/Logo_Lebensl&#xE4;ufe-150x150.jpg\" alt=\"Ochranowske &#x17E;ywjenjob&#x11B;gi\" class=\"wp-image-5669\" style=\"width:200px;height:200px\"\/><\/a><figcaption class=\"wp-element-caption\"><a href=\"https:\/\/www1.sorabicon.de\/dsb\/ochranowske-zywjenjobegi\/\">Ochranowske \u017eywjenjob\u011bgi<\/a><\/figcaption><\/figure>\n<\/div><\/div>\n\n\n\n<div class=\"wp-block-column is-vertically-aligned-top is-layout-flow wp-block-column-is-layout-flow\"><div class=\"wp-block-image zoom\">\n<figure class=\"aligncenter size-thumbnail is-resized\"><a href=\"https:\/\/www1.sorabicon.de\/dsb\/serbske-cerkwinske-zywjenje-w-lubinje\/\"><img loading=\"lazy\" decoding=\"async\" width=\"150\" height=\"150\" src=\"https:\/\/www1.sorabicon.de\/wp-content\/uploads\/2019\/06\/UnbenanntIII-150x150.jpg\" alt=\"Serbske cerkwinske &#x17E;ywjenje w Lubinje\" class=\"wp-image-4127\" style=\"width:200px;height:200px\"\/><\/a><figcaption class=\"wp-element-caption\"><a href=\"https:\/\/www1.sorabicon.de\/dsb\/serbske-cerkwinske-zywjenje-w-lubinje\/\">Serbske cerkwinske \u017eywjenje w Lubinje<\/a><\/figcaption><\/figure>\n<\/div><\/div>\n\n\n\n<div class=\"wp-block-column is-vertically-aligned-top is-layout-flow wp-block-column-is-layout-flow\"><div class=\"wp-block-image zoom\">\n<figure class=\"aligncenter size-thumbnail is-resized\"><a href=\"https:\/\/www1.sorabicon.de\/dsb\/zredla-k-serbskim-stawiznam-1918-1945-w-zele\/\"><img loading=\"lazy\" decoding=\"async\" width=\"150\" height=\"150\" src=\"https:\/\/www1.sorabicon.de\/wp-content\/uploads\/2020\/07\/Sorabicon_kachel_Sorbische-Geschichte-1-150x150.jpg\" alt=\"\" class=\"wp-image-8776\" style=\"width:200px;height:200px\"\/><\/a><figcaption class=\"wp-element-caption\"><a href=\"https:\/\/www1.sorabicon.de\/dsb\/zredla-k-serbskim-stawiznam-1918-1945-w-zele\/\">\u017dr\u011bd\u0142a k serbskim stawiznam 1918\u20131945<\/a><\/figcaption><\/figure>\n<\/div><\/div>\n<\/div>\n<\/div><\/div>\n","protected":false},"excerpt":{"rendered":"<p>SORABICON prezent\u011brujo spu\u0161\u0107obnu w\u011bdu w\u00f3 r\u011bcy, historiji a kulturje Serbow. Digitalny portal jo p\u00f3bitowanje Serbskego instituta. Wop\u015bimje\u015ba SORABICONA su p\u00f3 modulach natwarjone a se dalej roz\u0161yrjaju. Serbski kulturny leksikon DIGITALNJE p\u00f3dajo zak\u0142adne informacije w\u00f3 Serbach. Dalej prezent\u011bruju se wusl\u011bdki w\u0161akich sl\u011b\u017ae\u0144skich projektow. Do pyta\u0144skeje funkcije portala zap\u015b\u011bgnjona Serbska bibliografija zwm\u00f3\u017enijo dokradne pytanje za literaturu w\u00f3 &hellip;<\/p>\n","protected":false},"author":1,"featured_media":0,"parent":0,"menu_order":1,"comment_status":"closed","ping_status":"open","template":"","meta":{"_acf_changed":false,"footnotes":""},"class_list":["post-4148","page","type-page","status-publish","hentry"],"acf":[],"_links":{"self":[{"href":"https:\/\/www1.sorabicon.de\/dsb\/wp-json\/wp\/v2\/pages\/4148","targetHints":{"allow":["GET"]}}],"collection":[{"href":"https:\/\/www1.sorabicon.de\/dsb\/wp-json\/wp\/v2\/pages"}],"about":[{"href":"https:\/\/www1.sorabicon.de\/dsb\/wp-json\/wp\/v2\/types\/page"}],"author":[{"embeddable":true,"href":"https:\/\/www1.sorabicon.de\/dsb\/wp-json\/wp\/v2\/users\/1"}],"replies":[{"embeddable":true,"href":"https:\/\/www1.sorabicon.de\/dsb\/wp-json\/wp\/v2\/comments?post=4148"}],"version-history":[{"count":20,"href":"https:\/\/www1.sorabicon.de\/dsb\/wp-json\/wp\/v2\/pages\/4148\/revisions"}],"predecessor-version":[{"id":12368,"href":"https:\/\/www1.sorabicon.de\/dsb\/wp-json\/wp\/v2\/pages\/4148\/revisions\/12368"}],"wp:attachment":[{"href":"https:\/\/www1.sorabicon.de\/dsb\/wp-json\/wp\/v2\/media?parent=4148"}],"curies":[{"name":"wp","href":"https:\/\/api.w.org\/{rel}","templated":true}]}}