{"id":5600,"date":"2019-11-26T09:10:23","date_gmt":"2019-11-26T08:10:23","guid":{"rendered":"https:\/\/www2.sorabicon.de\/?page_id=5600"},"modified":"2020-07-06T10:51:33","modified_gmt":"2020-07-06T08:51:33","slug":"osterreichisches-staatsarchiv-wien","status":"publish","type":"page","link":"https:\/\/www1.sorabicon.de\/dsb\/quellen-zur-sorbischen-geschichte-1918-1945\/osterreichisches-staatsarchiv-wien\/","title":{"rendered":"\u00d6sterreichisches Staatsarchiv Wien"},"content":{"rendered":"\n<h2 class=\"wp-block-heading\">Verzeichnungseinheiten<\/h2>\n\n\n\n<p><a href=\"https:\/\/www1.sorabicon.de\/wissensquellen\/suche-ergebnisse\/?facet_archiv=w5ZzdGVycmVpY2hpc2NoZXMgU3RhYXRzYXJjaGl2&amp;facet_module=dagswens\">Hier<\/a>&nbsp;k\u00f6nnen Sie sich die Verzeichnungseinheiten, die von diesem Archiv erfasst wurden, auflisten lassen. <\/p>\n\n\n\n<h2 class=\"wp-block-heading\">Historischer Kontext<\/h2>\n\n\n\n<p> Das Kaisertum \u00d6sterreich stand trotz des Ausgleichs mit Ungarn von 1867 unter dem Druck wachsender Nationalit\u00e4tenkonflikte, insbesondere mit den diversen slawischen Nationalit\u00e4ten innerhalb des Reiches. Damit sahen sich die Habsburgermonarchie wie auch die sp\u00e4tere Erste Republik \u00d6sterreich (1919\u20131934) minderheitenpolitisch in einer \u00e4hnlichen Situation wie einige deutsche Staaten, weswegen es unregelm\u00e4\u00dfig zu einem Informationsaustausch der Regierungen und Beh\u00f6rden \u00d6sterreichs, des Deutschen Reiches, Preu\u00dfens und Sachsens \u00fcber allgemeine Minderheitenbelange kam. Dabei ging es wohlgemerkt nicht um die Entwicklung einer modernen, auf Ausgleich und Partizipation angelegten Minderheitenpolitik, sondern um ein autorit\u00e4r-restauratives Konzept zur Abwehr und Unterdr\u00fcckung entsprechender Forderungen der nicht deutschen Nationalit\u00e4ten. W\u00e4hrend der Pariser Friedensverhandlungen stand deutscherseits eine m\u00f6gliche sorbische Sezession im Mittelpunkt des Interesses. Ab 1920 waren Preu\u00dfen und vor allem Sachsen besonders interessiert an der Wendenbewegung, d.h. an jeglichen sorbischen kulturellen, sportlichen oder politischen Organisationen, die sie allesamt als staatsgef\u00e4hrdend und von der Tschechoslowakei unterst\u00fctzt rezipierten. Die Sammlung entsprechender Informationen \u00d6sterreichs f\u00fcr die deutschen Nachbarn mit anschlie\u00dfender Weiterleitung erfolgte \u00fcber die diplomatischen Dienste Wiens, also bspw. \u00fcber das \u00f6sterreichische Au\u00dfenministerium und dessen Botschaften\/Gesandtschaften in Berlin und Dresden sowie weitere Gesandtschaften\/Konsulate in den sp\u00e4teren slawischen Sezessionsstaaten (Prag\/Praha, Agram\/Zagreb, Laibach\/Ljubljana). <\/p>\n\n\n\n<h2 class=\"wp-block-heading\">\u00dcberlieferungsgeschichte<\/h2>\n\n\n\n<p> Das \u00f6sterreichische Staatsarchiv verwahrt die \u00dcberlieferung der Zentralbeh\u00f6rden der ehemaligen Habsburgermonarchie sowie der obersten Organe und Bundesministerien der Republik \u00d6sterreich. Die Best\u00e4nde des Bereiches Bundeskanzleramt\/Ausw\u00e4rtige Angelegenheiten wurden unmittelbar nach der Aufl\u00f6sung der 1. Republik 1934 im Haus-, Hof- und Staatsarchiv deponiert. Durch kriegsbedingte Auslagerungen sind geringe Bestandsverluste eingetreten. Der hier einschl\u00e4gige Bestand \u201eNeues Politisches Archiv\u201c (NPA) ist durchg\u00e4ngig benutzbar, jedoch zu einem gro\u00dfen Teil nur nach Provenienzstelle, Aktentitel (Betreff) und Laufzeit erschlossen. <\/p>\n\n\n\n<h2 class=\"wp-block-heading\">Sorabistische Relevanz<\/h2>\n\n\n\n<p> Die Kooperation \u00d6sterreichs insbesondere mit Preu\u00dfen und Sachsen zum Nachteil vor allem slawischer nationaler Minderheiten hat in den \u00fcberlieferten Akten der Regierung und der obersten Beh\u00f6rden \u00d6sterreichs kaum Spuren hinterlassen. Zwar wurden einzelne Dokumente, jedoch keine Vorg\u00e4nge oder gar Akten dazu gefunden. Diese Unterlagen korrespondieren aber idealtypisch mit bereits anderenorts gefundenen Dokumenten. Nichtsdestotrotz sind die Unterlagen des \u201eNeues Politischen Archivs\u201c f\u00fcr minderheitenpolitische oder diplomatiegeschichtliche Fragen allgemein eine Quelle ersten Ranges, denn sie geben umf\u00e4nglich Auskunft \u00fcber die Minderheitenpolitik \u00d6sterreichs \u2013 sowohl gegen\u00fcber den nicht deutschen Minderheiten im eigenen Land wie auch in Bezug auf die deutschen Minderheiten in vormals zur Habsburgermonarchie geh\u00f6renden Gebieten (insbesondere in S\u00fcdtirol oder im K\u00f6nigreich SHS\/Jugoslawien). Die Sachverhalte sind weitgehend die Gleichen wie bei den Sorben in Sachsen und Preu\u00dfen: der Streit um Schule und Unterrichtssprache sowie politische Repr\u00e4sentanz und Loyalit\u00e4t der Minderheit gegen\u00fcber dem Staat.<\/p>\n","protected":false},"excerpt":{"rendered":"<p>Verzeichnungseinheiten Hier&nbsp;k\u00f6nnen Sie sich die Verzeichnungseinheiten, die von diesem Archiv erfasst wurden, auflisten lassen. Historischer Kontext Das Kaisertum \u00d6sterreich stand trotz des Ausgleichs mit Ungarn von 1867 unter dem Druck wachsender Nationalit\u00e4tenkonflikte, insbesondere mit den diversen slawischen Nationalit\u00e4ten innerhalb des Reiches. Damit sahen sich die Habsburgermonarchie wie auch die sp\u00e4tere Erste Republik \u00d6sterreich (1919\u20131934) minderheitenpolitisch &hellip;<\/p>\n","protected":false},"author":1,"featured_media":0,"parent":5535,"menu_order":0,"comment_status":"closed","ping_status":"closed","template":"","meta":{"_acf_changed":false,"footnotes":""},"class_list":["post-5600","page","type-page","status-publish","hentry"],"acf":[],"_links":{"self":[{"href":"https:\/\/www1.sorabicon.de\/dsb\/wp-json\/wp\/v2\/pages\/5600","targetHints":{"allow":["GET"]}}],"collection":[{"href":"https:\/\/www1.sorabicon.de\/dsb\/wp-json\/wp\/v2\/pages"}],"about":[{"href":"https:\/\/www1.sorabicon.de\/dsb\/wp-json\/wp\/v2\/types\/page"}],"author":[{"embeddable":true,"href":"https:\/\/www1.sorabicon.de\/dsb\/wp-json\/wp\/v2\/users\/1"}],"replies":[{"embeddable":true,"href":"https:\/\/www1.sorabicon.de\/dsb\/wp-json\/wp\/v2\/comments?post=5600"}],"version-history":[{"count":6,"href":"https:\/\/www1.sorabicon.de\/dsb\/wp-json\/wp\/v2\/pages\/5600\/revisions"}],"predecessor-version":[{"id":8476,"href":"https:\/\/www1.sorabicon.de\/dsb\/wp-json\/wp\/v2\/pages\/5600\/revisions\/8476"}],"up":[{"embeddable":true,"href":"https:\/\/www1.sorabicon.de\/dsb\/wp-json\/wp\/v2\/pages\/5535"}],"wp:attachment":[{"href":"https:\/\/www1.sorabicon.de\/dsb\/wp-json\/wp\/v2\/media?parent=5600"}],"curies":[{"name":"wp","href":"https:\/\/api.w.org\/{rel}","templated":true}]}}