{"id":5890,"date":"2020-03-01T21:38:16","date_gmt":"2020-03-01T20:38:16","guid":{"rendered":"https:\/\/www2.sorabicon.de\/ochranowske-zywjenjobegi\/"},"modified":"2023-09-28T15:07:10","modified_gmt":"2023-09-28T13:07:10","slug":"ochranowske-zywjenjobegi","status":"publish","type":"page","link":"https:\/\/www1.sorabicon.de\/dsb\/ochranowske-zywjenjobegi\/","title":{"rendered":"Ochranowske \u017eywjenjob\u011bgi"},"content":{"rendered":"\n<h2 class=\"wp-block-heading\">\u201eserbske brat\u015bi\u201c. Serbske w\u0161edne \u017eywjenje w ochranojskich \u017eywjenjob\u011bgach z 18. stol\u011b\u015ba. Zb\u011branje \u017er\u011bd\u0142ow a dokumentacija<\/h2>\n\n<p><p><em>Wob\u017a\u011b\u0142a\u0142a Lubina Malinkowa<\/em><\/p><\/p>\n<div class=\"wp-block-image bluecolored\">\n<figure class=\"alignright\"><img decoding=\"async\" src=\"https:\/\/www1.sorabicon.de\/wp-content\/uploads\/2019\/04\/R_22_99_73-S_01-Gro&#xDF;-188x300.jpg\" alt=\"Pr&#x11B;dny bok &#x17E;ywjenjob&#x11B;ga Agnes Sauer, k&#xF3;tara&#x17E; jo 1783 w Niskej wumr&#x11B;&#x142;a. (Archiw Ochranojskeje w&#xF3;sady).\" class=\"wp-image-503\"\/><figcaption class=\"wp-element-caption\">Pr\u011bdny bok \u017eywjenjob\u011bga Agnes Sauer, k\u00f3tara\u017e jo 1783 w Niskej wumr\u011b\u0142a. (Archiw Ochranojskeje w\u00f3sady).<\/figcaption><\/figure>\n<\/div>\n<p><p>Awtobiografiski zapo\u0142o\u017eone \u017eywjenjob\u011bgi <a href=\"http:\/\/www1.sorabicon.de\/kulturlexikon\/artikel\/?ThemenID=prov_nmx_d1v_vhb\" rel=\"noreferrer noopener\" target=\"_blank\">Ochranojskeje brat\u0161ojskeje w\u00f3sady<\/a> chowaju we se wjeliki pok\u0142ad za serbske stawizniske sl\u011b\u017aenje. W nich jo widny \u017a\u011bl w\u0161ednego \u017eywjenja serbskeje ludnos\u0107i 18. stol\u011b\u015ba w G\u00f3rnej a Dolnej \u0141u\u017eycy. L\u011bc rozp\u0161awy w\u00f3 nug\u0142owych \u0161ulach a s\u0142u\u017ebnych l\u011btach, w\u00f3jnskich do\u017eywjenjach a ch\u00f3ros\u0107ach, drogowanja cela\u017ai a wuwuconych, rozp\u0161awy w\u00f3 \u017eywjenju w\u00f3jakow abo rozsudy, ako <a href=\"http:\/\/www1.sorabicon.de\/kulturlexikon\/artikel\/?ThemenID=prov_by4_x1v_vhb\" rel=\"noreferrer noopener\" target=\"_blank\">misionar<\/a> do dalokich krajow wudrogowa\u015b \u2013 \u017eywjenjob\u011bgi serbskich c\u0142onkow brat\u0161ojskeje w\u00f3sady pokazuju wjelerake \u017eywje\u0144ske nacerjenja a drogi. Zrownju pokazuju na wjeliku statkowa\u0144sku m\u00f3c <a href=\"http:\/\/www1.sorabicon.de\/kulturlexikon\/artikel\/?ThemenID=prov_jl4_z1v_vhb\" rel=\"noreferrer noopener\" target=\"_blank\">pietizm<\/a> a w serbskej \u0141u\u017eycy. Na tom portalu se sp\u015bistupnjaju wuzw\u00f3lone \u017eywjenjob\u011bgi c\u0142onkow brat\u0161ojskeje w\u00f3sady, ken\u017e su serbskego p\u00f3chada abo su se we wobsw\u011b\u015be serbskeje diaspory p\u00f3gibowali. Ze sw\u00f3jeju bogatos\u0107u temow a g\u0142osow naceriju \u0161yroku panoramu \u0141u\u017eyce 18. stol\u011b\u015ba daloko w\u00f3t wuconych diskursow a berga\u0155skeje kultury.<\/p><\/p>\n\n<p><p><a href=\"https:\/\/www1.sorabicon.de\/dsb\/ochranowske-zywjenjobegi\/zywjenjobegi\/\">How p\u015bi\u017ao\u015bo k \u017eywjenjob\u011bgam<\/a><\/p><\/p>\n\n<p><p><strong>P\u015bew\u00f3dne teksty:<\/strong><\/p><\/p>\n\n<ul class=\"wp-block-list\">\n<li><a href=\"https:\/\/www1.sorabicon.de\/herrnhuter-lebenslaeufe\/lebenslaeufe\/\">Ochranojske \u017eywjenjob\u011bgi<\/a><\/li>\n<\/ul>\n\n<ul class=\"wp-block-list\">\n<li><a href=\"https:\/\/www1.sorabicon.de\/herrnhuter-lebenslaeufe\/die-bruedergemeine-und-die-sorben\/\">Brat\u0161ojska w\u00f3sada a Serby<\/a><\/li>\n<\/ul>\n\n<ul class=\"wp-block-list\">\n<li><a href=\"https:\/\/www1.sorabicon.de\/herrnhuter-lebenslaeufe\/kleinwelka\/\">Ma\u0142y Wjelkow<\/a> <\/li>\n<\/ul>\n\n<ul class=\"wp-block-list\">\n<li><a href=\"https:\/\/www1.sorabicon.de\/herrnhuter-lebenslaeufe\/diaspora\/\">Serbska diaspora<\/a><\/li>\n<\/ul>\n\n<ul class=\"wp-block-list\">\n<li><a href=\"https:\/\/www1.sorabicon.de\/herrnhuter-lebenslaeufe\/kurzer-ueberblick-sorbische-geschichte-im-18-jahrhundert\/\">Krotki p\u015begl\u011bd: Serbske stawizny we 18. stol\u011b\u015bu<\/a><\/li>\n<\/ul>\n\n<p><a href=\"https:\/\/www1.sorabicon.de\/herrnhuter-lebenslaeufe\/literatur\/\">Literatura<\/a><\/p>\n\n<p><a href=\"https:\/\/www1.sorabicon.de\/herrnhuter-lebenslaeufe\/galerie\/\">Galerija<\/a><\/p>\n\n<p><a href=\"https:\/\/www.youtube.com\/watch?v=DTzcP_nAvxA\" rel=\"noreferrer noopener\">P\u015bednosk: Ochranow a Serby<\/a> (nagra\u015be zjawnego p\u015bednoska, Budy\u0161yn 24.11.2022)<\/p>\n","protected":false},"excerpt":{"rendered":"<p>\u201eserbske brat\u015bi\u201c. Serbske w\u0161edne \u017eywjenje w ochranojskich \u017eywjenjob\u011bgach z 18. stol\u011b\u015ba. Zb\u011branje \u017er\u011bd\u0142ow a dokumentacija Wob\u017a\u011b\u0142a\u0142a Lubina Malinkowa Awtobiografiski zapo\u0142o\u017eone \u017eywjenjob\u011bgi Ochranojskeje brat\u0161ojskeje w\u00f3sady chowaju we se wjeliki pok\u0142ad za serbske stawizniske sl\u011b\u017aenje. W nich jo widny \u017a\u011bl w\u0161ednego \u017eywjenja serbskeje ludnos\u0107i 18. stol\u011b\u015ba w G\u00f3rnej a Dolnej \u0141u\u017eycy. L\u011bc rozp\u0161awy w\u00f3 nug\u0142owych \u0161ulach a &hellip;<\/p>\n","protected":false},"author":1,"featured_media":0,"parent":0,"menu_order":30,"comment_status":"closed","ping_status":"closed","template":"","meta":{"_acf_changed":false,"footnotes":""},"class_list":["post-5890","page","type-page","status-publish","hentry"],"acf":[],"_links":{"self":[{"href":"https:\/\/www1.sorabicon.de\/dsb\/wp-json\/wp\/v2\/pages\/5890","targetHints":{"allow":["GET"]}}],"collection":[{"href":"https:\/\/www1.sorabicon.de\/dsb\/wp-json\/wp\/v2\/pages"}],"about":[{"href":"https:\/\/www1.sorabicon.de\/dsb\/wp-json\/wp\/v2\/types\/page"}],"author":[{"embeddable":true,"href":"https:\/\/www1.sorabicon.de\/dsb\/wp-json\/wp\/v2\/users\/1"}],"replies":[{"embeddable":true,"href":"https:\/\/www1.sorabicon.de\/dsb\/wp-json\/wp\/v2\/comments?post=5890"}],"version-history":[{"count":25,"href":"https:\/\/www1.sorabicon.de\/dsb\/wp-json\/wp\/v2\/pages\/5890\/revisions"}],"predecessor-version":[{"id":12282,"href":"https:\/\/www1.sorabicon.de\/dsb\/wp-json\/wp\/v2\/pages\/5890\/revisions\/12282"}],"wp:attachment":[{"href":"https:\/\/www1.sorabicon.de\/dsb\/wp-json\/wp\/v2\/media?parent=5890"}],"curies":[{"name":"wp","href":"https:\/\/api.w.org\/{rel}","templated":true}]}}