{"id":5892,"date":"2020-03-01T21:41:04","date_gmt":"2020-03-01T20:41:04","guid":{"rendered":"https:\/\/www2.sorabicon.de\/serbske-cerkwinske-zywjenje-w-lubinje\/"},"modified":"2024-04-18T12:21:47","modified_gmt":"2024-04-18T10:21:47","slug":"serbske-cerkwinske-zywjenje-w-lubinje","status":"publish","type":"page","link":"https:\/\/www1.sorabicon.de\/dsb\/serbske-cerkwinske-zywjenje-w-lubinje\/","title":{"rendered":"Serbske cerkwinske \u017eywjenje w Lubinje"},"content":{"rendered":"\n<h2 class=\"wp-block-heading\">\u201eNa\u0161eje serbskeje mamineje r\u011bcy\u201c dla. 50 dokumentow k stawiznam serbskego cerkwinskego \u017eywjenja w Lubinje 1540-1791 <\/h2>\n\n<p><p><em>Wob\u017a\u011b\u0142a\u0142a Madlena Malinkowa<\/em><\/p><\/p>\n\n<p>P\u015bedla\u017eeca edicija wop\u015bimjejo 50 dokumentow z wob\u0142uka serbskego cerkwinskego \u017eywjenja b\u017aezwokrejsnego m\u011bsta Lubina w markgrobinstwje Dolna \u0141u\u017eyca. Dokumenty p\u00f3chadaju z casa mjazy 1540 a 1791 a zwobrazniju cas serbskego ewangelsko-lutherskego du\u0161ypasty\u0155stwa w Lubinje. Edit\u011browane dokumenty p\u00f3chadaju ze zachowanych aktow w\u00f3sebnje lubinskeje rady a Dolno\u0142u\u017eyskego konsistoriuma. G\u0142owny wuzw\u00f3lowa\u0144ski kriterium jo by\u0142a signifikantna wugroniwos\u0107 w\u00f3 wuwi\u015bu serbskego cerkwinskego \u017eywjenja a, w tom ramiku, serbskeje r\u011bcy. Rownocasnje jo se wopyta\u0142o, \u0161yroki spektrum tekstowych sortow wobgl\u011bdowa\u015b.<\/p>\n\n<p><a href=\"https:\/\/www1.sorabicon.de\/sorbische-kirche-luebben\/edition\/\" data-type=\"page\" data-id=\"19\">How p\u015bi\u017ao\u015bo k ed\u011browanym dokumentam<\/a><\/p>\n\n<p><strong>Dal\u0161ne wob\u0142uki:<\/strong><\/p>\n\n<ul class=\"wp-block-list\">\n<li><a href=\"https:\/\/www1.sorabicon.de\/sorbische-kirche-luebben\/themen\/\" data-type=\"page\" data-id=\"102\">Temy<\/a><\/li>\n\n\n\n<li><a href=\"https:\/\/www1.sorabicon.de\/sorbische-kirche-luebben\/register\/\" data-type=\"page\" data-id=\"3838\">Register<\/a><\/li>\n\n\n\n<li><a href=\"https:\/\/www1.sorabicon.de\/sorbische-kirche-luebben\/abbildungen\/\" data-type=\"page\" data-id=\"3295\">Wobraze<\/a><\/li>\n\n\n\n<li><a href=\"https:\/\/www1.sorabicon.de\/sorbische-kirche-luebben\/ueber-das-projekt\/\" data-type=\"page\" data-id=\"3208\">W\u00f3 projek\u015be<\/a><\/li>\n\n\n\n<li><a href=\"https:\/\/www1.sorabicon.de\/dsb\/pytanje\/suchergebnisse\/?facet_module=kirche_luebben\" data-type=\"link\" data-id=\"https:\/\/www1.sorabicon.de\/wissensquellen\/suche-ergebnisse\/?facet_module=kirche_luebben\">Pytanje w\u00a0modulu<\/a><\/li>\n<\/ul>\n","protected":false},"excerpt":{"rendered":"<p>\u201eNa\u0161eje serbskeje mamineje r\u011bcy\u201c dla. 50 dokumentow k stawiznam serbskego cerkwinskego \u017eywjenja w Lubinje 1540-1791 Wob\u017a\u011b\u0142a\u0142a Madlena Malinkowa P\u015bedla\u017eeca edicija wop\u015bimjejo 50 dokumentow z wob\u0142uka serbskego cerkwinskego \u017eywjenja b\u017aezwokrejsnego m\u011bsta Lubina w markgrobinstwje Dolna \u0141u\u017eyca. Dokumenty p\u00f3chadaju z casa mjazy 1540 a 1791 a zwobrazniju cas serbskego ewangelsko-lutherskego du\u0161ypasty\u0155stwa w Lubinje. Edit\u011browane dokumenty p\u00f3chadaju ze &hellip;<\/p>\n","protected":false},"author":1,"featured_media":0,"parent":0,"menu_order":40,"comment_status":"closed","ping_status":"closed","template":"","meta":{"_acf_changed":false,"footnotes":""},"class_list":["post-5892","page","type-page","status-publish","hentry"],"acf":[],"_links":{"self":[{"href":"https:\/\/www1.sorabicon.de\/dsb\/wp-json\/wp\/v2\/pages\/5892","targetHints":{"allow":["GET"]}}],"collection":[{"href":"https:\/\/www1.sorabicon.de\/dsb\/wp-json\/wp\/v2\/pages"}],"about":[{"href":"https:\/\/www1.sorabicon.de\/dsb\/wp-json\/wp\/v2\/types\/page"}],"author":[{"embeddable":true,"href":"https:\/\/www1.sorabicon.de\/dsb\/wp-json\/wp\/v2\/users\/1"}],"replies":[{"embeddable":true,"href":"https:\/\/www1.sorabicon.de\/dsb\/wp-json\/wp\/v2\/comments?post=5892"}],"version-history":[{"count":6,"href":"https:\/\/www1.sorabicon.de\/dsb\/wp-json\/wp\/v2\/pages\/5892\/revisions"}],"predecessor-version":[{"id":12337,"href":"https:\/\/www1.sorabicon.de\/dsb\/wp-json\/wp\/v2\/pages\/5892\/revisions\/12337"}],"wp:attachment":[{"href":"https:\/\/www1.sorabicon.de\/dsb\/wp-json\/wp\/v2\/media?parent=5892"}],"curies":[{"name":"wp","href":"https:\/\/api.w.org\/{rel}","templated":true}]}}