{"id":102,"date":"2019-03-22T12:37:24","date_gmt":"2019-03-22T11:37:24","guid":{"rendered":"http:\/\/sorabicon.dev.webstitut.de\/?page_id=102"},"modified":"2019-11-14T11:29:16","modified_gmt":"2019-11-14T10:29:16","slug":"themen","status":"publish","type":"page","link":"https:\/\/www1.sorabicon.de\/en\/sorbische-kirche-luebben\/themen\/","title":{"rendered":"Themen"},"content":{"rendered":"\n<div class=\"wp-block-image\"><figure class=\"alignright\"><img loading=\"lazy\" decoding=\"async\" width=\"214\" height=\"300\" src=\"https:\/\/www1.sorabicon.de\/wp-content\/uploads\/2019\/06\/Titel1-214x300.jpg\" alt=\"\" class=\"wp-image-3214\" srcset=\"https:\/\/www1.sorabicon.de\/wp-content\/uploads\/2019\/06\/Titel1-214x300.jpg 214w, https:\/\/www1.sorabicon.de\/wp-content\/uploads\/2019\/06\/Titel1-768x1078.jpg 768w, https:\/\/www1.sorabicon.de\/wp-content\/uploads\/2019\/06\/Titel1-729x1024.jpg 729w\" sizes=\"auto, (max-width: 214px) 100vw, 214px\" \/><figcaption>Die wendische Kirche in L\u00fcbben, aus: Sammlung Stadt- und Regionalmuseum L\u00fcbben<\/figcaption><\/figure><\/div>\n\n\n\n<p><a href=\"https:\/\/www1.sorabicon.de\/sorbische-kirche-luebben\/die-berufung-der-sorbischen-diakone-kaplaene-und-kuester\/\">Die Berufung der sorbischen Diakone (Kapl\u00e4ne) und K\u00fcster<\/a><\/p>\n\n\n\n<p><a href=\"https:\/\/www1.sorabicon.de\/sorbische-kirche-luebben\/besoldung-und-versorgung-der-sorbischen-diakone-kaplaene\/\">Besoldung und Versorgung der sorbischen Diakone (Kapl\u00e4ne)<\/a><\/p>\n\n\n\n<p><a href=\"https:\/\/www1.sorabicon.de\/sorbische-kirche-luebben\/kirchenbau-und-gottesdienstliche-praxis\/\">Kirchenbau und gottesdienstliche Praxis<\/a><\/p>\n\n\n\n<p><a href=\"https:\/\/www1.sorabicon.de\/sorbische-kirche-luebben\/sorbische-sprache-und-sprachwechsel\/\">Sorbische Sprache und Sprachwechsel<\/a><\/p>\n\n\n\n<p><a href=\"https:\/\/www1.sorabicon.de\/sorbische-kirche-luebben\/sprachkonflikte\/\">Sprachkonflikte <\/a><\/p>\n\n\n\n<p><a href=\"https:\/\/www1.sorabicon.de\/sorbische-kirche-luebben\/simon-gast\/\">Simon Gast<\/a><\/p>\n\n\n\n<p><a href=\"https:\/\/www1.sorabicon.de\/sorbische-kirche-luebben\/die-sorbischen-briefe-des-johannes-jacobaei-1745\/\">Die sorbischen Briefe des Johannes Jacobaei 1745<\/a><\/p>\n\n\n\n<h2 class=\"wp-block-heading\"><\/h2>\n\n\n<p><!--EndFragment--><\/p>","protected":false},"excerpt":{"rendered":"<p>Die Berufung der sorbischen Diakone (Kapl\u00e4ne) und K\u00fcster Besoldung und Versorgung der sorbischen Diakone (Kapl\u00e4ne) Kirchenbau und gottesdienstliche Praxis Sorbische Sprache und Sprachwechsel Sprachkonflikte Simon Gast Die sorbischen Briefe des Johannes Jacobaei 1745<\/p>\n","protected":false},"author":2,"featured_media":0,"parent":3154,"menu_order":0,"comment_status":"closed","ping_status":"closed","template":"","meta":{"_acf_changed":false,"footnotes":""},"class_list":["post-102","page","type-page","status-publish","hentry"],"acf":[],"_links":{"self":[{"href":"https:\/\/www1.sorabicon.de\/en\/wp-json\/wp\/v2\/pages\/102","targetHints":{"allow":["GET"]}}],"collection":[{"href":"https:\/\/www1.sorabicon.de\/en\/wp-json\/wp\/v2\/pages"}],"about":[{"href":"https:\/\/www1.sorabicon.de\/en\/wp-json\/wp\/v2\/types\/page"}],"author":[{"embeddable":true,"href":"https:\/\/www1.sorabicon.de\/en\/wp-json\/wp\/v2\/users\/2"}],"replies":[{"embeddable":true,"href":"https:\/\/www1.sorabicon.de\/en\/wp-json\/wp\/v2\/comments?post=102"}],"version-history":[{"count":19,"href":"https:\/\/www1.sorabicon.de\/en\/wp-json\/wp\/v2\/pages\/102\/revisions"}],"predecessor-version":[{"id":4814,"href":"https:\/\/www1.sorabicon.de\/en\/wp-json\/wp\/v2\/pages\/102\/revisions\/4814"}],"up":[{"embeddable":true,"href":"https:\/\/www1.sorabicon.de\/en\/wp-json\/wp\/v2\/pages\/3154"}],"wp:attachment":[{"href":"https:\/\/www1.sorabicon.de\/en\/wp-json\/wp\/v2\/media?parent=102"}],"curies":[{"name":"wp","href":"https:\/\/api.w.org\/{rel}","templated":true}]}}