{"id":10876,"date":"2020-09-03T22:01:12","date_gmt":"2020-09-03T20:01:12","guid":{"rendered":"https:\/\/www.sorabicon.de\/the-herrnhut-memoirs\/memories\/"},"modified":"2020-09-03T22:04:54","modified_gmt":"2020-09-03T20:04:54","slug":"texte","status":"publish","type":"page","link":"https:\/\/www1.sorabicon.de\/en\/the-herrnhut-memoirs\/texte\/","title":{"rendered":"Memories"},"content":{"rendered":"\n<p>The present collection primarily contains the memories of members of the Brethren of Sorbian origin. In addition, the memories of people who worked in the Sorbian diaspora and made statements about them were also recorded. The Sorbian origin or the Sorbian living environment is not directly tangible in all memories. In this case, the Sorbian connection can usually be identified via the place of birth or the living environment described.<\/p>\n\n    <form action=\"\" method=\"post\">\n      <div class=\"form-row\">\n        <div class=\"form-group col\">\n          <label for=\"inputGeschlecht\">Gender<\/label>\n          <select id=\"inputGeschlecht\" name=\"inputGeschlecht\" class=\"form-control\">\n            <option>Choose &#8230;<\/option>\n  <option value=\"m\u00e4nnlich\">m\u00e4nnlich (60)<\/option><option value=\"weiblich\">weiblich (55)<\/option>          <\/select>\n        <\/div>\n        <div class=\"form-group col\">\n          <label for=\"inputGeburtsort\">Place of Birth<\/label>\n          <select id=\"inputGeburtsort\" name=\"inputGeburtsort\" class=\"form-control\">\n            <option selected>Choose &#8230;<\/option>\n  <option value=\"Altl\u00f6bau\">Altl\u00f6bau (2)<\/option><option value=\"Auritz\">Auritz (1)<\/option><option value=\"Baruth\">Baruth (1)<\/option><option value=\"Basch\u00fctz\">Basch\u00fctz (2)<\/option><option value=\"Bautzen\">Bautzen (5)<\/option><option value=\"Bl\u00f6sa\">Bl\u00f6sa (1)<\/option><option value=\"Breitendorf (b. L\u00f6bau)\">Breitendorf (b. L\u00f6bau) (2)<\/option><option value=\"Br\u00f6sa\">Br\u00f6sa (1)<\/option><option value=\"Br\u00f6sern\">Br\u00f6sern (1)<\/option><option value=\"Buchwalde\">Buchwalde (2)<\/option><option value=\"Burg (Spreewald)\">Burg (Spreewald) (1)<\/option><option value=\"Burg (Spreewald)?\">Burg (Spreewald)? (1)<\/option><option value=\"Cossern\">Cossern (1)<\/option><option value=\"Cunewalde\">Cunewalde (1)<\/option><option value=\"Daubitz\">Daubitz (1)<\/option><option value=\"Demitz-Thumitz\">Demitz-Thumitz (1)<\/option><option value=\"Denstorf\">Denstorf (1)<\/option><option value=\"Diehmen\">Diehmen (1)<\/option><option value=\"Dobersch\u00fctz\">Dobersch\u00fctz (2)<\/option><option value=\"Domky (b. K\u00f6niggr\u00e4tz)\">Domky (b. K\u00f6niggr\u00e4tz) (1)<\/option><option value=\"Drehna\">Drehna (4)<\/option><option value=\"D\u00f6hlen\">D\u00f6hlen (4)<\/option><option value=\"Eichwege [Dubraucke]\">Eichwege [Dubraucke] (1)<\/option><option value=\"Forst\">Forst (1)<\/option><option value=\"Gnaschwitz\">Gnaschwitz (1)<\/option><option value=\"Gro\u00df Radisch\">Gro\u00df Radisch (1)<\/option><option value=\"Gro\u00df S\u00e4rchen\">Gro\u00df S\u00e4rchen (1)<\/option><option value=\"Gro\u00dfbr\u00f6sern\">Gro\u00dfbr\u00f6sern (1)<\/option><option value=\"Gro\u00dfdehsa\">Gro\u00dfdehsa (1)<\/option><option value=\"Gro\u00dfd\u00f6bsch\u00fctz\">Gro\u00dfd\u00f6bsch\u00fctz (1)<\/option><option value=\"Gro\u00dfpostwitz\">Gro\u00dfpostwitz (2)<\/option><option value=\"Grubsch\u00fctz\">Grubsch\u00fctz (1)<\/option><option value=\"Guhrow\">Guhrow (1)<\/option><option value=\"Guttau\">Guttau (2)<\/option><option value=\"Holschdubrau\">Holschdubrau (1)<\/option><option value=\"Hoyerswerda\">Hoyerswerda (1)<\/option><option value=\"Kahren\">Kahren (2)<\/option><option value=\"Kannewitz (b. Rothnau\u00dflitz)\">Kannewitz (b. Rothnau\u00dflitz) (1)<\/option><option value=\"Kleind\u00f6bsch\u00fctz\">Kleind\u00f6bsch\u00fctz (2)<\/option><option value=\"Kleinf\u00f6rtstchen\">Kleinf\u00f6rtstchen (1)<\/option><option value=\"Kleinpostwitz\">Kleinpostwitz (1)<\/option><option value=\"Kleinwelka\">Kleinwelka (1)<\/option><option value=\"Kolkwitz\">Kolkwitz (2)<\/option><option value=\"Laubst\">Laubst (1)<\/option><option value=\"Lehn\">Lehn (1)<\/option><option value=\"Leopoldov (b. Bratislava)\">Leopoldov (b. Bratislava) (1)<\/option><option value=\"Loga\">Loga (1)<\/option><option value=\"L\u00fcbbenau\">L\u00fcbbenau (1)<\/option><option value=\"Malschwitz\">Malschwitz (1)<\/option><option value=\"Melaune\">Melaune (2)<\/option><option value=\"Merzdorf\">Merzdorf (1)<\/option><option value=\"Meschwitz\">Meschwitz (1)<\/option><option value=\"Nadelwitz\">Nadelwitz (1)<\/option><option value=\"Naundorf\">Naundorf (1)<\/option><option value=\"Neida\">Neida (2)<\/option><option value=\"Neschwitz\">Neschwitz (1)<\/option><option value=\"Neud\u00f6bern\">Neud\u00f6bern (1)<\/option><option value=\"Neud\u00f6rfel (b. Guttau)\">Neud\u00f6rfel (b. Guttau) (1)<\/option><option value=\"Niethen\">Niethen (1)<\/option><option value=\"Nochten\">Nochten (2)<\/option><option value=\"Nostitz\">Nostitz (1)<\/option><option value=\"Oelsa\">Oelsa (1)<\/option><option value=\"Polsberg (b. Spremberg)\">Polsberg (b. Spremberg) (1)<\/option><option value=\"Preuschwitz\">Preuschwitz (1)<\/option><option value=\"Purschwitz\">Purschwitz (1)<\/option><option value=\"Rodewitz (Spree)\">Rodewitz (Spree) (1)<\/option><option value=\"Salzenforst\">Salzenforst (1)<\/option><option value=\"Saritsch\">Saritsch (3)<\/option><option value=\"Scharznau\u00dflitz\">Scharznau\u00dflitz (1)<\/option><option value=\"See\">See (1)<\/option><option value=\"Seidau\">Seidau (3)<\/option><option value=\"Singwitz\">Singwitz (1)<\/option><option value=\"Sorn\u00dfig\">Sorn\u00dfig (2)<\/option><option value=\"Spreewiese [Leichnam]\">Spreewiese [Leichnam] (1)<\/option><option value=\"Spremberg\">Spremberg (2)<\/option><option value=\"Straupitz\">Straupitz (1)<\/option><option value=\"Str\u00f6bitz\">Str\u00f6bitz (1)<\/option><option value=\"Temritz\">Temritz (1)<\/option><option value=\"Tiefendorf (b. L\u00f6bau)\">Tiefendorf (b. L\u00f6bau) (1)<\/option><option value=\"Uhyst (Spree)\">Uhyst (Spree) (1)<\/option><option value=\"Wartha (b. Guttau)\">Wartha (b. Guttau) (1)<\/option><option value=\"Werben\">Werben (1)<\/option><option value=\"Wetro\">Wetro (1)<\/option><option value=\"Wilthen\">Wilthen (1)<\/option><option value=\"Zahsow\">Zahsow (1)<\/option><option value=\"unbekannt\">unbekannt (1)<\/option>          <\/select>\n        <\/div>\n        <div class=\"form-group col\">\n          <label for=\"inputSterbeort\">Place of Death<\/label>\n          <select id=\"inputSterbeort\" name=\"inputSterbeort\" class=\"form-control\">\n            <option selected>Choose &#8230;<\/option>\n  <option value=\"Altl\u00f6bau\">Altl\u00f6bau (1)<\/option><option value=\"Barby\">Barby (1)<\/option><option value=\"Bethlehem (Pennsylvanien)\">Bethlehem (Pennsylvanien) (2)<\/option><option value=\"Burg (Spreewald)\">Burg (Spreewald) (1)<\/option><option value=\"Christiansfeld\">Christiansfeld (1)<\/option><option value=\"D\u00f6hlen\">D\u00f6hlen (1)<\/option><option value=\"Gnadenberg\">Gnadenberg (1)<\/option><option value=\"Gro\u00dfwelka\">Gro\u00dfwelka (1)<\/option><option value=\"Herrnhut\">Herrnhut (13)<\/option><option value=\"Hoffenthal (Labrador)\">Hoffenthal (Labrador) (1)<\/option><option value=\"Kleinwelka\">Kleinwelka (59)<\/option><option value=\"Kreckwitz\">Kreckwitz (1)<\/option><option value=\"Labrador\">Labrador (1)<\/option><option value=\"L\u00fcbbenau\">L\u00fcbbenau (1)<\/option><option value=\"Nazareth (Pennsylvanien)\">Nazareth (Pennsylvanien) (1)<\/option><option value=\"Niesky\">Niesky (11)<\/option><option value=\"Ockbrook\">Ockbrook (1)<\/option><option value=\"Paramaribo\">Paramaribo (1)<\/option><option value=\"Pawlowitzky\">Pawlowitzky (1)<\/option><option value=\"Rennersdorf (b. Herrnhut)\">Rennersdorf (b. Herrnhut) (1)<\/option><option value=\"Riga\">Riga (1)<\/option><option value=\"Salem (North Carolina)\">Salem (North Carolina) (1)<\/option><option value=\"Sarepta (Russland)\">Sarepta (Russland) (4)<\/option><option value=\"Seidau\">Seidau (2)<\/option><option value=\"Spreewiese [Leichnam]\">Spreewiese [Leichnam] (2)<\/option><option value=\"Trebus\">Trebus (1)<\/option><option value=\"Uhyst (Spree)\">Uhyst (Spree) (1)<\/option><option value=\"Zeist\">Zeist (1)<\/option><option value=\"unbekannt\">unbekannt (1)<\/option>          <\/select>\n        <\/div>\n        <div class=\"form-group col align-self-end\">\n          <button type=\"submit\" class=\"btn btn-primary\">filter<\/button>\n        <\/div>\n      <\/div>\n    <\/form>\n\n  <p><\/p><ul><li><a href=\"https:\/\/www1.sorabicon.de\/herrnhuter-lebenslaeufe\/texte\/prov_pj3_d2v_y1b\">memoirs of Bank, Anna <\/a><\/li><li><a href=\"https:\/\/www1.sorabicon.de\/herrnhuter-lebenslaeufe\/texte\/prov_ard_4rz_zcb\">memoirs of Beck, Elisabeth<\/a><\/li><li><a href=\"https:\/\/www1.sorabicon.de\/herrnhuter-lebenslaeufe\/texte\/prov_zdt_yxm_xcb\">memoirs of  Beck, Maria<\/a><\/li><li><a href=\"https:\/\/www1.sorabicon.de\/herrnhuter-lebenslaeufe\/texte\/prov_w2z_ydj_ddb\">memoirs of Benade, Andreas<\/a><\/li><li><a href=\"https:\/\/www1.sorabicon.de\/herrnhuter-lebenslaeufe\/texte\/prov_j44_nbf_vbb\">memoirs of Beyer, Agnes <\/a><\/li><li><a href=\"https:\/\/www1.sorabicon.de\/herrnhuter-lebenslaeufe\/texte\/prov_mww_lxm_1bb\">memoirs of Biberach, Ursula <\/a><\/li><li><a href=\"https:\/\/www1.sorabicon.de\/herrnhuter-lebenslaeufe\/texte\/prov_ksg_x2c_bbb\">memoirs of Blaschna, Johannes<\/a><\/li><li><a href=\"https:\/\/www1.sorabicon.de\/herrnhuter-lebenslaeufe\/texte\/prov_g1t_whk_z1b\">memoirs of Blaschna, Martin <\/a><\/li><li><a href=\"https:\/\/www1.sorabicon.de\/herrnhuter-lebenslaeufe\/texte\/prov_int_ykn_1bb\">memoirs of Boedrich, Mattheus<\/a><\/li><li><a href=\"https:\/\/www1.sorabicon.de\/herrnhuter-lebenslaeufe\/texte\/prov_imw_d14_1bb\">memoirs of B\u00f6hmer, Martin<\/a><\/li><li><a href=\"https:\/\/www1.sorabicon.de\/herrnhuter-lebenslaeufe\/texte\/prov_znz_svq_d2b\">memoirs of Cranz, Agnes<\/a><\/li><li><a href=\"https:\/\/www1.sorabicon.de\/herrnhuter-lebenslaeufe\/texte\/prov_u5g_zll_gbb\">memoirs of Diebner, Anna<\/a><\/li><li><a href=\"https:\/\/www1.sorabicon.de\/herrnhuter-lebenslaeufe\/texte\/prov_esy_wjm_xcb\">memoirs of Diesner, Peter<\/a><\/li><li><a href=\"https:\/\/www1.sorabicon.de\/herrnhuter-lebenslaeufe\/texte\/prov_gg5_vk5_1bb\">memoirs of Duschka, Agnes<\/a><\/li><li><a href=\"https:\/\/www1.sorabicon.de\/herrnhuter-lebenslaeufe\/texte\/prov_a5y_dz2_qdb\">memoirs of Dutschmann, Anna<\/a><\/li><li><a href=\"https:\/\/www1.sorabicon.de\/herrnhuter-lebenslaeufe\/texte\/prov_m2v_1gq_ddb\">memoirs of D\u00f6ring, Agnes<\/a><\/li><li><a href=\"https:\/\/www1.sorabicon.de\/herrnhuter-lebenslaeufe\/texte\/prov_u5g_zll_gbb_001\">memoirs of Fliegel, Maria <\/a><\/li><li><a href=\"https:\/\/www1.sorabicon.de\/herrnhuter-lebenslaeufe\/texte\/prov_bnl_b2b_wbb\">memoirs of Frenzel, Agnes<\/a><\/li><li><a href=\"https:\/\/www1.sorabicon.de\/herrnhuter-lebenslaeufe\/texte\/prov_bh1_w3t_ccb\">memoirs of F\u00f6rster, Martin<\/a><\/li><li><a href=\"https:\/\/www1.sorabicon.de\/herrnhuter-lebenslaeufe\/texte\/prov_zfd_2vt_ccb\">memoirs of Gabbath, Anne<\/a><\/li><li><a href=\"https:\/\/www1.sorabicon.de\/herrnhuter-lebenslaeufe\/texte\/prov_u5g_zll_gbb_002\">memoirs of Garbe, Maria<\/a><\/li><li><a href=\"https:\/\/www1.sorabicon.de\/herrnhuter-lebenslaeufe\/texte\/prov_xqz_lzf_qdb\">memoirs of Graff, Johann<\/a><\/li><li><a href=\"https:\/\/www1.sorabicon.de\/herrnhuter-lebenslaeufe\/texte\/prov_qt4_4sp_fdb\">memoirs of Gruhl, Georg <\/a><\/li><li><a href=\"https:\/\/www1.sorabicon.de\/herrnhuter-lebenslaeufe\/texte\/prov_fm2_1ty_ncb\">memoirs of Gruhl, Peter<\/a><\/li><li><a href=\"https:\/\/www1.sorabicon.de\/herrnhuter-lebenslaeufe\/texte\/prov_lxv_nwn_1cb\">memoirs of Gruhl, Ursula<\/a><\/li><li><a href=\"https:\/\/www1.sorabicon.de\/herrnhuter-lebenslaeufe\/texte\/prov_ygj_mxr_sbb\">memoirs of Gruner, Magdalena<\/a><\/li><li><a href=\"https:\/\/www1.sorabicon.de\/herrnhuter-lebenslaeufe\/texte\/prov_add_sls_sbb\">memoirs of Grunert, Agnes<\/a><\/li><li><a href=\"https:\/\/www1.sorabicon.de\/herrnhuter-lebenslaeufe\/texte\/prov_rpm_wl2_qdb\">memoirs of G\u00fcnther, Dorothea<\/a><\/li><li><a href=\"https:\/\/www1.sorabicon.de\/herrnhuter-lebenslaeufe\/texte\/prov_wq2_st5_1bb\">memoirs of Hadank, Johann<\/a><\/li><li><a href=\"https:\/\/www1.sorabicon.de\/herrnhuter-lebenslaeufe\/texte\/prov_ess_h35_1cb\">memoirs of Hantusch, Michael<\/a><\/li><li><a href=\"https:\/\/www1.sorabicon.de\/herrnhuter-lebenslaeufe\/texte\/prov_h5f_qkv_1bb\">memoirs of Haschke, Maria<\/a><\/li><li><a href=\"https:\/\/www1.sorabicon.de\/herrnhuter-lebenslaeufe\/texte\/prov_tdd_cpf_4cb\">memoirs of Hasting, Marie Magdalene<\/a><\/li><li><a href=\"https:\/\/www1.sorabicon.de\/herrnhuter-lebenslaeufe\/texte\/prov_sgk_vwv_rdb\">memoirs of Hersen, Ernst August<\/a><\/li><li><a href=\"https:\/\/www1.sorabicon.de\/herrnhuter-lebenslaeufe\/texte\/prov_ed2_cbj_ddb\">memoirs of Hocker, Johann<\/a><\/li><li><a href=\"https:\/\/www1.sorabicon.de\/herrnhuter-lebenslaeufe\/texte\/prov_kjd_pkn_1cb\">memoirs of Hollenz, Gertraut<\/a><\/li><li><a href=\"https:\/\/www1.sorabicon.de\/herrnhuter-lebenslaeufe\/texte\/prov_lll_x4b_bbb\">memoirs of Jackusch, Anne<\/a><\/li><li><a href=\"https:\/\/www1.sorabicon.de\/herrnhuter-lebenslaeufe\/texte\/prov_u5g_zll_gbb_003\">memoirs of Jaeckel, Georg<\/a><\/li><li><a href=\"https:\/\/www1.sorabicon.de\/herrnhuter-lebenslaeufe\/texte\/prov_uqm_hnc_bbb\">memoirs of Janasch, Martin<\/a><\/li><li><a href=\"https:\/\/www1.sorabicon.de\/herrnhuter-lebenslaeufe\/texte\/prov_twm_ddc_bbb\">memoirs of Janeke, Christian<\/a><\/li><li><a href=\"https:\/\/www1.sorabicon.de\/herrnhuter-lebenslaeufe\/texte\/prov_cmr_zbb_bbb\">memoirs of Jenke, Anna<\/a><\/li><li><a href=\"https:\/\/www1.sorabicon.de\/herrnhuter-lebenslaeufe\/texte\/prov_tl2_mff_qdb\">memoirs of Klauke, Johannes<\/a><\/li><li><a href=\"https:\/\/www1.sorabicon.de\/herrnhuter-lebenslaeufe\/texte\/prov_tqn_xqc_bbb\">memoirs of Kmoch, Georg<\/a><\/li><li><a href=\"https:\/\/www1.sorabicon.de\/herrnhuter-lebenslaeufe\/texte\/prov_kgx_mlg_1db\">memoirs of Krahl, Agnes<\/a><\/li><li><a href=\"https:\/\/www1.sorabicon.de\/herrnhuter-lebenslaeufe\/texte\/prov_kqy_lsp_bbb\">memoirs of Kr\u00fcger, Maria <\/a><\/li><li><a href=\"https:\/\/www1.sorabicon.de\/herrnhuter-lebenslaeufe\/texte\/prov_kgx_mlg_1db\">memoirs of Kschieschan, Marie<\/a><\/li><li><a href=\"https:\/\/www1.sorabicon.de\/herrnhuter-lebenslaeufe\/texte\/prov_u5g_zll_gbb_004\">memoirs of Kschieschanck, Agnese<\/a><\/li><li><a href=\"https:\/\/www1.sorabicon.de\/herrnhuter-lebenslaeufe\/texte\/prov_u5g_zll_gbb_005\">memoirs of Kschischank, Anna <\/a><\/li><li><a href=\"https:\/\/www1.sorabicon.de\/herrnhuter-lebenslaeufe\/texte\/prov_br3_txn_1db\">memoirs of K\u00e4stner, Christiane<\/a><\/li><li><a href=\"https:\/\/www1.sorabicon.de\/herrnhuter-lebenslaeufe\/texte\/prov_wpp_bkh_sdb\">memoirs of Lange, Caspar<\/a><\/li><li><a href=\"https:\/\/www1.sorabicon.de\/herrnhuter-lebenslaeufe\/texte\/prov_psn_jrt_2cb\">memoirs of Lange, Matth\u00e4us<\/a><\/li><li><a href=\"https:\/\/www1.sorabicon.de\/herrnhuter-lebenslaeufe\/texte\/prov_iyv_bbh_fdb\">memoirs of Lehmann, Agnes<\/a><\/li><li><a href=\"https:\/\/www1.sorabicon.de\/herrnhuter-lebenslaeufe\/texte\/prov_fcb_zmy_pdb\">memoirs of Lehmann, Anna <\/a><\/li><li><a href=\"https:\/\/www1.sorabicon.de\/herrnhuter-lebenslaeufe\/texte\/prov_xrj_sqw_ddb\">memoirs of Lehmann, Anna<\/a><\/li><li><a href=\"https:\/\/www1.sorabicon.de\/herrnhuter-lebenslaeufe\/texte\/prov_wfl_5bc_rdb\">memoirs of Lehmann, Gottfried<\/a><\/li><li><a href=\"https:\/\/www1.sorabicon.de\/herrnhuter-lebenslaeufe\/texte\/prov_hpy_hgb_ybb\">memoirs of Lehmann, Michael<\/a><\/li><li><a href=\"https:\/\/www1.sorabicon.de\/herrnhuter-lebenslaeufe\/texte\/prov_idb_4ng_1cb\">memoirs of Lelansky, Georg<\/a><\/li><li><a href=\"https:\/\/www1.sorabicon.de\/herrnhuter-lebenslaeufe\/texte\/prov_u5g_zll_gbb_006\">memoirs of Lemmerz, Agnes <\/a><\/li><li><a href=\"https:\/\/www1.sorabicon.de\/herrnhuter-lebenslaeufe\/texte\/prov_uj4_tgq_bbb\">memoirs of Liebich, Johanna Christiana <\/a><\/li><li><a href=\"https:\/\/www1.sorabicon.de\/herrnhuter-lebenslaeufe\/texte\/prov_mck_y4f_ccb\">memoirs of Lischke, Johann <\/a><\/li><li><a href=\"https:\/\/www1.sorabicon.de\/herrnhuter-lebenslaeufe\/texte\/prov_kxw_ddx_pdb\">memoirs of L\u00f6sch, Georg Matth\u00e4us<\/a><\/li><li><a href=\"https:\/\/www1.sorabicon.de\/herrnhuter-lebenslaeufe\/texte\/prov_ayh_nw1_rdb\">memoirs of Messarosch, Johann Georg <\/a><\/li><li><a href=\"https:\/\/www1.sorabicon.de\/herrnhuter-lebenslaeufe\/texte\/prov_k3t_krq_bbb\">memoirs of Messerschmied, Anna Elisabeth<\/a><\/li><li><a href=\"https:\/\/www1.sorabicon.de\/herrnhuter-lebenslaeufe\/texte\/prov_g5j_rjl_cbb\">memoirs of Messerschmied, Johann Georg<\/a><\/li><li><a href=\"https:\/\/www1.sorabicon.de\/herrnhuter-lebenslaeufe\/texte\/prov_ygs_4cd_gdb\">memoirs of Mickan, Johann<\/a><\/li><li><a href=\"https:\/\/www1.sorabicon.de\/herrnhuter-lebenslaeufe\/texte\/prov_rvd_xfz_bcb\">memoirs of Mitasch, Margaretha<\/a><\/li><li><a href=\"https:\/\/www1.sorabicon.de\/herrnhuter-lebenslaeufe\/texte\/prov_u5g_zll_gbb_007\">memoirs of Mito, Johann<\/a><\/li><li><a href=\"https:\/\/www1.sorabicon.de\/herrnhuter-lebenslaeufe\/texte\/prov_u5g_zll_gbb_008\">memoirs of Mitasch, Georg <\/a><\/li><li><a href=\"https:\/\/www1.sorabicon.de\/herrnhuter-lebenslaeufe\/texte\/prov_uck_jlb_dcb\">memoirs of Mross, Georg (Archiv Kleinwelka)<\/a><\/li><li><a href=\"https:\/\/www1.sorabicon.de\/herrnhuter-lebenslaeufe\/texte\/prov_u5g_zll_gbb_009\">memoirs of Mudrick, Martin<\/a><\/li><li><a href=\"https:\/\/www1.sorabicon.de\/herrnhuter-lebenslaeufe\/texte\/prov_py2_ly1_dcb\">memoirs of Mross, Georg<\/a><\/li><li><a href=\"https:\/\/www1.sorabicon.de\/herrnhuter-lebenslaeufe\/texte\/prov_ekm_kbn_cbb\">memoirs of M\u00f6hn, Johann<\/a><\/li><li><a href=\"https:\/\/www1.sorabicon.de\/herrnhuter-lebenslaeufe\/texte\/prov_bmw_vg5_ccb\">memoirs of M\u00f6hne, Anna<\/a><\/li><li><a href=\"https:\/\/www1.sorabicon.de\/herrnhuter-lebenslaeufe\/texte\/prov_tpx_hr1_dcb\">memoirs of M\u00f6hne, Matthias<\/a><\/li><li><a href=\"https:\/\/www1.sorabicon.de\/herrnhuter-lebenslaeufe\/texte\/prov_u5g_zll_gbb_10\">memoirs of M\u00fcller, Anna Maria <\/a><\/li><li><a href=\"https:\/\/www1.sorabicon.de\/herrnhuter-lebenslaeufe\/texte\/prov_wyf_sys_cbb\">memoirs of M\u00fcnch, Maria Elisabeth<\/a><\/li><li><a href=\"https:\/\/www1.sorabicon.de\/herrnhuter-lebenslaeufe\/texte\/prov_n3q_f53_ddb\">memoirs of Nicolai, Maria <\/a><\/li><li><a href=\"https:\/\/www1.sorabicon.de\/herrnhuter-lebenslaeufe\/texte\/prov_u5g_zll_gbb_11\">memoirs of Nimtschke, Johanna Sophia<\/a><\/li><li><a href=\"https:\/\/www1.sorabicon.de\/herrnhuter-lebenslaeufe\/texte\/prov_jck_f3t_cbb\">memoirs of Papesch, Lucas<\/a><\/li><li><a href=\"https:\/\/www1.sorabicon.de\/herrnhuter-lebenslaeufe\/texte\/prov_jld_ws3_fdb\">memoirs of Paschke, Dorothea<\/a><\/li><li><a href=\"https:\/\/www1.sorabicon.de\/herrnhuter-lebenslaeufe\/texte\/prov_dh4_r4s_x1b\">memoirs of Petschke, Agnes<\/a><\/li><li><a href=\"https:\/\/www1.sorabicon.de\/herrnhuter-lebenslaeufe\/texte\/prov_agm_lpt_cbb\">memoirs of Postel, Martin <\/a><\/li><li><a href=\"https:\/\/www1.sorabicon.de\/herrnhuter-lebenslaeufe\/texte\/prov_u5g_zll_gbb_12\">memoirs of Ramsch, Anna <\/a><\/li><li><a href=\"https:\/\/www1.sorabicon.de\/herrnhuter-lebenslaeufe\/texte\/prov_xrw_dc1_dbb\">memoirs of Rehl, Johann<\/a><\/li><li><a href=\"https:\/\/www1.sorabicon.de\/herrnhuter-lebenslaeufe\/texte\/prov_u5g_zll_gbb_13\">memoirs of Richter, Matth\u00e4us<\/a><\/li><li><a href=\"https:\/\/www1.sorabicon.de\/herrnhuter-lebenslaeufe\/texte\/prov_wwd_cqn_1cb\">memoirs of Robel, Johann<\/a><\/li><li><a href=\"https:\/\/www1.sorabicon.de\/herrnhuter-lebenslaeufe\/texte\/prov_ggs_nnv_mcb\">memoirs of Schaaf, Maria<\/a><\/li><li><a href=\"https:\/\/www1.sorabicon.de\/herrnhuter-lebenslaeufe\/texte\/prov_ehz_ht5_1cb\">memoirs of Schmidt, Matth\u00e4us<\/a><\/li><li><a href=\"https:\/\/www1.sorabicon.de\/herrnhuter-lebenslaeufe\/texte\/prov_u5g_zll_gbb_14\">memoirs of Schneider, Maria<\/a><\/li><li><a href=\"https:\/\/www1.sorabicon.de\/herrnhuter-lebenslaeufe\/texte\/prov_hqk_c1w_1cb\">memoirs of Schneider, Nicolaus<\/a><\/li><li><a href=\"https:\/\/www1.sorabicon.de\/herrnhuter-lebenslaeufe\/texte\/prov_u5g_zll_gbb_15\">memoirs of Scholle, Georg<\/a><\/li><li><a href=\"https:\/\/www1.sorabicon.de\/herrnhuter-lebenslaeufe\/texte\/prov_tjf_nn1_dbb\">memoirs of Schornach, Maria<\/a><\/li><li><a href=\"https:\/\/www1.sorabicon.de\/herrnhuter-lebenslaeufe\/texte\/prov_m5c_cv1_dbb\">memoirs of Schorsche, Anna<\/a><\/li><li><a href=\"https:\/\/www1.sorabicon.de\/herrnhuter-lebenslaeufe\/texte\/prov_fdp_ww1_qdb\">memoirs of Schube, Agnes<\/a><\/li><li><a href=\"https:\/\/www1.sorabicon.de\/herrnhuter-lebenslaeufe\/texte\/prov_onk_4zb_rdb\">memoirs of Schulz, Matth\u00e4us<\/a><\/li><li><a href=\"https:\/\/www1.sorabicon.de\/herrnhuter-lebenslaeufe\/texte\/prov_k4l_plf_vbb\">memoirs of Schulz, Michael <\/a><\/li><li><a href=\"https:\/\/www1.sorabicon.de\/herrnhuter-lebenslaeufe\/texte\/prov_r5b_dlh_fdb\">memoirs of Schulze, Andreas<\/a><\/li><li><a href=\"https:\/\/www1.sorabicon.de\/herrnhuter-lebenslaeufe\/texte\/prov_e1c_kqz_zcb\">memoirs of Schulze, Jacob<\/a><\/li><li><a href=\"https:\/\/www1.sorabicon.de\/herrnhuter-lebenslaeufe\/texte\/prov_u5g_zll_gbb_16\">memoirs of Schwar, Georg<\/a><\/li><li><a href=\"https:\/\/www1.sorabicon.de\/herrnhuter-lebenslaeufe\/texte\/prov_u5g_zll_gbb_17\">memoirs of Sellingks, Johann<\/a><\/li><li><a href=\"https:\/\/www1.sorabicon.de\/herrnhuter-lebenslaeufe\/texte\/prov_uhd_sx4_rdb\">memoirs of St\u00fcrmann, Catherine<\/a><\/li><li><a href=\"https:\/\/www1.sorabicon.de\/herrnhuter-lebenslaeufe\/texte\/prov_b3y_rn4_1db\">memoirs of Threne, Georg (Fragment)<\/a><\/li><li><a href=\"https:\/\/www1.sorabicon.de\/herrnhuter-lebenslaeufe\/texte\/prov_r2j_2dj_bdb\">memoirs of Threne, Georg<\/a><\/li><li><a href=\"https:\/\/www1.sorabicon.de\/herrnhuter-lebenslaeufe\/texte\/prov_hjm_dsk_gdb\">memoirs of Tuschke, Anna<\/a><\/li><li><a href=\"https:\/\/www1.sorabicon.de\/herrnhuter-lebenslaeufe\/texte\/prov_zlf_w5g_1db\">memoirs of Uh, Johann David <\/a><\/li><li><a href=\"https:\/\/www1.sorabicon.de\/herrnhuter-lebenslaeufe\/texte\/prov_m1j_2ln_ccb\">memoirs of Wedemann, Maria<\/a><\/li><li><a href=\"https:\/\/www1.sorabicon.de\/herrnhuter-lebenslaeufe\/texte\/prov_u5g_zll_gbb_18\">memoirs of Wehle, Johann<\/a><\/li><li><a href=\"https:\/\/www1.sorabicon.de\/herrnhuter-lebenslaeufe\/texte\/prov_hpp_hjn_ccb\">memoirs of Wenzel, Anna Elisabeth<\/a><\/li><li><a href=\"https:\/\/www1.sorabicon.de\/herrnhuter-lebenslaeufe\/texte\/prov_dlb_pz5_mcb\">memoirs of Wenzel, Johann<\/a><\/li><li><a href=\"https:\/\/www1.sorabicon.de\/herrnhuter-lebenslaeufe\/texte\/prov_mtr_snr_sbb\">memoirs of Winkler, Dorothea<\/a><\/li><li><a href=\"https:\/\/www1.sorabicon.de\/herrnhuter-lebenslaeufe\/texte\/prov_wh2_mrh_dbb\">memoirs of Winkler, Martin<\/a><\/li><li><a href=\"https:\/\/www1.sorabicon.de\/herrnhuter-lebenslaeufe\/texte\/prov_xx3_tyj_bdb\">memoirs of Wutroba, Martin<\/a><\/li><li><a href=\"https:\/\/www1.sorabicon.de\/herrnhuter-lebenslaeufe\/texte\/prov_bhn_jqk_2bb\">memoirs of Zeschmann, Johann<\/a><\/li><li><a href=\"https:\/\/www1.sorabicon.de\/herrnhuter-lebenslaeufe\/texte\/prov_u5g_zll_gbb_19\">memoirs of Zschippank, Christiane<\/a><\/li><li><a href=\"https:\/\/www1.sorabicon.de\/herrnhuter-lebenslaeufe\/texte\/prov_fbk_4ln_1db\">memoirs of Zschippank, Matthes<\/a><\/li><li><a href=\"https:\/\/www1.sorabicon.de\/herrnhuter-lebenslaeufe\/texte\/prov_oyj_svg_fbb\">memoirs of Zschornack, Andreas<\/a><\/li><\/ul>\n<p><\/p>\n","protected":false},"excerpt":{"rendered":"<p>The present collection primarily contains the memories of members of the Brethren of Sorbian origin. In addition, the memories of people who worked in the Sorbian diaspora and made statements about them were also recorded. The Sorbian origin or the Sorbian living environment is not directly tangible in all memories. In this case, the Sorbian &hellip;<\/p>\n","protected":false},"author":2,"featured_media":0,"parent":9309,"menu_order":20,"comment_status":"closed","ping_status":"closed","template":"","meta":{"_acf_changed":false,"footnotes":""},"class_list":["post-10876","page","type-page","status-publish","hentry"],"acf":[],"_links":{"self":[{"href":"https:\/\/www1.sorabicon.de\/en\/wp-json\/wp\/v2\/pages\/10876","targetHints":{"allow":["GET"]}}],"collection":[{"href":"https:\/\/www1.sorabicon.de\/en\/wp-json\/wp\/v2\/pages"}],"about":[{"href":"https:\/\/www1.sorabicon.de\/en\/wp-json\/wp\/v2\/types\/page"}],"author":[{"embeddable":true,"href":"https:\/\/www1.sorabicon.de\/en\/wp-json\/wp\/v2\/users\/2"}],"replies":[{"embeddable":true,"href":"https:\/\/www1.sorabicon.de\/en\/wp-json\/wp\/v2\/comments?post=10876"}],"version-history":[{"count":3,"href":"https:\/\/www1.sorabicon.de\/en\/wp-json\/wp\/v2\/pages\/10876\/revisions"}],"predecessor-version":[{"id":10881,"href":"https:\/\/www1.sorabicon.de\/en\/wp-json\/wp\/v2\/pages\/10876\/revisions\/10881"}],"up":[{"embeddable":true,"href":"https:\/\/www1.sorabicon.de\/en\/wp-json\/wp\/v2\/pages\/9309"}],"wp:attachment":[{"href":"https:\/\/www1.sorabicon.de\/en\/wp-json\/wp\/v2\/media?parent=10876"}],"curies":[{"name":"wp","href":"https:\/\/api.w.org\/{rel}","templated":true}]}}