{"id":1200,"date":"2019-05-03T16:11:47","date_gmt":"2019-05-03T14:11:47","guid":{"rendered":"http:\/\/sorabicon.dev.webstitut.de\/?page_id=1200"},"modified":"2023-09-28T16:20:10","modified_gmt":"2023-09-28T14:20:10","slug":"literatur","status":"publish","type":"page","link":"https:\/\/www1.sorabicon.de\/en\/herrnhuter-lebenslaeufe\/literatur\/","title":{"rendered":"Literatur"},"content":{"rendered":"\n<h2 class=\"wp-block-heading\">Herrnhutische Schriften des 18. Jahrhunderts in ober- und niedersorbischer Sprache<\/h2>\n\n\n\n<p><a href=\"https:\/\/sachsen.digital\/werkansicht?tx_dlf[id]=281917&amp;tx_dlf[page]=1\" target=\"_blank\" rel=\"noreferrer noopener\">Hersen, Ernst August: Ton \u0141o\u00df teje Newesty Jesu\u00dfoweje we Njekotrych Evangelskich Sserskich Stuc\u017ckach, Bautzen 1750.<\/a><\/p>\n\n\n\n<p><a rel=\"noreferrer noopener\" aria-label=\"Kampmann, Franz Christian, Wendische Grammatica, Manuscript, 1750. (\u00f6ffnet in neuem Tab)\" href=\"https:\/\/digital.slub-dresden.de\/werkansicht\/dlf\/250700\/1\" target=\"_blank\">KAMPMANN, Franz Christian: Wendische Grammatica, Manuscript, 1750.<\/a><\/p>\n\n\n\n<p><a rel=\"noreferrer noopener\" href=\"https:\/\/digital.slub-dresden.de\/werkansicht\/dlf\/251022\/1\" target=\"_blank\">KAMPMANN, Franz Christian: Wendisches Lexicon, Manuscript, 1750.<\/a><\/p>\n\n\n\n<p><a rel=\"noreferrer noopener\" aria-label=\"[Loskiel, Georg Heinrich], Jadno pratkowa\u1e45e Na \u1e44e\u017celu Oculi: sa tim do \u00dfer\u00dfkego pschestawjone a schischc\u017cane, ak jo w\u00f3 \u1e45imskej R\u0117zi, Wittenberg [1798]. (\u00f6ffnet in neuem Tab)\" href=\"https:\/\/sachsen.digital\/werkansicht?tx_dlf[id]=13178&amp;tx_dlf[page]=1\" target=\"_blank\">[LOSKIEL, Georg Heinrich]: Jadno pratkowa\u1e45e Na \u1e44e\u017celu Oculi: sa tim do \u00dfer\u00dfkego pschestawjone a schischc\u017cane, ak jo w\u00f3 \u1e45imskej R\u0117zi, Wittenberg [1798].<\/a><\/p>\n\n\n\n<p><a rel=\"noreferrer noopener\" aria-label=\"[Loskiel, Georg Heinrich], Jadno pratkowa\u1e45e Na \u1e44e\u017celu Invocavit: sa tim do \u00dfer\u00dfkego pschestawjone a schischc\u017cane, ak jo w\u00f3 \u1e45imskej R\u0117zi, Wittenberg [1798]. (\u00f6ffnet in neuem Tab)\" href=\"https:\/\/sachsen.digital\/werkansicht?tx_dlf[id]=13175&amp;tx_dlf[page]=1\" target=\"_blank\">[LOSKIEL, Georg Heinrich]: Jadno pratkowa\u1e45e Na \u1e44e\u017celu Invocavit: sa tim do \u00dfer\u00dfkego pschestawjone a schischc\u017cane, ak jo w\u00f3 \u1e45imskej R\u0117zi, Wittenberg [1798].<\/a><\/p>\n\n\n\n<p><a rel=\"noreferrer noopener\" aria-label=\"[Loskiel, Georg Heinrich], Jadno pratkowa\u1e45e Na \u1e44e\u017celu Judica: sa tim do \u00dfer\u00dfkego pschestawjone a schischc\u017cane, ak jo w\u00f3 \u1e45imskej R\u0117zi, Wittenberg [1798]. (\u00f6ffnet in neuem Tab)\" href=\"https:\/\/sachsen.digital\/werkansicht?tx_dlf[id]=13177&amp;tx_dlf[page]=1\" target=\"_blank\">[LOSKIEL, Georg Heinrich]: Jadno pratkowa\u1e45e Na \u1e44e\u017celu Judica: sa tim do \u00dfer\u00dfkego pschestawjone a schischc\u017cane, ak jo w\u00f3 \u1e45imskej R\u0117zi, Wittenberg [1798].<\/a><\/p>\n\n\n\n<p><a rel=\"noreferrer noopener\" aria-label=\"[Loskiel, Georg Heinrich], Jadno pratkowa\u1e45e Na \u1e44e\u017celu Palmarum: sa tim do \u00dfer\u00dfkego pschestawjone a schischc\u017cane, ak jo w\u00f3 \u1e45imskej R\u0117zi, Wittenberg [1798]. (\u00f6ffnet in neuem Tab)\" href=\"https:\/\/sachsen.digital\/werkansicht?tx_dlf[id]=13176&amp;tx_dlf[page]=1\" target=\"_blank\">[LOSKIEL, Georg Heinrich]: Jadno pratkowa\u1e45e Na \u1e44e\u017celu Palmarum: sa tim do \u00dfer\u00dfkego pschestawjone a schischc\u017cane, ak jo w\u00f3 \u1e45imskej R\u0117zi, Wittenberg [1798].<\/a><\/p>\n\n\n\n<p><a rel=\"noreferrer noopener\" aria-label=\"[Loskiel, Georg Heinrich], Jadno pratkowa\u1e45e Na \u1e44e\u017celu Laetare: sa tim do \u00dfer\u00dfkego pschestawjone a schischc\u017cane, ak jo w\u022f \u1e45imskej R\u0117zi, Wittenberg [1798].  (\u00f6ffnet in neuem Tab)\" href=\"https:\/\/sachsen.digital\/werkansicht?tx_dlf[id]=12966&amp;tx_dlf[page]=1\" target=\"_blank\">[LOSKIEL, Georg Heinrich]: Jadno pratkowa\u1e45e Na \u1e44e\u017celu Laetare: sa tim do \u00dfer\u00dfkego pschestawjone a schischc\u017cane, ak jo w\u022f \u1e45imskej R\u0117zi, Wittenberg [1798].<\/a><\/p>\n\n\n\n<p><a rel=\"noreferrer noopener\" aria-label=\"[Loskiel, Georg Heinrich], Jadno pratkowa\u1e45e Na \u1e44e\u017celu Reminiscere: sa tim do \u00dfer\u00dfkego pschestawjone a schischc\u017cane, ak jo w\u022f \u1e45imskej R\u0117zi, Wittenberg [1798]. (\u00f6ffnet in neuem Tab)\" href=\"https:\/\/sachsen.digital\/werkansicht?tx_dlf[id]=13174&amp;tx_dlf[page]=1\ufeff\" target=\"_blank\">[LOSKIEL, Georg Heinrich]: Jadno pratkowa\u1e45e Na \u1e44e\u017celu Reminiscere: sa tim do \u00dfer\u00dfkego pschestawjone a schischc\u017cane, ak jo w\u022f \u1e45imskej R\u0117zi, Wittenberg [1798].<\/a><\/p>\n\n\n\n<p><a rel=\"noreferrer noopener\" aria-label=\"[Loskiel, Georg Heinrich], Jadno pratkowa\u1e45e Na \u1e44e\u017celu Estomihi: sa tim do \u00dfer\u00dfkego pschestawjone a schischc\u017cane, ak jo w\u00f3 \u1e45imskej R\u0117zi, Wittenberg [1798]. (\u00f6ffnet in neuem Tab)\" href=\"https:\/\/sachsen.digital\/werkansicht?tx_dlf[id]=12965&amp;tx_dlf[page]=1\" target=\"_blank\">[LOSKIEL, Georg Heinrich]: Jadno pratkowa\u1e45e Na \u1e44e\u017celu Estomihi: sa tim do \u00dfer\u00dfkego pschestawjone a schischc\u017cane, ak jo w\u00f3 \u1e45imskej R\u0117zi, Wittenberg [1798].<\/a><\/p>\n\n\n\n<p class=\"has-text-align-left\"><a rel=\"noreferrer noopener\" aria-label=\"[Loskiel, Georg Heinrich], Jene Prjedowanje na ned\u017celu Palmarum: do \u00dferskeje rec\u017ce psche\u0142o\u017cene, [Wittenberg], 1799. (\u00f6ffnet in neuem Tab)\" href=\"https:\/\/sachsen.digital\/werkansicht?tx_dlf[id]=13188&amp;tx_dlf[page]=1\" target=\"_blank\">[LOSKIEL, Georg Heinrich]: Jene Prjedowanje na ned\u017celu Palmarum: do \u00dferskeje rec\u017ce psche\u0142o\u017cene, [Wittenberg], 1799.<\/a><\/p>\n\n\n\n<p class=\"has-text-align-left\"><a rel=\"noreferrer noopener\" aria-label=\"[Loskiel, Georg Heinrich], Jene Priedowanje na ned\u017celu Oculi: sniemskeho do \u00dferskej ryc\u017ce psche\u0142o\u017cene, [Bautzen], 1798. (\u00f6ffnet in neuem Tab)\" href=\"https:\/\/digital.slub-dresden.de\/werkansicht\/dlf\/111496\/1\" target=\"_blank\">[LOSKIEL, Georg Heinrich]: Jene Priedowanje na ned\u017celu Oculi: sniemskeho do \u00dferskej ryc\u017ce psche\u0142o\u017cene, [Bautzen], 1798.<\/a><\/p>\n\n\n\n<p><a rel=\"noreferrer noopener\" aria-label=\"[Loskiel, Georg Heinrich], Jene Priedowanje na ned\u017celu Estomihi: snimskeho do \u00dferskej ryc\u017ce psche\u0142o\u017cene, [Bautzen], 1798. (\u00f6ffnet in neuem Tab)\" href=\"https:\/\/digital.slub-dresden.de\/werkansicht\/dlf\/23268\/1\" target=\"_blank\">[LOSKIEL, Georg Heinrich]: Jene Priedowanje na ned\u017celu Estomihi: snimskeho do \u00dferskej ryc\u017ce psche\u0142o\u017cene, [Bautzen], 1798.<\/a><\/p>\n\n\n\n<p><a rel=\"noreferrer noopener\" aria-label=\"[Loskiel, Georg Heinrich], Jene Priedowanje na ned\u017celu Invocavit: sniemskeho do \u00dferskej ryc\u017ce psche\u0142o\u017cene, [Bautzen], 1798. (\u00f6ffnet in neuem Tab)\" href=\"https:\/\/digital.slub-dresden.de\/werkansicht\/dlf\/111495\/1\" target=\"_blank\">[LOSKIEL, Georg Heinrich]: Jene Priedowanje na ned\u017celu Invocavit: sniemskeho do \u00dferskej ryc\u017ce psche\u0142o\u017cene, [Bautzen], 1798.<\/a><\/p>\n\n\n\n<p><a rel=\"noreferrer noopener\" aria-label=\"[Loskiel, Georg Heinrich], Jene Prjedowanje na ned\u017celu Judika: do \u00dferskeje rec\u017ce psche\u0142o\u017cene, [Bautzen], 1798. (\u00f6ffnet in neuem Tab)\" href=\"https:\/\/digital.slub-dresden.de\/werkansicht\/dlf\/111499\/1\" target=\"_blank\">[LOSKIEL, Georg Heinrich]: Jene Prjedowanje na ned\u017celu Judika: do \u00dferskeje rec\u017ce psche\u0142o\u017cene, [Bautzen], 1798.<\/a><\/p>\n\n\n\n<p><a rel=\"noreferrer noopener\" target=\"_blank\" href=\"https:\/\/digital.slub-dresden.de\/werkansicht\/dlf\/397899\/1\">SPANGENBERG, August Gottlieb: Wu\u0142o\u017cenje tych \u00df\u0142owow St. Pawo\u0142a: To \u00df\u0142owo <em>wotkschi\u017ca<\/em> je \u0142uposz tym, ki\u017c subeni bud\u017ca; nam pak, ki\u017c my sbo\u017cni bud\u017cemy, je wono Bo\u017ca moz, Bautzen 1798.<\/a><\/p>\n\n\n\n<p><a rel=\"noreferrer noopener\" aria-label=\"Vogel, Jan, Evangelske Stuc\u017cki a Kirlischewe kotrych\u017c ton prawy Puc\u017e kwjec\u017enej Sbo\u017enoszi, psches Jesu\u00dfowu Sa\u00df\u0142u\u017cbu, pokasany bud\u017ce, Bautzen 1783. (\u00f6ffnet in neuem Tab)\" href=\"https:\/\/sachsen.digital\/werkansicht?tx_dlf[id]=13361&amp;tx_dlf[page]=1\" target=\"_blank\">VOGEL, Jan: Evangelske Stuc\u017cki a Kirlischewe kotrych\u017c ton prawy Puc\u017e kwjec\u017enej Sbo\u017enoszi, psches Jesu\u00dfowu Sa\u00df\u0142u\u017cbu, pokasany bud\u017ce, Bautzen 1783.<\/a><\/p>\n\n\n\n<p><a rel=\"noreferrer noopener\" aria-label=\"Zinzendorf, Nikolaus Ludwig, Njekotre do \u00dferskeho pschestajene Ryc\u017cie kotre\u017c we tym liec\u017ci 1756. jenej Lutherskej Gmejni d\u017cer\u017cane bychu, Berlin 1766. (\u00f6ffnet in neuem Tab)\" href=\"https:\/\/sachsen.digital\/werkansicht?tx_dlf[id]=13598&amp;tx_dlf[page]=1\" target=\"_blank\">ZINZENDORF, Nikolaus Ludwig: Njekotre do \u00dferskeho pschestajene Ryc\u017cie kotre\u017c we tym liec\u017ci 1756. jenej Lutherskej Gmejni d\u017cer\u017cane bychu, Berlin 1766.<\/a><\/p>\n\n\n\n<h2 class=\"wp-block-heading\">Lausitzer Antiherrnhutiana des 18. Jahrhunderts<\/h2>\n\n\n\n<p><a rel=\"noreferrer noopener\" aria-label=\"Fabricius, Christoph Gabriel, Deutsch und wendische Kinder-Gebete, Bautzen 1756. (\u00f6ffnet in neuem Tab)\" href=\"https:\/\/sachsen.digital\/werkansicht?tx_dlf[id]=12146&amp;tx_dlf[page]=1\" target=\"_blank\">FABRICIUS, Christoph Gabriel: Deutsch und wendische Kinder-Gebete, Bautzen 1756.<\/a><\/p>\n\n\n\n<p><a rel=\"noreferrer noopener\" aria-label=\"Fabricius, Christoph Gabriel, Entlarvtes Herrnhuth, Wittenberg 1745. (\u00f6ffnet in neuem Tab)\" href=\"https:\/\/digital.slub-dresden.de\/werkansicht\/dlf\/53350\/1\" target=\"_blank\">FABRICIUS, Christoph Gabriel: Entlarvtes Herrnhuth, Wittenberg 1745.<\/a><\/p>\n\n\n\n<p><a rel=\"noreferrer noopener\" aria-label=\"Gude, Gottlob Friedrich, Unterschejd jadnogo wernego Kschesc\u017cana a jadnogo Herrnhutara wot jadnogo wo tom w\u00e9dobnego pokazani, Cottbus 1778. (\u00f6ffnet in neuem Tab)\" href=\"https:\/\/sachsen.digital\/werkansicht?tx_dlf[id]=13448&amp;tx_dlf[page]=1\" target=\"_blank\">GUDE, Gottlob Friedrich: Unterschejd jadnogo wernego Kschesc\u017cana a jadnogo Herrnhutara wot jadnogo wo tom w\u00e9dobnego pokazani, Cottbus 1778.<\/a><\/p>\n\n\n\n<p><a rel=\"noreferrer noopener\" aria-label=\"Schirach, Adam Gottlob, Geheimes Schreiben eines Herrnhuters an einen seiner ehemaligen guten Schulfreunde: von ihren Ehelotterien, Ehesacrament, Eheviertelstunden, Ehechor-Abendmahle, und Ehefu\u00dfw\u00e4sche, Leipzig 1757. (\u00f6ffnet in neuem Tab)\" href=\"http:\/\/digitale.bibliothek.uni-halle.de\/urn\/urn:nbn:de:gbv:3:1-256298\" target=\"_blank\">SCHIRACH, Adam Gottlob: Geheimes Schreiben eines Herrnhuters an einen seiner ehemaligen guten Schulfreunde: von ihren Ehelotterien, Ehesacrament, Eheviertelstunden, Ehechor-Abendmahle, und Ehefu\u00dfw\u00e4sche, Leipzig 1757.<\/a><\/p>\n\n\n\n<h2 class=\"wp-block-heading\">Sorbische Herrnhutiana des 19. Jahrhunderts<\/h2>\n\n\n\n<p><a rel=\"noreferrer noopener\" aria-label=\"[Anon.], Micha\u0142a Kliemanta z Truppina \u017ciwenje. Ohne Ort, um 1810. (\u00f6ffnet in neuem Tab)\" href=\"https:\/\/sachsen.digital\/werkansicht?tx_dlf[id]=13722&amp;tx_dlf[page]=1\" target=\"_blank\">[ANON.]: Micha\u0142a Kliemanta z Truppina \u017ciwenje. Ohne Ort, um 1810.<\/a><\/p>\n\n\n\n<p><a rel=\"noreferrer noopener\" aria-label=\"Radyserb-Wjela, Jan, Nadpad pola Bukez (1758), Bautzen 1852. (\u00f6ffnet in neuem Tab)\" href=\"https:\/\/sachsen.digital\/werkansicht?tx_dlf[id]=13579&amp;tx_dlf[page]=1\" target=\"_blank\">RADYSERB-WJELA: Jan, Nadpad pola Bukez (1758), Bautzen 1852.<\/a><\/p>\n\n\n\n<p><a rel=\"noreferrer noopener\" aria-label=\"Jen\u010d, Korla August, Selenska a jeje wobydlerjo. Prjeni d\u017ajel, Bautzen 1850.  (\u00f6ffnet in neuem Tab)\" href=\"https:\/\/sachsen.digital\/werkansicht?tx_dlf[id]=12689&amp;tx_dlf[page]=1\ufeff\" target=\"_blank\">JEN\u010c, Korla August: Selenska a jeje wobydlerjo. Prjeni d\u017ajel, Bautzen 1850.<\/a><\/p>\n\n\n\n<p><a rel=\"noreferrer noopener\" aria-label=\"Jen\u010d, Korla August, Selenska a jeje wobydlerjo. Druhi d\u017ajel, Bautzen 1853. (\u00f6ffnet in neuem Tab)\" href=\"https:\/\/sachsen.digital\/werkansicht?tx_dlf[id]=13190&amp;tx_dlf[page]=1\" target=\"_blank\">JEN\u010c, Korla August: Selenska a jeje wobydlerjo. Druhi d\u017ajel, Bautzen 1853.<\/a><br><\/p>\n\n\n\n<p><a rel=\"noreferrer noopener\" aria-label=\"Nepila, Hanso, Autobiografie: (2. und 3. Teil der Welan-Fragmente). Manuscript. Rohne [um 1845].\ufffc (\u00f6ffnet in neuem Tab)\" href=\"https:\/\/sachsen.digital\/werkansicht?tx_dlf[id]=13592&amp;tx_dlf[page]=1\" target=\"_blank\">NEPILA, Hanso: Autobiografie: (2. und 3. Teil der Welan-Fragmente). Manuscript. Rohne [um 1845].<\/a><\/p>\n\n\n\n<p><a rel=\"noreferrer noopener\" aria-label=\"Nepila, Hanso, Fragment eines Erbauungsbuchs. Manuscript. Rohne [um 1845]. (\u00f6ffnet in neuem Tab)\" href=\"https:\/\/sachsen.digital\/werkansicht?tx_dlf[id]=13736&amp;tx_dlf[page]=1\" target=\"_blank\">NEPILA, Hanso: Fragment eines Erbauungsbuchs. Manuscript. Rohne [um 1845].<\/a><\/p>\n\n\n\n<p><a rel=\"noreferrer noopener\" aria-label=\"Nepila, Hanso, Fragment eines Erbauungsbuchs. Manuscript. Rohne [um 1845]. (\u00f6ffnet in neuem Tab)\" href=\"https:\/\/sachsen.digital\/werkansicht?tx_dlf[id]=13602&amp;tx_dlf[page]=1\" target=\"_blank\">NEPILA, Hanso: Fragment eines Erbauungsbuchs. Manuscript. Rohne [um 1845].<\/a><\/p>\n\n\n\n<p>TE\u0160NA\u0154, Jan Bjedrich: Pobo\u017ene g\u0142osy z brat\u0161ojskeje gmejny, 1865\/66.<\/p>\n\n\n\n<h2 class=\"wp-block-heading\">Weiterf\u00fchrende Literatur<\/h2>\n\n\n\n<p>B\u00d6SS, Stephanie: Gottesacker Geschichte als Ged\u00e4chtnis. Eine Ethnographie zur Herrnhuter Erinnerungskultur am Beispiel von Neudietendorfer Lebensl\u00e4ufen, M\u00fcnster, New York 2016.<\/p>\n\n\n\n<p>EV.-LUTHERISCHE KIRCHGEMEINDE NEUKIRCH (Hg.): Neukircher Lebensl\u00e4ufe. Ein Leben f\u00fcr die Br\u00fcdergemeine im 18. und 19. Jahrhundert auf Reisen in Afrika, Amerika, Asien, Europa, Karibik, Spitzkunnersdorf 2017.<\/p>\n\n\n\n<p>HOSE, Susanne: \u201eF\u00fcr die Stunde meines Begr\u00e4bnisses\u201c: Zur kommunikativen Funktion von Lebensgeschichten in der Herrnhuter Br\u00fcdergemeine. Ein Beitrag zum Zinzendorf-Jahr, in: L\u011btopis 47\/1, 2000, S. 80\u201394.<\/p>\n\n\n\n<p>JAHN, Peter Milan: Vom Roboter zum Schulpropheten. Hanso Nepila (1766 \u2013 1856). Schriften des Sorbischen Instituts 52, Bautzen 2010.<\/p>\n\n\n\n<p>LASCH, Alexander: Lebensbeschreibungen in der Zeit. Zur Kommunikation biographischer Texte in den pietistischen Gemeinschaften der Herrnhuter Br\u00fcdergemeine und der Dresdner Diakonissenschwesternschaft im 19. Jahrhundert, M\u00fcnster 2005.<\/p>\n\n\n\n<p>MAHLING, Lubina: Alphabetisierung und Pluralisierung. Zur Wirkung des Pietismus unter den Sorben im 18. Jahrhundert, in: Pietismus und Neuzeit 42, 2016, S. 162\u2013182.<\/p>\n\n\n\n<p>MAHLING, Lubina: Pietistische Lehrerbildung in der sorbischen Lausitz. Die Belowsche Schulanstalt in Gro\u00dfwelka und das Gr\u00e4flich Dohnasche Institut in Uhyst\/Spree, in: L\u011btopis 64\/1, 2017, S. 22\u201343.<\/p>\n\n\n\n<p>MAHLING, Lubina: Um der Wenden Seelenheyl hochverdient. Reichsgraf Friedrich Caspar von Gersdorf. Eine Untersuchung zum Kulturtransfer im Pietismus, Bautzen 2017.<\/p>\n\n\n\n<p>MAHLING, Lubina: Bibel, Traktat und Handschrift \u2013 sorbische Lesewelten im 18. Jahrhundert. Leser und Lekt\u00fcre im Spiegel der Herrnhutischen \u00dcberlieferung, in: L\u011btopis 66\/1, 2019, S. 54\u201396.<\/p>\n\n\n\n<p>MAHLING, Lubina: Verflechtungsraum Lausitz. B\u00f6hmisch-ungarische Exulanten und Lausitzer Sorben. Begegnungen und Beziehungen im 18. Jahrhundert, Bautzen 2019.<\/p>\n\n\n\n<p>METTELE, Gisela: Weltb\u00fcrgertum oder Gottesreich. Die Herrnhuter Br\u00fcdergemeine als globale Gemeinschaft 1727\u20131857, G\u00f6ttingen 2009.<\/p>\n\n\n\n<p>MEYER, Dietrich: Zinzendorf und die Herrnhuter Br\u00fcdergemeine, G\u00f6ttingen 2000.<\/p>\n\n\n\n<p>MIHAN, Volker: Die Br\u00fcdergemeine in Kleinwelka in ihrem Verh\u00e4ltnis zu den Sorben im 18. Jahrhundert, Examensarbeit zum ersten theologischen Examen (masch.), Neuwied 2000.<\/p>\n\n\n\n<p>MOTEL, Hans-Beat: \u201eMama, mein Herz geht kaputt!\u201c Das Schicksal der Herrnhuter Missionskinder, Herrnhut 2013.<\/p>\n\n\n\n<p>PEUCKER, Paul: Herrnhuter W\u00f6rterbuch. Kleines Lexikon von br\u00fcderischen Begriffen, Herrnhut 2000.<\/p>\n\n\n\n<p>WI\u0106AZ, Ota: Wo serbskim ludowym basnistwje.\/Serbja jako misijonarojo Bratrowskeje Jednoty.\/Serbowka w Surinamje, Bautzen 1922.<\/p>\n","protected":false},"excerpt":{"rendered":"<p>Herrnhutische Schriften des 18. Jahrhunderts in ober- und niedersorbischer Sprache Hersen, Ernst August: Ton \u0141o\u00df teje Newesty Jesu\u00dfoweje we Njekotrych Evangelskich Sserskich Stuc\u017ckach, Bautzen 1750. KAMPMANN, Franz Christian: Wendische Grammatica, Manuscript, 1750. KAMPMANN, Franz Christian: Wendisches Lexicon, Manuscript, 1750. [LOSKIEL, Georg Heinrich]: Jadno pratkowa\u1e45e Na \u1e44e\u017celu Oculi: sa tim do \u00dfer\u00dfkego pschestawjone a schischc\u017cane, ak &hellip;<\/p>\n","protected":false},"author":2,"featured_media":0,"parent":1285,"menu_order":0,"comment_status":"closed","ping_status":"closed","template":"","meta":{"_acf_changed":false,"footnotes":""},"class_list":["post-1200","page","type-page","status-publish","hentry"],"acf":[],"_links":{"self":[{"href":"https:\/\/www1.sorabicon.de\/en\/wp-json\/wp\/v2\/pages\/1200","targetHints":{"allow":["GET"]}}],"collection":[{"href":"https:\/\/www1.sorabicon.de\/en\/wp-json\/wp\/v2\/pages"}],"about":[{"href":"https:\/\/www1.sorabicon.de\/en\/wp-json\/wp\/v2\/types\/page"}],"author":[{"embeddable":true,"href":"https:\/\/www1.sorabicon.de\/en\/wp-json\/wp\/v2\/users\/2"}],"replies":[{"embeddable":true,"href":"https:\/\/www1.sorabicon.de\/en\/wp-json\/wp\/v2\/comments?post=1200"}],"version-history":[{"count":24,"href":"https:\/\/www1.sorabicon.de\/en\/wp-json\/wp\/v2\/pages\/1200\/revisions"}],"predecessor-version":[{"id":12306,"href":"https:\/\/www1.sorabicon.de\/en\/wp-json\/wp\/v2\/pages\/1200\/revisions\/12306"}],"up":[{"embeddable":true,"href":"https:\/\/www1.sorabicon.de\/en\/wp-json\/wp\/v2\/pages\/1285"}],"wp:attachment":[{"href":"https:\/\/www1.sorabicon.de\/en\/wp-json\/wp\/v2\/media?parent=1200"}],"curies":[{"name":"wp","href":"https:\/\/api.w.org\/{rel}","templated":true}]}}