{"id":1205,"date":"2019-05-03T16:18:58","date_gmt":"2019-05-03T14:18:58","guid":{"rendered":"http:\/\/sorabicon.dev.webstitut.de\/?page_id=1205"},"modified":"2019-06-10T11:15:11","modified_gmt":"2019-06-10T09:15:11","slug":"links","status":"publish","type":"page","link":"https:\/\/www1.sorabicon.de\/en\/herrnhuter-lebenslaeufe\/links\/","title":{"rendered":"Links"},"content":{"rendered":"\n<p><strong><br><\/strong>Auf folgenden Seiten finden Sie weitergehende\nInformationen bzw. Zugang zu historischen Quellen zu den Themen Pietismus,\nBr\u00fcdergemeine und Herrnhuter Lebensl\u00e4ufe: <\/p>\n\n\n\n<ul class=\"wp-block-list\"><li><a rel=\"noreferrer noopener\" aria-label=\"Br\u00fcderunit\u00e4t  (\u00f6ffnet in neuem Tab)\" href=\"https:\/\/www.ebu.de\/brueder-unitaet\" target=\"_blank\">Br\u00fcderunit\u00e4t <\/a><\/li><li><a rel=\"noreferrer noopener\" aria-label=\"Br\u00fcdergemeine Herrnhut  (\u00f6ffnet in neuem Tab)\" href=\"http:\/\/www.herrnhut.ebu.de\/start\/\" target=\"_blank\">Br\u00fcdergemeine Herrnhut <\/a><\/li><li><a rel=\"noreferrer noopener\" aria-label=\"Br\u00fcdergemeine Kleinwelka  (\u00f6ffnet in neuem Tab)\" href=\"http:\/\/www.bruedergemeine-kleinwelka.de\" target=\"_blank\">Br\u00fcdergemeine Kleinwelka <\/a><\/li><li><a rel=\"noreferrer noopener\" aria-label=\"Schwesternh\u00e4user Kleinwelka  (\u00f6ffnet in neuem Tab)\" href=\"https:\/\/schwesternhaeuser.de\/kleinwelka\/\" target=\"_blank\">Schwesternh\u00e4user Kleinwelka <\/a><\/li><li><a rel=\"noreferrer noopener\" aria-label=\"Br\u00fcdergemeine Niesky  (\u00f6ffnet in neuem Tab)\" href=\"http:\/\/www.niesky.ebu.de\/start\/\" target=\"_blank\">Br\u00fcdergemeine Niesky <\/a><\/li><li><a rel=\"noreferrer noopener\" aria-label=\"Unit\u00e4tsarchiv Herrnhut  (\u00f6ffnet in neuem Tab)\" href=\"http:\/\/www.archiv.ebu.de\" target=\"_blank\">Unit\u00e4tsarchiv Herrnhut <\/a><\/li><li><a rel=\"noreferrer noopener\" aria-label=\"Moravianlives  (\u00f6ffnet in neuem Tab)\" href=\"http:\/\/moravianlives.org\/\" target=\"_blank\">Moravian lives <\/a><\/li><li><a rel=\"noreferrer noopener\" aria-label=\"Studienzentrum August Hermann Francke   (\u00f6ffnet in neuem Tab)\" href=\"https:\/\/www.francke-halle.de\/studienzentrum-august-hermann-francke-archiv-und-bibliothek-\/einrichtungen-e-4.html\" target=\"_blank\">Studienzentrum August Hermann Francke  <\/a><\/li><\/ul>\n","protected":false},"excerpt":{"rendered":"<p>Auf folgenden Seiten finden Sie weitergehende Informationen bzw. Zugang zu historischen Quellen zu den Themen Pietismus, Br\u00fcdergemeine und Herrnhuter Lebensl\u00e4ufe: Br\u00fcderunit\u00e4t Br\u00fcdergemeine Herrnhut Br\u00fcdergemeine Kleinwelka Schwesternh\u00e4user Kleinwelka Br\u00fcdergemeine Niesky Unit\u00e4tsarchiv Herrnhut Moravian lives Studienzentrum August Hermann Francke<\/p>\n","protected":false},"author":2,"featured_media":0,"parent":1285,"menu_order":0,"comment_status":"closed","ping_status":"closed","template":"","meta":{"_acf_changed":false,"footnotes":""},"class_list":["post-1205","page","type-page","status-publish","hentry"],"acf":[],"_links":{"self":[{"href":"https:\/\/www1.sorabicon.de\/en\/wp-json\/wp\/v2\/pages\/1205","targetHints":{"allow":["GET"]}}],"collection":[{"href":"https:\/\/www1.sorabicon.de\/en\/wp-json\/wp\/v2\/pages"}],"about":[{"href":"https:\/\/www1.sorabicon.de\/en\/wp-json\/wp\/v2\/types\/page"}],"author":[{"embeddable":true,"href":"https:\/\/www1.sorabicon.de\/en\/wp-json\/wp\/v2\/users\/2"}],"replies":[{"embeddable":true,"href":"https:\/\/www1.sorabicon.de\/en\/wp-json\/wp\/v2\/comments?post=1205"}],"version-history":[{"count":3,"href":"https:\/\/www1.sorabicon.de\/en\/wp-json\/wp\/v2\/pages\/1205\/revisions"}],"predecessor-version":[{"id":3666,"href":"https:\/\/www1.sorabicon.de\/en\/wp-json\/wp\/v2\/pages\/1205\/revisions\/3666"}],"up":[{"embeddable":true,"href":"https:\/\/www1.sorabicon.de\/en\/wp-json\/wp\/v2\/pages\/1285"}],"wp:attachment":[{"href":"https:\/\/www1.sorabicon.de\/en\/wp-json\/wp\/v2\/media?parent=1205"}],"curies":[{"name":"wp","href":"https:\/\/api.w.org\/{rel}","templated":true}]}}