{"id":1207,"date":"2019-05-03T16:20:41","date_gmt":"2019-05-03T14:20:41","guid":{"rendered":"http:\/\/sorabicon.dev.webstitut.de\/?page_id=1207"},"modified":"2020-06-16T08:06:20","modified_gmt":"2020-06-16T06:06:20","slug":"transkriptionsrichtlinien","status":"publish","type":"page","link":"https:\/\/www1.sorabicon.de\/en\/herrnhuter-lebenslaeufe\/transkriptionsrichtlinien\/","title":{"rendered":"Transkriptionsrichtlinien"},"content":{"rendered":"\n<p><\/p>\n\n\n\n<ul class=\"wp-block-list\"><li>Alle diakritischen Zeichen werden wiedergegeben, weggelassen wird lediglich der als Lesehilfe dienende u-Bogen \u00fcber dem Vokal \u201eu\u201d. Fehlende Punkte \u00fcber \u201ei\u201d und \u201ej\u201d werden stillschweigend erg\u00e4nzt. Kontrakturen wie der waagerechte Verdopplungsstrich \u00fcber dem \u201em\u201c oder \u201en\u201c werden stillschweigend zu \u201emm\u201c oder \u201enn\u201c aufgel\u00f6st. <\/li><li>Kustoden [Angabe der Anfangssilbe oder des ersten Worts der  Folgeseite in der rechten unteren Ecke] werden nur vermerkt, wenn  sie vom Anfang der folgenden Seite abweichen. <\/li><li>Der Bestand von Konsonanten wird grunds\u00e4tzlich gewahrt. Dieser  Grundsatz gilt auch f\u00fcr \u201es\u201d, \u201ess\u201d, \u201e\u00df\u201d, \u201esz\u201d und \u201ez\u201d, lediglich die  Differenzierung zwischen dem langen und runden \u201es\u201d bleibt heutigem  Gebrauch nach von dieser Regel ausgenommen und wird durch das einfache  \u201es\u201c wiedergegeben. Bei nicht eindeutiger Lesart findet die heutige  Orthografie Anwendung. <\/li><li>Gro\u00df- und Kleinschreibung sowie Getrennt- und Zusammenschreibung  folgen der Vorlage. Bei nicht eindeutiger Lesart findet die heutige  Orthografie Anwendung.  <\/li><li>Abschlie\u00dfend sei darauf hingewiesen, dass trotz gr\u00f6\u00dftm\u00f6glicher Sorgfalt  bei Erstellung der Abschriften Les- bzw. Schreibfehler m\u00f6glich sind.  <\/li><\/ul>\n\n\n\n<p><\/p>\n","protected":false},"excerpt":{"rendered":"<p>Alle diakritischen Zeichen werden wiedergegeben, weggelassen wird lediglich der als Lesehilfe dienende u-Bogen \u00fcber dem Vokal \u201eu\u201d. Fehlende Punkte \u00fcber \u201ei\u201d und \u201ej\u201d werden stillschweigend erg\u00e4nzt. Kontrakturen wie der waagerechte Verdopplungsstrich \u00fcber dem \u201em\u201c oder \u201en\u201c werden stillschweigend zu \u201emm\u201c oder \u201enn\u201c aufgel\u00f6st. Kustoden [Angabe der Anfangssilbe oder des ersten Worts der Folgeseite in der &hellip;<\/p>\n","protected":false},"author":2,"featured_media":0,"parent":1285,"menu_order":0,"comment_status":"closed","ping_status":"closed","template":"","meta":{"_acf_changed":false,"footnotes":""},"class_list":["post-1207","page","type-page","status-publish","hentry"],"acf":[],"_links":{"self":[{"href":"https:\/\/www1.sorabicon.de\/en\/wp-json\/wp\/v2\/pages\/1207","targetHints":{"allow":["GET"]}}],"collection":[{"href":"https:\/\/www1.sorabicon.de\/en\/wp-json\/wp\/v2\/pages"}],"about":[{"href":"https:\/\/www1.sorabicon.de\/en\/wp-json\/wp\/v2\/types\/page"}],"author":[{"embeddable":true,"href":"https:\/\/www1.sorabicon.de\/en\/wp-json\/wp\/v2\/users\/2"}],"replies":[{"embeddable":true,"href":"https:\/\/www1.sorabicon.de\/en\/wp-json\/wp\/v2\/comments?post=1207"}],"version-history":[{"count":5,"href":"https:\/\/www1.sorabicon.de\/en\/wp-json\/wp\/v2\/pages\/1207\/revisions"}],"predecessor-version":[{"id":6686,"href":"https:\/\/www1.sorabicon.de\/en\/wp-json\/wp\/v2\/pages\/1207\/revisions\/6686"}],"up":[{"embeddable":true,"href":"https:\/\/www1.sorabicon.de\/en\/wp-json\/wp\/v2\/pages\/1285"}],"wp:attachment":[{"href":"https:\/\/www1.sorabicon.de\/en\/wp-json\/wp\/v2\/media?parent=1207"}],"curies":[{"name":"wp","href":"https:\/\/api.w.org\/{rel}","templated":true}]}}