{"id":3208,"date":"2019-06-04T15:04:30","date_gmt":"2019-06-04T13:04:30","guid":{"rendered":"http:\/\/sorabicon.dev.webstitut.de\/?page_id=3208"},"modified":"2019-11-14T11:32:16","modified_gmt":"2019-11-14T10:32:16","slug":"ueber-das-projekt","status":"publish","type":"page","link":"https:\/\/www1.sorabicon.de\/en\/sorbische-kirche-luebben\/ueber-das-projekt\/","title":{"rendered":"\u00dcber das Projekt"},"content":{"rendered":"\n<div class=\"wp-block-image\"><figure class=\"alignright is-resized\"><img loading=\"lazy\" decoding=\"async\" src=\"https:\/\/www1.sorabicon.de\/wp-content\/uploads\/2019\/06\/SMWA_ESF_LO_Sachsen_2019_QUER_RGB-1-1024x260.jpg\" alt=\"\" class=\"wp-image-4186\" width=\"300\" height=\"77\" srcset=\"https:\/\/www1.sorabicon.de\/wp-content\/uploads\/2019\/06\/SMWA_ESF_LO_Sachsen_2019_QUER_RGB-1-1024x260.jpg 1024w, https:\/\/www1.sorabicon.de\/wp-content\/uploads\/2019\/06\/SMWA_ESF_LO_Sachsen_2019_QUER_RGB-1-300x76.jpg 300w, https:\/\/www1.sorabicon.de\/wp-content\/uploads\/2019\/06\/SMWA_ESF_LO_Sachsen_2019_QUER_RGB-1-768x195.jpg 768w, https:\/\/www1.sorabicon.de\/wp-content\/uploads\/2019\/06\/SMWA_ESF_LO_Sachsen_2019_QUER_RGB-1.jpg 1157w\" sizes=\"auto, (max-width: 300px) 100vw, 300px\" \/><\/figure><\/div>\n\n\n\n<p>Die hier ver\u00ad\u00f6f\u00adfent\u00adlich\u00adte Edi\u00adtion ist im Kon\u00adtext des von 2016 bis 2019 am Sor\u00adbi\u00adschen Insti\u00adtut und der TU Dres\u00adden an\u00adge\u00adsie\u00addel\u00adten Pro\u00adjekts \u201eSorben\u00adwissen\u201c ent\u00adstanden. Die Nach\u00adwuchs\u00adforscher\u00adgruppe wurde durch den Euro\u00adp\u00e4\u00adischen Sozial\u00adfonds gef\u00f6rdert.<\/p>\n\n\n\n<p>Dar\u00fcber hinaus haben das Brandenburgische Landeshauptarchiv in Potsdam, namentlich Herr Prof. Dr. Klaus Neitmann, sowie das Kreisarchiv des Landkreises Dahme-Spreewald in Luckau, namentlich Herr Thomas Mietk, das Projekt durch die Anfertigung und Bereitstellung von Reproduktionen der edierten Archivalien unterst\u00fctzt. Einzelne Abbildungen stellte auch das Stadt- und Regionalmuseum L\u00fcbben zur Verf\u00fcgung, wobei hier vor allem Frau Marianne Wenzel behilflich war. F\u00fcr diese F\u00f6rderung des Projekts sei herzlich gedankt. <\/p>\n\n\n\n<p><a href=\"https:\/\/www1.sorabicon.de\/sorbische-kirche-luebben\/auswahl-der-edierten-dokumente\/\">Auswahl der edierten Dokumente<\/a><\/p>\n\n\n\n<p><a href=\"https:\/\/www1.sorabicon.de\/sorbische-kirche-luebben\/transkription-und-erschliessung-der-texte\/\">Transkription und Erschlie\u00dfung der Texte<\/a><\/p>\n\n\n\n<p><a href=\"https:\/\/www1.sorabicon.de\/sorbische-kirche-luebben\/bibliografie\/\">Bibliografie<\/a><\/p>\n","protected":false},"excerpt":{"rendered":"<p>Die hier ver\u00ad\u00f6f\u00adfent\u00adlich\u00adte Edi\u00adtion ist im Kon\u00adtext des von 2016 bis 2019 am Sor\u00adbi\u00adschen Insti\u00adtut und der TU Dres\u00adden an\u00adge\u00adsie\u00addel\u00adten Pro\u00adjekts \u201eSorben\u00adwissen\u201c ent\u00adstanden. Die Nach\u00adwuchs\u00adforscher\u00adgruppe wurde durch den Euro\u00adp\u00e4\u00adischen Sozial\u00adfonds gef\u00f6rdert. Dar\u00fcber hinaus haben das Brandenburgische Landeshauptarchiv in Potsdam, namentlich Herr Prof. Dr. Klaus Neitmann, sowie das Kreisarchiv des Landkreises Dahme-Spreewald in Luckau, namentlich Herr &hellip;<\/p>\n","protected":false},"author":2,"featured_media":0,"parent":3154,"menu_order":0,"comment_status":"closed","ping_status":"closed","template":"","meta":{"_acf_changed":false,"footnotes":""},"class_list":["post-3208","page","type-page","status-publish","hentry"],"acf":[],"_links":{"self":[{"href":"https:\/\/www1.sorabicon.de\/en\/wp-json\/wp\/v2\/pages\/3208","targetHints":{"allow":["GET"]}}],"collection":[{"href":"https:\/\/www1.sorabicon.de\/en\/wp-json\/wp\/v2\/pages"}],"about":[{"href":"https:\/\/www1.sorabicon.de\/en\/wp-json\/wp\/v2\/types\/page"}],"author":[{"embeddable":true,"href":"https:\/\/www1.sorabicon.de\/en\/wp-json\/wp\/v2\/users\/2"}],"replies":[{"embeddable":true,"href":"https:\/\/www1.sorabicon.de\/en\/wp-json\/wp\/v2\/comments?post=3208"}],"version-history":[{"count":7,"href":"https:\/\/www1.sorabicon.de\/en\/wp-json\/wp\/v2\/pages\/3208\/revisions"}],"predecessor-version":[{"id":4816,"href":"https:\/\/www1.sorabicon.de\/en\/wp-json\/wp\/v2\/pages\/3208\/revisions\/4816"}],"up":[{"embeddable":true,"href":"https:\/\/www1.sorabicon.de\/en\/wp-json\/wp\/v2\/pages\/3154"}],"wp:attachment":[{"href":"https:\/\/www1.sorabicon.de\/en\/wp-json\/wp\/v2\/media?parent=3208"}],"curies":[{"name":"wp","href":"https:\/\/api.w.org\/{rel}","templated":true}]}}