{"id":5595,"date":"2019-11-26T09:03:34","date_gmt":"2019-11-26T08:03:34","guid":{"rendered":"https:\/\/www2.sorabicon.de\/?page_id=5595"},"modified":"2020-09-15T12:04:30","modified_gmt":"2020-09-15T10:04:30","slug":"brandenburgisches-landeshauptarchiv","status":"publish","type":"page","link":"https:\/\/www1.sorabicon.de\/en\/quellen-zur-sorbischen-geschichte-1918-1945\/brandenburgisches-landeshauptarchiv\/","title":{"rendered":"Brandenburgisches Landeshauptarchiv"},"content":{"rendered":"\n<h2 class=\"wp-block-heading\">Verzeichnungseinheiten<\/h2>\n\n\n\n<p><a href=\"https:\/\/www1.sorabicon.de\/wissensquellen\/suche-ergebnisse\/?facet_archiv=QnJhbmRlbmJ1cmdpc2NoZXMgTGFuZGVzaGF1cHRhcmNoaXYg&amp;facet_module=dagswens\">Hier<\/a> k\u00f6nnen Sie sich die Verzeichnungseinheiten, die von diesem Archiv erfasst wurden, auflisten lassen. <\/p>\n\n\n\n<h2 class=\"wp-block-heading\">Historischer Kontext<\/h2>\n\n\n\n<p>Der Wiener Kongress hatte die Herrschaftsverh\u00e4ltnisse in der Lausitz, dem Siedlungsgebiet der Sorben, neu bestimmt. Gem\u00e4\u00df dem Friedensvertrag zwischen Preu\u00dfen und Sachsen vom 18.&nbsp;Mai 1815 verblieb nur ein Teil der Oberlausitz bei dem im Krieg unterlegenen K\u00f6nigreich Sachsen, w\u00e4hrend das siegreiche K\u00f6nigreich Preu\u00dfen die Niederlausitz und den Norden und Osten der Oberlausitz erhielt. Unmittelbar im Anschluss wurde im preu\u00dfischen Teil der Oberlausitz die \u00fcberkommene landst\u00e4ndische Verfassung beseitigt, die Verwaltung modernisiert und das Gebiet in die preu\u00dfische Provinz Schlesien integriert (Regierungsbezirk Liegnitz, umgangssprachlich: Niederschlesien).<\/p>\n\n\n\n<p>Auch im preu\u00dfischen Teil der Niederlausitz wurden die Rechte der St\u00e4nde aufgehoben, die einheitliche Rechts- und Verwaltungsordnung des preu\u00dfischen Zentralstaates eingef\u00fchrt und das Gebiet in sieben Landkreise formiert. Die Zentren der niedersorbischen Kultur lagen nunmehr in der preu\u00dfischen Provinz Brandenburg (Regierungsbezirk Frankfurt\/Oder). Diese Verwaltungsstruktur blieb im Wesentlichen unver\u00e4ndert, bis auf der Potsdamer Konferenz 1945 beschlossen wurde, das Gebiet der Provinz \u00f6stlich der Oder-Nei\u00dfe-Linie unter polnische Verwaltung zu stellen. Der in der Sowjetischen Besatzungszone gelegene westliche Teil der Provinz ging dann im neu geschaffenen Land Brandenburg auf, das sp\u00e4ter ein Gliedstaat der Deutschen Demokratischen Republik (DDR) wurde. <\/p>\n\n\n\n<h2 class=\"wp-block-heading\">\u00dcberlieferungsgeschichte<\/h2>\n\n\n\n<p>Die Unterlagen der staatlichen Verwaltungen der preu\u00dfischen Provinz Brandenburg (Regierung sowie Regierungspr\u00e4sidium Frankfurt\/Oder) sind heute \u00fcberliefert im Brandenburgischen Landeshauptarchiv mit Sitz in Potsdam (BLHA). Allerdings liegen kaum sorabistisch relevante Archivalien vor. Die hier einschl\u00e4gigen Best\u00e4nde wie bspw. die \u00dcberlieferung der preu\u00dfischen Regierung in Frankfurt\/O. (\u201eRep. 3B Regierung Frankfurt\/O.\u201c) aus dem Zeitraum 1918 bis 1945 haben gro\u00dfe Kriegsverluste erfahren. Weitere einschl\u00e4gige Best\u00e4nde wie etwas die der Ortspolizeibeh\u00f6rden sind ebenfalls nur l\u00fcckenhaft \u00fcberliefert, die Aktenlage zu den Amtsbezirken und Kreisverwaltungen ist unterschiedlich, aber gleichwohl schlecht. <\/p>\n\n\n\n<p>Die \u00dcberlieferung der preu\u00dfischen Regierung in Liegnitz befindet sich heute im Archivgewahrsam des polnischen Staatsarchivs (Archiwum Pa\u00f1stwowe w Wroc\u0142awiu). Die \u00dcberlieferungslage ist vergleichbar mit der o.g. des Regierungsbezirks Frankfurt\/Oder. Entsprechend k\u00f6nnen an dieser Stelle durch das Digitale Archivportal zur Geschichte der Sorben nur einige wenige Unterlagen aus der Provenienz preu\u00dfischer Provinzialbeh\u00f6rden pr\u00e4sentiert werden. <\/p>\n\n\n\n<h2 class=\"wp-block-heading\">Sorabistische Relevanz<\/h2>\n\n\n\n<p> Das monarchische Preu\u00dfen wie auch der Freistaat Preu\u00dfen verfolgten gegen\u00fcber den Angeh\u00f6rigen des sorbischen Volkes jederzeit eine Assimilierungspolitik. Die sorbische Sprache und Kultur waren den preu\u00dfischen Autorit\u00e4ten verd\u00e4chtig und sollten nicht nur nicht gef\u00f6rdert, sondern verdr\u00e4ngt und langfristig durch das Deutsche ersetzt werden. Die wenigen \u00fcberlieferten Dokumente belegen exemplarisch diese Haltung sowie auch die konzertierte Sorbenpolitik des Reiches und der Freistaaten Preu\u00dfen und Sachsen. <\/p>\n\n\n\n<p><\/p>\n","protected":false},"excerpt":{"rendered":"<p>Verzeichnungseinheiten Hier k\u00f6nnen Sie sich die Verzeichnungseinheiten, die von diesem Archiv erfasst wurden, auflisten lassen. Historischer Kontext Der Wiener Kongress hatte die Herrschaftsverh\u00e4ltnisse in der Lausitz, dem Siedlungsgebiet der Sorben, neu bestimmt. Gem\u00e4\u00df dem Friedensvertrag zwischen Preu\u00dfen und Sachsen vom 18.&nbsp;Mai 1815 verblieb nur ein Teil der Oberlausitz bei dem im Krieg unterlegenen K\u00f6nigreich Sachsen, &hellip;<\/p>\n","protected":false},"author":1,"featured_media":0,"parent":5535,"menu_order":0,"comment_status":"closed","ping_status":"closed","template":"","meta":{"_acf_changed":false,"footnotes":""},"class_list":["post-5595","page","type-page","status-publish","hentry"],"acf":[],"_links":{"self":[{"href":"https:\/\/www1.sorabicon.de\/en\/wp-json\/wp\/v2\/pages\/5595","targetHints":{"allow":["GET"]}}],"collection":[{"href":"https:\/\/www1.sorabicon.de\/en\/wp-json\/wp\/v2\/pages"}],"about":[{"href":"https:\/\/www1.sorabicon.de\/en\/wp-json\/wp\/v2\/types\/page"}],"author":[{"embeddable":true,"href":"https:\/\/www1.sorabicon.de\/en\/wp-json\/wp\/v2\/users\/1"}],"replies":[{"embeddable":true,"href":"https:\/\/www1.sorabicon.de\/en\/wp-json\/wp\/v2\/comments?post=5595"}],"version-history":[{"count":6,"href":"https:\/\/www1.sorabicon.de\/en\/wp-json\/wp\/v2\/pages\/5595\/revisions"}],"predecessor-version":[{"id":10921,"href":"https:\/\/www1.sorabicon.de\/en\/wp-json\/wp\/v2\/pages\/5595\/revisions\/10921"}],"up":[{"embeddable":true,"href":"https:\/\/www1.sorabicon.de\/en\/wp-json\/wp\/v2\/pages\/5535"}],"wp:attachment":[{"href":"https:\/\/www1.sorabicon.de\/en\/wp-json\/wp\/v2\/media?parent=5595"}],"curies":[{"name":"wp","href":"https:\/\/api.w.org\/{rel}","templated":true}]}}