{"id":11953,"date":"2022-06-22T11:46:17","date_gmt":"2022-06-22T09:46:17","guid":{"rendered":"https:\/\/www.sorabicon.de\/nachlass-christian-und-gotthold-schwela\/nachlass-christian-schwela\/"},"modified":"2022-06-23T10:02:26","modified_gmt":"2022-06-23T08:02:26","slug":"nachlass-christian-schwela","status":"publish","type":"page","link":"https:\/\/www1.sorabicon.de\/hsb\/nachlass-christian-und-gotthold-schwela\/nachlass-christian-schwela\/","title":{"rendered":"Zaw\u00f3staje\u0144stwo Kita \u0160wjele"},"content":{"rendered":"\n<div class=\"wp-block-columns is-layout-flex wp-container-core-columns-is-layout-9d6595d7 wp-block-columns-is-layout-flex\">\n<div class=\"wp-block-column is-layout-flow wp-block-column-is-layout-flow\" style=\"flex-basis:33.33%\">\n<figure class=\"wp-block-image size-large is-resized\"><img decoding=\"async\" src=\"https:\/\/www1.sorabicon.de\/wp-content\/uploads\/2022\/03\/Swjela_Kito-681x1024.jpg\" alt=\"\" class=\"wp-image-11854\" width=\"240\" srcset=\"https:\/\/www1.sorabicon.de\/wp-content\/uploads\/2022\/03\/Swjela_Kito-681x1024.jpg 681w, https:\/\/www1.sorabicon.de\/wp-content\/uploads\/2022\/03\/Swjela_Kito-199x300.jpg 199w, https:\/\/www1.sorabicon.de\/wp-content\/uploads\/2022\/03\/Swjela_Kito-768x1155.jpg 768w, https:\/\/www1.sorabicon.de\/wp-content\/uploads\/2022\/03\/Swjela_Kito-1021x1536.jpg 1021w, https:\/\/www1.sorabicon.de\/wp-content\/uploads\/2022\/03\/Swjela_Kito.jpg 1194w\" sizes=\"(max-width: 681px) 100vw, 681px\" \/><\/figure><\/div>\n\n\n\n<div class=\"wp-block-column is-layout-flow wp-block-column-is-layout-flow\" style=\"flex-basis:66.66%\">\n<p>Kito \u0160wjela (Christian \u0160wjela), rod\u017aeny 1836, li\u010di k najwa\u017eni\u0161im zastupjerjam serbskeho kulturneho \u017eiwjenja w druhej po\u0142ojcy 19. l\u011btstotka w Delnjej \u0141u\u017eicy. Nimo swojeho d\u017a\u011b\u0142a jako wu\u010der ludoweje \u0161ule a kantora, z toho 44 l\u011bta w Schorbusu, je w\u00f3n p\u0159edew\u0161\u011bm jako redaktor delnjoserbskeho tyd\u017aenika \u201eBramborski serbski casnik\u201c znaty. 50 l\u011bta wudawa\u0161e k\u00f3\u017edy tyd\u017ae\u0144 tele \u0142opjeno a zdoby sej z tym wulke zas\u0142u\u017eby p\u0159i wuwiwanju delnjoserbskeje spisowneje r\u011b\u010de a literatury. 1922 zemr\u011b w Cho\u0107ebuzu.<\/p>\n\n\n\n<p>Jeho zawostajenstwo njeje porno jeho redakcionelnemu d\u017a\u011b\u0142u jara wob\u0161\u011brne a b\u011b pr\u011bnjotnje wobstatk zawostajenstwa swojeho syna Bogumi\u0142a. W\u00f3n wobsahuje n\u011bkotre ma\u0142o dokumentow k jeho \u017eiwjenju a skutkowanju ka\u017e te\u017e n\u011bkotre listy na njeho \u2013 n\u011bkotre z ma\u0142o pisomnych sw\u011bd\u010denjow ze serbskeho kulturneho \u017eiwjenja swojeho \u010dasa. Rukopis jeho awtobiografije, kotry\u017e te\u017e w kni\u017enej formje p\u0159edle\u017ei, njem\u00f3\u017ee\u0161e so konserwatoriskich p\u0159i\u010din dla digitalizowa\u0107.<\/p>\n<\/div>\n<\/div>\n<h2>Inhaltsverzeichnis<\/h2><ul style=\"list-style-type:none;\"><li><a href=\"https:\/\/www1.sorabicon.de\/hsb\/nachlass-christian-und-gotthold-schwela\/nachlass-christian-schwela\/verzeichniseinheiten\/?ChapterID=DE-611-BF-84876\">1. Lebensdokumente<\/a><\/li><ul style=\"list-style-type:none;\"><li><a href=\"https:\/\/www1.sorabicon.de\/hsb\/nachlass-christian-und-gotthold-schwela\/nachlass-christian-schwela\/verzeichniseinheiten\/?ChapterID=DE-611-BF-84877\">1.1 Biografische Dokumente<\/a><\/li><ul style=\"list-style-type:none;\"><\/ul><li><a href=\"https:\/\/www1.sorabicon.de\/hsb\/nachlass-christian-und-gotthold-schwela\/nachlass-christian-schwela\/verzeichniseinheiten\/?ChapterID=DE-611-BF-84878\">1.2 Berufsangelegenheiten<\/a><\/li><ul style=\"list-style-type:none;\"><\/ul><li><a href=\"https:\/\/www1.sorabicon.de\/hsb\/nachlass-christian-und-gotthold-schwela\/nachlass-christian-schwela\/verzeichniseinheiten\/?ChapterID=DE-611-BF-84879\">1.3 Selbstzeugnisse<\/a><\/li><ul style=\"list-style-type:none;\"><\/ul><\/ul><li><a href=\"https:\/\/www1.sorabicon.de\/hsb\/nachlass-christian-und-gotthold-schwela\/nachlass-christian-schwela\/verzeichniseinheiten\/?ChapterID=DE-611-BF-84880\">2. Werk<\/a><\/li><ul style=\"list-style-type:none;\"><\/ul><li><a href=\"https:\/\/www1.sorabicon.de\/hsb\/nachlass-christian-und-gotthold-schwela\/nachlass-christian-schwela\/verzeichniseinheiten\/?ChapterID=DE-611-BF-84881\">3. Sammlungen<\/a><\/li><ul style=\"list-style-type:none;\"><\/ul><li><a href=\"https:\/\/www1.sorabicon.de\/hsb\/nachlass-christian-und-gotthold-schwela\/nachlass-christian-schwela\/verzeichniseinheiten\/?ChapterID=DE-611-BF-84882\">4. Korrespondenz<\/a><\/li><ul style=\"list-style-type:none;\"><li><a href=\"https:\/\/www1.sorabicon.de\/hsb\/nachlass-christian-und-gotthold-schwela\/nachlass-christian-schwela\/verzeichniseinheiten\/?ChapterID=DE-611-BF-84883\">4.1 Briefe an Christian Schwela<\/a><\/li><ul style=\"list-style-type:none;\"><\/ul><li><a href=\"https:\/\/www1.sorabicon.de\/hsb\/nachlass-christian-und-gotthold-schwela\/nachlass-christian-schwela\/verzeichniseinheiten\/?ChapterID=DE-611-BF-84884\">4.2 Briefe von Christian Schwela<\/a><\/li><ul style=\"list-style-type:none;\"><\/ul><li><a href=\"https:\/\/www1.sorabicon.de\/hsb\/nachlass-christian-und-gotthold-schwela\/nachlass-christian-schwela\/verzeichniseinheiten\/?ChapterID=DE-611-BF-84885\">4.3 Briefe an und von Christian Schwela<\/a><\/li><ul style=\"list-style-type:none;\"><\/ul><\/ul><\/ul>\n<div class=\"wp-block-group\"><div class=\"wp-block-group__inner-container is-layout-flow wp-block-group-is-layout-flow\">\n<hr class=\"wp-block-separator has-css-opacity is-style-wide\"\/>\n\n\n\n<figure class=\"wp-block-image size-medium\"><img loading=\"lazy\" decoding=\"async\" width=\"300\" height=\"38\" src=\"https:\/\/www1.sorabicon.de\/wp-content\/uploads\/2022\/04\/dfg_logo_schriftzug_blau-300x38.jpg\" alt=\"\" class=\"wp-image-11863\" srcset=\"https:\/\/www1.sorabicon.de\/wp-content\/uploads\/2022\/04\/dfg_logo_schriftzug_blau-300x38.jpg 300w, https:\/\/www1.sorabicon.de\/wp-content\/uploads\/2022\/04\/dfg_logo_schriftzug_blau-1024x131.jpg 1024w, https:\/\/www1.sorabicon.de\/wp-content\/uploads\/2022\/04\/dfg_logo_schriftzug_blau-768x98.jpg 768w, https:\/\/www1.sorabicon.de\/wp-content\/uploads\/2022\/04\/dfg_logo_schriftzug_blau.jpg 1057w\" sizes=\"auto, (max-width: 300px) 100vw, 300px\" \/><\/figure>\n\n\n\n<p>Gef\u00f6rdert durch die Deutsche Forschungsgemeinschaft (DFG) \u2013 Projektnummer 442986265<\/p>\n<\/div><\/div>\n","protected":false},"excerpt":{"rendered":"<p>Kito \u0160wjela (Christian \u0160wjela), rod\u017aeny 1836, li\u010di k najwa\u017eni\u0161im zastupjerjam serbskeho kulturneho \u017eiwjenja w druhej po\u0142ojcy 19. l\u011btstotka w Delnjej \u0141u\u017eicy. Nimo swojeho d\u017a\u011b\u0142a jako wu\u010der ludoweje \u0161ule a kantora, z toho 44 l\u011bta w Schorbusu, je w\u00f3n p\u0159edew\u0161\u011bm jako redaktor delnjoserbskeho tyd\u017aenika \u201eBramborski serbski casnik\u201c znaty. 50 l\u011bta wudawa\u0161e k\u00f3\u017edy tyd\u017ae\u0144 tele \u0142opjeno a &hellip;<\/p>\n","protected":false},"author":1,"featured_media":0,"parent":11943,"menu_order":0,"comment_status":"closed","ping_status":"closed","template":"","meta":{"_acf_changed":false,"footnotes":""},"class_list":["post-11953","page","type-page","status-publish","hentry"],"acf":[],"_links":{"self":[{"href":"https:\/\/www1.sorabicon.de\/hsb\/wp-json\/wp\/v2\/pages\/11953","targetHints":{"allow":["GET"]}}],"collection":[{"href":"https:\/\/www1.sorabicon.de\/hsb\/wp-json\/wp\/v2\/pages"}],"about":[{"href":"https:\/\/www1.sorabicon.de\/hsb\/wp-json\/wp\/v2\/types\/page"}],"author":[{"embeddable":true,"href":"https:\/\/www1.sorabicon.de\/hsb\/wp-json\/wp\/v2\/users\/1"}],"replies":[{"embeddable":true,"href":"https:\/\/www1.sorabicon.de\/hsb\/wp-json\/wp\/v2\/comments?post=11953"}],"version-history":[{"count":5,"href":"https:\/\/www1.sorabicon.de\/hsb\/wp-json\/wp\/v2\/pages\/11953\/revisions"}],"predecessor-version":[{"id":12099,"href":"https:\/\/www1.sorabicon.de\/hsb\/wp-json\/wp\/v2\/pages\/11953\/revisions\/12099"}],"up":[{"embeddable":true,"href":"https:\/\/www1.sorabicon.de\/hsb\/wp-json\/wp\/v2\/pages\/11943"}],"wp:attachment":[{"href":"https:\/\/www1.sorabicon.de\/hsb\/wp-json\/wp\/v2\/media?parent=11953"}],"curies":[{"name":"wp","href":"https:\/\/api.w.org\/{rel}","templated":true}]}}