{"id":17,"date":"2019-03-15T22:10:05","date_gmt":"2019-03-15T21:10:05","guid":{"rendered":"http:\/\/sorabicon.dev.webstitut.de\/?page_id=17"},"modified":"2019-06-13T10:21:07","modified_gmt":"2019-06-13T08:21:07","slug":"texte","status":"publish","type":"page","link":"https:\/\/www1.sorabicon.de\/hsb\/herrnhuter-lebenslaeufe\/texte\/","title":{"rendered":"Lebensl\u00e4ufe"},"content":{"rendered":"\n<p>Vorliegende Sammlung beinhaltet in erster Linie Lebensl\u00e4ufe von Mitgliedern der Br\u00fcdergemeine sorbischer Herkunft. Dar\u00fcber hinaus wurden auch Lebensl\u00e4ufe von Personen, die in der sorbischen Diaspora gewirkt haben und Aussagen \u00fcber diese treffen, aufgenommen. Nicht in allen Lebensl\u00e4ufen wird die sorbische Herkunft bzw. das sorbische Lebensumfeld direkt greifbar. In diesem Falle ist der sorbische Bezug meist \u00fcber den Geburtsort bzw. das geschilderte Lebensumfeld zu erschlie\u00dfen. <\/p>\n\n\n\n    <form action=\"\" method=\"post\">\n      <div class=\"form-row\">\n        <div class=\"form-group col\">\n          <label for=\"inputGeschlecht\">Geschlecht<\/label>\n          <select id=\"inputGeschlecht\" name=\"inputGeschlecht\" class=\"form-control\">\n            <option>W\u00e4hle &#8230;<\/option>\n  <option value=\"m\u00e4nnlich\">m\u00e4nnlich (60)<\/option><option value=\"weiblich\">weiblich (55)<\/option>          <\/select>\n        <\/div>\n        <div class=\"form-group col\">\n          <label for=\"inputGeburtsort\">Geburtsort<\/label>\n          <select id=\"inputGeburtsort\" name=\"inputGeburtsort\" class=\"form-control\">\n            <option selected>W\u00e4hle &#8230;<\/option>\n  <option value=\"Altl\u00f6bau\">Altl\u00f6bau (2)<\/option><option value=\"Auritz\">Auritz (1)<\/option><option value=\"Baruth\">Baruth (1)<\/option><option value=\"Basch\u00fctz\">Basch\u00fctz (2)<\/option><option value=\"Bautzen\">Bautzen (5)<\/option><option value=\"Bl\u00f6sa\">Bl\u00f6sa (1)<\/option><option value=\"Breitendorf (b. L\u00f6bau)\">Breitendorf (b. L\u00f6bau) (2)<\/option><option value=\"Br\u00f6sa\">Br\u00f6sa (1)<\/option><option value=\"Br\u00f6sern\">Br\u00f6sern (1)<\/option><option value=\"Buchwalde\">Buchwalde (2)<\/option><option value=\"Burg (Spreewald)\">Burg (Spreewald) (1)<\/option><option value=\"Burg (Spreewald)?\">Burg (Spreewald)? (1)<\/option><option value=\"Cossern\">Cossern (1)<\/option><option value=\"Cunewalde\">Cunewalde (1)<\/option><option value=\"Daubitz\">Daubitz (1)<\/option><option value=\"Demitz-Thumitz\">Demitz-Thumitz (1)<\/option><option value=\"Denstorf\">Denstorf (1)<\/option><option value=\"Diehmen\">Diehmen (1)<\/option><option value=\"Dobersch\u00fctz\">Dobersch\u00fctz (2)<\/option><option value=\"Domky (b. K\u00f6niggr\u00e4tz)\">Domky (b. K\u00f6niggr\u00e4tz) (1)<\/option><option value=\"Drehna\">Drehna (4)<\/option><option value=\"D\u00f6hlen\">D\u00f6hlen (4)<\/option><option value=\"Eichwege [Dubraucke]\">Eichwege [Dubraucke] (1)<\/option><option value=\"Forst\">Forst (1)<\/option><option value=\"Gnaschwitz\">Gnaschwitz (1)<\/option><option value=\"Gro\u00df Radisch\">Gro\u00df Radisch (1)<\/option><option value=\"Gro\u00df S\u00e4rchen\">Gro\u00df S\u00e4rchen (1)<\/option><option value=\"Gro\u00dfbr\u00f6sern\">Gro\u00dfbr\u00f6sern (1)<\/option><option value=\"Gro\u00dfdehsa\">Gro\u00dfdehsa (1)<\/option><option value=\"Gro\u00dfd\u00f6bsch\u00fctz\">Gro\u00dfd\u00f6bsch\u00fctz (1)<\/option><option value=\"Gro\u00dfpostwitz\">Gro\u00dfpostwitz (2)<\/option><option value=\"Grubsch\u00fctz\">Grubsch\u00fctz (1)<\/option><option value=\"Guhrow\">Guhrow (1)<\/option><option value=\"Guttau\">Guttau (2)<\/option><option value=\"Holschdubrau\">Holschdubrau (1)<\/option><option value=\"Hoyerswerda\">Hoyerswerda (1)<\/option><option value=\"Kahren\">Kahren (2)<\/option><option value=\"Kannewitz (b. Rothnau\u00dflitz)\">Kannewitz (b. Rothnau\u00dflitz) (1)<\/option><option value=\"Kleind\u00f6bsch\u00fctz\">Kleind\u00f6bsch\u00fctz (2)<\/option><option value=\"Kleinf\u00f6rtstchen\">Kleinf\u00f6rtstchen (1)<\/option><option value=\"Kleinpostwitz\">Kleinpostwitz (1)<\/option><option value=\"Kleinwelka\">Kleinwelka (1)<\/option><option value=\"Kolkwitz\">Kolkwitz (2)<\/option><option value=\"Laubst\">Laubst (1)<\/option><option value=\"Lehn\">Lehn (1)<\/option><option value=\"Leopoldov (b. Bratislava)\">Leopoldov (b. Bratislava) (1)<\/option><option value=\"Loga\">Loga (1)<\/option><option value=\"L\u00fcbbenau\">L\u00fcbbenau (1)<\/option><option value=\"Malschwitz\">Malschwitz (1)<\/option><option value=\"Melaune\">Melaune (2)<\/option><option value=\"Merzdorf\">Merzdorf (1)<\/option><option value=\"Meschwitz\">Meschwitz (1)<\/option><option value=\"Nadelwitz\">Nadelwitz (1)<\/option><option value=\"Naundorf\">Naundorf (1)<\/option><option value=\"Neida\">Neida (2)<\/option><option value=\"Neschwitz\">Neschwitz (1)<\/option><option value=\"Neud\u00f6bern\">Neud\u00f6bern (1)<\/option><option value=\"Neud\u00f6rfel (b. Guttau)\">Neud\u00f6rfel (b. Guttau) (1)<\/option><option value=\"Niethen\">Niethen (1)<\/option><option value=\"Nochten\">Nochten (2)<\/option><option value=\"Nostitz\">Nostitz (1)<\/option><option value=\"Oelsa\">Oelsa (1)<\/option><option value=\"Polsberg (b. Spremberg)\">Polsberg (b. Spremberg) (1)<\/option><option value=\"Preuschwitz\">Preuschwitz (1)<\/option><option value=\"Purschwitz\">Purschwitz (1)<\/option><option value=\"Rodewitz (Spree)\">Rodewitz (Spree) (1)<\/option><option value=\"Salzenforst\">Salzenforst (1)<\/option><option value=\"Saritsch\">Saritsch (3)<\/option><option value=\"Scharznau\u00dflitz\">Scharznau\u00dflitz (1)<\/option><option value=\"See\">See (1)<\/option><option value=\"Seidau\">Seidau (3)<\/option><option value=\"Singwitz\">Singwitz (1)<\/option><option value=\"Sorn\u00dfig\">Sorn\u00dfig (2)<\/option><option value=\"Spreewiese [Leichnam]\">Spreewiese [Leichnam] (1)<\/option><option value=\"Spremberg\">Spremberg (2)<\/option><option value=\"Straupitz\">Straupitz (1)<\/option><option value=\"Str\u00f6bitz\">Str\u00f6bitz (1)<\/option><option value=\"Temritz\">Temritz (1)<\/option><option value=\"Tiefendorf (b. L\u00f6bau)\">Tiefendorf (b. L\u00f6bau) (1)<\/option><option value=\"Uhyst (Spree)\">Uhyst (Spree) (1)<\/option><option value=\"Wartha (b. Guttau)\">Wartha (b. Guttau) (1)<\/option><option value=\"Werben\">Werben (1)<\/option><option value=\"Wetro\">Wetro (1)<\/option><option value=\"Wilthen\">Wilthen (1)<\/option><option value=\"Zahsow\">Zahsow (1)<\/option><option value=\"unbekannt\">unbekannt (1)<\/option>          <\/select>\n        <\/div>\n        <div class=\"form-group col\">\n          <label for=\"inputSterbeort\">Sterbeort<\/label>\n          <select id=\"inputSterbeort\" name=\"inputSterbeort\" class=\"form-control\">\n            <option selected>W\u00e4hle &#8230;<\/option>\n  <option value=\"Altl\u00f6bau\">Altl\u00f6bau (1)<\/option><option value=\"Barby\">Barby (1)<\/option><option value=\"Bethlehem (Pennsylvanien)\">Bethlehem (Pennsylvanien) (2)<\/option><option value=\"Burg (Spreewald)\">Burg (Spreewald) (1)<\/option><option value=\"Christiansfeld\">Christiansfeld (1)<\/option><option value=\"D\u00f6hlen\">D\u00f6hlen (1)<\/option><option value=\"Gnadenberg\">Gnadenberg (1)<\/option><option value=\"Gro\u00dfwelka\">Gro\u00dfwelka (1)<\/option><option value=\"Herrnhut\">Herrnhut (13)<\/option><option value=\"Hoffenthal (Labrador)\">Hoffenthal (Labrador) (1)<\/option><option value=\"Kleinwelka\">Kleinwelka (59)<\/option><option value=\"Kreckwitz\">Kreckwitz (1)<\/option><option value=\"Labrador\">Labrador (1)<\/option><option value=\"L\u00fcbbenau\">L\u00fcbbenau (1)<\/option><option value=\"Nazareth (Pennsylvanien)\">Nazareth (Pennsylvanien) (1)<\/option><option value=\"Niesky\">Niesky (11)<\/option><option value=\"Ockbrook\">Ockbrook (1)<\/option><option value=\"Paramaribo\">Paramaribo (1)<\/option><option value=\"Pawlowitzky\">Pawlowitzky (1)<\/option><option value=\"Rennersdorf (b. Herrnhut)\">Rennersdorf (b. Herrnhut) (1)<\/option><option value=\"Riga\">Riga (1)<\/option><option value=\"Salem (North Carolina)\">Salem (North Carolina) (1)<\/option><option value=\"Sarepta (Russland)\">Sarepta (Russland) (4)<\/option><option value=\"Seidau\">Seidau (2)<\/option><option value=\"Spreewiese [Leichnam]\">Spreewiese [Leichnam] (2)<\/option><option value=\"Trebus\">Trebus (1)<\/option><option value=\"Uhyst (Spree)\">Uhyst (Spree) (1)<\/option><option value=\"Zeist\">Zeist (1)<\/option><option value=\"unbekannt\">unbekannt (1)<\/option>          <\/select>\n        <\/div>\n        <div class=\"form-group col align-self-end\">\n          <button type=\"submit\" class=\"btn btn-primary\">filtrowa\u0107<\/button>\n        <\/div>\n      <\/div>\n    <\/form>\n\n  <p><\/p><ul><li><a href=\"https:\/\/www1.sorabicon.de\/hsb\/herrnhuter-lebenslaeufe\/texte\/prov_pj3_d2v_y1b\">\u017eiwjenjob\u011bh Bank, Anna <\/a><\/li><li><a href=\"https:\/\/www1.sorabicon.de\/hsb\/herrnhuter-lebenslaeufe\/texte\/prov_ard_4rz_zcb\">\u017eiwjenjob\u011bh Beck, Elisabeth<\/a><\/li><li><a href=\"https:\/\/www1.sorabicon.de\/hsb\/herrnhuter-lebenslaeufe\/texte\/prov_zdt_yxm_xcb\">\u017eiwjenjob\u011bh  Beck, Maria<\/a><\/li><li><a href=\"https:\/\/www1.sorabicon.de\/hsb\/herrnhuter-lebenslaeufe\/texte\/prov_w2z_ydj_ddb\">\u017eiwjenjob\u011bh Benade, Andreas<\/a><\/li><li><a href=\"https:\/\/www1.sorabicon.de\/hsb\/herrnhuter-lebenslaeufe\/texte\/prov_j44_nbf_vbb\">\u017eiwjenjob\u011bh Beyer, Agnes <\/a><\/li><li><a href=\"https:\/\/www1.sorabicon.de\/hsb\/herrnhuter-lebenslaeufe\/texte\/prov_mww_lxm_1bb\">\u017eiwjenjob\u011bh Biberach, Ursula <\/a><\/li><li><a href=\"https:\/\/www1.sorabicon.de\/hsb\/herrnhuter-lebenslaeufe\/texte\/prov_ksg_x2c_bbb\">\u017eiwjenjob\u011bh Blaschna, Johannes<\/a><\/li><li><a href=\"https:\/\/www1.sorabicon.de\/hsb\/herrnhuter-lebenslaeufe\/texte\/prov_g1t_whk_z1b\">\u017eiwjenjob\u011bh Blaschna, Martin <\/a><\/li><li><a href=\"https:\/\/www1.sorabicon.de\/hsb\/herrnhuter-lebenslaeufe\/texte\/prov_int_ykn_1bb\">\u017eiwjenjob\u011bh Boedrich, Mattheus<\/a><\/li><li><a href=\"https:\/\/www1.sorabicon.de\/hsb\/herrnhuter-lebenslaeufe\/texte\/prov_imw_d14_1bb\">\u017eiwjenjob\u011bh B\u00f6hmer, Martin<\/a><\/li><li><a href=\"https:\/\/www1.sorabicon.de\/hsb\/herrnhuter-lebenslaeufe\/texte\/prov_znz_svq_d2b\">\u017eiwjenjob\u011bh Cranz, Agnes<\/a><\/li><li><a href=\"https:\/\/www1.sorabicon.de\/hsb\/herrnhuter-lebenslaeufe\/texte\/prov_u5g_zll_gbb\">\u017eiwjenjob\u011bh Diebner, Anna<\/a><\/li><li><a href=\"https:\/\/www1.sorabicon.de\/hsb\/herrnhuter-lebenslaeufe\/texte\/prov_esy_wjm_xcb\">\u017eiwjenjob\u011bh Diesner, Peter<\/a><\/li><li><a href=\"https:\/\/www1.sorabicon.de\/hsb\/herrnhuter-lebenslaeufe\/texte\/prov_gg5_vk5_1bb\">\u017eiwjenjob\u011bh Duschka, Agnes<\/a><\/li><li><a href=\"https:\/\/www1.sorabicon.de\/hsb\/herrnhuter-lebenslaeufe\/texte\/prov_a5y_dz2_qdb\">\u017eiwjenjob\u011bh Dutschmann, Anna<\/a><\/li><li><a href=\"https:\/\/www1.sorabicon.de\/hsb\/herrnhuter-lebenslaeufe\/texte\/prov_m2v_1gq_ddb\">\u017eiwjenjob\u011bh D\u00f6ring, Agnes<\/a><\/li><li><a href=\"https:\/\/www1.sorabicon.de\/hsb\/herrnhuter-lebenslaeufe\/texte\/prov_u5g_zll_gbb_001\">\u017eiwjenjob\u011bh Fliegel, Maria <\/a><\/li><li><a href=\"https:\/\/www1.sorabicon.de\/hsb\/herrnhuter-lebenslaeufe\/texte\/prov_bnl_b2b_wbb\">\u017eiwjenjob\u011bh Frenzel, Agnes<\/a><\/li><li><a href=\"https:\/\/www1.sorabicon.de\/hsb\/herrnhuter-lebenslaeufe\/texte\/prov_bh1_w3t_ccb\">\u017eiwjenjob\u011bh F\u00f6rster, Martin<\/a><\/li><li><a href=\"https:\/\/www1.sorabicon.de\/hsb\/herrnhuter-lebenslaeufe\/texte\/prov_zfd_2vt_ccb\">\u017eiwjenjob\u011bh Gabbath, Anne<\/a><\/li><li><a href=\"https:\/\/www1.sorabicon.de\/hsb\/herrnhuter-lebenslaeufe\/texte\/prov_u5g_zll_gbb_002\">\u017eiwjenjob\u011bh Garbe, Maria<\/a><\/li><li><a href=\"https:\/\/www1.sorabicon.de\/hsb\/herrnhuter-lebenslaeufe\/texte\/prov_xqz_lzf_qdb\">\u017eiwjenjob\u011bh Graff, Johann<\/a><\/li><li><a href=\"https:\/\/www1.sorabicon.de\/hsb\/herrnhuter-lebenslaeufe\/texte\/prov_qt4_4sp_fdb\">\u017eiwjenjob\u011bh Gruhl, Georg <\/a><\/li><li><a href=\"https:\/\/www1.sorabicon.de\/hsb\/herrnhuter-lebenslaeufe\/texte\/prov_fm2_1ty_ncb\">\u017eiwjenjob\u011bh Gruhl, Peter<\/a><\/li><li><a href=\"https:\/\/www1.sorabicon.de\/hsb\/herrnhuter-lebenslaeufe\/texte\/prov_lxv_nwn_1cb\">\u017eiwjenjob\u011bh Gruhl, Ursula<\/a><\/li><li><a href=\"https:\/\/www1.sorabicon.de\/hsb\/herrnhuter-lebenslaeufe\/texte\/prov_ygj_mxr_sbb\">\u017eiwjenjob\u011bh Gruner, Magdalena<\/a><\/li><li><a href=\"https:\/\/www1.sorabicon.de\/hsb\/herrnhuter-lebenslaeufe\/texte\/prov_add_sls_sbb\">\u017eiwjenjob\u011bh Grunert, Agnes<\/a><\/li><li><a href=\"https:\/\/www1.sorabicon.de\/hsb\/herrnhuter-lebenslaeufe\/texte\/prov_rpm_wl2_qdb\">\u017eiwjenjob\u011bh G\u00fcnther, Dorothea<\/a><\/li><li><a href=\"https:\/\/www1.sorabicon.de\/hsb\/herrnhuter-lebenslaeufe\/texte\/prov_wq2_st5_1bb\">\u017eiwjenjob\u011bh Hadank, Johann<\/a><\/li><li><a href=\"https:\/\/www1.sorabicon.de\/hsb\/herrnhuter-lebenslaeufe\/texte\/prov_ess_h35_1cb\">\u017eiwjenjob\u011bh Hantusch, Michael<\/a><\/li><li><a href=\"https:\/\/www1.sorabicon.de\/hsb\/herrnhuter-lebenslaeufe\/texte\/prov_h5f_qkv_1bb\">\u017eiwjenjob\u011bh Haschke, Maria<\/a><\/li><li><a href=\"https:\/\/www1.sorabicon.de\/hsb\/herrnhuter-lebenslaeufe\/texte\/prov_tdd_cpf_4cb\">\u017eiwjenjob\u011bh Hasting, Marie Magdalene<\/a><\/li><li><a href=\"https:\/\/www1.sorabicon.de\/hsb\/herrnhuter-lebenslaeufe\/texte\/prov_sgk_vwv_rdb\">\u017eiwjenjob\u011bh Hersen, Ernst August<\/a><\/li><li><a href=\"https:\/\/www1.sorabicon.de\/hsb\/herrnhuter-lebenslaeufe\/texte\/prov_ed2_cbj_ddb\">\u017eiwjenjob\u011bh Hocker, Johann<\/a><\/li><li><a href=\"https:\/\/www1.sorabicon.de\/hsb\/herrnhuter-lebenslaeufe\/texte\/prov_kjd_pkn_1cb\">\u017eiwjenjob\u011bh Hollenz, Gertraut<\/a><\/li><li><a href=\"https:\/\/www1.sorabicon.de\/hsb\/herrnhuter-lebenslaeufe\/texte\/prov_lll_x4b_bbb\">\u017eiwjenjob\u011bh Jackusch, Anne<\/a><\/li><li><a href=\"https:\/\/www1.sorabicon.de\/hsb\/herrnhuter-lebenslaeufe\/texte\/prov_u5g_zll_gbb_003\">\u017eiwjenjob\u011bh Jaeckel, Georg<\/a><\/li><li><a href=\"https:\/\/www1.sorabicon.de\/hsb\/herrnhuter-lebenslaeufe\/texte\/prov_uqm_hnc_bbb\">\u017eiwjenjob\u011bh Janasch, Martin<\/a><\/li><li><a href=\"https:\/\/www1.sorabicon.de\/hsb\/herrnhuter-lebenslaeufe\/texte\/prov_twm_ddc_bbb\">\u017eiwjenjob\u011bh Janeke, Christian<\/a><\/li><li><a href=\"https:\/\/www1.sorabicon.de\/hsb\/herrnhuter-lebenslaeufe\/texte\/prov_cmr_zbb_bbb\">\u017eiwjenjob\u011bh Jenke, Anna<\/a><\/li><li><a href=\"https:\/\/www1.sorabicon.de\/hsb\/herrnhuter-lebenslaeufe\/texte\/prov_tl2_mff_qdb\">\u017eiwjenjob\u011bh Klauke, Johannes<\/a><\/li><li><a href=\"https:\/\/www1.sorabicon.de\/hsb\/herrnhuter-lebenslaeufe\/texte\/prov_tqn_xqc_bbb\">\u017eiwjenjob\u011bh Kmoch, Georg<\/a><\/li><li><a href=\"https:\/\/www1.sorabicon.de\/hsb\/herrnhuter-lebenslaeufe\/texte\/prov_kgx_mlg_1db\">\u017eiwjenjob\u011bh Krahl, Agnes<\/a><\/li><li><a href=\"https:\/\/www1.sorabicon.de\/hsb\/herrnhuter-lebenslaeufe\/texte\/prov_kqy_lsp_bbb\">\u017eiwjenjob\u011bh Kr\u00fcger, Maria <\/a><\/li><li><a href=\"https:\/\/www1.sorabicon.de\/hsb\/herrnhuter-lebenslaeufe\/texte\/prov_kgx_mlg_1db\">\u017eiwjenjob\u011bh Kschieschan, Marie<\/a><\/li><li><a href=\"https:\/\/www1.sorabicon.de\/hsb\/herrnhuter-lebenslaeufe\/texte\/prov_u5g_zll_gbb_004\">\u017eiwjenjob\u011bh Kschieschanck, Agnese<\/a><\/li><li><a href=\"https:\/\/www1.sorabicon.de\/hsb\/herrnhuter-lebenslaeufe\/texte\/prov_u5g_zll_gbb_005\">\u017eiwjenjob\u011bh Kschischank, Anna <\/a><\/li><li><a href=\"https:\/\/www1.sorabicon.de\/hsb\/herrnhuter-lebenslaeufe\/texte\/prov_br3_txn_1db\">\u017eiwjenjob\u011bh K\u00e4stner, Christiane<\/a><\/li><li><a href=\"https:\/\/www1.sorabicon.de\/hsb\/herrnhuter-lebenslaeufe\/texte\/prov_wpp_bkh_sdb\">\u017eiwjenjob\u011bh Lange, Caspar<\/a><\/li><li><a href=\"https:\/\/www1.sorabicon.de\/hsb\/herrnhuter-lebenslaeufe\/texte\/prov_psn_jrt_2cb\">\u017eiwjenjob\u011bh Lange, Matth\u00e4us<\/a><\/li><li><a href=\"https:\/\/www1.sorabicon.de\/hsb\/herrnhuter-lebenslaeufe\/texte\/prov_iyv_bbh_fdb\">\u017eiwjenjob\u011bh Lehmann, Agnes<\/a><\/li><li><a href=\"https:\/\/www1.sorabicon.de\/hsb\/herrnhuter-lebenslaeufe\/texte\/prov_fcb_zmy_pdb\">\u017eiwjenjob\u011bh Lehmann, Anna <\/a><\/li><li><a href=\"https:\/\/www1.sorabicon.de\/hsb\/herrnhuter-lebenslaeufe\/texte\/prov_xrj_sqw_ddb\">\u017eiwjenjob\u011bh Lehmann, Anna<\/a><\/li><li><a href=\"https:\/\/www1.sorabicon.de\/hsb\/herrnhuter-lebenslaeufe\/texte\/prov_wfl_5bc_rdb\">\u017eiwjenjob\u011bh Lehmann, Gottfried<\/a><\/li><li><a href=\"https:\/\/www1.sorabicon.de\/hsb\/herrnhuter-lebenslaeufe\/texte\/prov_hpy_hgb_ybb\">\u017eiwjenjob\u011bh Lehmann, Michael<\/a><\/li><li><a href=\"https:\/\/www1.sorabicon.de\/hsb\/herrnhuter-lebenslaeufe\/texte\/prov_idb_4ng_1cb\">\u017eiwjenjob\u011bh Lelansky, Georg<\/a><\/li><li><a href=\"https:\/\/www1.sorabicon.de\/hsb\/herrnhuter-lebenslaeufe\/texte\/prov_u5g_zll_gbb_006\">\u017eiwjenjob\u011bh Lemmerz, Agnes <\/a><\/li><li><a href=\"https:\/\/www1.sorabicon.de\/hsb\/herrnhuter-lebenslaeufe\/texte\/prov_uj4_tgq_bbb\">\u017eiwjenjob\u011bh Liebich, Johanna Christiana <\/a><\/li><li><a href=\"https:\/\/www1.sorabicon.de\/hsb\/herrnhuter-lebenslaeufe\/texte\/prov_mck_y4f_ccb\">\u017eiwjenjob\u011bh Lischke, Johann <\/a><\/li><li><a href=\"https:\/\/www1.sorabicon.de\/hsb\/herrnhuter-lebenslaeufe\/texte\/prov_kxw_ddx_pdb\">\u017eiwjenjob\u011bh L\u00f6sch, Georg Matth\u00e4us<\/a><\/li><li><a href=\"https:\/\/www1.sorabicon.de\/hsb\/herrnhuter-lebenslaeufe\/texte\/prov_ayh_nw1_rdb\">\u017eiwjenjob\u011bh Messarosch, Johann Georg <\/a><\/li><li><a href=\"https:\/\/www1.sorabicon.de\/hsb\/herrnhuter-lebenslaeufe\/texte\/prov_k3t_krq_bbb\">\u017eiwjenjob\u011bh Messerschmied, Anna Elisabeth<\/a><\/li><li><a href=\"https:\/\/www1.sorabicon.de\/hsb\/herrnhuter-lebenslaeufe\/texte\/prov_g5j_rjl_cbb\">\u017eiwjenjob\u011bh Messerschmied, Johann Georg<\/a><\/li><li><a href=\"https:\/\/www1.sorabicon.de\/hsb\/herrnhuter-lebenslaeufe\/texte\/prov_ygs_4cd_gdb\">\u017eiwjenjob\u011bh Mickan, Johann<\/a><\/li><li><a href=\"https:\/\/www1.sorabicon.de\/hsb\/herrnhuter-lebenslaeufe\/texte\/prov_rvd_xfz_bcb\">\u017eiwjenjob\u011bh Mitasch, Margaretha<\/a><\/li><li><a href=\"https:\/\/www1.sorabicon.de\/hsb\/herrnhuter-lebenslaeufe\/texte\/prov_u5g_zll_gbb_007\">\u017eiwjenjob\u011bh Mito, Johann<\/a><\/li><li><a href=\"https:\/\/www1.sorabicon.de\/hsb\/herrnhuter-lebenslaeufe\/texte\/prov_u5g_zll_gbb_008\">\u017eiwjenjob\u011bh Mitasch, Georg <\/a><\/li><li><a href=\"https:\/\/www1.sorabicon.de\/hsb\/herrnhuter-lebenslaeufe\/texte\/prov_uck_jlb_dcb\">\u017eiwjenjob\u011bh Mross, Georg (Archiv Kleinwelka)<\/a><\/li><li><a href=\"https:\/\/www1.sorabicon.de\/hsb\/herrnhuter-lebenslaeufe\/texte\/prov_u5g_zll_gbb_009\">\u017eiwjenjob\u011bh Mudrick, Martin<\/a><\/li><li><a href=\"https:\/\/www1.sorabicon.de\/hsb\/herrnhuter-lebenslaeufe\/texte\/prov_py2_ly1_dcb\">\u017eiwjenjob\u011bh Mross, Georg<\/a><\/li><li><a href=\"https:\/\/www1.sorabicon.de\/hsb\/herrnhuter-lebenslaeufe\/texte\/prov_ekm_kbn_cbb\">\u017eiwjenjob\u011bh M\u00f6hn, Johann<\/a><\/li><li><a href=\"https:\/\/www1.sorabicon.de\/hsb\/herrnhuter-lebenslaeufe\/texte\/prov_bmw_vg5_ccb\">\u017eiwjenjob\u011bh M\u00f6hne, Anna<\/a><\/li><li><a href=\"https:\/\/www1.sorabicon.de\/hsb\/herrnhuter-lebenslaeufe\/texte\/prov_tpx_hr1_dcb\">\u017eiwjenjob\u011bh M\u00f6hne, Matthias<\/a><\/li><li><a href=\"https:\/\/www1.sorabicon.de\/hsb\/herrnhuter-lebenslaeufe\/texte\/prov_u5g_zll_gbb_10\">\u017eiwjenjob\u011bh M\u00fcller, Anna Maria <\/a><\/li><li><a href=\"https:\/\/www1.sorabicon.de\/hsb\/herrnhuter-lebenslaeufe\/texte\/prov_wyf_sys_cbb\">\u017eiwjenjob\u011bh M\u00fcnch, Maria Elisabeth<\/a><\/li><li><a href=\"https:\/\/www1.sorabicon.de\/hsb\/herrnhuter-lebenslaeufe\/texte\/prov_n3q_f53_ddb\">\u017eiwjenjob\u011bh Nicolai, Maria <\/a><\/li><li><a href=\"https:\/\/www1.sorabicon.de\/hsb\/herrnhuter-lebenslaeufe\/texte\/prov_u5g_zll_gbb_11\">\u017eiwjenjob\u011bh Nimtschke, Johanna Sophia<\/a><\/li><li><a href=\"https:\/\/www1.sorabicon.de\/hsb\/herrnhuter-lebenslaeufe\/texte\/prov_jck_f3t_cbb\">\u017eiwjenjob\u011bh Papesch, Lucas<\/a><\/li><li><a href=\"https:\/\/www1.sorabicon.de\/hsb\/herrnhuter-lebenslaeufe\/texte\/prov_jld_ws3_fdb\">\u017eiwjenjob\u011bh Paschke, Dorothea<\/a><\/li><li><a href=\"https:\/\/www1.sorabicon.de\/hsb\/herrnhuter-lebenslaeufe\/texte\/prov_dh4_r4s_x1b\">\u017eiwjenjob\u011bh Petschke, Agnes<\/a><\/li><li><a href=\"https:\/\/www1.sorabicon.de\/hsb\/herrnhuter-lebenslaeufe\/texte\/prov_agm_lpt_cbb\">\u017eiwjenjob\u011bh Postel, Martin <\/a><\/li><li><a href=\"https:\/\/www1.sorabicon.de\/hsb\/herrnhuter-lebenslaeufe\/texte\/prov_u5g_zll_gbb_12\">\u017eiwjenjob\u011bh Ramsch, Anna <\/a><\/li><li><a href=\"https:\/\/www1.sorabicon.de\/hsb\/herrnhuter-lebenslaeufe\/texte\/prov_xrw_dc1_dbb\">\u017eiwjenjob\u011bh Rehl, Johann<\/a><\/li><li><a href=\"https:\/\/www1.sorabicon.de\/hsb\/herrnhuter-lebenslaeufe\/texte\/prov_u5g_zll_gbb_13\">\u017eiwjenjob\u011bh Richter, Matth\u00e4us<\/a><\/li><li><a href=\"https:\/\/www1.sorabicon.de\/hsb\/herrnhuter-lebenslaeufe\/texte\/prov_wwd_cqn_1cb\">\u017eiwjenjob\u011bh Robel, Johann<\/a><\/li><li><a href=\"https:\/\/www1.sorabicon.de\/hsb\/herrnhuter-lebenslaeufe\/texte\/prov_ggs_nnv_mcb\">\u017eiwjenjob\u011bh Schaaf, Maria<\/a><\/li><li><a href=\"https:\/\/www1.sorabicon.de\/hsb\/herrnhuter-lebenslaeufe\/texte\/prov_ehz_ht5_1cb\">\u017eiwjenjob\u011bh Schmidt, Matth\u00e4us<\/a><\/li><li><a href=\"https:\/\/www1.sorabicon.de\/hsb\/herrnhuter-lebenslaeufe\/texte\/prov_u5g_zll_gbb_14\">\u017eiwjenjob\u011bh Schneider, Maria<\/a><\/li><li><a href=\"https:\/\/www1.sorabicon.de\/hsb\/herrnhuter-lebenslaeufe\/texte\/prov_hqk_c1w_1cb\">\u017eiwjenjob\u011bh Schneider, Nicolaus<\/a><\/li><li><a href=\"https:\/\/www1.sorabicon.de\/hsb\/herrnhuter-lebenslaeufe\/texte\/prov_u5g_zll_gbb_15\">\u017eiwjenjob\u011bh Scholle, Georg<\/a><\/li><li><a href=\"https:\/\/www1.sorabicon.de\/hsb\/herrnhuter-lebenslaeufe\/texte\/prov_tjf_nn1_dbb\">\u017eiwjenjob\u011bh Schornach, Maria<\/a><\/li><li><a href=\"https:\/\/www1.sorabicon.de\/hsb\/herrnhuter-lebenslaeufe\/texte\/prov_m5c_cv1_dbb\">\u017eiwjenjob\u011bh Schorsche, Anna<\/a><\/li><li><a href=\"https:\/\/www1.sorabicon.de\/hsb\/herrnhuter-lebenslaeufe\/texte\/prov_fdp_ww1_qdb\">\u017eiwjenjob\u011bh Schube, Agnes<\/a><\/li><li><a href=\"https:\/\/www1.sorabicon.de\/hsb\/herrnhuter-lebenslaeufe\/texte\/prov_onk_4zb_rdb\">\u017eiwjenjob\u011bh Schulz, Matth\u00e4us<\/a><\/li><li><a href=\"https:\/\/www1.sorabicon.de\/hsb\/herrnhuter-lebenslaeufe\/texte\/prov_k4l_plf_vbb\">\u017eiwjenjob\u011bh Schulz, Michael <\/a><\/li><li><a href=\"https:\/\/www1.sorabicon.de\/hsb\/herrnhuter-lebenslaeufe\/texte\/prov_r5b_dlh_fdb\">\u017eiwjenjob\u011bh Schulze, Andreas<\/a><\/li><li><a href=\"https:\/\/www1.sorabicon.de\/hsb\/herrnhuter-lebenslaeufe\/texte\/prov_e1c_kqz_zcb\">\u017eiwjenjob\u011bh Schulze, Jacob<\/a><\/li><li><a href=\"https:\/\/www1.sorabicon.de\/hsb\/herrnhuter-lebenslaeufe\/texte\/prov_u5g_zll_gbb_16\">\u017eiwjenjob\u011bh Schwar, Georg<\/a><\/li><li><a href=\"https:\/\/www1.sorabicon.de\/hsb\/herrnhuter-lebenslaeufe\/texte\/prov_u5g_zll_gbb_17\">\u017eiwjenjob\u011bh Sellingks, Johann<\/a><\/li><li><a href=\"https:\/\/www1.sorabicon.de\/hsb\/herrnhuter-lebenslaeufe\/texte\/prov_uhd_sx4_rdb\">\u017eiwjenjob\u011bh St\u00fcrmann, Catherine<\/a><\/li><li><a href=\"https:\/\/www1.sorabicon.de\/hsb\/herrnhuter-lebenslaeufe\/texte\/prov_b3y_rn4_1db\">\u017eiwjenjob\u011bh Threne, Georg (Fragment)<\/a><\/li><li><a href=\"https:\/\/www1.sorabicon.de\/hsb\/herrnhuter-lebenslaeufe\/texte\/prov_r2j_2dj_bdb\">\u017eiwjenjob\u011bh Threne, Georg<\/a><\/li><li><a href=\"https:\/\/www1.sorabicon.de\/hsb\/herrnhuter-lebenslaeufe\/texte\/prov_hjm_dsk_gdb\">\u017eiwjenjob\u011bh Tuschke, Anna<\/a><\/li><li><a href=\"https:\/\/www1.sorabicon.de\/hsb\/herrnhuter-lebenslaeufe\/texte\/prov_zlf_w5g_1db\">\u017eiwjenjob\u011bh Uh, Johann David <\/a><\/li><li><a href=\"https:\/\/www1.sorabicon.de\/hsb\/herrnhuter-lebenslaeufe\/texte\/prov_m1j_2ln_ccb\">\u017eiwjenjob\u011bh Wedemann, Maria<\/a><\/li><li><a href=\"https:\/\/www1.sorabicon.de\/hsb\/herrnhuter-lebenslaeufe\/texte\/prov_u5g_zll_gbb_18\">\u017eiwjenjob\u011bh Wehle, Johann<\/a><\/li><li><a href=\"https:\/\/www1.sorabicon.de\/hsb\/herrnhuter-lebenslaeufe\/texte\/prov_hpp_hjn_ccb\">\u017eiwjenjob\u011bh Wenzel, Anna Elisabeth<\/a><\/li><li><a href=\"https:\/\/www1.sorabicon.de\/hsb\/herrnhuter-lebenslaeufe\/texte\/prov_dlb_pz5_mcb\">\u017eiwjenjob\u011bh Wenzel, Johann<\/a><\/li><li><a href=\"https:\/\/www1.sorabicon.de\/hsb\/herrnhuter-lebenslaeufe\/texte\/prov_mtr_snr_sbb\">\u017eiwjenjob\u011bh Winkler, Dorothea<\/a><\/li><li><a href=\"https:\/\/www1.sorabicon.de\/hsb\/herrnhuter-lebenslaeufe\/texte\/prov_wh2_mrh_dbb\">\u017eiwjenjob\u011bh Winkler, Martin<\/a><\/li><li><a href=\"https:\/\/www1.sorabicon.de\/hsb\/herrnhuter-lebenslaeufe\/texte\/prov_xx3_tyj_bdb\">\u017eiwjenjob\u011bh Wutroba, Martin<\/a><\/li><li><a href=\"https:\/\/www1.sorabicon.de\/hsb\/herrnhuter-lebenslaeufe\/texte\/prov_bhn_jqk_2bb\">\u017eiwjenjob\u011bh Zeschmann, Johann<\/a><\/li><li><a href=\"https:\/\/www1.sorabicon.de\/hsb\/herrnhuter-lebenslaeufe\/texte\/prov_u5g_zll_gbb_19\">\u017eiwjenjob\u011bh Zschippank, Christiane<\/a><\/li><li><a href=\"https:\/\/www1.sorabicon.de\/hsb\/herrnhuter-lebenslaeufe\/texte\/prov_fbk_4ln_1db\">\u017eiwjenjob\u011bh Zschippank, Matthes<\/a><\/li><li><a href=\"https:\/\/www1.sorabicon.de\/hsb\/herrnhuter-lebenslaeufe\/texte\/prov_oyj_svg_fbb\">\u017eiwjenjob\u011bh Zschornack, Andreas<\/a><\/li><\/ul>\n\n\n<p><\/p>\n","protected":false},"excerpt":{"rendered":"<p>Vorliegende Sammlung beinhaltet in erster Linie Lebensl\u00e4ufe von Mitgliedern der Br\u00fcdergemeine sorbischer Herkunft. Dar\u00fcber hinaus wurden auch Lebensl\u00e4ufe von Personen, die in der sorbischen Diaspora gewirkt haben und Aussagen \u00fcber diese treffen, aufgenommen. Nicht in allen Lebensl\u00e4ufen wird die sorbische Herkunft bzw. das sorbische Lebensumfeld direkt greifbar. In diesem Falle ist der sorbische Bezug meist &hellip;<\/p>\n","protected":false},"author":2,"featured_media":0,"parent":1285,"menu_order":20,"comment_status":"closed","ping_status":"closed","template":"","meta":{"_acf_changed":false,"footnotes":""},"class_list":["post-17","page","type-page","status-publish","hentry"],"acf":[],"_links":{"self":[{"href":"https:\/\/www1.sorabicon.de\/hsb\/wp-json\/wp\/v2\/pages\/17","targetHints":{"allow":["GET"]}}],"collection":[{"href":"https:\/\/www1.sorabicon.de\/hsb\/wp-json\/wp\/v2\/pages"}],"about":[{"href":"https:\/\/www1.sorabicon.de\/hsb\/wp-json\/wp\/v2\/types\/page"}],"author":[{"embeddable":true,"href":"https:\/\/www1.sorabicon.de\/hsb\/wp-json\/wp\/v2\/users\/2"}],"replies":[{"embeddable":true,"href":"https:\/\/www1.sorabicon.de\/hsb\/wp-json\/wp\/v2\/comments?post=17"}],"version-history":[{"count":63,"href":"https:\/\/www1.sorabicon.de\/hsb\/wp-json\/wp\/v2\/pages\/17\/revisions"}],"predecessor-version":[{"id":4012,"href":"https:\/\/www1.sorabicon.de\/hsb\/wp-json\/wp\/v2\/pages\/17\/revisions\/4012"}],"up":[{"embeddable":true,"href":"https:\/\/www1.sorabicon.de\/hsb\/wp-json\/wp\/v2\/pages\/1285"}],"wp:attachment":[{"href":"https:\/\/www1.sorabicon.de\/hsb\/wp-json\/wp\/v2\/media?parent=17"}],"curies":[{"name":"wp","href":"https:\/\/api.w.org\/{rel}","templated":true}]}}