{"id":3188,"date":"2019-06-04T14:51:52","date_gmt":"2019-06-04T12:51:52","guid":{"rendered":"http:\/\/sorabicon.dev.webstitut.de\/?page_id=3188"},"modified":"2020-06-16T09:47:39","modified_gmt":"2020-06-16T07:47:39","slug":"besoldung-und-versorgung-der-sorbischen-diakone-kaplaene","status":"publish","type":"page","link":"https:\/\/www1.sorabicon.de\/hsb\/sorbische-kirche-luebben\/besoldung-und-versorgung-der-sorbischen-diakone-kaplaene\/","title":{"rendered":"Besoldung und Versorgung der sorbischen Diakone (Kapl\u00e4ne)"},"content":{"rendered":"\n<p>Die hier edierten St\u00fccke des 16. und aus der ersten H\u00e4lfte des 17. Jahrhunderts behandeln vornehmlich die materielle Versorgung der L\u00fcbbener sorbischen Kapl\u00e4ne. Sp\u00e4testens ab dem 15. Jahrhundert waren in L\u00fcbben sorbische Hilfsgeistliche t\u00e4tig, die zun\u00e4chst durch den Offizial bzw. Pfarrer versorgt wurden (<a rel=\"noreferrer noopener\" aria-label=\"Nr. 9 (\u00f6ffnet in neuem Tab)\" href=\"https:\/\/www1.sorabicon.de\/sorbische-kirche-luebben\/edition\/?ThemenID=prov_mwz_5lp_ycb\" target=\"_blank\">Nr. 9<\/a>, <a rel=\"noreferrer noopener\" aria-label=\"Nr. 11 (\u00f6ffnet in neuem Tab)\" href=\"https:\/\/www1.sorabicon.de\/sorbische-kirche-luebben\/edition\/?ThemenID=prov_myv_n2t_zcb\" target=\"_blank\">Nr. 11<\/a>). Im Zuge der zwischen 1537 und 1540 in L\u00fcbben eingef\u00fchrten Reformation wurden das Kirchenfinanzsystem und die Kirchenadministration auch in L\u00fcbben grundlegend ge\u00e4ndert. So ging das Patronat \u00fcber die beiden L\u00fcbbener Predigerstellen an den L\u00fcbbener Rat \u00fcber. Gleichzeitig wurden Benefizien und Stiftungen umgewidmet und der sorbische Kaplan trat als Beg\u00fcnstigter in Testamenten auf (<a rel=\"noreferrer noopener\" aria-label=\"Nr. 1 (\u00f6ffnet in neuem Tab)\" href=\"https:\/\/www1.sorabicon.de\/sorbische-kirche-luebben\/edition\/?ThemenID=prov_ptd_x4r_gbb\" target=\"_blank\">Nr. 1<\/a>, <a rel=\"noreferrer noopener\" aria-label=\"Nr. 13 (\u00f6ffnet in neuem Tab)\" href=\"https:\/\/www1.sorabicon.de\/sorbische-kirche-luebben\/edition\/?ThemenID=prov_xqn_ygm_zcb\" target=\"_blank\">Nr. 13<\/a>, <a rel=\"noreferrer noopener\" aria-label=\"Nr. 15 (\u00f6ffnet in neuem Tab)\" href=\"https:\/\/www1.sorabicon.de\/sorbische-kirche-luebben\/edition\/?ThemenID=prov_vth_3kl_zcb\" target=\"_blank\">Nr. 15<\/a>, <a rel=\"noreferrer noopener\" aria-label=\"Nr. 16 (\u00f6ffnet in neuem Tab)\" href=\"https:\/\/www1.sorabicon.de\/sorbische-kirche-luebben\/edition\/?ThemenID=prov_d4l_4gs_zcb\" target=\"_blank\">Nr. 16<\/a>, <a rel=\"noreferrer noopener\" aria-label=\"Nr. 17 (\u00f6ffnet in neuem Tab)\" href=\"https:\/\/www1.sorabicon.de\/sorbische-kirche-luebben\/edition\/?ThemenID=prov_v43_2hp_t2b\" target=\"_blank\">Nr. 17<\/a>, <a rel=\"noreferrer noopener\" aria-label=\"Nr. 18 (\u00f6ffnet in neuem Tab)\" href=\"https:\/\/www1.sorabicon.de\/sorbische-kirche-luebben\/edition\/?ThemenID=prov_l31_ls1_1db\" target=\"_blank\">Nr. 18<\/a>). Auch die Wohnverh\u00e4ltnisse und die Versorgung mussten neu geregelt werden (<a rel=\"noreferrer noopener\" aria-label=\"Nr. 10 (\u00f6ffnet in neuem Tab)\" href=\"https:\/\/www1.sorabicon.de\/sorbische-kirche-luebben\/edition\/?ThemenID=prov_br5_xsl_zcb\" target=\"_blank\">Nr. 10<\/a>, <a rel=\"noreferrer noopener\" aria-label=\"Nr. 12 (\u00f6ffnet in neuem Tab)\" href=\"https:\/\/www1.sorabicon.de\/sorbische-kirche-luebben\/edition\/?ThemenID=prov_y5t_prk_zcb\" target=\"_blank\">Nr. 12<\/a>, <a rel=\"noreferrer noopener\" aria-label=\"Nr. 14 (\u00f6ffnet in neuem Tab)\" href=\"https:\/\/www1.sorabicon.de\/sorbische-kirche-luebben\/edition\/?ThemenID=prov_p5m_vzr_zcb\" target=\"_blank\">Nr. 14<\/a>), \u00fcber deren Ungen\u00fcgen es immer wieder Klagen gab (<a rel=\"noreferrer noopener\" aria-label=\"Nr. 11 (\u00f6ffnet in neuem Tab)\" href=\"https:\/\/www1.sorabicon.de\/sorbische-kirche-luebben\/edition\/?ThemenID=prov_myv_n2t_zcb\" target=\"_blank\">Nr. 11<\/a>, <a rel=\"noreferrer noopener\" aria-label=\"Nr. 15 (\u00f6ffnet in neuem Tab)\" href=\"https:\/\/www1.sorabicon.de\/sorbische-kirche-luebben\/edition\/?ThemenID=prov_vth_3kl_zcb\" target=\"_blank\">Nr. 15<\/a>, <a rel=\"noreferrer noopener\" aria-label=\"Nr. 20 (\u00f6ffnet in neuem Tab)\" href=\"https:\/\/www1.sorabicon.de\/sorbische-kirche-luebben\/edition\/?ThemenID=prov_trz_gxs_zcb\" target=\"_blank\">Nr. 20<\/a>). Von besonderer Lebhaftigkeit sind dabei die Schreiben des sorbischen Kaplans Johann aus der Mitte des 16. Jahrhunderts sowie des Petrus Hoffmannus aus dem Jahr 1629. Beide zeigen eindr\u00fccklich, wie einfach die Lebensverh\u00e4ltnisse der Geistlichen im 16. und Anfang des 17. Jahrhunderts waren. So galten etwa  \u201e<em>krawt<\/em>\u201c und \u201e<em>mus<\/em>\u201c als wichtige Nahrungsmittel, (<a rel=\"noreferrer noopener\" href=\"https:\/\/www1.sorabicon.de\/sorbische-kirche-luebben\/edition\/?ThemenID=prov_myv_n2t_zcb\" target=\"_blank\">Nr. 11<\/a>) Gartenarbeit und Viehzucht waren zur Versorgung der sorbischen Kapl\u00e4ne unerl\u00e4sslich (<a rel=\"noreferrer noopener\" href=\"https:\/\/www1.sorabicon.de\/sorbische-kirche-luebben\/edition\/?ThemenID=prov_myv_n2t_zcb\" target=\"_blank\">Nr. 11<\/a>, <a rel=\"noreferrer noopener\" aria-label=\"Nr. 21 (\u00f6ffnet in neuem Tab)\" href=\"https:\/\/www1.sorabicon.de\/sorbische-kirche-luebben\/edition\/?ThemenID=prov_w4r_jf5_s2b\" target=\"_blank\">Nr. 21<\/a>). Hoffmannus veranlassten seine beengten und ungen\u00fcgenden Wohnverh\u00e4ltnisse und andere \u201egrosse widerwertigkeit\u201cdazu, \u201evor Gott im himmel [seine, Zusatz d. Verf.] hertzenstrehnen\u201c zu vergie\u00dfen (<a rel=\"noreferrer noopener\" aria-label=\"Nr. 21 (\u00f6ffnet in neuem Tab)\" href=\"https:\/\/www1.sorabicon.de\/sorbische-kirche-luebben\/edition\/?ThemenID=prov_w4r_jf5_s2b\" target=\"_blank\">Nr. 21<\/a>). Ebenso wie in anderen Lausitzer St\u00e4dten scheint die Besoldung des sorbischen Diakons in etwa der des (deutschen) Archidiakons entsprochen zu haben (<a rel=\"noreferrer noopener\" aria-label=\"Nr. 18 (\u00f6ffnet in neuem Tab)\" href=\"https:\/\/www1.sorabicon.de\/sorbische-kirche-luebben\/edition\/?ThemenID=prov_l31_ls1_1db\" target=\"_blank\">Nr. 18<\/a>). M\u00f6glicherweise war er durch die eingenommenen Akzidentien sogar besser gestellt als sein rangh\u00f6herer Kollege. Zumindest legt das die Beschwerde des Archidiakons Samuel Gerbers um 1693 nahe, der angesichts der \u201e7. wohlbewohneten dorfschaften und de[r] vorst\u00e4dte\u201c dar\u00fcber klagte, dass seine \u201ewenige accidentia mit ienen [des sorbischen Diakonats, Anm. der Verf.] nicht wohl in einige comparation gebracht werden k\u00f6nnen\u201c (<a rel=\"noreferrer noopener\" aria-label=\"Nr. 26 (\u00f6ffnet in neuem Tab)\" href=\"https:\/\/www1.sorabicon.de\/sorbische-kirche-luebben\/edition\/?ThemenID=prov_jwj_lj1_t2b\" target=\"_blank\">Nr. 26<\/a>) . Auch der deutsche K\u00fcster Christoph Mewisch bewarb sich 1672 um das sorbische K\u00fcsteramt, da sich dieses \u201e\u00fcber meine ietzige dienste im salario weit be\u00dfer erstrecket\u201c (<a rel=\"noreferrer noopener\" aria-label=\"Nr. 23 (\u00f6ffnet in neuem Tab)\" href=\"https:\/\/www1.sorabicon.de\/sorbische-kirche-luebben\/edition\/?ThemenID=prov_hmf_12b_tdb\" target=\"_blank\">Nr. 23<\/a>).<\/p>\n","protected":false},"excerpt":{"rendered":"<p>Die hier edierten St\u00fccke des 16. und aus der ersten H\u00e4lfte des 17. Jahrhunderts behandeln vornehmlich die materielle Versorgung der L\u00fcbbener sorbischen Kapl\u00e4ne. Sp\u00e4testens ab dem 15. Jahrhundert waren in L\u00fcbben sorbische Hilfsgeistliche t\u00e4tig, die zun\u00e4chst durch den Offizial bzw. Pfarrer versorgt wurden (Nr. 9, Nr. 11). Im Zuge der zwischen 1537 und 1540 in &hellip;<\/p>\n","protected":false},"author":2,"featured_media":0,"parent":3154,"menu_order":0,"comment_status":"closed","ping_status":"closed","template":"","meta":{"_acf_changed":false,"footnotes":""},"class_list":["post-3188","page","type-page","status-publish","hentry"],"acf":[],"_links":{"self":[{"href":"https:\/\/www1.sorabicon.de\/hsb\/wp-json\/wp\/v2\/pages\/3188","targetHints":{"allow":["GET"]}}],"collection":[{"href":"https:\/\/www1.sorabicon.de\/hsb\/wp-json\/wp\/v2\/pages"}],"about":[{"href":"https:\/\/www1.sorabicon.de\/hsb\/wp-json\/wp\/v2\/types\/page"}],"author":[{"embeddable":true,"href":"https:\/\/www1.sorabicon.de\/hsb\/wp-json\/wp\/v2\/users\/2"}],"replies":[{"embeddable":true,"href":"https:\/\/www1.sorabicon.de\/hsb\/wp-json\/wp\/v2\/comments?post=3188"}],"version-history":[{"count":5,"href":"https:\/\/www1.sorabicon.de\/hsb\/wp-json\/wp\/v2\/pages\/3188\/revisions"}],"predecessor-version":[{"id":6694,"href":"https:\/\/www1.sorabicon.de\/hsb\/wp-json\/wp\/v2\/pages\/3188\/revisions\/6694"}],"up":[{"embeddable":true,"href":"https:\/\/www1.sorabicon.de\/hsb\/wp-json\/wp\/v2\/pages\/3154"}],"wp:attachment":[{"href":"https:\/\/www1.sorabicon.de\/hsb\/wp-json\/wp\/v2\/media?parent=3188"}],"curies":[{"name":"wp","href":"https:\/\/api.w.org\/{rel}","templated":true}]}}