{"id":3876,"date":"2019-06-12T10:29:48","date_gmt":"2019-06-12T08:29:48","guid":{"rendered":"http:\/\/sorabicon.dev.webstitut.de\/?page_id=3876"},"modified":"2019-12-10T22:37:54","modified_gmt":"2019-12-10T21:37:54","slug":"sachregister","status":"publish","type":"page","link":"https:\/\/www1.sorabicon.de\/hsb\/statistik-der-sorben\/register\/sachregister\/","title":{"rendered":"Sachregister"},"content":{"rendered":"<ul style=\"columns: 3 12em;\"><li><a href=\"https:\/\/www1.sorabicon.de\/wissensquellen\/suche-ergebnisse\/?facet_module=statistik&#038;facet_keywords=YXJjeWJpc2tvcA==\">arcybiskop [1]<\/a><\/li><li><a href=\"https:\/\/www1.sorabicon.de\/wissensquellen\/suche-ergebnisse\/?facet_module=statistik&#038;facet_keywords=YmlibGlqYQ==\">biblija [36]<\/a><\/li><li><a href=\"https:\/\/www1.sorabicon.de\/wissensquellen\/suche-ergebnisse\/?facet_module=statistik&#038;facet_keywords=Qm\/FvmUgd290a2F6YW5qZQ==\">Bo\u017ee wotkazanje [11]<\/a><\/li><li><a href=\"https:\/\/www1.sorabicon.de\/wissensquellen\/suche-ergebnisse\/?facet_module=statistik&#038;facet_keywords=YnJhxaFrYQ==\">bra\u0161ka [1]<\/a><\/li><li><a href=\"https:\/\/www1.sorabicon.de\/wissensquellen\/suche-ergebnisse\/?facet_module=statistik&#038;facet_keywords=YnJpa2V0b3dhIGZhYnJpa2E=\">briketowa fabrika [2]<\/a><\/li><li><a href=\"https:\/\/www1.sorabicon.de\/wissensquellen\/suche-ergebnisse\/?facet_module=statistik&#038;facet_keywords=YnVy\">bur [35]<\/a><\/li><li><a href=\"https:\/\/www1.sorabicon.de\/wissensquellen\/suche-ergebnisse\/?facet_module=statistik&#038;facet_keywords=Y3lya2Vq\">cyrkej [91]<\/a><\/li><li><a href=\"https:\/\/www1.sorabicon.de\/wissensquellen\/suche-ergebnisse\/?facet_module=statistik&#038;facet_keywords=xI1lbGVkxbo=\">\u010deled\u017a [13]<\/a><\/li><li><a href=\"https:\/\/www1.sorabicon.de\/wissensquellen\/suche-ergebnisse\/?facet_module=statistik&#038;facet_keywords=RGVsbmkgU2VyYmph\">Delni Serbja [10]<\/a><\/li><li><a href=\"https:\/\/www1.sorabicon.de\/wissensquellen\/suche-ergebnisse\/?facet_module=statistik&#038;facet_keywords=ZGlha29u\">diakon [15]<\/a><\/li><li><a href=\"https:\/\/www1.sorabicon.de\/wissensquellen\/suche-ergebnisse\/?facet_module=statistik&#038;facet_keywords=ZGlhbGVrdA==\">dialekt [4]<\/a><\/li><li><a href=\"https:\/\/www1.sorabicon.de\/wissensquellen\/suche-ergebnisse\/?facet_module=statistik&#038;facet_keywords=ZHJhc3Rh\">drasta [64]<\/a><\/li><li><a href=\"https:\/\/www1.sorabicon.de\/wissensquellen\/suche-ergebnisse\/?facet_module=statistik&#038;facet_keywords=ZHXFoWVwYXN0eXJzdHdv\">du\u0161epastyrstwo [1]<\/a><\/li><li><a href=\"https:\/\/www1.sorabicon.de\/wissensquellen\/suche-ergebnisse\/?facet_module=statistik&#038;facet_keywords=ZMW6xJvFgmHEh2Vy\">d\u017a\u011b\u0142a\u0107er [35]<\/a><\/li><li><a href=\"https:\/\/www1.sorabicon.de\/wissensquellen\/suche-ergebnisse\/?facet_module=statistik&#038;facet_keywords=ZW50bm9ncmFmaWph\">entnografija [1]<\/a><\/li><li><a href=\"https:\/\/www1.sorabicon.de\/wissensquellen\/suche-ergebnisse\/?facet_module=statistik&#038;facet_keywords=ZmFicmlrYQ==\">fabrika [20]<\/a><\/li><li><a href=\"https:\/\/www1.sorabicon.de\/wissensquellen\/suche-ergebnisse\/?facet_module=statistik&#038;facet_keywords=ZmFyYXI=\">farar [117]<\/a><\/li><li><a href=\"https:\/\/www1.sorabicon.de\/wissensquellen\/suche-ergebnisse\/?facet_module=statistik&#038;facet_keywords=ZmFyc2tpIGRvbQ==\">farski dom [7]<\/a><\/li><li><a href=\"https:\/\/www1.sorabicon.de\/wissensquellen\/suche-ergebnisse\/?facet_module=statistik&#038;facet_keywords=aG9sYQ==\">hola [6]<\/a><\/li><li><a href=\"https:\/\/www1.sorabicon.de\/wissensquellen\/suche-ergebnisse\/?facet_module=statistik&#038;facet_keywords=SG9ybmkgU2VyYmph\">Horni Serbja [4]<\/a><\/li><li><a href=\"https:\/\/www1.sorabicon.de\/wissensquellen\/suche-ergebnisse\/?facet_module=statistik&#038;facet_keywords=aHJhbmljYQ==\">hranica [17]<\/a><\/li><li><a href=\"https:\/\/www1.sorabicon.de\/wissensquellen\/suche-ergebnisse\/?facet_module=statistik&#038;facet_keywords=Y2jEm8W+a2Fy\">ch\u011b\u017ekar [25]<\/a><\/li><li><a href=\"https:\/\/www1.sorabicon.de\/wissensquellen\/suche-ergebnisse\/?facet_module=statistik&#038;facet_keywords=a2FydGE=\">karta [6]<\/a><\/li><li><a href=\"https:\/\/www1.sorabicon.de\/wissensquellen\/suche-ergebnisse\/?facet_module=statistik&#038;facet_keywords=a2VtxaFl\">kem\u0161e [78]<\/a><\/li><li><a href=\"https:\/\/www1.sorabicon.de\/wissensquellen\/suche-ergebnisse\/?facet_module=statistik&#038;facet_keywords=a25qZWpzdHdv\">knjejstwo [23]<\/a><\/li><li><a href=\"https:\/\/www1.sorabicon.de\/wissensquellen\/suche-ergebnisse\/?facet_module=statistik&#038;facet_keywords=a29uZmlybWFjaWph\">konfirmacija [13]<\/a><\/li><li><a href=\"https:\/\/www1.sorabicon.de\/wissensquellen\/suche-ergebnisse\/?facet_module=statistik&#038;facet_keywords=a293YXI=\">kowar [5]<\/a><\/li><li><a href=\"https:\/\/www1.sorabicon.de\/wissensquellen\/suche-ergebnisse\/?facet_module=statistik&#038;facet_keywords=a8WZxIdlxYRjYQ==\">k\u0159\u0107e\u0144ca [15]<\/a><\/li><li><a href=\"https:\/\/www1.sorabicon.de\/wissensquellen\/suche-ergebnisse\/?facet_module=statistik&#038;facet_keywords=a3VsdHVyYQ==\">kultura [4]<\/a><\/li><li><a href=\"https:\/\/www1.sorabicon.de\/wissensquellen\/suche-ergebnisse\/?facet_module=statistik&#038;facet_keywords=a3dhcw==\">kwas [8]<\/a><\/li><li><a href=\"https:\/\/www1.sorabicon.de\/wissensquellen\/suche-ergebnisse\/?facet_module=statistik&#038;facet_keywords=bGl0dXJnaWph\">liturgija [5]<\/a><\/li><li><a href=\"https:\/\/www1.sorabicon.de\/wissensquellen\/suche-ergebnisse\/?facet_module=statistik&#038;facet_keywords=bHVkb3d5IHNwxJt3\">ludowy sp\u011bw [5]<\/a><\/li><li><a href=\"https:\/\/www1.sorabicon.de\/wissensquellen\/suche-ergebnisse\/?facet_module=statistik&#038;facet_keywords=bWHEh2VybmEgcsSbxI0=\">ma\u0107erna r\u011b\u010d [49]<\/a><\/li><li><a href=\"https:\/\/www1.sorabicon.de\/wissensquellen\/suche-ergebnisse\/?facet_module=statistik&#038;facet_keywords=bcSbc3Rv\">m\u011bsto [20]<\/a><\/li><li><a href=\"https:\/\/www1.sorabicon.de\/wissensquellen\/suche-ergebnisse\/?facet_module=statistik&#038;facet_keywords=bcWCeW4=\">m\u0142yn [7]<\/a><\/li><li><a href=\"https:\/\/www1.sorabicon.de\/wissensquellen\/suche-ergebnisse\/?facet_module=statistik&#038;facet_keywords=bcWCeW5r\">m\u0142ynk [9]<\/a><\/li><li><a href=\"https:\/\/www1.sorabicon.de\/wissensquellen\/suche-ergebnisse\/?facet_module=statistik&#038;facet_keywords=bmFib8W+aW5h\">nabo\u017eina [41]<\/a><\/li><li><a href=\"https:\/\/www1.sorabicon.de\/wissensquellen\/suche-ergebnisse\/?facet_module=statistik&#038;facet_keywords=bmFyb2QvbmFjaWph\">narod\/nacija [19]<\/a><\/li><li><a href=\"https:\/\/www1.sorabicon.de\/wissensquellen\/suche-ergebnisse\/?facet_module=statistik&#038;facet_keywords=bm93aW5h\">nowina [40]<\/a><\/li><li><a href=\"https:\/\/www1.sorabicon.de\/wissensquellen\/suche-ergebnisse\/?facet_module=statistik&#038;facet_keywords=cGFuc2xhd2l6bQ==\">panslawizm [1]<\/a><\/li><li><a href=\"https:\/\/www1.sorabicon.de\/wissensquellen\/suche-ergebnisse\/?facet_module=statistik&#038;facet_keywords=cMOzc3RuaWN5\">p\u00f3stnicy [1]<\/a><\/li><li><a href=\"https:\/\/www1.sorabicon.de\/wissensquellen\/suche-ergebnisse\/?facet_module=statistik&#038;facet_keywords=cHLEm2Rvd2FuamU=\">pr\u011bdowanje [86]<\/a><\/li><li><a href=\"https:\/\/www1.sorabicon.de\/wissensquellen\/suche-ergebnisse\/?facet_module=statistik&#038;facet_keywords=cMWZYXph\">p\u0159aza [53]<\/a><\/li><li><a href=\"https:\/\/www1.sorabicon.de\/wissensquellen\/suche-ergebnisse\/?facet_module=statistik&#038;facet_keywords=cmF0YXI=\">ratar [3]<\/a><\/li><li><a href=\"https:\/\/www1.sorabicon.de\/wissensquellen\/suche-ergebnisse\/?facet_module=statistik&#038;facet_keywords=cmVmb3JtYWNpamE=\">reformacija [9]<\/a><\/li><li><a href=\"https:\/\/www1.sorabicon.de\/wissensquellen\/suche-ergebnisse\/?facet_module=statistik&#038;facet_keywords=cmVqb3dhbmpl\">rejowanje [2]<\/a><\/li><li><a href=\"https:\/\/www1.sorabicon.de\/wissensquellen\/suche-ergebnisse\/?facet_module=statistik&#038;facet_keywords=csSbxI0=\">r\u011b\u010d [71]<\/a><\/li><li><a href=\"https:\/\/www1.sorabicon.de\/wissensquellen\/suche-ergebnisse\/?facet_module=statistik&#038;facet_keywords=cmplbWplc8WCbw==\">rjemjes\u0142o [12]<\/a><\/li><li><a href=\"https:\/\/www1.sorabicon.de\/wissensquellen\/suche-ergebnisse\/?facet_module=statistik&#038;facet_keywords=cnnEh2Vya3VixYJv\">ry\u0107erkub\u0142o [40]<\/a><\/li><li><a href=\"https:\/\/www1.sorabicon.de\/wissensquellen\/suche-ergebnisse\/?facet_module=statistik&#038;facet_keywords=U8WCb3dqZW5qbw==\">S\u0142owjenjo [5]<\/a><\/li><li><a href=\"https:\/\/www1.sorabicon.de\/wissensquellen\/suche-ergebnisse\/?facet_module=statistik&#038;facet_keywords=c8WCb3duaWs=\">s\u0142ownik [2]<\/a><\/li><li><a href=\"https:\/\/www1.sorabicon.de\/wissensquellen\/suche-ergebnisse\/?facet_module=statistik&#038;facet_keywords=c3Bpc293YcSHZWw=\">spisowa\u0107el [4]<\/a><\/li><li><a href=\"https:\/\/www1.sorabicon.de\/wissensquellen\/suche-ergebnisse\/?facet_module=statistik&#038;facet_keywords=c3RhdGlzdGlrYQ==\">statistika [9]<\/a><\/li><li><a href=\"https:\/\/www1.sorabicon.de\/wissensquellen\/suche-ergebnisse\/?facet_module=statistik&#038;facet_keywords=c3R1ZGVudA==\">student [6]<\/a><\/li><li><a href=\"https:\/\/www1.sorabicon.de\/wissensquellen\/suche-ergebnisse\/?facet_module=statistik&#038;facet_keywords=c3VwZXJpbnRlbmRlbnQ=\">superintendent [7]<\/a><\/li><li><a href=\"https:\/\/www1.sorabicon.de\/wissensquellen\/suche-ergebnisse\/?facet_module=statistik&#038;facet_keywords=xaF1bGE=\">\u0161ula [111]<\/a><\/li><li><a href=\"https:\/\/www1.sorabicon.de\/wissensquellen\/suche-ergebnisse\/?facet_module=statistik&#038;facet_keywords=dGthbGM=\">tkalc [3]<\/a><\/li><li><a href=\"https:\/\/www1.sorabicon.de\/wissensquellen\/suche-ergebnisse\/?facet_module=statistik&#038;facet_keywords=dG93YXJzdHdv\">towarstwo [43]<\/a><\/li><li><a href=\"https:\/\/www1.sorabicon.de\/wissensquellen\/suche-ergebnisse\/?facet_module=statistik&#038;facet_keywords=VMWZacSHZcSHaWzEm3RuYSB3w7NqbmE=\">T\u0159i\u0107e\u0107il\u011btna w\u00f3jna [6]<\/a><\/li><li><a href=\"https:\/\/www1.sorabicon.de\/wissensquellen\/suche-ergebnisse\/?facet_module=statistik&#038;facet_keywords=d8Sbcm93YW5qZQ==\">w\u011browanje [7]<\/a><\/li><li><a href=\"https:\/\/www1.sorabicon.de\/wissensquellen\/suche-ergebnisse\/?facet_module=statistik&#038;facet_keywords=d2lraQ==\">wiki [6]<\/a><\/li><li><a href=\"https:\/\/www1.sorabicon.de\/wissensquellen\/suche-ergebnisse\/?facet_module=statistik&#038;facet_keywords=d29wcmF3amVuamU=\">woprawjenje [2]<\/a><\/li><li><a href=\"https:\/\/www1.sorabicon.de\/wissensquellen\/suche-ergebnisse\/?facet_module=statistik&#038;facet_keywords=d29zYWRuaWssIHNwxJt3YXJza2U=\">wosadnik, sp\u011bwarske [29]<\/a><\/li><li><a href=\"https:\/\/www1.sorabicon.de\/wissensquellen\/suche-ergebnisse\/?facet_module=statistik&#038;facet_keywords=d8OzZG55IG3Fgnlu\">w\u00f3dny m\u0142yn [1]<\/a><\/li><li><a href=\"https:\/\/www1.sorabicon.de\/wissensquellen\/suche-ergebnisse\/?facet_module=statistik&#038;facet_keywords=d8OzanNrbw==\">w\u00f3jsko [3]<\/a><\/li><li><a href=\"https:\/\/www1.sorabicon.de\/wissensquellen\/suche-ergebnisse\/?facet_module=statistik&#038;facet_keywords=d3XEjWJh\">wu\u010dba [44]<\/a><\/li><li><a href=\"https:\/\/www1.sorabicon.de\/wissensquellen\/suche-ergebnisse\/?facet_module=statistik&#038;facet_keywords=d3XEjWVy\">wu\u010der [108]<\/a><\/li><li><a href=\"https:\/\/www1.sorabicon.de\/wissensquellen\/suche-ergebnisse\/?facet_module=statistik&#038;facet_keywords=d3XEjWVyc2tpIHNlbWluYXI=\">wu\u010derski seminar [5]<\/a><\/li><li><a href=\"https:\/\/www1.sorabicon.de\/wissensquellen\/suche-ergebnisse\/?facet_module=statistik&#038;facet_keywords=d3VtxJtuaw==\">wum\u011bnk [1]<\/a><\/li><li><a href=\"https:\/\/www1.sorabicon.de\/wissensquellen\/suche-ergebnisse\/?facet_module=statistik&#038;facet_keywords=d3VwdcSHb3dhbmpl\">wupu\u0107owanje [1]<\/a><\/li><li><a href=\"https:\/\/www1.sorabicon.de\/wissensquellen\/suche-ergebnisse\/?facet_module=statistik&#038;facet_keywords=emFocm9kbmlr\">zahrodnik [17]<\/a><\/li><li><a href=\"https:\/\/www1.sorabicon.de\/wissensquellen\/suche-ergebnisse\/?facet_module=statistik&#038;facet_keywords=xb5lbGV6bmljYQ==\">\u017eeleznica [5]<\/a><\/li><\/ul>","protected":false},"excerpt":{"rendered":"","protected":false},"author":2,"featured_media":0,"parent":3859,"menu_order":0,"comment_status":"closed","ping_status":"closed","template":"","meta":{"_acf_changed":false,"footnotes":""},"class_list":["post-3876","page","type-page","status-publish","hentry"],"acf":[],"_links":{"self":[{"href":"https:\/\/www1.sorabicon.de\/hsb\/wp-json\/wp\/v2\/pages\/3876","targetHints":{"allow":["GET"]}}],"collection":[{"href":"https:\/\/www1.sorabicon.de\/hsb\/wp-json\/wp\/v2\/pages"}],"about":[{"href":"https:\/\/www1.sorabicon.de\/hsb\/wp-json\/wp\/v2\/types\/page"}],"author":[{"embeddable":true,"href":"https:\/\/www1.sorabicon.de\/hsb\/wp-json\/wp\/v2\/users\/2"}],"replies":[{"embeddable":true,"href":"https:\/\/www1.sorabicon.de\/hsb\/wp-json\/wp\/v2\/comments?post=3876"}],"version-history":[{"count":2,"href":"https:\/\/www1.sorabicon.de\/hsb\/wp-json\/wp\/v2\/pages\/3876\/revisions"}],"predecessor-version":[{"id":3878,"href":"https:\/\/www1.sorabicon.de\/hsb\/wp-json\/wp\/v2\/pages\/3876\/revisions\/3878"}],"up":[{"embeddable":true,"href":"https:\/\/www1.sorabicon.de\/hsb\/wp-json\/wp\/v2\/pages\/3859"}],"wp:attachment":[{"href":"https:\/\/www1.sorabicon.de\/hsb\/wp-json\/wp\/v2\/media?parent=3876"}],"curies":[{"name":"wp","href":"https:\/\/api.w.org\/{rel}","templated":true}]}}