{"id":3944,"date":"2019-06-12T15:27:45","date_gmt":"2019-06-12T13:27:45","guid":{"rendered":"http:\/\/sorabicon.dev.webstitut.de\/witajso-k-nam-witajce-k-nam-herzlich-willkommen\/"},"modified":"2024-11-14T19:54:38","modified_gmt":"2024-11-14T18:54:38","slug":"home","status":"publish","type":"page","link":"https:\/\/www1.sorabicon.de\/hsb\/home\/","title":{"rendered":"Witaj\u0107e k nam! Herzlich willkommen! Witaj\u015bo k nam!"},"content":{"rendered":"\n<p>SORABICON prezentuje spu\u0161\u0107omnu w\u011bdu wo r\u011b\u010di, stawiznach a kulturje Serbow. Digitalny portal je poskitk <a rel=\"noreferrer noopener\" href=\"http:\/\/www.serbski-institut.de\" target=\"_blank\">Serbskeho instituta<\/a>. Wobsahi SORABICONA su modularnje natwarjene a so b\u011b\u017enje roz\u0161\u011brjeja. <a rel=\"noreferrer noopener\" href=\"https:\/\/www1.sorabicon.de\/hsb\/serbski-kulturny-leksikon-digitalnje\/\" target=\"_blank\">Serbski kulturny leksikon DIGITALNJE<\/a> ski\u0107i zak\u0142adne informacije wo Serbach.&#13;\n&#13;\nDale prezentuja so wusl\u011bdki w\u0161elakich sl\u011bd\u017aerskich projektow. Do pytanskeje funkcije portala zawjazana Serbska bibliografija zm\u00f3\u017eni dok\u0142adne pytanje za literaturu wo Serbach.<\/p>\n\n<p>Dale prezentuja so wusl\u011bdki w\u0161elakich sl\u011bd\u017aerskich projektow. Do pytanskeje funkcije portala zawjazana <a href=\"https:\/\/www1.sorabicon.de\/hsb\/pytanje\/\">Serbska bibliografija<\/a> zm\u00f3\u017eni dok\u0142adne pytanje za literaturu wo Serbach.<\/p>\n\n<div class=\"wp-block-group lightblue\"><div class=\"wp-block-group__inner-container is-layout-flow wp-block-group-is-layout-flow\">\n\n<div class=\"wp-block-columns are-vertically-aligned-top is-layout-flex wp-container-core-columns-is-layout-9d6595d7 wp-block-columns-is-layout-flex\">\n<div class=\"wp-block-column is-vertically-aligned-top is-layout-flow wp-block-column-is-layout-flow\"><div class=\"wp-block-image zoom\">\n<figure class=\"aligncenter size-full is-resized\"><a href=\"https:\/\/www2.sorabicon.de\/hsb\/warnocicy\/\"><img loading=\"lazy\" decoding=\"async\" width=\"1280\" height=\"850\" src=\"https:\/\/www1.sorabicon.de\/wp-content\/uploads\/2024\/11\/title.jpg\" alt=\"\" class=\"wp-image-12351\" style=\"object-fit:cover;width:200px;height:200px\" srcset=\"https:\/\/www1.sorabicon.de\/wp-content\/uploads\/2024\/11\/title.jpg 1280w, https:\/\/www1.sorabicon.de\/wp-content\/uploads\/2024\/11\/title-300x199.jpg 300w, https:\/\/www1.sorabicon.de\/wp-content\/uploads\/2024\/11\/title-1024x680.jpg 1024w, https:\/\/www1.sorabicon.de\/wp-content\/uploads\/2024\/11\/title-768x510.jpg 768w\" sizes=\"auto, (max-width: 1280px) 100vw, 1280px\" \/><\/a><figcaption class=\"wp-element-caption\"><a href=\"https:\/\/www2.sorabicon.de\/hsb\/warnocicy\/\">Warno\u0107icy. Serbske sl\u011bdy<br\/><span style=\"color:#e60;font-weight:bold;\">Nowe!<\/span><\/a><\/figcaption><\/figure>\n<\/div><\/div>\n\n\n\n<div class=\"wp-block-column is-vertically-aligned-top is-layout-flow wp-block-column-is-layout-flow\"><div class=\"wp-block-image zoom\">\n<figure class=\"aligncenter size-thumbnail is-resized\"><a href=\"https:\/\/www2.sorabicon.de\/hsb\/nalozki-sprjewja-nysa\/\"><img loading=\"lazy\" decoding=\"async\" width=\"200\" height=\"200\" src=\"https:\/\/www1.sorabicon.de\/wp-content\/uploads\/2023\/04\/nalogi-title-blur-crop.jpg\" alt=\"Logo Na&#x142;o&#x17E;ki Sprjewja-Nysa\" class=\"wp-image-12171\" style=\"width:200px;height:200px\"\/><\/a><figcaption class=\"wp-element-caption\"><a href=\"https:\/\/www2.sorabicon.de\/hsb\/nalozki-sprjewja-nysa\/\">Na\u0142o\u017eki a swjed\u017aenja Sprjewja-Nysa<\/a><\/figcaption><\/figure>\n<\/div><\/div>\n\n\n\n<div class=\"wp-block-column is-vertically-aligned-top is-layout-flow wp-block-column-is-layout-flow\"><div class=\"wp-block-image zoom\">\n<figure class=\"aligncenter size-thumbnail is-resized\"><a href=\"https:\/\/www2.sorabicon.de\/hsb\/recna-krajina-slepo\/\"><img loading=\"lazy\" decoding=\"async\" width=\"200\" height=\"200\" src=\"https:\/\/www1.sorabicon.de\/wp-content\/uploads\/2023\/04\/slepe-title-crop-1.jpg\" alt=\"Logo R&#x11B;&#x10D;na krajina Slepo\" class=\"wp-image-12167\" style=\"width:200px;height:200px\"\/><\/a><figcaption class=\"wp-element-caption\"><a href=\"https:\/\/www2.sorabicon.de\/hsb\/recna-krajina-slepo\/\">R\u011b\u010dna krajina Slepo<\/a><\/figcaption><\/figure>\n<\/div><\/div>\n<\/div>\n\n\n\n<div class=\"wp-block-columns are-vertically-aligned-top is-layout-flex wp-container-core-columns-is-layout-9d6595d7 wp-block-columns-is-layout-flex\">\n<div class=\"wp-block-column is-vertically-aligned-top is-layout-flow wp-block-column-is-layout-flow\"><div class=\"wp-block-image zoom\">\n<figure class=\"aligncenter size-thumbnail is-resized\"><a href=\"https:\/\/www1.sorabicon.de\/hsb\/nachlass-christian-und-gotthold-schwela\/\"><img loading=\"lazy\" decoding=\"async\" width=\"150\" height=\"150\" src=\"https:\/\/www1.sorabicon.de\/wp-content\/uploads\/2022\/06\/0079-1-1-150x150.png\" alt=\"\" class=\"wp-image-12066\" style=\"width:200px;height:200px\"\/><\/a><figcaption class=\"wp-element-caption\"><a href=\"https:\/\/www1.sorabicon.de\/hsb\/nachlass-christian-und-gotthold-schwela\/\" data-type=\"page\" data-id=\"11794\">Zaw\u00f3staje\u0144stwo Kita \u0160wjele a Bogumi\u0142a \u0160wjele<\/a><\/figcaption><\/figure>\n<\/div><\/div>\n\n\n\n<div class=\"wp-block-column is-vertically-aligned-top is-layout-flow wp-block-column-is-layout-flow\"><div class=\"wp-block-image zoom\">\n<figure class=\"aligncenter size-thumbnail is-resized\"><a href=\"https:\/\/www1.sorabicon.de\/hsb\/serbski-kulturny-leksikon-digitalnje\/\"><img loading=\"lazy\" decoding=\"async\" width=\"150\" height=\"150\" src=\"https:\/\/www1.sorabicon.de\/wp-content\/uploads\/2019\/12\/Logo_Kulturlexikon-150x150.jpg\" alt=\"Kulturny leksikon DIGITALNJE\" class=\"wp-image-5665\" style=\"width:200px;height:200px\"\/><\/a><figcaption class=\"wp-element-caption\"><a href=\"https:\/\/www1.sorabicon.de\/hsb\/serbski-kulturny-leksikon-digitalnje\/\">Kulturny leksikon DIGITALNJE<\/a><\/figcaption><\/figure>\n<\/div><\/div>\n\n\n\n<div class=\"wp-block-column is-vertically-aligned-top is-layout-flow wp-block-column-is-layout-flow\"><div class=\"wp-block-image zoom\">\n<figure class=\"aligncenter size-thumbnail is-resized\"><a href=\"https:\/\/www1.sorabicon.de\/hsb\/statistika-serbow-1886\/\"><img loading=\"lazy\" decoding=\"async\" width=\"150\" height=\"150\" src=\"https:\/\/www1.sorabicon.de\/wp-content\/uploads\/2019\/12\/Logo_Statistik-2-150x150.jpg\" alt=\"Statistika Serbow\" class=\"wp-image-5704\" style=\"width:200px;height:200px\"\/><\/a><figcaption class=\"wp-element-caption\"><a href=\"https:\/\/www1.sorabicon.de\/hsb\/statistika-serbow-1886\/\">Statistika Serbow<\/a><\/figcaption><\/figure>\n<\/div><\/div>\n<\/div>\n\n\n\n<div class=\"wp-block-columns are-vertically-aligned-top is-layout-flex wp-container-core-columns-is-layout-9d6595d7 wp-block-columns-is-layout-flex\">\n<div class=\"wp-block-column is-vertically-aligned-top is-layout-flow wp-block-column-is-layout-flow\"><div class=\"wp-block-image zoom\">\n<figure class=\"aligncenter size-thumbnail is-resized\"><a href=\"https:\/\/www1.sorabicon.de\/hsb\/ochranowske-ziwjenjobehi\/\"><img decoding=\"async\" src=\"https:\/\/www1.sorabicon.de\/wp-content\/uploads\/2019\/12\/Logo_Lebensl&#xE4;ufe-150x150.jpg\" alt=\"Ochranowske &#x17E;iwjenjob&#x11B;hi\" class=\"wp-image-5669\" style=\"width:200px;height:200px\"\/><\/a><figcaption class=\"wp-element-caption\"><a href=\"https:\/\/www1.sorabicon.de\/hsb\/ochranowske-ziwjenjobehi\/\">Ochranowske \u017eiwjenjob\u011bhi<\/a><\/figcaption><\/figure>\n<\/div><\/div>\n\n\n\n<div class=\"wp-block-column is-vertically-aligned-top is-layout-flow wp-block-column-is-layout-flow\"><div class=\"wp-block-image zoom\">\n<figure class=\"aligncenter size-thumbnail is-resized\"><a href=\"https:\/\/www1.sorabicon.de\/hsb\/serbske-cyrkwinske-ziwjenje-w-lubinje\/\"><img loading=\"lazy\" decoding=\"async\" width=\"150\" height=\"150\" src=\"https:\/\/www1.sorabicon.de\/wp-content\/uploads\/2019\/06\/UnbenanntIII-150x150.jpg\" alt=\"Serbske cyrkwinske &#x17E;iwjenje w Lubinje\" class=\"wp-image-4127\" style=\"width:200px;height:200px\"\/><\/a><figcaption class=\"wp-element-caption\"><a href=\"https:\/\/www1.sorabicon.de\/hsb\/serbske-cyrkwinske-ziwjenje-w-lubinje\/\">Serbske cyrkwinske \u017eiwjenje w Lubinje<\/a><\/figcaption><\/figure>\n<\/div><\/div>\n\n\n\n<div class=\"wp-block-column is-vertically-aligned-top is-layout-flow wp-block-column-is-layout-flow\"><div class=\"wp-block-image zoom\">\n<figure class=\"aligncenter size-thumbnail is-resized\"><a href=\"https:\/\/www1.sorabicon.de\/hsb\/zorla-k-serbskim-stawiznam-1918-1945-w-dzele\/\"><img loading=\"lazy\" decoding=\"async\" width=\"150\" height=\"150\" src=\"https:\/\/www1.sorabicon.de\/wp-content\/uploads\/2020\/07\/Sorabicon_kachel_Sorbische-Geschichte-1-150x150.jpg\" alt=\"\" class=\"wp-image-8776\" style=\"width:200px;height:200px\"\/><\/a><figcaption class=\"wp-element-caption\"><a href=\"https:\/\/www1.sorabicon.de\/hsb\/zorla-k-serbskim-stawiznam-1918-1945-w-dzele\/\">\u017d\u00f3r\u0142a k serbskim stawiznam 1918\u20131945<\/a><\/figcaption><\/figure>\n<\/div><\/div>\n<\/div>\n<\/div><\/div>\n","protected":false},"excerpt":{"rendered":"<p>SORABICON prezentuje spu\u0161\u0107omnu w\u011bdu wo r\u011b\u010di, stawiznach a kulturje Serbow. Digitalny portal je poskitk Serbskeho instituta. Wobsahi SORABICONA su modularnje natwarjene a so b\u011b\u017enje roz\u0161\u011brjeja. Serbski kulturny leksikon DIGITALNJE ski\u0107i zak\u0142adne informacije wo Serbach.&#13; &#13; Dale prezentuja so wusl\u011bdki w\u0161elakich sl\u011bd\u017aerskich projektow. Do pytanskeje funkcije portala zawjazana Serbska bibliografija zm\u00f3\u017eni dok\u0142adne pytanje za literaturu wo &hellip;<\/p>\n","protected":false},"author":1,"featured_media":0,"parent":0,"menu_order":1,"comment_status":"closed","ping_status":"open","template":"","meta":{"_acf_changed":false,"footnotes":""},"class_list":["post-3944","page","type-page","status-publish","hentry"],"acf":[],"_links":{"self":[{"href":"https:\/\/www1.sorabicon.de\/hsb\/wp-json\/wp\/v2\/pages\/3944","targetHints":{"allow":["GET"]}}],"collection":[{"href":"https:\/\/www1.sorabicon.de\/hsb\/wp-json\/wp\/v2\/pages"}],"about":[{"href":"https:\/\/www1.sorabicon.de\/hsb\/wp-json\/wp\/v2\/types\/page"}],"author":[{"embeddable":true,"href":"https:\/\/www1.sorabicon.de\/hsb\/wp-json\/wp\/v2\/users\/1"}],"replies":[{"embeddable":true,"href":"https:\/\/www1.sorabicon.de\/hsb\/wp-json\/wp\/v2\/comments?post=3944"}],"version-history":[{"count":44,"href":"https:\/\/www1.sorabicon.de\/hsb\/wp-json\/wp\/v2\/pages\/3944\/revisions"}],"predecessor-version":[{"id":12369,"href":"https:\/\/www1.sorabicon.de\/hsb\/wp-json\/wp\/v2\/pages\/3944\/revisions\/12369"}],"wp:attachment":[{"href":"https:\/\/www1.sorabicon.de\/hsb\/wp-json\/wp\/v2\/media?parent=3944"}],"curies":[{"name":"wp","href":"https:\/\/api.w.org\/{rel}","templated":true}]}}