{"id":5858,"date":"2020-03-01T21:32:53","date_gmt":"2020-03-01T20:32:53","guid":{"rendered":"https:\/\/www2.sorabicon.de\/ochranowske-ziwjenjobehi\/"},"modified":"2023-09-28T15:03:18","modified_gmt":"2023-09-28T13:03:18","slug":"ochranowske-ziwjenjobehi","status":"publish","type":"page","link":"https:\/\/www1.sorabicon.de\/hsb\/ochranowske-ziwjenjobehi\/","title":{"rendered":"Ochranowske \u017eiwjenjob\u011bhi"},"content":{"rendered":"\n<h2 class=\"wp-block-heading\">\u201eserbscy brat\u0159a\u201c. Serbski w\u0161\u011bdny d\u017ae\u0144 w Ochranowskich \u017eiwjenjob\u011bhach z 18. l\u011btstotka. Zb\u011brka \u017e\u00f3r\u0142ow a dokumentacija<\/h2>\n\n<p><p><em>Wobd\u017a\u011b\u0142a\u0142a Lubina Malinkowa<br\/><\/em><\/p><\/p>\n<div class=\"wp-block-image bluecolored\">\n<figure class=\"alignright\"><img decoding=\"async\" src=\"https:\/\/www1.sorabicon.de\/wp-content\/uploads\/2019\/04\/R_22_99_73-S_01-Gro&#xDF;-188x300.jpg\" alt=\"Pr&#x11B;nja strona &#x17E;iwjenjob&#x11B;ha Agnes Sauer, kotra&#x17E; zemr&#x11B; 1783 w Niskej (Archiw Ochranowskeje wosady).\" class=\"wp-image-503\"\/><figcaption class=\"wp-element-caption\">Pr\u011bnja strona \u017eiwjenjob\u011bha Agnes Sauer, kotra\u017e zemr\u011b 1783 w Niskej (Archiw Ochranowskeje wosady).<\/figcaption><\/figure>\n<\/div>\n<p>Awtobiografisce zapo\u0142o\u017eene \u017eiwjenjob\u011bhi <a rel=\"noreferrer noopener\" href=\"https:\/\/www1.sorabicon.de\/kulturlexikon\/artikel\/?ThemenID=prov_nmx_d1v_vhb\" target=\"_blank\">Ochranowskeje bratrowskeje jednoty<\/a> chowaja w sebi wulki pok\u0142ad za serbske stawizniske sl\u011bd\u017aenja. W nich je wur\u011bzk w\u0161\u011bdneho \u017eiwjenja serbskeje ludnos\u0107e 18. l\u011btstotka Hornjeje a Delnjeje \u0141u\u017eicy wid\u017aomny. Ha\u010d rozprawy wo ku\u0107ikowych \u0161ulach a \u0161\u0142u\u017ebne l\u011bta, w\u00f3jnske do\u017eiwjenja a choros\u0107e, pu\u0107owanja \u010deled\u017ae a rjemjeslniskich, rozprawy wo \u017eiwjenju wojakow abo rozsud, jako <a rel=\"noreferrer noopener\" href=\"https:\/\/www1.sorabicon.de\/kulturlexikon\/artikel\/?ThemenID=prov_by4_x1v_vhb\" target=\"_blank\">misionar<\/a> do dalokeho kraja hi\u0107 \u2013 \u017eiwjenjob\u011bhi serbskich \u010d\u0142onow bratrowskeje wosady pokazuja wulku li\u010dbu \u017eiwjenskich na\u0107iskow a pu\u0107ow. Zdobom pokazuja na sylnu skutkownos\u0107 <a rel=\"noreferrer noopener\" href=\"https:\/\/www1.sorabicon.de\/kulturlexikon\/artikel\/?ThemenID=prov_jl4_z1v_vhb\" target=\"_blank\">pietizma<\/a> w serbskej \u0141u\u017eicy. Na tutym portalu sp\u0159istupnjeja so wuzwolene \u017eiwjenjob\u011bhi \u010d\u0142onow bratrowskeje jednoty, kot\u0159i\u017e su serbskeho pochada resp. so we wokolinje serbskeje diaspory pohibowachu. Ze swojej bohatos\u0107u na temy a h\u0142osy rysuja \u0161\u011broku panoramu \u0141u\u017eicy 18. l\u011btstotka daloko wot wu\u010denych diskursow a byrgarskeje kultury.<\/p>\n\n<p><a href=\"https:\/\/www1.sorabicon.de\/hsb\/herrnhuter-lebenslaeufe\/texte\/\">K ed\u011browanym \u017eiwjenjob\u011bham p\u0159i\u0144d\u017ae\u0107e tule<\/a><\/p>\n\n<p><p><strong>P\u0159ewodne teksty:<br\/><\/strong><\/p><\/p>\n\n<ul class=\"wp-block-list\">\n<li><a href=\"https:\/\/www1.sorabicon.de\/herrnhuter-lebenslaeufe\/lebenslaeufe\/\">Ochranowske \u017eiwjenjob\u011bhi<\/a><\/li>\n<\/ul>\n\n<ul class=\"wp-block-list\">\n<li><a href=\"https:\/\/www1.sorabicon.de\/herrnhuter-lebenslaeufe\/die-bruedergemeine-und-die-sorben\/\">Bratrowska jednota a Serbja<\/a><\/li>\n<\/ul>\n\n<ul class=\"wp-block-list\">\n<li><a href=\"https:\/\/www1.sorabicon.de\/herrnhuter-lebenslaeufe\/kleinwelka\/\">Ma\u0142y Wjelkow<\/a> <\/li>\n<\/ul>\n\n<ul class=\"wp-block-list\">\n<li><a href=\"https:\/\/www1.sorabicon.de\/herrnhuter-lebenslaeufe\/diaspora\/\">Serbska diaspora<\/a><\/li>\n<\/ul>\n\n<ul class=\"wp-block-list\">\n<li><a href=\"https:\/\/www1.sorabicon.de\/herrnhuter-lebenslaeufe\/kurzer-ueberblick-sorbische-geschichte-im-18-jahrhundert\/\">Kr\u00f3tki p\u0159ehlad: Serbske stawizny we 18. l\u011btstotku<\/a><\/li>\n<\/ul>\n\n<p><a href=\"https:\/\/www1.sorabicon.de\/herrnhuter-lebenslaeufe\/literatur\/\">Literatura<\/a><\/p>\n\n<p><a href=\"https:\/\/www1.sorabicon.de\/herrnhuter-lebenslaeufe\/galerie\/\">Galerija<\/a><\/p>\n\n<p><a href=\"https:\/\/www.youtube.com\/watch?v=DTzcP_nAvxA\" rel=\"noreferrer noopener\">P\u0159edno\u0161k: Ochranow a Serbja<\/a> (nahrawanje zjawneho p\u0159edno\u0161ka, Budy\u0161in 24.11.2022)<\/p>\n","protected":false},"excerpt":{"rendered":"<p>\u201eserbscy brat\u0159a\u201c. Serbski w\u0161\u011bdny d\u017ae\u0144 w Ochranowskich \u017eiwjenjob\u011bhach z 18. l\u011btstotka. Zb\u011brka \u017e\u00f3r\u0142ow a dokumentacija Wobd\u017a\u011b\u0142a\u0142a Lubina Malinkowa Awtobiografisce zapo\u0142o\u017eene \u017eiwjenjob\u011bhi Ochranowskeje bratrowskeje jednoty chowaja w sebi wulki pok\u0142ad za serbske stawizniske sl\u011bd\u017aenja. W nich je wur\u011bzk w\u0161\u011bdneho \u017eiwjenja serbskeje ludnos\u0107e 18. l\u011btstotka Hornjeje a Delnjeje \u0141u\u017eicy wid\u017aomny. Ha\u010d rozprawy wo ku\u0107ikowych \u0161ulach a \u0161\u0142u\u017ebne &hellip;<\/p>\n","protected":false},"author":1,"featured_media":0,"parent":0,"menu_order":30,"comment_status":"closed","ping_status":"closed","template":"","meta":{"_acf_changed":false,"footnotes":""},"class_list":["post-5858","page","type-page","status-publish","hentry"],"acf":[],"_links":{"self":[{"href":"https:\/\/www1.sorabicon.de\/hsb\/wp-json\/wp\/v2\/pages\/5858","targetHints":{"allow":["GET"]}}],"collection":[{"href":"https:\/\/www1.sorabicon.de\/hsb\/wp-json\/wp\/v2\/pages"}],"about":[{"href":"https:\/\/www1.sorabicon.de\/hsb\/wp-json\/wp\/v2\/types\/page"}],"author":[{"embeddable":true,"href":"https:\/\/www1.sorabicon.de\/hsb\/wp-json\/wp\/v2\/users\/1"}],"replies":[{"embeddable":true,"href":"https:\/\/www1.sorabicon.de\/hsb\/wp-json\/wp\/v2\/comments?post=5858"}],"version-history":[{"count":36,"href":"https:\/\/www1.sorabicon.de\/hsb\/wp-json\/wp\/v2\/pages\/5858\/revisions"}],"predecessor-version":[{"id":12281,"href":"https:\/\/www1.sorabicon.de\/hsb\/wp-json\/wp\/v2\/pages\/5858\/revisions\/12281"}],"wp:attachment":[{"href":"https:\/\/www1.sorabicon.de\/hsb\/wp-json\/wp\/v2\/media?parent=5858"}],"curies":[{"name":"wp","href":"https:\/\/api.w.org\/{rel}","templated":true}]}}