{"id":5894,"date":"2020-03-01T21:41:35","date_gmt":"2020-03-01T20:41:35","guid":{"rendered":"https:\/\/www2.sorabicon.de\/serbske-cyrkwinske-ziwjenje-w-lubinje\/"},"modified":"2024-04-18T12:18:16","modified_gmt":"2024-04-18T10:18:16","slug":"serbske-cyrkwinske-ziwjenje-w-lubinje","status":"publish","type":"page","link":"https:\/\/www1.sorabicon.de\/hsb\/serbske-cyrkwinske-ziwjenje-w-lubinje\/","title":{"rendered":"Serbske cyrkwinske \u017eiwjenje w Lubinje"},"content":{"rendered":"\n<h2 class=\"wp-block-heading\">\u201eNa\u0161eje serbskeje ma\u0107er\u0161\u0107iny\u201c dla. 50 dokumentow k stawiznam serbskeho cyrkwinskeho \u017eiwjenja w Lubinje 1540-1791<\/h2>\n\n<p><p><em>Wobd\u017a\u011b\u0142a\u0142a Madlena Malinkowa<br\/><\/em><\/p><\/p>\n\n<p>P\u0159edle\u017eeca edicija wobjimuje 50 dokumentow z wob\u0142uka serbskeho cyrkwinskeho \u017eiwjenja bjezwokrjesneho m\u011bsta Lubin w markhrabinstwje Delnja \u0141u\u017eica. Dokumenty pochad\u017aeja z \u010dasa mjez 1540 a 1791 a pokazuja \u010das serbskeho ewangelsko-lutherskeho du\u0161epastyrstwa w Lubinje. Editowane dokumenty pochad\u017aeja ze zd\u017aer\u017eanych aktow Lubinskeje rady a Delnjo\u0142u\u017eiskeho konsistorija. H\u0142owny wuzwolenski kriterij za ediciju b\u011b\u0161e signifikantna wuprajiwos\u0107 wo wuwi\u0107u serbskeho cyrkwinskeho \u017eiwjenja a, w tutym ramiku, serbskeje r\u011b\u010de. Zdobom je so spyta\u0142o, na \u0161\u011broki spektrum tekstowych dru\u017einow d\u017aiwa\u0107.<\/p>\n\n<p><a href=\"https:\/\/www1.sorabicon.de\/sorbische-kirche-luebben\/edition\/\" data-type=\"page\" data-id=\"19\">K ed\u011browanym dokumentam p\u0159i\u0144d\u017ae\u0107e tule<\/a><\/p>\n\n<p><strong>Dal\u0161e wob\u0142uki:<\/strong><\/p>\n\n<ul class=\"wp-block-list\">\n<li><a href=\"https:\/\/www1.sorabicon.de\/sorbische-kirche-luebben\/themen\/\" data-type=\"page\" data-id=\"102\">Temy<\/a><\/li>\n\n\n\n<li><a href=\"https:\/\/www1.sorabicon.de\/sorbische-kirche-luebben\/register\/\" data-type=\"page\" data-id=\"3838\">Register<\/a><\/li>\n\n\n\n<li><a href=\"https:\/\/www1.sorabicon.de\/sorbische-kirche-luebben\/abbildungen\/\" data-type=\"page\" data-id=\"3295\">Wobrazy<\/a><\/li>\n\n\n\n<li><a href=\"https:\/\/www1.sorabicon.de\/sorbische-kirche-luebben\/ueber-das-projekt\/\" data-type=\"page\" data-id=\"3208\">Wo projek\u0107e<\/a><\/li>\n\n\n\n<li><a href=\"https:\/\/www1.sorabicon.de\/hsb\/pytanje\/pytanje\/?facet_module=kirche_luebben\" data-type=\"link\" data-id=\"https:\/\/www1.sorabicon.de\/wissensquellen\/suche-ergebnisse\/?facet_module=kirche_luebben\">Pytanje w\u00a0modulu<\/a><\/li>\n<\/ul>\n","protected":false},"excerpt":{"rendered":"<p>\u201eNa\u0161eje serbskeje ma\u0107er\u0161\u0107iny\u201c dla. 50 dokumentow k stawiznam serbskeho cyrkwinskeho \u017eiwjenja w Lubinje 1540-1791 Wobd\u017a\u011b\u0142a\u0142a Madlena Malinkowa P\u0159edle\u017eeca edicija wobjimuje 50 dokumentow z wob\u0142uka serbskeho cyrkwinskeho \u017eiwjenja bjezwokrjesneho m\u011bsta Lubin w markhrabinstwje Delnja \u0141u\u017eica. Dokumenty pochad\u017aeja z \u010dasa mjez 1540 a 1791 a pokazuja \u010das serbskeho ewangelsko-lutherskeho du\u0161epastyrstwa w Lubinje. Editowane dokumenty pochad\u017aeja ze zd\u017aer\u017eanych &hellip;<\/p>\n","protected":false},"author":1,"featured_media":0,"parent":0,"menu_order":40,"comment_status":"closed","ping_status":"closed","template":"","meta":{"_acf_changed":false,"footnotes":""},"class_list":["post-5894","page","type-page","status-publish","hentry"],"acf":[],"_links":{"self":[{"href":"https:\/\/www1.sorabicon.de\/hsb\/wp-json\/wp\/v2\/pages\/5894","targetHints":{"allow":["GET"]}}],"collection":[{"href":"https:\/\/www1.sorabicon.de\/hsb\/wp-json\/wp\/v2\/pages"}],"about":[{"href":"https:\/\/www1.sorabicon.de\/hsb\/wp-json\/wp\/v2\/types\/page"}],"author":[{"embeddable":true,"href":"https:\/\/www1.sorabicon.de\/hsb\/wp-json\/wp\/v2\/users\/1"}],"replies":[{"embeddable":true,"href":"https:\/\/www1.sorabicon.de\/hsb\/wp-json\/wp\/v2\/comments?post=5894"}],"version-history":[{"count":5,"href":"https:\/\/www1.sorabicon.de\/hsb\/wp-json\/wp\/v2\/pages\/5894\/revisions"}],"predecessor-version":[{"id":12336,"href":"https:\/\/www1.sorabicon.de\/hsb\/wp-json\/wp\/v2\/pages\/5894\/revisions\/12336"}],"wp:attachment":[{"href":"https:\/\/www1.sorabicon.de\/hsb\/wp-json\/wp\/v2\/media?parent=5894"}],"curies":[{"name":"wp","href":"https:\/\/api.w.org\/{rel}","templated":true}]}}