{"id":5899,"date":"2020-03-01T21:45:02","date_gmt":"2020-03-01T20:45:02","guid":{"rendered":"https:\/\/www2.sorabicon.de\/statistika-serbow-1886\/"},"modified":"2020-10-26T08:34:31","modified_gmt":"2020-10-26T07:34:31","slug":"statistika-serbow-1886","status":"publish","type":"page","link":"https:\/\/www1.sorabicon.de\/hsb\/statistika-serbow-1886\/","title":{"rendered":"Statistika Serbow 1886"},"content":{"rendered":"\n<p><p><em>Wobd\u017a\u011b\u0142a\u0142 Robert Lorenz<\/em><\/p><\/p>\n\n<div class=\"wp-block-image bluecolored\"><figure class=\"alignright\"><img loading=\"lazy\" decoding=\"async\" width=\"222\" height=\"300\" src=\"https:\/\/www1.sorabicon.de\/wp-content\/uploads\/2019\/05\/FZ-I-e-61-222x300.jpg\" alt=\"Portret Arno&#x161;ta Muki.\" class=\"wp-image-1188\" srcset=\"https:\/\/www1.sorabicon.de\/wp-content\/uploads\/2019\/05\/FZ-I-e-61-222x300.jpg 222w, https:\/\/www1.sorabicon.de\/wp-content\/uploads\/2019\/05\/FZ-I-e-61-768x1037.jpg 768w, https:\/\/www1.sorabicon.de\/wp-content\/uploads\/2019\/05\/FZ-I-e-61-759x1024.jpg 759w, https:\/\/www1.sorabicon.de\/wp-content\/uploads\/2019\/05\/FZ-I-e-61.jpg 1003w\" sizes=\"auto, (max-width: 222px) 100vw, 222px\" \/><figcaption>Arno\u0161t Muka na spo\u010datku sw\u00f3jeho skutkowanja ako wu\u010der w za\u017enych 1880tych l\u011btach<\/figcaption><\/figure><\/div>\n\n<p><p>Statistika \u0142u\u017eiskich Serbow (Budy\u0161in\/Bautzen, 1886) <a href=\"http:\/\/saebi.isgv.de\/biografie\/Carl_Ernst_Mucke_(1854-1932)\">Arno\u0161ta Muk<\/a><u>i<\/u> je jedyn z najwuznamni\u0161ich a najskutkowni\u0161ich tekstow serbskeje w\u011bdomostneje publicistiki 19. l\u011btstotka. Tw\u00f3rba z pjera jednoho z centralnych akterow m\u0142odoserbskeho hibanja woznamjenja spo\u010datk serbskor\u011bcneje sociologije, steji pak w tradiciji star\u0161eje ludneje a krajneje statistiki. Zdobom m\u00f3\u017eemy ju jako sorabistiski ludospytny klasikar w nasl\u011bdnistwje Heinricha Riehla wobhladowa\u0107, kotry\u017e jeno\u017e falowaceho p\u0159e\u0142o\u017eka dla njeje wa\u017ene m\u011bstno w stawiznach ludospyta w nimskim rumje d\u00f3sta\u0142.<\/p><\/p>\n\n<p>Muka je so ze swojej studiju wo wob\u0161\u011brne statistiske registrowanje a sociologiske a ludospytne wopisowanje serbskeje ludnos\u0107e \u0141u\u017eicy na proze industrializacije pr\u00f3cowa\u0142. Jeho kniha je pak te\u017e mje\u0144\u0161inowopolitiski rozestajenski spis a pedagogiski traktat wo zanjechanju resp. wotewrjenym ha\u0107enju daledawanja serbskeje r\u011b\u010de w cyrkwi a \u0161ulach ze strony tehdy\u0161ich n\u011bmskich zarjadow.<\/p>\n\n<p>Kulturnoteoretisce so Muka ze swojim widom na serbsku kulturu do konserwatiwno-skeptiskeho zwuka ludospytneho mainstreama swojeho \u010dasa zarjaduje. Serbske \u017eiwjenje so jemu jeno\u017e w zawrjenych wjesno-burskich sw\u011btach m\u00f3\u017ene zda, kotre\u017e su wot industrializacije, p\u0159ipu\u0107owanja a powo\u0142anskeje mobilnos\u0107e do dalokeje m\u011bry izolowane a pod du\u0161epastyrskim \u0161kitom cyrkwje zwostali. P\u0159e\u0107iwnej sw\u011btaj k tomu stej za njeho fabrika a wulke m\u011bsto. W swojej definiciji serbskeje identity p\u0159ez serbskor\u011b\u010dne kmanos\u0107e akceptuje pak zasadnje te\u017e zwonkastejaceho do toho idealizowaneho a jako wohro\u017eeny wopisaneho wjesno-serbskeho sw\u011bta.<\/p>\n\n<p><p>N\u011bmski p\u0159e\u0142o\u017ek namaka\u0107e <a href=\"https:\/\/www1.sorabicon.de\/statistik-der-sorben\/statistiken\/\">tu<\/a>.<\/p><\/p>\n\n<p><\/p>\n\n<p>P\u0159ewodne teksty:<\/p>\n\n<p><p><a href=\"https:\/\/www1.sorabicon.de\/statistik-der-sorben\/zur-konzeption-von-arnost-mukas-statistika-luziskich-serbow\/\"> Zur Konzeption von Arno\u0161t Mukas \u201eStatistika \u0142u\u017eiskich Serbow\u201c <\/a><\/p><\/p>\n\n<p><p><a href=\"https:\/\/www1.sorabicon.de\/statistik-der-sorben\/sorbisches-volk-und-sorbische-kultur-in-arnost-mukas-statistika-luziskich-serbow\/\">Sorbisches Volk und Sorbische Kultur in Arno\u0161t Mukas \u201eStatistika \u0142u\u017eiskich Serbow\u201c<\/a><\/p><\/p>\n\n<p><p><a href=\"https:\/\/www1.sorabicon.de\/statistik-der-sorben\/zur-rezeption-und-wirkungsgeschichte-der-statistika-luziskich-serbow-von-arnost-muka\/\">Zur Rezeption und Wirkungsgeschichte der \u201eStatistika \u0142u\u017eiskich Serbow\u201c<\/a><\/p><\/p>\n","protected":false},"excerpt":{"rendered":"<p>Wobd\u017a\u011b\u0142a\u0142 Robert Lorenz Statistika \u0142u\u017eiskich Serbow (Budy\u0161in\/Bautzen, 1886) Arno\u0161ta Muki je jedyn z najwuznamni\u0161ich a najskutkowni\u0161ich tekstow serbskeje w\u011bdomostneje publicistiki 19. l\u011btstotka. Tw\u00f3rba z pjera jednoho z centralnych akterow m\u0142odoserbskeho hibanja woznamjenja spo\u010datk serbskor\u011bcneje sociologije, steji pak w tradiciji star\u0161eje ludneje a krajneje statistiki. Zdobom m\u00f3\u017eemy ju jako sorabistiski ludospytny klasikar w nasl\u011bdnistwje Heinricha Riehla &hellip;<\/p>\n","protected":false},"author":1,"featured_media":0,"parent":0,"menu_order":20,"comment_status":"closed","ping_status":"closed","template":"","meta":{"_acf_changed":false,"footnotes":""},"class_list":["post-5899","page","type-page","status-publish","hentry"],"acf":[],"_links":{"self":[{"href":"https:\/\/www1.sorabicon.de\/hsb\/wp-json\/wp\/v2\/pages\/5899","targetHints":{"allow":["GET"]}}],"collection":[{"href":"https:\/\/www1.sorabicon.de\/hsb\/wp-json\/wp\/v2\/pages"}],"about":[{"href":"https:\/\/www1.sorabicon.de\/hsb\/wp-json\/wp\/v2\/types\/page"}],"author":[{"embeddable":true,"href":"https:\/\/www1.sorabicon.de\/hsb\/wp-json\/wp\/v2\/users\/1"}],"replies":[{"embeddable":true,"href":"https:\/\/www1.sorabicon.de\/hsb\/wp-json\/wp\/v2\/comments?post=5899"}],"version-history":[{"count":4,"href":"https:\/\/www1.sorabicon.de\/hsb\/wp-json\/wp\/v2\/pages\/5899\/revisions"}],"predecessor-version":[{"id":11328,"href":"https:\/\/www1.sorabicon.de\/hsb\/wp-json\/wp\/v2\/pages\/5899\/revisions\/11328"}],"wp:attachment":[{"href":"https:\/\/www1.sorabicon.de\/hsb\/wp-json\/wp\/v2\/media?parent=5899"}],"curies":[{"name":"wp","href":"https:\/\/api.w.org\/{rel}","templated":true}]}}