{"id":5905,"date":"2020-03-01T21:49:27","date_gmt":"2020-03-01T20:49:27","guid":{"rendered":"https:\/\/www2.sorabicon.de\/zorla-k-serbskim-stawiznam-1918-1945-w-dzele\/"},"modified":"2020-10-26T09:45:52","modified_gmt":"2020-10-26T08:45:52","slug":"zorla-k-serbskim-stawiznam-1918-1945-w-dzele","status":"publish","type":"page","link":"https:\/\/www1.sorabicon.de\/hsb\/zorla-k-serbskim-stawiznam-1918-1945-w-dzele\/","title":{"rendered":"\u017d\u00f3r\u0142a k serbskim stawiznam 1918\u20131945"},"content":{"rendered":"\n<p><p><em>Wobd\u017a\u011b\u0142a\u0142 Clemens Heitmann<\/em><\/p><\/p>\n\n<p><p>Serbski kulturny archiw je jeni\u010dki zjawny archiw za serbske a sorabistiske dokumenty a zb\u011brki. W nim sk\u0142aduje so wjele dokumentow serbskeho pochada, zawostajenstwow, aktow a dal\u0161ich medijow wuznamnych wosobinow, zjedno\u0107enjow a institucijow. (<a href=\"https:\/\/www.serbski-institut.de\/de\/Archiv\/\">dal\u0161e informacije<\/a>)<\/p><\/p>\n\n<p>Paralelne a p\u0159e\u0107iwne daledawanja \u017e\u00f3r\u0142ow, kotre\u017e su w Serbskim kulturnym archiwje p\u0159istupne, njenamakaja so husto na jednym zhromadnym m\u011bstnje, ale su na w\u0161elake archiwy a zb\u011brki rozd\u017a\u011blene. Modul \u201e\u017d\u00f3r\u0142a k serbskim stawiznam 1918\u20131945\u201c je so wuwi\u0142, zo by so zajimcam p\u0159ehlad wo w\u0161elakoros\u0107i a wuznamje tych zd\u017a\u011bla daloko rozbrojenych wobstatkow ski\u0107i\u0142 a p\u0159ijomny p\u0159istup k zab\u011brje ze serbskimi stawiznami z pomocu \u017e\u00f3r\u0142ow zm\u00f3\u017eni\u0142.&#13;\nTu namaka\u0107e wuzwolene informacije wo wobstatku, zapiskowe daty a digitalizaty sorabistice p\u0159is\u0142u\u0161nych pod\u0142o\u017ekow ze w\u0161elakich narodnych a mjezynarodnych archiwow. K pytanju w modulu \u201e\u017d\u00f3r\u0142a k serbskim stawiznam 1918\u20131945\u201c p\u0159i\u0144d\u017ae\u0107e tule.<\/p>\n\n<p>Hier finden Sie ausgew\u00e4hlte Bestandsinformationen, Verzeichnungsdaten und Digitalisate sorabistisch einschl\u00e4giger Unterlagen aus verschiedenen nationalen und internationalen Archiven. Zur Suche im Modul \u201eQuellen zur sorbischen Geschichte 1918\u20131945\u201c gelangen Sie <a href=\"https:\/\/www1.sorabicon.de\/hsb\/pytanje\/pytanje\/?facet_module=dagswens\">hier<\/a>.<\/p>\n\n<div class=\"wp-block-columns is-layout-flex wp-container-core-columns-is-layout-9d6595d7 wp-block-columns-is-layout-flex\">\n<div class=\"wp-block-column is-layout-flow wp-block-column-is-layout-flow\">\n<div class=\"wp-block-image archiv_logo\"><figure class=\"aligncenter size-large\"><a href=\"https:\/\/www1.sorabicon.de\/quellen-zur-sorbischen-geschichte-1918-1945\/politisches-archiv-des-auswaertigen-amtes-berlin\/\"><img decoding=\"async\" src=\"https:\/\/www1.sorabicon.de\/wp-content\/uploads\/2019\/11\/Logo_Ausw&#xE4;rtiges-Amt.png\" alt=\"Politisches Archiv des Ausw&#xE4;rtigen Amtes Berlin\" class=\"wp-image-5539\"\/><\/a><\/figure><\/div>\n\n\n\n<p class=\"has-text-align-center\"><a href=\"https:\/\/www1.sorabicon.de\/quellen-zur-sorbischen-geschichte-1918-1945\/politisches-archiv-des-auswaertigen-amtes-berlin\/\">Politisches Archiv des Ausw\u00e4rtigen Amtes Berlin <\/a><\/p>\n<\/div>\n\n\n\n<div class=\"wp-block-column is-layout-flow wp-block-column-is-layout-flow\">\n<div class=\"wp-block-image archiv_logo\"><figure class=\"aligncenter size-large\"><a href=\"https:\/\/www1.sorabicon.de\/quellen-zur-sorbischen-geschichte-1918-1945\/bundesarchiv\/\"><img loading=\"lazy\" decoding=\"async\" width=\"179\" height=\"110\" src=\"https:\/\/www1.sorabicon.de\/wp-content\/uploads\/2019\/11\/Logo_Bundesarchiv.png\" alt=\"Bundesarchiv\" class=\"wp-image-5543\"\/><\/a><\/figure><\/div>\n\n\n\n<p class=\"has-text-align-center\"><a href=\"https:\/\/www1.sorabicon.de\/quellen-zur-sorbischen-geschichte-1918-1945\/bundesarchiv\/\">Bundesarchiv<\/a><\/p>\n<\/div>\n\n\n\n<div class=\"wp-block-column is-layout-flow wp-block-column-is-layout-flow\">\n<div class=\"wp-block-image archiv_logo\"><figure class=\"aligncenter size-large\"><a href=\"https:\/\/www1.sorabicon.de\/quellen-zur-sorbischen-geschichte-1918-1945\/brandenburgisches-landeshauptarchiv\/\"><img loading=\"lazy\" decoding=\"async\" width=\"139\" height=\"139\" src=\"https:\/\/www1.sorabicon.de\/wp-content\/uploads\/2019\/11\/Logo_Landeshauptarchiv-Potsdam.png\" alt=\"Brandenburgisches Landeshauptarchiv Potsdam\" class=\"wp-image-5548\"\/><\/a><\/figure><\/div>\n\n\n\n<p class=\"has-text-align-center\"><a href=\"https:\/\/www1.sorabicon.de\/quellen-zur-sorbischen-geschichte-1918-1945\/brandenburgisches-landeshauptarchiv\/\">Brandenburgisches Landeshauptarchiv Potsdam <\/a><\/p>\n<\/div>\n<\/div>\n\n<div class=\"wp-block-columns is-layout-flex wp-container-core-columns-is-layout-9d6595d7 wp-block-columns-is-layout-flex\">\n<div class=\"wp-block-column is-layout-flow wp-block-column-is-layout-flow\">\n<div class=\"wp-block-image archiv_logo\"><figure class=\"aligncenter size-large\"><a href=\"https:\/\/www1.sorabicon.de\/quellen-zur-sorbischen-geschichte-1918-1945\/universitatsarchiv-leipzig\/\"><img decoding=\"async\" src=\"https:\/\/www1.sorabicon.de\/wp-content\/uploads\/2019\/11\/Logo_Universit&#xE4;tsarchiv-Leipzig.png\" alt=\"Universit&#xE4;tsarchiv Leipzig\" class=\"wp-image-5557\"\/><\/a><\/figure><\/div>\n\n\n\n<p class=\"has-text-align-center\"><a href=\"https:\/\/www1.sorabicon.de\/quellen-zur-sorbischen-geschichte-1918-1945\/universitatsarchiv-leipzig\/\">Universit\u00e4tsarchiv Leipzig<\/a><\/p>\n<\/div>\n\n\n\n<div class=\"wp-block-column is-layout-flow wp-block-column-is-layout-flow\">\n<div class=\"wp-block-image archiv_logo\"><figure class=\"aligncenter size-large\"><a href=\"https:\/\/www1.sorabicon.de\/quellen-zur-sorbischen-geschichte-1918-1945\/hauptstaatsarchiv-dresden\/\"><img loading=\"lazy\" decoding=\"async\" width=\"232\" height=\"80\" src=\"https:\/\/www1.sorabicon.de\/wp-content\/uploads\/2019\/11\/Logo_Staatsarchiv-Dresden.png\" alt=\"Staatsarchiv Dresden\" class=\"wp-image-5561\"\/><\/a><\/figure><\/div>\n\n\n\n<p class=\"has-text-align-center\"><a href=\"https:\/\/www1.sorabicon.de\/quellen-zur-sorbischen-geschichte-1918-1945\/hauptstaatsarchiv-dresden\/\">S\u00e4chsisches Staatsarchiv \u2013 Hauptstaatsarchiv Dresden<\/a><\/p>\n<\/div>\n\n\n\n<div class=\"wp-block-column is-layout-flow wp-block-column-is-layout-flow\">\n<div class=\"wp-block-image archiv_logo\"><figure class=\"aligncenter size-large\"><a href=\"https:\/\/www1.sorabicon.de\/quellen-zur-sorbischen-geschichte-1918-1945\/osterreichisches-staatsarchiv-wien\/\"><img loading=\"lazy\" decoding=\"async\" width=\"231\" height=\"119\" src=\"https:\/\/www1.sorabicon.de\/wp-content\/uploads\/2019\/11\/Logo_Staatsarchiv-Wien.png\" alt=\"&#xD6;sterreichisches Staatsarchiv Wien\" class=\"wp-image-5565\"\/><\/a><\/figure><\/div>\n\n\n\n<p class=\"has-text-align-center\"><a href=\"https:\/\/www1.sorabicon.de\/quellen-zur-sorbischen-geschichte-1918-1945\/osterreichisches-staatsarchiv-wien\/\">\u00d6sterreichisches Staatsarchiv Wien <\/a><\/p>\n<\/div>\n<\/div>\n\n<div class=\"wp-block-columns is-layout-flex wp-container-core-columns-is-layout-9d6595d7 wp-block-columns-is-layout-flex\">\n<div class=\"wp-block-column is-layout-flow wp-block-column-is-layout-flow\">\n<div class=\"wp-block-image archiv_logo\"><figure class=\"aligncenter size-large\"><a href=\"https:\/\/www1.sorabicon.de\/quellen-zur-sorbischen-geschichte-1918-1945\/united-nations-archives-the-league-of-nations-archives\/\"><img loading=\"lazy\" decoding=\"async\" width=\"224\" height=\"70\" src=\"https:\/\/www1.sorabicon.de\/wp-content\/uploads\/2019\/11\/Logo_UNOG.png\" alt=\"United Nations Archives (The League of Nations Archives)\" class=\"wp-image-5569\"\/><\/a><\/figure><\/div>\n\n\n\n<p class=\"has-text-align-center\"><a href=\"https:\/\/www1.sorabicon.de\/quellen-zur-sorbischen-geschichte-1918-1945\/united-nations-archives-the-league-of-nations-archives\/\">United Nations Archives (The League of Nations Archives)<\/a><\/p>\n<\/div>\n\n\n\n<div class=\"wp-block-column is-layout-flow wp-block-column-is-layout-flow\">\n<div class=\"wp-block-image archiv_logo\"><figure class=\"aligncenter size-large\"><a href=\"https:\/\/www1.sorabicon.de\/quellen-zur-sorbischen-geschichte-1918-1945\/nationaal-archief-staats-und-nationalarchiv-der-niederlande-den-haag\/\"><img loading=\"lazy\" decoding=\"async\" width=\"200\" height=\"118\" src=\"https:\/\/www1.sorabicon.de\/wp-content\/uploads\/2019\/11\/Logo_Nationalarchiv-Den-Haag.png\" alt=\"Nationaal Archief (Staats- und Nationalarchiv der Niederlande) Den Haag\" class=\"wp-image-5573\"\/><\/a><\/figure><\/div>\n\n\n\n<p class=\"has-text-align-center\"><a href=\"https:\/\/www1.sorabicon.de\/quellen-zur-sorbischen-geschichte-1918-1945\/nationaal-archief-staats-und-nationalarchiv-der-niederlande-den-haag\/\">Nationaal Archief (Staats- und Nationalarchiv der Niederlande) Den Haag<\/a><\/p>\n<\/div>\n\n\n\n<div class=\"wp-block-column is-layout-flow wp-block-column-is-layout-flow\">\n<div class=\"wp-block-image archiv_logo\"><figure class=\"aligncenter size-large\"><a href=\"https:\/\/www1.sorabicon.de\/quellen-zur-sorbischen-geschichte-1918-1945\/arhiv-republike-slovenije-slowenisches-nationalarchiv-ljubljana\/\"><img loading=\"lazy\" decoding=\"async\" width=\"277\" height=\"169\" src=\"https:\/\/www1.sorabicon.de\/wp-content\/uploads\/2019\/11\/Logo_Nationalarchiv-Ljubiljana.png\" alt=\"Arhiv Republike Slovenije (Slowenisches Nationalarchiv Ljubljana)\" class=\"wp-image-5577\"\/><\/a><\/figure><\/div>\n\n\n\n<p class=\"has-text-align-center\"><a href=\"https:\/\/www1.sorabicon.de\/quellen-zur-sorbischen-geschichte-1918-1945\/arhiv-republike-slovenije-slowenisches-nationalarchiv-ljubljana\/\">Arhiv Republike Slovenije (Slowenisches Nationalarchiv Ljubljana)<\/a><\/p>\n<\/div>\n<\/div>\n\n<div class=\"wp-block-columns is-layout-flex wp-container-core-columns-is-layout-9d6595d7 wp-block-columns-is-layout-flex\">\n<div class=\"wp-block-column is-layout-flow wp-block-column-is-layout-flow\">\n<div class=\"wp-block-image archiv_logo\"><figure class=\"aligncenter size-large\"><a href=\"https:\/\/www1.sorabicon.de\/quellen-zur-sorbischen-geschichte-1918-1945\/archivverbund-bautzen-stadt-und-staatsfilialarchiv-bautzen\/\"><img loading=\"lazy\" decoding=\"async\" width=\"174\" height=\"96\" src=\"https:\/\/www1.sorabicon.de\/wp-content\/uploads\/2019\/11\/Logo_Archivverbund-Bautzen.png\" alt=\"Archivverbund Bautzen (Stadt- und Staatsfilialarchiv Bautzen)\" class=\"wp-image-5581\"\/><\/a><\/figure><\/div>\n\n\n\n<p class=\"has-text-align-center\"><a href=\"https:\/\/www1.sorabicon.de\/quellen-zur-sorbischen-geschichte-1918-1945\/archivverbund-bautzen-stadt-und-staatsfilialarchiv-bautzen\/\">Archivverbund Bautzen (Stadt- und Staatsfilialarchiv Bautzen)<\/a><\/p>\n<\/div>\n\n\n\n<div class=\"wp-block-column is-layout-flow wp-block-column-is-layout-flow\">\n<p class=\"has-text-align-center\"><\/p>\n<\/div>\n\n\n\n<div class=\"wp-block-column is-layout-flow wp-block-column-is-layout-flow\">\n<p class=\"has-text-align-center\"><\/p>\n<\/div>\n<\/div>\n\n<p><p>Tut\u00f3n projekt zrealizowa so we wob\u0142uku wot Sakskeje akademije w\u011bdomos\u0107ow koordinowaneho a wot SMWK sp\u011bchowaneho zhromadneho projekta <a>\u201e<\/a><a href=\"https:\/\/www.saxorum.de\/virtuelle-archive-fuer-die-geisteswissenschaftliche-forschung\/\" target=\"_blank\" rel=\"noreferrer noopener\" aria-label=\"Virtuelle Archive f&#xFC;r die geisteswissenschaftliche Forschung (&#xF6;ffnet in neuem Tab)\">Virtuelle Archive f\u00fcr die geisteswissenschaftliche Forschung<\/a><a>\u201c<\/a> (2017\u20132019).<\/p><\/p>\n","protected":false},"excerpt":{"rendered":"<p>Wobd\u017a\u011b\u0142a\u0142 Clemens Heitmann Serbski kulturny archiw je jeni\u010dki zjawny archiw za serbske a sorabistiske dokumenty a zb\u011brki. W nim sk\u0142aduje so wjele dokumentow serbskeho pochada, zawostajenstwow, aktow a dal\u0161ich medijow wuznamnych wosobinow, zjedno\u0107enjow a institucijow. (dal\u0161e informacije) Paralelne a p\u0159e\u0107iwne daledawanja \u017e\u00f3r\u0142ow, kotre\u017e su w Serbskim kulturnym archiwje p\u0159istupne, njenamakaja so husto na jednym zhromadnym &hellip;<\/p>\n","protected":false},"author":1,"featured_media":0,"parent":0,"menu_order":50,"comment_status":"closed","ping_status":"closed","template":"","meta":{"_acf_changed":false,"footnotes":""},"class_list":["post-5905","page","type-page","status-publish","hentry"],"acf":[],"_links":{"self":[{"href":"https:\/\/www1.sorabicon.de\/hsb\/wp-json\/wp\/v2\/pages\/5905","targetHints":{"allow":["GET"]}}],"collection":[{"href":"https:\/\/www1.sorabicon.de\/hsb\/wp-json\/wp\/v2\/pages"}],"about":[{"href":"https:\/\/www1.sorabicon.de\/hsb\/wp-json\/wp\/v2\/types\/page"}],"author":[{"embeddable":true,"href":"https:\/\/www1.sorabicon.de\/hsb\/wp-json\/wp\/v2\/users\/1"}],"replies":[{"embeddable":true,"href":"https:\/\/www1.sorabicon.de\/hsb\/wp-json\/wp\/v2\/comments?post=5905"}],"version-history":[{"count":13,"href":"https:\/\/www1.sorabicon.de\/hsb\/wp-json\/wp\/v2\/pages\/5905\/revisions"}],"predecessor-version":[{"id":11362,"href":"https:\/\/www1.sorabicon.de\/hsb\/wp-json\/wp\/v2\/pages\/5905\/revisions\/11362"}],"wp:attachment":[{"href":"https:\/\/www1.sorabicon.de\/hsb\/wp-json\/wp\/v2\/media?parent=5905"}],"curies":[{"name":"wp","href":"https:\/\/api.w.org\/{rel}","templated":true}]}}