{"id":9316,"date":"2020-07-22T11:00:32","date_gmt":"2020-07-22T09:00:32","guid":{"rendered":"https:\/\/www2.sorabicon.de\/?page_id=9316"},"modified":"2021-01-19T03:28:47","modified_gmt":"2021-01-19T02:28:47","slug":"bilddatei","status":"publish","type":"page","link":"https:\/\/www1.sorabicon.de\/hsb\/sorbische-sprachlandschaften\/schleife\/bilder\/bilddatei\/","title":{"rendered":"Bilddatei"},"content":{"rendered":"\n<figure class=\"wp-block-image size-large\"><img loading=\"lazy\" decoding=\"async\" width=\"1024\" height=\"576\" src=\"https:\/\/www1.sorabicon.de\/wp-content\/uploads\/2021\/01\/108STRNA_GER8006-Netto-Schleife-1024x576.jpeg\" alt=\"\" class=\"wp-image-11763\" srcset=\"https:\/\/www1.sorabicon.de\/wp-content\/uploads\/2021\/01\/108STRNA_GER8006-Netto-Schleife-1024x576.jpeg 1024w, https:\/\/www1.sorabicon.de\/wp-content\/uploads\/2021\/01\/108STRNA_GER8006-Netto-Schleife-300x169.jpeg 300w, https:\/\/www1.sorabicon.de\/wp-content\/uploads\/2021\/01\/108STRNA_GER8006-Netto-Schleife-768x432.jpeg 768w, https:\/\/www1.sorabicon.de\/wp-content\/uploads\/2021\/01\/108STRNA_GER8006-Netto-Schleife-1536x864.jpeg 1536w, https:\/\/www1.sorabicon.de\/wp-content\/uploads\/2021\/01\/108STRNA_GER8006-Netto-Schleife-2048x1152.jpeg 2048w\" sizes=\"auto, (max-width: 1024px) 100vw, 1024px\" \/><\/figure>\n\n\n\n<figure class=\"wp-block-table is-style-stripes\"><table><tbody><tr><td>Archivalie<\/td><td>digitales Foto<\/td><\/tr><tr><td>Datei-Nr.<\/td><td>108STRNA_GER8006<\/td><\/tr><tr><td>Projekt<\/td><td>Sprachlandschaft Schleife<\/td><\/tr><tr><td>Laufzeit<\/td><td>2019\u20132020<\/td><\/tr><tr><td>Kategorie<\/td><td>Sorbisches in Gesellschaft und Vereinen<\/td><\/tr><tr><td>Ort sorbisch<\/td><td>Slepo \/ Sl\u011bpe<\/td><\/tr><tr><td>Ort deutsch<\/td><td>Schleife<\/td><\/tr><tr><td>Stelle<\/td><td>NETTO-Filiale (Eingang)<\/td><\/tr><tr><td>Form \/ Tr\u00e4ger der Aufschrift<\/td><td>Automatikt\u00fcren<\/td><\/tr><tr><td>Initiative<\/td><td>bottom-up<\/td><\/tr><tr><td>Text<\/td><td>Herzlich willkommen &#8211; witaj\u0107e k nam<\/td><\/tr><tr><td>Sprache<\/td><td>d, os<\/td><\/tr><tr><td>\u00dcbersetzung<\/td><td>komplett<\/td><\/tr><tr><td>\u00dcbersetzung Sprachdominanz<\/td><td>deutsch in Gr\u00f6\u00dfe<\/td><\/tr><tr><td>Frakturschrift<\/td><td><\/td><\/tr><tr><td>Typografische Improvisation<\/td><td>diakrit. Impro: \u0107<\/td><\/tr><tr><td>Schlagworte<\/td><td><\/td><\/tr><tr><td>Eigenname<\/td><td><\/td><\/tr><tr><td>Bemerkung<\/td><td>Aufschrift im Sommer 2020 entfernt<\/td><\/tr><tr><td>Geokoordinaten<\/td><td>51.54724 14.54656<\/td><\/tr><tr><td>Rechteinhaber<\/td><td><\/td><\/tr><tr><td>Fotograf<\/td><td>Sch\u00f6n, Gerald<\/td><\/tr><\/tbody><\/table><\/figure>\n","protected":false},"excerpt":{"rendered":"<p>Archivalie digitales Foto Datei-Nr. 108STRNA_GER8006 Projekt Sprachlandschaft Schleife Laufzeit 2019\u20132020 Kategorie Sorbisches in Gesellschaft und Vereinen Ort sorbisch Slepo \/ Sl\u011bpe Ort deutsch Schleife Stelle NETTO-Filiale (Eingang) Form \/ Tr\u00e4ger der Aufschrift Automatikt\u00fcren Initiative bottom-up Text Herzlich willkommen &#8211; witaj\u0107e k nam Sprache d, os \u00dcbersetzung komplett \u00dcbersetzung Sprachdominanz deutsch in Gr\u00f6\u00dfe Frakturschrift Typografische Improvisation &hellip;<\/p>\n","protected":false},"author":6,"featured_media":0,"parent":11770,"menu_order":0,"comment_status":"closed","ping_status":"closed","template":"","meta":{"_acf_changed":false,"footnotes":""},"class_list":["post-9316","page","type-page","status-publish","hentry"],"acf":[],"_links":{"self":[{"href":"https:\/\/www1.sorabicon.de\/hsb\/wp-json\/wp\/v2\/pages\/9316","targetHints":{"allow":["GET"]}}],"collection":[{"href":"https:\/\/www1.sorabicon.de\/hsb\/wp-json\/wp\/v2\/pages"}],"about":[{"href":"https:\/\/www1.sorabicon.de\/hsb\/wp-json\/wp\/v2\/types\/page"}],"author":[{"embeddable":true,"href":"https:\/\/www1.sorabicon.de\/hsb\/wp-json\/wp\/v2\/users\/6"}],"replies":[{"embeddable":true,"href":"https:\/\/www1.sorabicon.de\/hsb\/wp-json\/wp\/v2\/comments?post=9316"}],"version-history":[{"count":5,"href":"https:\/\/www1.sorabicon.de\/hsb\/wp-json\/wp\/v2\/pages\/9316\/revisions"}],"predecessor-version":[{"id":11769,"href":"https:\/\/www1.sorabicon.de\/hsb\/wp-json\/wp\/v2\/pages\/9316\/revisions\/11769"}],"up":[{"embeddable":true,"href":"https:\/\/www1.sorabicon.de\/hsb\/wp-json\/wp\/v2\/pages\/11770"}],"wp:attachment":[{"href":"https:\/\/www1.sorabicon.de\/hsb\/wp-json\/wp\/v2\/media?parent=9316"}],"curies":[{"name":"wp","href":"https:\/\/api.w.org\/{rel}","templated":true}]}}